{"id":10644,"date":"2018-05-23T23:40:22","date_gmt":"2018-05-23T21:40:22","guid":{"rendered":"https:\/\/www.nns.cz\/blog\/?page_id=10644"},"modified":"2018-05-24T12:39:13","modified_gmt":"2018-05-24T10:39:13","slug":"miuc-a-gdpr","status":"publish","type":"page","link":"https:\/\/www.nns.cz\/blog\/miuc-a-gdpr\/","title":{"rendered":"MIU\u010d+ a&nbsp;GDPR"},"content":{"rendered":"<p>Posledn\u00ed aktualizace 24.&nbsp;5.&nbsp;2018<\/p>\n<p>V\u00e1\u017een\u00ed u\u017eivatel\u00e9 MIU\u010d+,<\/p>\n<p>v souvislosti s&nbsp;na\u0159\u00edzen\u00edm Evropsk\u00e9 unie o&nbsp;ochran\u011b osobn\u00edch \u00fadaj\u016f \u2013 na\u0159\u00edzen\u00ed Evropsk\u00e9 unie \u010d.&nbsp;2016\/679 o&nbsp;obecn\u00e9m na\u0159\u00edzen\u00ed o&nbsp;ochran\u011b \u00fadaj\u016f (d\u00e1le jen \u201eGDPR\u201c) \u2013 usilujeme mimo jin\u00e9 o&nbsp;to, abyste z\u00edsk\u00e1vali odpov\u00eddaj\u00edc\u00ed informace o&nbsp;na\u0161em shroma\u017e\u010fov\u00e1n\u00ed a&nbsp;zpracov\u00e1v\u00e1n\u00ed Va\u0161ich osobn\u00edch \u00fadaj\u016f.<\/p>\n<p><strong>Na\u0161e identifika\u010dn\u00ed \u00fadaje jsou:<\/strong><\/p>\n<p>NOV\u00c1 \u0160KOLA, s.r.o., se s\u00eddlem Brno, Bratislavsk\u00e1 884\/23d, PS\u010c 602&nbsp;00, I\u010c: 255&nbsp;01&nbsp;356, zapsan\u00e1 v&nbsp;obchodn\u00edm rejst\u0159\u00edku veden\u00e9m u&nbsp;Krajsk\u00e9ho soudu v&nbsp;Brn\u011b v&nbsp;odd\u00edle C, vlo\u017ece 27&nbsp;537.<\/p>\n<p>Na\u0161e multimedi\u00e1ln\u00ed interaktivn\u00ed u\u010debnice (MIU\u010d+) jsou vytv\u00e1\u0159eny v\u00a0programu Media Creator a&nbsp;poskytov\u00e1n\u00ed licence k&nbsp;jejich spole\u010dn\u00e9mu u\u017e\u00edv\u00e1n\u00ed upravuje <strong><a href=\"https:\/\/www.nns.cz\/blog\/aktualni-licencni-smlouva-miuc\/\">Licen\u010dn\u00ed smlouva<\/a> (aktu\u00e1ln\u011b ve verzi ze dne 24.&nbsp;5.&nbsp;2018), kterou je nutn\u00e9 v\u00a0pr\u016fb\u011bhu instalace odsouhlasit. <\/strong><\/p>\n<p>Abychom V\u00e1m mohli licenci poskytovat, pot\u0159ebujeme zpracov\u00e1vat \u0159adu \u00fadaj\u016f, z\u00a0nich\u017e n\u011bkter\u00e9 spadaj\u00ed do kategorie osobn\u00edch \u00fadaj\u016f. Podrobn\u00e9 aktu\u00e1ln\u00ed informaceo tom, jak\u00fdmi z\u00e1sadami zpracov\u00e1n\u00ed osobn\u00edch \u00fadaj\u016f se \u0159\u00edd\u00edme, naleznete na adrese: <a href=\"https:\/\/www.nns.cz\/blog\/zasady-zpracovani-osobnich-udaju\/\">https:\/\/www.nns.cz\/blog\/zasady-zpracovani-osobnich-udaju\/<\/a>.<\/p>\n<p>Na tomto m\u00edst\u011b bychom V\u00e1s r\u00e1di upozornili na n\u011bkter\u00e1 ustanoven\u00ed licen\u010dn\u00ed smlouvy, kter\u00e1 se mohou t\u00fdkat zpracov\u00e1n\u00ed osobn\u00edch \u00fadaj\u016f:<\/p>\n<p><strong>&#8211; Vedeme evidenci Nabyvatel\u016f licence a&nbsp;registrovan\u00fdch u\u017eivatel\u016f (odst. 4.3).<\/strong><\/p>\n<p>V\u00a0t\u00e9to evidenci jsme opr\u00e1vn\u011bni zpracov\u00e1vat \u00fadaje, kter\u00e9 jsou V\u00e1mi p\u0159i&nbsp;nab\u00fdv\u00e1n\u00ed licence, registraci a&nbsp;administraci uv\u00e1d\u011bny, d\u00e1le \u00fadaje o&nbsp;V\u00e1m vydan\u00fdch licen\u010dn\u00edch certifik\u00e1tech, vyu\u017e\u00edv\u00e1n\u00ed licenc\u00ed, stahov\u00e1n\u00ed, aktualizov\u00e1n\u00ed a&nbsp;pou\u017e\u00edv\u00e1n\u00ed jednotliv\u00fdch MIU\u010d+ a&nbsp;programu Media Creator.<\/p>\n<p>Tyto \u00fadaje zpracov\u00e1v\u00e1me pro pln\u011bn\u00ed smlouvy a&nbsp;z\u00a0na\u0161eho opr\u00e1vn\u011bn\u00e9ho z\u00e1jmu za \u00fa\u010dely zaji\u0161t\u011bn\u00ed a&nbsp;zlep\u0161ov\u00e1n\u00ed funkc\u00ed programu Media Creator a&nbsp;obsahu MIU\u010d+, abychom umo\u017enili plnohodnotn\u00e9 vyu\u017e\u00edv\u00e1n\u00ed licenc\u00ed opr\u00e1vn\u011bn\u00fdm u\u017eivatel\u016fm a&nbsp;zamezili zneu\u017eit\u00ed licenc\u00ed.<\/p>\n<p><strong>&#8211; Informujeme o&nbsp;aktualizac\u00edch programu Media Creator, jednotliv\u00fdch MIU\u010d+ a&nbsp;t\u011bchto informac\u00edch o&nbsp;zpracov\u00e1n\u00ed osobn\u00edch \u00fadaj\u016f (odst. 4.3).<\/strong><\/p>\n<p>St\u00e1le pro V\u00e1s p\u0159ipravujeme vylep\u0161en\u00ed programu i&nbsp;obsahu jednotliv\u00fdch MIU\u010d+. Abyste o&nbsp;nov\u00e9 mo\u017enosti nep\u0159i\u0161li, budeme V\u00e1s o&nbsp;nich informovat. Tak\u00e9 tato informace o&nbsp;zpracov\u00e1n\u00ed osobn\u00edch \u00fadaj\u016f bude aktualizov\u00e1na tak, aby odpov\u00eddala aktu\u00e1ln\u00edm po\u017eadavk\u016fm na ochranu osobn\u00edch \u00fadaj\u016f, nejnov\u011bj\u0161\u00ed verzi najdete v\u017edy na <a href=\"https:\/\/www.nns.cz\/blog\/miuc-a-gdpr\/\">https:\/\/www.nns.cz\/blog\/miuc-a-gdpr\/<\/a> a&nbsp;o&nbsp;v\u00fdznamn\u011bj\u0161\u00edch zm\u011bn\u00e1ch V\u00e1s budeme informovat.<\/p>\n<p><strong>&#8211; Jsme opr\u00e1vn\u011bni zas\u00edlat V\u00e1m obchodn\u00ed sd\u011blen\u00ed a\u017e do odhl\u00e1\u0161en\u00ed z&nbsp;odb\u011bru <\/strong><strong>(odst. 4.3).<\/strong><\/p>\n<p>S obchodn\u00edmi sd\u011blen\u00edmi to nep\u0159eh\u00e1n\u00edme a&nbsp;sna\u017e\u00edme se V\u00e1s informovat pouze o&nbsp;tom, co by V\u00e1s mohlo zaj\u00edmat. K&nbsp;zas\u00edl\u00e1n\u00ed obchodn\u00edch sd\u011blen\u00ed jsme opr\u00e1vn\u011bni na z\u00e1klad\u011b na\u0161eho opr\u00e1vn\u011bn\u00e9ho z\u00e1jmu s&nbsp;t\u00edm, \u017ee zas\u00edl\u00e1n\u00ed obchodn\u00edch sd\u011blen\u00ed lze kdykoli odhl\u00e1sit, a&nbsp;to zasl\u00e1n\u00edm e-mailu z\u00a0e-mailov\u00e9 adresy uveden\u00e9 p\u0159i&nbsp;registraci na e-mailovou adresu <a href=\"mailto:licence@nns.cz\">licence@nns.cz<\/a> s\u00a0p\u0159edm\u011btem \u201eODHL\u00c1SIT\u201c. V\u00a0ka\u017ed\u00e9m obchodn\u00edm sd\u011blen\u00ed tak\u00e9 bude odkaz k\u00a0odhl\u00e1\u0161en\u00ed odb\u011bru.<\/p>\n<p><strong>&#8211; Program Media Creator komunikuje s&nbsp;na\u0161\u00edm serverem (odst. 4.10).<\/strong><\/p>\n<p>MIU\u010d+ a&nbsp;program Media Creator mohou pro pln\u011bn\u00ed smlouvy a&nbsp;z&nbsp;na\u0161eho opr\u00e1vn\u011bn\u00e9ho z\u00e1jmu p\u0159ij\u00edmat a&nbsp;odes\u00edlat p\u0159\u00edkazy a&nbsp;\u00fadaje o&nbsp;Nabyvateli licence do a&nbsp;ze serveru Poskytovatele licence, nebo j\u00edm pov\u011b\u0159en\u00e9ho subjektu k\u00a0zaji\u0161t\u011bn\u00ed spr\u00e1vn\u00e9 funkce MIU\u010d+ a&nbsp;programu Media Creator, a&nbsp;to zejm\u00e9na ke zji\u0161\u0165ov\u00e1n\u00ed platn\u00fdch licenc\u00ed, seznamu pod\u00fa\u010dt\u016f, usnadn\u011bn\u00ed z\u00edsk\u00e1v\u00e1n\u00ed aktualizac\u00ed, registrace a&nbsp;kontroly dodr\u017eov\u00e1n\u00ed licen\u010dn\u00edch podm\u00ednek. Tyto informace mohou zahrnovat \u00fadaje poskytnut\u00e9 p\u0159i&nbsp;registraci, administraci a&nbsp;pr\u00e1ci s\u00a0programem, IP adresu, URL z\u00edskan\u00e9ho obsahu, datum, \u010das a&nbsp;velikost soubor\u016f. Tyto \u00fadaje mohou b\u00fdt za\u0159azeny do evidence podle \u010dl. 4.3.<\/p>\n<p><strong>&#8211; P\u0159i&nbsp;vytv\u00e1\u0159en\u00ed pod\u00fa\u010dt\u016f dbejte na ochranu osobn\u00edch \u00fadaj\u016f (odst. 4.13).<\/strong><\/p>\n<p>U \u0161koln\u00edch multilicenc\u00ed p\u0159i&nbsp;vytv\u00e1\u0159en\u00ed u\u010ditelsk\u00fdch a&nbsp;\u017e\u00e1kovsk\u00fdch \u00fa\u010dt\u016f jste povinni db\u00e1t na ochranu osobn\u00edch \u00fadaj\u016f, zejm\u00e9na v\u00a0p\u0159\u00edpad\u011b \u017e\u00e1k\u016f. P\u0159i&nbsp;vytv\u00e1\u0159en\u00ed pod\u00fa\u010dt\u016f nepo\u017eadujeme zad\u00e1v\u00e1n\u00ed jak\u00fdchkoli osobn\u00edch \u00fadaj\u016f, sta\u010d\u00ed zadat platn\u00fd e-mail a&nbsp;heslo. Aby takov\u00fd e-mail nebyl osobn\u00edm \u00fadajem, pou\u017eijte e-maily typu dejepis@domenaskoly.cz, 4a@domenaskoly.cz, 145@domenaskoly.cz atd.<\/p>\n<p><strong>&#8211; Registrovat \u017e\u00e1kovsk\u00e9 \u00fa\u010dty \u017e\u00e1k\u016f mlad\u0161\u00edch 16 let s\u00a0osobn\u00edmi \u00fadaji sm\u00ed v\u00fdhradn\u011b rodi\u010de (odst. 4.14).<\/strong><\/p>\n<p>\u017d\u00e1kovsk\u00e9 \u00fa\u010dty se zad\u00e1n\u00edm osobn\u00edch \u00fadaj\u016f sm\u00ed zakl\u00e1dat pouze rodi\u010de \u017e\u00e1k\u016f (nebo \u017e\u00e1ci star\u0161\u00ed 16 let), ti tak\u00e9 mohou prov\u00e9st p\u0159i\u0159azen\u00ed \u017e\u00e1kovsk\u00e9ho \u00fa\u010dtu administr\u00e1torsk\u00e9mu \u00fa\u010dtu \u0161koly, a&nbsp;to bu\u010fto pou\u017eit\u00edm aktiva\u010dn\u00edho k\u00f3du \u017e\u00e1kovsk\u00e9 licence, kter\u00fd po\u0159\u00eddila \u0161kola, nebo \u017e\u00e1dost\u00ed zaslanou z\u00a0registra\u010dn\u00edho e-mailu \u017e\u00e1kovsk\u00e9ho \u00fa\u010dtu na e-mail <a href=\"mailto:registrace@nns.cz\">registrace@nns.cz<\/a> s\u00a0uveden\u00edm administr\u00e1torsk\u00e9ho \u00fa\u010dtu, pod kter\u00fd si p\u0159ej\u00ed \u017e\u00e1kovsk\u00fd \u00fa\u010det za\u0159adit.<\/p>\n<p><strong>&#8211; P\u0159i&nbsp;vkl\u00e1d\u00e1n\u00ed vlastn\u00edho obsahu do u\u017eivatelsk\u00fdch vrstev dodr\u017eujte z\u00e1kony (odst. 5.5).<\/strong><\/p>\n<p>MIU\u010d+ umo\u017e\u0148uje vkl\u00e1dat u\u017eivatel\u016fm vlastn\u00ed obsah do u\u017eivatelsk\u00e9 vrstvy. Pokud u\u017eivatel zvol\u00ed p\u0159ihl\u00e1\u0161en\u00ed jako \u201eAnonymous\u201c, m\u016f\u017ee b\u00fdt tato vrstva automaticky sd\u00edlena mezi v\u0161emi ostatn\u00edm u\u017eivateli dan\u00e9ho administr\u00e1torsk\u00e9ho \u00fa\u010dtu. Pokud u\u017eivatel zvol\u00ed p\u0159ihl\u00e1\u0161en\u00ed pod u\u010ditelsk\u00fdm \u00fa\u010dtem, je tato vrstva viditeln\u00e1 v\u0161em ostatn\u00edm u\u017eivatel\u016fm dan\u00e9ho administr\u00e1torsk\u00e9ho \u00fa\u010dtu a\u017e po&nbsp;povolen\u00ed sd\u00edlen\u00ed v&nbsp;menu u\u017eivatel\/sd\u00edlen\u00ed. U\u017eivatel nen\u00ed opr\u00e1vn\u011bn do u\u017eivatelsk\u00e9 vrstvy vkl\u00e1dat jak\u00fdkoli obsah, pokud by jeho vlo\u017een\u00edm nebo dal\u0161\u00edm u\u017eit\u00edm mohlo doj\u00edt k&nbsp;poru\u0161en\u00ed platn\u00fdch pr\u00e1vn\u00edch norem, a&nbsp;to zejm\u00e9na z&nbsp;hlediska ochrany autorsk\u00fdch pr\u00e1v a&nbsp;osobn\u00edch \u00fadaj\u016f. Za obsah vlo\u017een\u00fd u\u017eivatelem neneseme jakoukoli odpov\u011bdnost. Obsah v&nbsp;u\u017eivatelsk\u00fdch vrstv\u00e1ch nen\u00ed u&nbsp;n\u00e1s ukl\u00e1d\u00e1n, pokud bychom v&nbsp;budoucnu tuto slu\u017ebu nab\u00edzeli, bude v\u00e1z\u00e1na na odsouhlasen\u00ed dal\u0161\u00edch podm\u00ednek.<\/p>\n<p><strong>V p\u0159\u00edpad\u011b dotaz\u016f se m\u016f\u017eete obr\u00e1tit na e-mailovou adresu <\/strong><a href=\"mailto:gdpr@nns.cz\"><b>gdpr@nns.cz<\/b><\/a><b>.<\/b><\/p>\n<p>&nbsp;<\/p>\n","protected":false},"excerpt":{"rendered":"<p>Posledn\u00ed aktualizace 24.&nbsp;5.&nbsp;2018 V\u00e1\u017een\u00ed u\u017eivatel\u00e9 MIU\u010d+, v&nbsp;souvislosti s&nbsp;na\u0159\u00edzen\u00edm Evropsk\u00e9 unie o&nbsp;ochran\u011b osobn\u00edch \u00fadaj\u016f \u2013 na\u0159\u00edzen\u00ed Evropsk\u00e9 unie \u010d.&nbsp;2016\/679 o&nbsp;obecn\u00e9m na\u0159\u00edzen\u00ed o&nbsp;ochran\u011b \u00fadaj\u016f (d\u00e1le jen \u201eGDPR\u201c) \u2013 usilujeme mimo jin\u00e9 o&nbsp;to, abyste z\u00edsk\u00e1vali odpov\u00eddaj\u00edc\u00ed informace o&nbsp;na\u0161em shroma\u017e\u010fov\u00e1n\u00ed a&nbsp;zpracov\u00e1v\u00e1n\u00ed Va\u0161ich osobn\u00edch \u00fadaj\u016f. Na\u0161e identifika\u010dn\u00ed \u00fadaje jsou: NOV\u00c1 \u0160KOLA, s.r.o., se s\u00eddlem Brno, Bratislavsk\u00e1 884\/23d, PS\u010c 602&nbsp;00, [&hellip;]<\/p>\n","protected":false},"author":6,"featured_media":0,"parent":0,"menu_order":0,"comment_status":"closed","ping_status":"closed","template":"","meta":{"footnotes":""},"class_list":["post-10644","page","type-page","status-publish","hentry"],"_links":{"self":[{"href":"https:\/\/www.nns.cz\/blog\/wp-json\/wp\/v2\/pages\/10644","targetHints":{"allow":["GET"]}}],"collection":[{"href":"https:\/\/www.nns.cz\/blog\/wp-json\/wp\/v2\/pages"}],"about":[{"href":"https:\/\/www.nns.cz\/blog\/wp-json\/wp\/v2\/types\/page"}],"author":[{"embeddable":true,"href":"https:\/\/www.nns.cz\/blog\/wp-json\/wp\/v2\/users\/6"}],"replies":[{"embeddable":true,"href":"https:\/\/www.nns.cz\/blog\/wp-json\/wp\/v2\/comments?post=10644"}],"version-history":[{"count":11,"href":"https:\/\/www.nns.cz\/blog\/wp-json\/wp\/v2\/pages\/10644\/revisions"}],"predecessor-version":[{"id":10678,"href":"https:\/\/www.nns.cz\/blog\/wp-json\/wp\/v2\/pages\/10644\/revisions\/10678"}],"wp:attachment":[{"href":"https:\/\/www.nns.cz\/blog\/wp-json\/wp\/v2\/media?parent=10644"}],"curies":[{"name":"wp","href":"https:\/\/api.w.org\/{rel}","templated":true}]}}