{"id":11288,"date":"2019-05-31T14:43:35","date_gmt":"2019-05-31T12:43:35","guid":{"rendered":"https:\/\/www.nns.cz\/blog\/?page_id=11288"},"modified":"2020-06-15T11:01:16","modified_gmt":"2020-06-15T09:01:16","slug":"branna-vychova","status":"publish","type":"page","link":"https:\/\/www.nns.cz\/blog\/branna-vychova\/","title":{"rendered":"Modern\u00ed brann\u00e1 v\u00fdchova aneb Jak se zachovat, kdy\u017e\u2026"},"content":{"rendered":"<p>U\u010debnice\u00a0<strong>Jak se zachovat, kdy\u017e\u2026<\/strong> p\u0159in\u00e1\u0161\u00ed p\u0159ehledn\u011b roz\u010dlen\u011bn\u00e1 t\u00e9mata t\u00fdkaj\u00edc\u00ed se ochrany obyvatelstva za mimo\u0159\u00e1dn\u00fdch ud\u00e1lost\u00ed (lze vyu\u017e\u00edt i&nbsp;jako u\u010debnici pro brannou v\u00fdchovu) a&nbsp;je koncipov\u00e1na v\u00a0souladu s\u00a0RVP ZV a&nbsp;m\u00e1 ud\u011blenu schvalovac\u00ed dolo\u017eku M\u0160MT.<\/p>\n<div class=\"inventory\" data-filter=\"false\" data-next=\"false\" data-cart=\"false\" data-ids=\"1149, 1150\"><div class=\"inventory-list\"><div class=\"dummy\"><\/div><div class=\"dummy\"><\/div><\/div><\/div>\n<p>&nbsp;<\/p>\n<p><strong>U\u010debnice reaguje na zm\u011bnu RVP ZV z\u00a0roku 2013 a&nbsp;zab\u00fdv\u00e1 se t\u00e9maty ze vzd\u011bl\u00e1vac\u00edch oblast\u00ed \u010clov\u011bk a&nbsp;p\u0159\u00edroda, \u010clov\u011bk a&nbsp;zdrav\u00ed a&nbsp;\u010clov\u011bk a&nbsp;spole\u010dnost. <\/strong> U\u010debnice tak dopl\u0148uje v\u00fduku v&nbsp;p\u0159\u00edrodopise, zem\u011bpise, chemii, v\u00fdchov\u011b k&nbsp;ob\u010danstv\u00ed, v\u00fdchov\u011b ke zdrav\u00ed a&nbsp;t\u011blesn\u00e9 v\u00fdchov\u011b p\u0159\u00edpadn\u011b lze vyu\u017e\u00edt pro p\u0159edm\u011bt brann\u00e1 v\u00fdchova apod..<\/p>\n<p>Je ur\u010dena pro \u017e\u00e1ky <strong>6.\u20139.&nbsp;ro\u010dn\u00edku<\/strong> a&nbsp;vyu\u010duj\u00edc\u00ed mohou pracovat s\u00a0jednotliv\u00fdmi odd\u00edly, p\u0159\u00edpadn\u011b kapitolami podle pot\u0159eb sv\u00fdch \u0160VP. \u017d\u00e1ci se v&nbsp;n\u00ed mohou sezn\u00e1mit se <strong>z\u00e1sadami bezpe\u010dn\u00e9ho chov\u00e1n\u00ed p\u0159i&nbsp;mimo\u0159\u00e1dn\u00e9 ud\u00e1losti<\/strong> i&nbsp;s\u00a0t\u00edm, jak j\u00ed \u2013 pokud to lze \u2013 p\u0159edch\u00e1zet.<\/p>\n<p><a href=\"https:\/\/www.nns.cz\/blog\/wp-content\/uploads\/ukazka-jak-se-zachovat-kdyz.png\" target=\"_blank\" rel=\"noopener\"><img loading=\"lazy\" decoding=\"async\" class=\"alignnone wp-image-11414 size-medium\" src=\"https:\/\/www.nns.cz\/blog\/wp-content\/uploads\/ukazka-jak-se-zachovat-kdyz-600x728.png\" alt=\"\" width=\"600\" height=\"728\" srcset=\"https:\/\/www.nns.cz\/blog\/wp-content\/uploads\/ukazka-jak-se-zachovat-kdyz-600x728.png 600w, https:\/\/www.nns.cz\/blog\/wp-content\/uploads\/ukazka-jak-se-zachovat-kdyz-580x704.png 580w, https:\/\/www.nns.cz\/blog\/wp-content\/uploads\/ukazka-jak-se-zachovat-kdyz-768x932.png 768w, https:\/\/www.nns.cz\/blog\/wp-content\/uploads\/ukazka-jak-se-zachovat-kdyz-844x1024.png 844w, https:\/\/www.nns.cz\/blog\/wp-content\/uploads\/ukazka-jak-se-zachovat-kdyz-1320x1601.png 1320w, https:\/\/www.nns.cz\/blog\/wp-content\/uploads\/ukazka-jak-se-zachovat-kdyz.png 1600w\" sizes=\"auto, (max-width: 600px) 100vw, 600px\" \/><\/a><\/p>\n<p>Jednotliv\u00e9 kapitoly jsou uvedeny <strong>motiva\u010dn\u00edmi texty<\/strong>, kter\u00e9 poukazuj\u00ed na skute\u010dn\u00e9 mimo\u0159\u00e1dn\u00e9 ud\u00e1losti u&nbsp;n\u00e1s i&nbsp;v\u00a0zahrani\u010d\u00ed, a&nbsp;krom\u011b v\u00fdkladov\u00e9ho textu obsahuj\u00ed p\u0159ehledn\u00fd v\u00fd\u010det z\u00e1sad, jak se v&nbsp;uveden\u00e9 situaci zachovat; v&nbsp;z\u00e1v\u011bru je v\u017edy uvedeno <strong>stru\u010dn\u00e9 shrnut\u00ed u\u010diva<\/strong>. V\u00fdklad je pr\u016fb\u011b\u017en\u011b dopl\u0148ov\u00e1n <strong>praktick\u00fdmi tipy<\/strong>, <strong>zaj\u00edmavostmi<\/strong> pro zpest\u0159en\u00ed v\u00fduky, \u00fakoly k\u00a0vyhled\u00e1n\u00ed dal\u0161\u00edch informac\u00ed na internetu,<strong> mezip\u0159edm\u011btov\u00fdmi vazbami<\/strong>, a&nbsp;to i&nbsp;formou odkaz\u016f na koresponduj\u00edc\u00ed u\u010divo v&nbsp;ostatn\u00edch u\u010debnic\u00edch, a&nbsp;<strong>opakovac\u00edmi \u00fakoly <\/strong>uv\u00e1d\u011bj\u00edc\u00edmi probran\u00e9 u\u010divo do souvislost\u00ed. <strong>Kl\u00ed\u010dov\u00e9 pojmy<\/strong> z\u00a0prob\u00edran\u00e9ho u\u010diva jsou na p\u0159\u00edslu\u0161n\u00fdch stran\u00e1ch uvedeny <strong>v\u00a0angli\u010dtin\u011b<\/strong>. Sou\u010d\u00e1st\u00ed u\u010debnice jsou <strong>opakov\u00e1n\u00ed jednotliv\u00fdch odd\u00edl\u016f<\/strong>, <strong>kl\u00ed\u010d<\/strong> k\u00a0t\u011bmto opakov\u00e1n\u00edm i&nbsp;k\u00a0vybran\u00fdm opakovac\u00edm \u00fakol\u016fm um\u00edst\u011bn\u00fdm pr\u016fb\u011b\u017en\u011b v\u00a0textu a\u00a0<strong>n\u00e1vrhy projektov\u00fdch \u00fakol\u016f<\/strong>.<\/p>\n<p>U\u010debnici dopl\u0148uje <strong>pracovn\u00ed se\u0161it<\/strong>, kter\u00fd nab\u00edz\u00ed dal\u0161\u00ed rozmanit\u00e9 \u00fakoly k\u00a0zopakov\u00e1n\u00ed u\u010diva i&nbsp;praktick\u00fdch z\u00e1sad, jak se zachovat b\u011bhem\u00a0dan\u00e9 mimo\u0159\u00e1dn\u00e9 ud\u00e1losti.<\/p>\n<p><strong>Multimedi\u00e1ln\u00ed interaktivn\u00ed u\u010debnice<\/strong> MIU\u010d+ obsahuje interaktivn\u00ed verzi ti\u0161t\u011bn\u00e9 u\u010debnice a&nbsp;interaktivn\u00ed verzci ti\u0161t\u011bn\u00e9ho pracovn\u00edho se\u0161itu a&nbsp;dal\u0161\u00ed multim\u00e9dia.<\/p>\n<p><a href=\"https:\/\/www.nns.cz\/blog\/wp-content\/uploads\/ukazka-miuc-jak-se-zachovat-kdyz.png\" target=\"_blank\" rel=\"noopener\"><img loading=\"lazy\" decoding=\"async\" class=\"alignnone wp-image-11415 size-medium\" src=\"https:\/\/www.nns.cz\/blog\/wp-content\/uploads\/ukazka-miuc-jak-se-zachovat-kdyz-600x261.png\" alt=\"\" width=\"600\" height=\"261\" srcset=\"https:\/\/www.nns.cz\/blog\/wp-content\/uploads\/ukazka-miuc-jak-se-zachovat-kdyz-600x261.png 600w, https:\/\/www.nns.cz\/blog\/wp-content\/uploads\/ukazka-miuc-jak-se-zachovat-kdyz-580x252.png 580w, https:\/\/www.nns.cz\/blog\/wp-content\/uploads\/ukazka-miuc-jak-se-zachovat-kdyz-768x334.png 768w, https:\/\/www.nns.cz\/blog\/wp-content\/uploads\/ukazka-miuc-jak-se-zachovat-kdyz-1024x445.png 1024w, https:\/\/www.nns.cz\/blog\/wp-content\/uploads\/ukazka-miuc-jak-se-zachovat-kdyz-1320x574.png 1320w, https:\/\/www.nns.cz\/blog\/wp-content\/uploads\/ukazka-miuc-jak-se-zachovat-kdyz.png 1600w\" sizes=\"auto, (max-width: 600px) 100vw, 600px\" \/><\/a><\/p>\n<p><div class=\"inventory\" data-filter=\"false\" data-next=\"false\" data-cart=\"false\" data-ids=\"1211,1212,1213\"><div class=\"inventory-list\"><div class=\"dummy\"><\/div><div class=\"dummy\"><\/div><div class=\"dummy\"><\/div><\/div><\/div><br \/>\n[gview file=&#8220;https:\/\/www.nns.cz\/blog\/wp-content\/uploads\/Jak-se-zachovat.pdf&#8220;]<br \/>\n&nbsp;<\/p>\n","protected":false},"excerpt":{"rendered":"<p>U\u010debnice\u00a0Jak se zachovat, kdy\u017e\u2026 p\u0159in\u00e1\u0161\u00ed p\u0159ehledn\u011b roz\u010dlen\u011bn\u00e1 t\u00e9mata t\u00fdkaj\u00edc\u00ed se ochrany obyvatelstva za mimo\u0159\u00e1dn\u00fdch ud\u00e1lost\u00ed (lze vyu\u017e\u00edt i&nbsp;jako u\u010debnici pro brannou v\u00fdchovu) a&nbsp;je koncipov\u00e1na v\u00a0souladu s\u00a0RVP ZV a&nbsp;m\u00e1 ud\u011blenu schvalovac\u00ed dolo\u017eku M\u0160MT. &nbsp; U\u010debnice reaguje na zm\u011bnu RVP ZV z\u00a0roku 2013 a&nbsp;zab\u00fdv\u00e1 se t\u00e9maty ze vzd\u011bl\u00e1vac\u00edch oblast\u00ed \u010clov\u011bk a&nbsp;p\u0159\u00edroda, \u010clov\u011bk a&nbsp;zdrav\u00ed a&nbsp;\u010clov\u011bk a&nbsp;spole\u010dnost. U\u010debnice tak [&hellip;]<\/p>\n","protected":false},"author":6,"featured_media":0,"parent":0,"menu_order":0,"comment_status":"closed","ping_status":"closed","template":"","meta":{"footnotes":""},"class_list":["post-11288","page","type-page","status-publish","hentry"],"_links":{"self":[{"href":"https:\/\/www.nns.cz\/blog\/wp-json\/wp\/v2\/pages\/11288","targetHints":{"allow":["GET"]}}],"collection":[{"href":"https:\/\/www.nns.cz\/blog\/wp-json\/wp\/v2\/pages"}],"about":[{"href":"https:\/\/www.nns.cz\/blog\/wp-json\/wp\/v2\/types\/page"}],"author":[{"embeddable":true,"href":"https:\/\/www.nns.cz\/blog\/wp-json\/wp\/v2\/users\/6"}],"replies":[{"embeddable":true,"href":"https:\/\/www.nns.cz\/blog\/wp-json\/wp\/v2\/comments?post=11288"}],"version-history":[{"count":8,"href":"https:\/\/www.nns.cz\/blog\/wp-json\/wp\/v2\/pages\/11288\/revisions"}],"predecessor-version":[{"id":13441,"href":"https:\/\/www.nns.cz\/blog\/wp-json\/wp\/v2\/pages\/11288\/revisions\/13441"}],"wp:attachment":[{"href":"https:\/\/www.nns.cz\/blog\/wp-json\/wp\/v2\/media?parent=11288"}],"curies":[{"name":"wp","href":"https:\/\/api.w.org\/{rel}","templated":true}]}}