{"id":11901,"date":"2019-10-18T12:20:32","date_gmt":"2019-10-18T10:20:32","guid":{"rendered":"https:\/\/www.nns.cz\/blog\/?page_id=11901"},"modified":"2022-04-27T11:44:30","modified_gmt":"2022-04-27T09:44:30","slug":"multimedialni-interaktivni-anglicky-jazyk","status":"publish","type":"page","link":"https:\/\/www.nns.cz\/blog\/multimedialni-interaktivni-anglicky-jazyk\/","title":{"rendered":"Multimedi\u00e1ln\u00ed interaktivn\u00ed anglick\u00fd jazyk"},"content":{"rendered":"<p>&nbsp;<\/p>\n<p><a href=\"https:\/\/www.nns.cz\/blog\/wp-content\/uploads\/english-nns.jpg\"><img loading=\"lazy\" decoding=\"async\" class=\"size-thumbnail wp-image-11730 aligncenter\" src=\"https:\/\/www.nns.cz\/blog\/wp-content\/uploads\/english-nns-580x191.jpg\" alt=\"\" width=\"580\" height=\"191\" srcset=\"https:\/\/www.nns.cz\/blog\/wp-content\/uploads\/english-nns-580x191.jpg 580w, https:\/\/www.nns.cz\/blog\/wp-content\/uploads\/english-nns-600x197.jpg 600w, https:\/\/www.nns.cz\/blog\/wp-content\/uploads\/english-nns-768x253.jpg 768w, https:\/\/www.nns.cz\/blog\/wp-content\/uploads\/english-nns-1024x337.jpg 1024w, https:\/\/www.nns.cz\/blog\/wp-content\/uploads\/english-nns-1320x434.jpg 1320w, https:\/\/www.nns.cz\/blog\/wp-content\/uploads\/english-nns.jpg 1472w\" sizes=\"auto, (max-width: 580px) 100vw, 580px\" \/><\/a><div class=\"inventory\" data-filter=\"false\" data-next=\"false\" data-cart=\"false\" data-ids=\"747,2109\"><div class=\"inventory-list\"><div class=\"dummy\"><\/div><div class=\"dummy\"><\/div><\/div><\/div><\/p>\n<h3><span style=\"font-size: 13px; font-weight: normal;\"><div class=\"inventory\" data-filter=\"false\" data-next=\"false\" data-cart=\"false\" data-ids=\"2093,1630,1468,1591\"><div class=\"inventory-list\"><div class=\"dummy\"><\/div><div class=\"dummy\"><\/div><div class=\"dummy\"><\/div><div class=\"dummy\"><\/div><\/div><\/div>\u00a0<\/span><\/h3>\n<p><img decoding=\"async\" class=\"alignnone size-thumbnail wp-image-15781\" src=\"https:\/\/www.nns.cz\/blog\/wp-content\/uploads\/interaktivni-anglictina-listen-and-speak-580x427.jpg\" alt=\"\" width=\"580\" srcset=\"https:\/\/www.nns.cz\/blog\/wp-content\/uploads\/interaktivni-anglictina-listen-and-speak-580x427.jpg 580w, https:\/\/www.nns.cz\/blog\/wp-content\/uploads\/interaktivni-anglictina-listen-and-speak-600x442.jpg 600w, https:\/\/www.nns.cz\/blog\/wp-content\/uploads\/interaktivni-anglictina-listen-and-speak-768x566.jpg 768w, https:\/\/www.nns.cz\/blog\/wp-content\/uploads\/interaktivni-anglictina-listen-and-speak-1024x754.jpg 1024w, https:\/\/www.nns.cz\/blog\/wp-content\/uploads\/interaktivni-anglictina-listen-and-speak.jpg 1142w\" sizes=\"(max-width: 580px) 100vw, 580px\" \/><\/p>\n<p><span style=\"font-size: 13px; font-weight: normal;\"><div class=\"inventory\" data-filter=\"false\" data-next=\"false\" data-cart=\"false\" data-ids=\"2094,1592,1469,1593\"><div class=\"inventory-list\"><div class=\"dummy\"><\/div><div class=\"dummy\"><\/div><div class=\"dummy\"><\/div><div class=\"dummy\"><\/div><\/div><\/div><\/span><\/p>\n","protected":false},"excerpt":{"rendered":"<p>&nbsp; \u00a0<\/p>\n","protected":false},"author":6,"featured_media":0,"parent":0,"menu_order":0,"comment_status":"closed","ping_status":"closed","template":"","meta":{"footnotes":""},"class_list":["post-11901","page","type-page","status-publish","hentry"],"_links":{"self":[{"href":"https:\/\/www.nns.cz\/blog\/wp-json\/wp\/v2\/pages\/11901","targetHints":{"allow":["GET"]}}],"collection":[{"href":"https:\/\/www.nns.cz\/blog\/wp-json\/wp\/v2\/pages"}],"about":[{"href":"https:\/\/www.nns.cz\/blog\/wp-json\/wp\/v2\/types\/page"}],"author":[{"embeddable":true,"href":"https:\/\/www.nns.cz\/blog\/wp-json\/wp\/v2\/users\/6"}],"replies":[{"embeddable":true,"href":"https:\/\/www.nns.cz\/blog\/wp-json\/wp\/v2\/comments?post=11901"}],"version-history":[{"count":6,"href":"https:\/\/www.nns.cz\/blog\/wp-json\/wp\/v2\/pages\/11901\/revisions"}],"predecessor-version":[{"id":15782,"href":"https:\/\/www.nns.cz\/blog\/wp-json\/wp\/v2\/pages\/11901\/revisions\/15782"}],"wp:attachment":[{"href":"https:\/\/www.nns.cz\/blog\/wp-json\/wp\/v2\/media?parent=11901"}],"curies":[{"name":"wp","href":"https:\/\/api.w.org\/{rel}","templated":true}]}}