{"id":12482,"date":"2020-03-16T12:46:57","date_gmt":"2020-03-16T10:46:57","guid":{"rendered":"https:\/\/www.nns.cz\/blog\/?page_id=12482"},"modified":"2020-04-30T13:27:29","modified_gmt":"2020-04-30T11:27:29","slug":"ucebnice-online","status":"publish","type":"page","link":"https:\/\/www.nns.cz\/blog\/ucebnice-online\/","title":{"rendered":"U\u010debnice Online"},"content":{"rendered":"<h2>Multimedi\u00e1ln\u00ed interaktivn\u00ed u\u010debnice nov\u011b i&nbsp;bez instalace!<\/h2>\n<p>&#8212;&#8212;&#8212;&#8212;&#8212;&#8212;&#8212;&#8212;&#8212;&#8212;&#8212;&#8212;&#8212;&#8212;&#8212;&#8212;&#8212;&#8212;&#8212;&#8212;&#8212;&#8212;&#8212;&#8212;&#8212;&#8212;&#8212;&#8212;&#8212;&#8212;&#8212;&#8212;&#8212;&#8212;&#8212;&#8211;<\/p>\n<p><strong>Velmi si v\u00e1\u017e\u00edme Va\u0161eho z\u00e1jmu, i&nbsp;p\u0159es nav\u00fd\u0161en\u00ed kapacit serveru m\u016f\u017ee doch\u00e1zet k&nbsp;do\u010dasn\u00e9mu p\u0159et\u00ed\u017een\u00ed u\u010debnic online. <\/strong><b><\/b><\/p>\n<p><span style=\"color: #ff0000;\"><strong>Proto doporu\u010dujeme <\/strong><\/span><b><a href=\"https:\/\/www.nns.cz\/download\/index.php\">vyzkou\u0161et instalovan\u00fd program Media Creator<\/a><\/b><span style=\"color: #ff0000;\"><strong>, do kter\u00e9ho lze jednotliv\u00e9 MIU\u010d+ st\u00e1hnout a&nbsp;n\u00e1sledn\u011b je pou\u017e\u00edvat i&nbsp;bez p\u0159ipojen\u00ed.<\/strong><\/span><\/p>\n<p><strong>Pro usnadn\u011bn\u00ed instalace jsme vytvo\u0159ili video n\u00e1vody: <a href=\"https:\/\/www.nns.cz\/blog\/interaktivni-ucebnice\/instalace-media-creator-student\/\">Jak zprovoznit MIU\u010d+ v&nbsp;instalovan\u00e9 verzi?<\/a><\/strong><b><\/b><\/p>\n<p><strong>Poskytnut\u00ed MIU\u010d+ \u017e\u00e1k\u016fm rodi\u010d\u016fm i&nbsp;u\u010ditel\u016fm zdarma se vztahuje i&nbsp;na tento program. <\/strong>V programu Media Creator se m\u016f\u017eete p\u0159ihl\u00e1sit pod stejn\u00fdmi p\u0159ihla\u0161ovac\u00edmi \u00fadaji jako na u\u010debnic\u00edch online.<\/p>\n<p>&#8212;&#8212;&#8212;&#8212;&#8212;&#8212;&#8212;&#8212;&#8212;&#8212;&#8212;&#8212;&#8212;&#8212;&#8212;&#8212;&#8212;&#8212;&#8212;&#8212;&#8212;&#8212;&#8212;&#8212;&#8212;&#8212;&#8212;&#8212;&#8212;&#8212;&#8212;&#8212;&#8212;&#8212;&#8212;&#8211;<\/p>\n<h2>SPUSTIT U\u010cEBNICE ONLINE<\/h2>\n<p><span style=\"color: #ff0000;\">Omlouv\u00e1me se, odkaz je do\u010dasn\u011b nedostupn\u00fd, m\u016f\u017eete pros\u00edm<\/span> <b><a href=\"https:\/\/www.nns.cz\/download\/index.php\">vyzkou\u0161et instalovan\u00fd program Media Creator.<\/a><\/b><\/p>\n<p>Vzhledem k&nbsp;uzav\u0159en\u00ed \u0161kol bychom V\u00e1m r\u00e1di pomohli s&nbsp;v\u00fdukou na d\u00e1lku.<\/p>\n<p>\u017d\u00e1ci, rodi\u010de i&nbsp;u\u010ditel\u00e9 mohou <strong>zdarma vyu\u017e\u00edvat p\u0159\u00edstup ke v\u0161em interaktivn\u00edm u\u010debnic\u00edm<\/strong> MIU\u010d+, sta\u010d\u00ed, kdy\u017e:<\/p>\n<ol>\n<li>kliknete na spustit u\u010debnice online<\/li>\n<li>zaregistrujete se jako studenti nebo u\u010ditel\u00e9 (sta\u010d\u00ed vyplnit <strong>platn\u00fd e-mail<\/strong> a&nbsp;heslo),<\/li>\n<li>kliknete na ov\u011b\u0159ovac\u00ed odkaz, kter\u00fd obdr\u017e\u00edte do e-mailu<\/li>\n<li>po p\u0159ihl\u00e1\u0161en\u00ed vyberete v&nbsp;horn\u00edm menu &#8222;katalog&#8220;, kliknete na ikonu kter\u00e9koli MIU\u010d+ a&nbsp;vyberete volbu &#8222;vyzkou\u0161et&#8220;<\/li>\n<\/ol>\n<p>Kter\u00e9koli MIU\u010d+ pak m\u016f\u017eete zdarma pou\u017e\u00edvat 30 dn\u00ed, pokud by uzav\u0159en\u00ed \u0161kol trvalo d\u00e9le, licence zdarma prodlou\u017e\u00edme do 30.&nbsp;6.&nbsp;2020.<\/p>\n<p>Pokud V\u00e1m aktiva\u010dn\u00ed e-mail po&nbsp;registraci nedorazil, pros\u00edm zkontrolujte, zda jej nem\u00e1te ve SPAMU. Pokud jej nenajdete, napi\u0161te n\u00e1m na <a href=\"mailto:registrace@nns.cz\">registrace@nns.cz<\/a> z&nbsp;Va\u0161\u00ed registra\u010dn\u00ed e-mailov\u00e9 adresy a&nbsp;ru\u010dn\u011b V\u00e1m \u00fa\u010det aktivujeme.<\/p>\n<p><span style=\"color: #ff0000;\">Pokud si nev\u00edte s&nbsp;n\u011b\u010d\u00edm rady, kontaktujte na\u0161i podporu na \u010d\u00edsle <strong>778&nbsp;064&nbsp;808 <\/strong>nebo za\u0161lete zpr\u00e1vu s&nbsp;Va\u0161\u00edm \u010d\u00edslem a&nbsp;my V\u00e1s potom budeme kontaktovat.<\/span><\/p>\n<p>&#8212;&#8212;&#8212;&#8212;&#8212;&#8212;&#8212;&#8212;&#8212;&#8212;&#8212;&#8212;&#8212;&#8212;&#8212;&#8212;&#8212;&#8212;&#8212;&#8212;&#8212;&#8212;&#8212;&#8212;&#8212;&#8212;&#8212;&#8212;&#8212;&#8212;&#8212;&#8212;&#8212;&#8212;&#8212;&#8211;<\/p>\n<p><strong>Doporu\u010dujeme: Vyu\u017eijte v\u00edce ne\u017e 5&nbsp;000 v\u00fdukov\u00fdch vide\u00ed zdarma<\/strong> <strong>na <a href=\"http:\/\/www.matyskova-matematika.cz\">www.matyskova-matematika.cz<\/a><\/strong> pro matematiku 1.&nbsp;a\u017e 5.&nbsp;ro\u010dn\u00edku obsahuj\u00edc\u00ed v\u00fdklad ke ka\u017ed\u00e9mu cvi\u010den\u00ed ka\u017ed\u00e9 str\u00e1nky u\u010debnic. Videa lze vyu\u017e\u00edt i&nbsp;v&nbsp;p\u0159\u00edpad\u011b, \u017ee \u017e\u00e1ci pou\u017e\u00edvaj\u00ed jin\u00e9 u\u010debnice, proto\u017ee prob\u00edran\u00e9 u\u010divo je obdobn\u00e9. \u017d\u00e1ci se tak mohou u\u010dit matematiku z&nbsp;domova s&nbsp;u\u010ditelsk\u00fdm v\u00fdkladem.<\/p>\n<p>&#8212;&#8212;&#8212;&#8212;&#8212;&#8212;&#8212;&#8212;&#8212;&#8212;&#8212;&#8212;&#8212;&#8212;&#8212;&#8212;&#8212;&#8212;&#8212;&#8212;&#8212;&#8212;&#8212;&#8212;&#8212;&#8212;&#8212;&#8212;&#8212;&#8212;&#8212;&#8212;&#8212;&#8212;&#8212;&#8211;<\/p>\n<p>V\u0161echny licence a&nbsp;p\u0159ihla\u0161ovac\u00ed \u00fadaje platn\u00e9 pro instalovan\u00e9 MIU\u010d+ plat\u00ed i&nbsp;v&nbsp;online verzi.<\/p>\n<p>Jedn\u00e1 se o&nbsp;\u00faplnou novinku, kterou neust\u00e1le vylep\u0161ujeme, proto budeme r\u00e1di za Va\u0161i zp\u011btnou vazbu na e-mail <a href=\"mailto:ucebnice.online@nns.cz\">ucebnice.online@nns.cz<\/a>.<\/p>\n<p>Interaktivn\u00ed u\u010debnice prost\u0159ednictv\u00edm webov\u00e9ho prohl\u00ed\u017ee\u010de lze vyu\u017e\u00edvat pouze na po\u010d\u00edta\u010d\u00edch a&nbsp;tabletov\u00fdch za\u0159\u00edzen\u00edch s&nbsp;opera\u010dn\u00edm syst\u00e9mem Windows, Android a&nbsp;IOs.<\/p>\n","protected":false},"excerpt":{"rendered":"<p>Multimedi\u00e1ln\u00ed interaktivn\u00ed u\u010debnice nov\u011b i&nbsp;bez instalace! &#8212;&#8212;&#8212;&#8212;&#8212;&#8212;&#8212;&#8212;&#8212;&#8212;&#8212;&#8212;&#8212;&#8212;&#8212;&#8212;&#8212;&#8212;&#8212;&#8212;&#8212;&#8212;&#8212;&#8212;&#8212;&#8212;&#8212;&#8212;&#8212;&#8212;&#8212;&#8212;&#8212;&#8212;&#8212;&#8211; Velmi si v\u00e1\u017e\u00edme Va\u0161eho z\u00e1jmu, i&nbsp;p\u0159es nav\u00fd\u0161en\u00ed kapacit serveru m\u016f\u017ee doch\u00e1zet k&nbsp;do\u010dasn\u00e9mu p\u0159et\u00ed\u017een\u00ed u\u010debnic online. Proto doporu\u010dujeme vyzkou\u0161et instalovan\u00fd program Media Creator, do kter\u00e9ho lze jednotliv\u00e9 MIU\u010d+ st\u00e1hnout a&nbsp;n\u00e1sledn\u011b je pou\u017e\u00edvat i&nbsp;bez p\u0159ipojen\u00ed. Pro usnadn\u011bn\u00ed instalace jsme vytvo\u0159ili video n\u00e1vody: Jak zprovoznit MIU\u010d+ v&nbsp;instalovan\u00e9 verzi? Poskytnut\u00ed MIU\u010d+ \u017e\u00e1k\u016fm [&hellip;]<\/p>\n","protected":false},"author":6,"featured_media":0,"parent":0,"menu_order":0,"comment_status":"closed","ping_status":"closed","template":"","meta":{"footnotes":""},"class_list":["post-12482","page","type-page","status-publish","hentry"],"_links":{"self":[{"href":"https:\/\/www.nns.cz\/blog\/wp-json\/wp\/v2\/pages\/12482","targetHints":{"allow":["GET"]}}],"collection":[{"href":"https:\/\/www.nns.cz\/blog\/wp-json\/wp\/v2\/pages"}],"about":[{"href":"https:\/\/www.nns.cz\/blog\/wp-json\/wp\/v2\/types\/page"}],"author":[{"embeddable":true,"href":"https:\/\/www.nns.cz\/blog\/wp-json\/wp\/v2\/users\/6"}],"replies":[{"embeddable":true,"href":"https:\/\/www.nns.cz\/blog\/wp-json\/wp\/v2\/comments?post=12482"}],"version-history":[{"count":3,"href":"https:\/\/www.nns.cz\/blog\/wp-json\/wp\/v2\/pages\/12482\/revisions"}],"predecessor-version":[{"id":13177,"href":"https:\/\/www.nns.cz\/blog\/wp-json\/wp\/v2\/pages\/12482\/revisions\/13177"}],"wp:attachment":[{"href":"https:\/\/www.nns.cz\/blog\/wp-json\/wp\/v2\/media?parent=12482"}],"curies":[{"name":"wp","href":"https:\/\/api.w.org\/{rel}","templated":true}]}}