{"id":13681,"date":"2020-08-03T10:23:01","date_gmt":"2020-08-03T08:23:01","guid":{"rendered":"https:\/\/www.nns.cz\/blog\/?page_id=13681"},"modified":"2025-11-13T14:59:49","modified_gmt":"2025-11-13T12:59:49","slug":"ke-stazeni","status":"publish","type":"page","link":"https:\/\/www.nns.cz\/blog\/ke-stazeni\/","title":{"rendered":"Ke sta\u017een\u00ed"},"content":{"rendered":"\n<h2 class=\"wp-block-heading has-background\" style=\"background-color:#fdddc0\"><a href=\"http:\/\/www.nns.cz\/digi\"><strong>Digit\u00e1ln\u00ed kompetence <\/strong>k na\u0161im u\u010debnic\u00edm jsou k&nbsp;dispozici zdarma na<strong> nns.cz\/digi<\/strong><\/a><\/h2>\n\n\n\n<div class=\"wp-block-columns is-layout-flex wp-container-core-columns-is-layout-9d6595d7 wp-block-columns-is-layout-flex\">\n<div class=\"wp-block-column is-layout-flow wp-block-column-is-layout-flow\" style=\"flex-basis:66.66%\">\n<h2 class=\"wp-block-heading has-background\" style=\"background-color:#fae5ea\"><a href=\"https:\/\/www.nns.cz\/kraje\" target=\"_blank\" rel=\"noreferrer noopener\">Pro v\u00fduku Vlastiv\u011bdy si m\u016f\u017eete zdarma st\u00e1hnout <strong>mapu kraj\u016f<\/strong> i&nbsp;<strong>str\u00e1nky v\u011bnovan\u00e9 jednotliv\u00fdm kraj\u016fm<\/strong>.<\/a><\/h2>\n<\/div>\n\n\n\n<div class=\"wp-block-column is-layout-flow wp-block-column-is-layout-flow\" style=\"flex-basis:33.33%\">\n<figure class=\"wp-block-image size-large\"><a href=\"https:\/\/www.nns.cz\/kraje\" target=\"_blank\" rel=\" noreferrer noopener\"><img loading=\"lazy\" decoding=\"async\" width=\"1600\" height=\"952\" src=\"https:\/\/www.nns.cz\/blog\/wp-content\/uploads\/mapa-CR-kraje-A5-KRAJE_s-popisky-vybarvena-1600x952.png\" alt=\"\" class=\"wp-image-18088\" srcset=\"https:\/\/www.nns.cz\/blog\/wp-content\/uploads\/mapa-CR-kraje-A5-KRAJE_s-popisky-vybarvena-1600x952.png 1600w, https:\/\/www.nns.cz\/blog\/wp-content\/uploads\/mapa-CR-kraje-A5-KRAJE_s-popisky-vybarvena-1024x609.png 1024w, https:\/\/www.nns.cz\/blog\/wp-content\/uploads\/mapa-CR-kraje-A5-KRAJE_s-popisky-vybarvena-300x179.png 300w, https:\/\/www.nns.cz\/blog\/wp-content\/uploads\/mapa-CR-kraje-A5-KRAJE_s-popisky-vybarvena-768x457.png 768w, https:\/\/www.nns.cz\/blog\/wp-content\/uploads\/mapa-CR-kraje-A5-KRAJE_s-popisky-vybarvena-1536x914.png 1536w, https:\/\/www.nns.cz\/blog\/wp-content\/uploads\/mapa-CR-kraje-A5-KRAJE_s-popisky-vybarvena-2048x1219.png 2048w\" sizes=\"auto, (max-width: 1600px) 100vw, 1600px\" \/><\/a><\/figure>\n<\/div>\n<\/div>\n\n\n\n<h2 class=\"wp-block-heading\">Vybran\u00e9 materi\u00e1ly ke sta\u017een\u00ed<\/h2>\n\n\n\n<figure class=\"wp-block-table\"><table class=\"has-fixed-layout\"><tbody><tr><td><strong>4-33<\/strong> <a href=\"https:\/\/www.nns.cz\/obchod\/index.php?item=nab_det&amp;sort_id=90\">\u010clov\u011bk a&nbsp;jeho sv\u011bt &#8211; P\u0159\u00edrodov\u011bda 4<\/a><\/td><td><a href=\"https:\/\/www.nns.cz\/blog\/wp-content\/uploads\/clovek-a-jeho-svet-klicove-kompetence-a-ocekavane-vystupy.pdf\" target=\"_blank\" rel=\"noopener\">Kl\u00ed\u010dov\u00e9 kompetence a&nbsp;o\u010dek\u00e1van\u00e9 v\u00fdstupy<\/a> <\/td><\/tr><tr><td><strong>4-40<\/strong> <a href=\"https:\/\/www.nns.cz\/obchod\/index.php?item=nab_det&amp;sort_id=92\">Vlastiv\u011bda 4 &#8211; Pozn\u00e1v\u00e1me na\u0161i vlast<\/a><\/td><td><a href=\"https:\/\/www.nns.cz\/blog\/wp-content\/uploads\/4-40-Kl%C3%AD%C4%8Dov%C3%A9-kompetence-a-o%C4%8Dek%C3%A1van%C3%A9-v%C3%BDstupy-%C4%8Clov%C4%9Bk-a-jeho-sv%C4%9Bt-Vlastiv%C4%9Bda-4.pdf\">Kl\u00ed\u010dov\u00e9 kompetence a&nbsp;o\u010dek\u00e1van\u00e9 v\u00fdstupy<\/a><\/td><\/tr><tr><td><strong>5-30<\/strong> <a href=\"https:\/\/www.nns.cz\/obchod\/index.php?item=nab_det&amp;sort_id=115\">\u010clov\u011bk a&nbsp;jeho sv\u011bt &#8211; P\u0159\u00edrodov\u011bda 5<\/a><\/td><td><a href=\"https:\/\/www.nns.cz\/blog\/wp-content\/uploads\/5-30-Klicove-kompetence-a-ocekavane-vystupy-prirodoveda-5-duhova-rada.pdf\">Kl\u00ed\u010dov\u00e9 kompetence a&nbsp;o\u010dek\u00e1van\u00e9 v\u00fdstupy<\/a><br><a href=\"https:\/\/www.nns.cz\/blog\/wp-content\/uploads\/P\u0159\u00edrodov\u011bda-5-z\u00e1v\u011bre\u010dn\u00e9-shrnut\u00ed-u\u010diva-nns.pdf\">Z\u00e1v\u011bre\u010dn\u00e9 shrnut\u00ed u\u010diva a&nbsp;tabulky shrnuj\u00edc\u00ed u\u010divo p\u0159\u00edrodov\u011bdy<\/a><\/td><\/tr><tr><td><strong>8-30<\/strong> <a href=\"https:\/\/www.nns.cz\/obchod\/index.php?item=nab_det&amp;sort_id=633\">P\u0159\u00edrodopis 8 &#8211; Biologie \u010dlov\u011bka (u\u010debnice)<\/a><\/td><td><a href=\"https:\/\/www.nns.cz\/blog\/wp-content\/uploads\/Kl\u00ed\u010dov\u00e9-kompetence-a-o\u010dek\u00e1van\u00e9-v\u00fdstupy-P\u0159\u00edrodopis-8.pdf\">Kl\u00ed\u010dov\u00e9 kompetence a&nbsp;o\u010dek\u00e1van\u00e9 v\u00fdstupy<\/a>.<\/td><\/tr><tr><td><strong>8-90<\/strong> <a href=\"https:\/\/www.nns.cz\/obchod\/index.php?item=nab_det&amp;sort_id=836\">V\u00fdchova k&nbsp;ob\u010danstv\u00ed 8<\/a><\/td><td><a href=\"https:\/\/www.nns.cz\/blog\/wp-content\/uploads\/Klicove-kompetence-a-ocekavane-vystupy-VKO-8.pdf\">Kl\u00ed\u010dov\u00e9 kompetence a&nbsp;o\u010dek\u00e1van\u00e9 v\u00fdstupy<\/a><\/td><\/tr><\/tbody><\/table><\/figure>\n\n\n\n<p>&nbsp;<\/p>\n\n\n\n<h2 class=\"wp-block-heading\"><a name=\"kotva01\"><\/a>Pracovn\u00ed listy k&nbsp;n\u00e1sleduj\u00edc\u00edm u\u010debnic\u00edm ke sta\u017een\u00ed zdarma<\/h2>\n\n\n\n<p><div class=\"inventory\" data-filter=\"false\" data-next=\"false\" data-cart=\"false\" data-ids=\"1272,1431,1535\"><div class=\"inventory-list\"><div class=\"dummy\"><\/div><div class=\"dummy\"><\/div><div class=\"dummy\"><\/div><\/div><\/div><br><strong>Velikono\u010dn\u00ed pracovn\u00ed list<\/strong><\/p>\n\n\n\n<figure class=\"wp-block-image\"><a href=\"https:\/\/www.nns.cz\/blog\/wp-content\/uploads\/velikonoce-amos-pracovni-listy.pdf\"><img loading=\"lazy\" decoding=\"async\" width=\"580\" height=\"408\" src=\"https:\/\/www.nns.cz\/blog\/wp-content\/uploads\/agata-oskar-a-matysek-velikonoce-580x408.jpg\" alt=\"\" class=\"wp-image-12888\" srcset=\"https:\/\/www.nns.cz\/blog\/wp-content\/uploads\/agata-oskar-a-matysek-velikonoce-580x408.jpg 580w, https:\/\/www.nns.cz\/blog\/wp-content\/uploads\/agata-oskar-a-matysek-velikonoce.jpg 600w\" sizes=\"auto, (max-width: 580px) 100vw, 580px\" \/><\/a><\/figure>\n\n\n\n<p><\/p>\n\n\n<div class=\"inventory\" data-filter=\"false\" data-next=\"false\" data-cart=\"false\" data-ids=\"346, 277, 279\"><div class=\"inventory-list\"><div class=\"dummy\"><\/div><div class=\"dummy\"><\/div><div class=\"dummy\"><\/div><\/div><\/div>\n\n\n<div class=\"wp-block-image\">\n<figure class=\"alignleft\"><img loading=\"lazy\" decoding=\"async\" width=\"300\" height=\"302\" src=\"https:\/\/www.nns.cz\/blog\/wp-content\/uploads\/aja-den-matek-nns.jpg\" alt=\"\" class=\"wp-image-13180\"\/><\/figure><\/div>\n\n\n<p>Zdrav\u00edm v\u00e1s, kamar\u00e1di!<\/p>\n\n\n\n<p>Brzy bude 10.&nbsp;kv\u011btna. V&nbsp;tento den slav\u00ed v&nbsp;leto\u0161n\u00edm roce sv\u00e1tek v\u0161echny maminky. Tento sv\u00e1tek se naz\u00fdv\u00e1 Den matek. A&nbsp;tak by m\u011b zaj\u00edmalo, jestlipak u\u017e m\u00e1te p\u0159ipraven\u00e9 pro maminku p\u0159\u00e1n\u00ed\u010dko?<\/p>\n\n\n\n<p>J\u00e1 jsem pro maminku slo\u017eila i&nbsp;b\u00e1sni\u010dku.&nbsp;Pokud se v\u00e1m bude l\u00edbit, m\u016f\u017eete se ji nau\u010dit a&nbsp;mamince k&nbsp;sv\u00e1tku p\u0159edn\u00e9st.&nbsp;Bude m\u00edt ur\u010dit\u011b velik\u00e1nskou radost!<\/p>\n\n\n\n<p><em>Kliknut\u00edm na obr\u00e1zek pracovn\u00edho listu se st\u00e1hne PDF pro 1.&nbsp;ro\u010dn\u00edk:<\/em><\/p>\n\n\n\n<figure class=\"wp-block-image\"><a href=\"https:\/\/www.nns.cz\/blog\/wp-content\/uploads\/Pracovn\u00ed-list-ke-Dni-matek_1.-ro\u010d._kveten-nns.pdf\"><img loading=\"lazy\" decoding=\"async\" width=\"580\" height=\"781\" src=\"https:\/\/www.nns.cz\/blog\/wp-content\/uploads\/PL-ke-Dni-matek_1.-ro\u010d-580x781.jpg\" alt=\"\" class=\"wp-image-13213\" srcset=\"https:\/\/www.nns.cz\/blog\/wp-content\/uploads\/PL-ke-Dni-matek_1.-ro\u010d-580x781.jpg 580w, https:\/\/www.nns.cz\/blog\/wp-content\/uploads\/PL-ke-Dni-matek_1.-ro\u010d-600x808.jpg 600w, https:\/\/www.nns.cz\/blog\/wp-content\/uploads\/PL-ke-Dni-matek_1.-ro\u010d-768x1034.jpg 768w, https:\/\/www.nns.cz\/blog\/wp-content\/uploads\/PL-ke-Dni-matek_1.-ro\u010d-760x1024.jpg 760w, https:\/\/www.nns.cz\/blog\/wp-content\/uploads\/PL-ke-Dni-matek_1.-ro\u010d-1320x1777.jpg 1320w, https:\/\/www.nns.cz\/blog\/wp-content\/uploads\/PL-ke-Dni-matek_1.-ro\u010d.jpg 1619w\" sizes=\"auto, (max-width: 580px) 100vw, 580px\" \/><\/a><\/figure>\n\n\n\n<p><\/p>\n\n\n\n<p>Pro <strong>druh\u00e1ky<\/strong> jsem p\u0159ipravila pracovn\u00ed list s&nbsp;moc p\u011bkn\u00fdmi obr\u00e1zky kvetouc\u00edch rostlin. T\u0159eba v\u00e1s budou inspirovat k&nbsp;nakreslen\u00ed kyti\u010dky do p\u0159\u00e1n\u00ed\u010dka pro maminku.<\/p>\n\n\n\n<p><em>Kliknut\u00edm na obr\u00e1zek pracovn\u00edho listu se st\u00e1hne PDF pro 2.&nbsp;ro\u010dn\u00edk:<\/em><\/p>\n\n\n\n<figure class=\"wp-block-image\"><a href=\"https:\/\/www.nns.cz\/blog\/wp-content\/uploads\/Pracovn\u00ed-list-ke-Dni-matek_2.-ro\u010dn\u00edk-J\u00e1-a-m\u016fj-sv\u011bt.pdf\"><img loading=\"lazy\" decoding=\"async\" width=\"580\" height=\"818\" src=\"https:\/\/www.nns.cz\/blog\/wp-content\/uploads\/Pracovn\u00ed-list-ke-Dni-matek_2-nns-580x818.jpg\" alt=\"\" class=\"wp-image-13092\" srcset=\"https:\/\/www.nns.cz\/blog\/wp-content\/uploads\/Pracovn\u00ed-list-ke-Dni-matek_2-nns-580x818.jpg 580w, https:\/\/www.nns.cz\/blog\/wp-content\/uploads\/Pracovn\u00ed-list-ke-Dni-matek_2-nns-600x847.jpg 600w, https:\/\/www.nns.cz\/blog\/wp-content\/uploads\/Pracovn\u00ed-list-ke-Dni-matek_2-nns-768x1084.jpg 768w, https:\/\/www.nns.cz\/blog\/wp-content\/uploads\/Pracovn\u00ed-list-ke-Dni-matek_2-nns-726x1024.jpg 726w, https:\/\/www.nns.cz\/blog\/wp-content\/uploads\/Pracovn\u00ed-list-ke-Dni-matek_2-nns-1320x1863.jpg 1320w, https:\/\/www.nns.cz\/blog\/wp-content\/uploads\/Pracovn\u00ed-list-ke-Dni-matek_2-nns.jpg 1610w\" sizes=\"auto, (max-width: 580px) 100vw, 580px\" \/><\/a><\/figure>\n\n\n\n<p><\/p>\n\n\n\n<p>A pro <strong>t\u0159e\u0165\u00e1ky<\/strong>? To budete koukat! Z&nbsp;fotek, kter\u00e9 jsem s&nbsp;maminkou nafotila loni na ja\u0159e, jsem p\u0159ipravila pexeso. Kdy\u017e se na n\u011b pod\u00edv\u00e1m, c\u00edt\u00edm tu n\u00e1dhernou v\u016fni v\u0161ech rozkvetl\u00fdch rostlin, kter\u00e9 tu jsou.<\/p>\n\n\n\n<p><em>Kliknut\u00edm na obr\u00e1zek pexesa se st\u00e1hne PDF pro 3.&nbsp;ro\u010dn\u00edk:<\/em><\/p>\n\n\n\n<figure class=\"wp-block-image\"><a href=\"https:\/\/www.nns.cz\/blog\/wp-content\/uploads\/pexeso-ke-Dni-matek_3.-ro\u010d.nns_.pdf\"><img loading=\"lazy\" decoding=\"async\" width=\"580\" height=\"411\" src=\"https:\/\/www.nns.cz\/blog\/wp-content\/uploads\/pexeso-ke-Dni-matek_3.-ro\u010dn\u00edk_nns-580x411.jpg\" alt=\"\" class=\"wp-image-13093\" srcset=\"https:\/\/www.nns.cz\/blog\/wp-content\/uploads\/pexeso-ke-Dni-matek_3.-ro\u010dn\u00edk_nns-580x411.jpg 580w, https:\/\/www.nns.cz\/blog\/wp-content\/uploads\/pexeso-ke-Dni-matek_3.-ro\u010dn\u00edk_nns-600x425.jpg 600w, https:\/\/www.nns.cz\/blog\/wp-content\/uploads\/pexeso-ke-Dni-matek_3.-ro\u010dn\u00edk_nns-768x544.jpg 768w, https:\/\/www.nns.cz\/blog\/wp-content\/uploads\/pexeso-ke-Dni-matek_3.-ro\u010dn\u00edk_nns-1024x725.jpg 1024w, https:\/\/www.nns.cz\/blog\/wp-content\/uploads\/pexeso-ke-Dni-matek_3.-ro\u010dn\u00edk_nns-1320x935.jpg 1320w\" sizes=\"auto, (max-width: 580px) 100vw, 580px\" \/><\/a><\/figure>\n\n\n\n<p><\/p>\n\n\n\n<p>&nbsp;<\/p>\n\n\n\n<p><em>Kliknut\u00edm na obr\u00e1zek pracovn\u00edho listu se st\u00e1hne PDF pro 1.&nbsp;ro\u010dn\u00edk:<\/em><\/p>\n\n\n\n<figure class=\"wp-block-image\"><a href=\"https:\/\/www.nns.cz\/blog\/wp-content\/uploads\/Den-d\u011bt\u00ed_PL_1.-ro\u010d..pdf\"><img loading=\"lazy\" decoding=\"async\" width=\"580\" height=\"818\" src=\"https:\/\/www.nns.cz\/blog\/wp-content\/uploads\/pracovni-list-na-statku-nns-580x818.jpg\" alt=\"\" class=\"wp-image-13329\" srcset=\"https:\/\/www.nns.cz\/blog\/wp-content\/uploads\/pracovni-list-na-statku-nns-580x818.jpg 580w, https:\/\/www.nns.cz\/blog\/wp-content\/uploads\/pracovni-list-na-statku-nns-600x846.jpg 600w, https:\/\/www.nns.cz\/blog\/wp-content\/uploads\/pracovni-list-na-statku-nns.jpg 639w\" sizes=\"auto, (max-width: 580px) 100vw, 580px\" \/><\/a><\/figure>\n\n\n\n<p><\/p>\n\n\n\n<p><em>Kliknut\u00edm na obr\u00e1zek pracovn\u00edho listu se st\u00e1hne PDF pro 2.&nbsp;ro\u010dn\u00edk:<\/em><\/p>\n\n\n\n<figure class=\"wp-block-image\"><a href=\"https:\/\/www.nns.cz\/blog\/wp-content\/uploads\/Den-d\u011bt\u00ed_PL_2.-ro\u010d..pdf\"><img loading=\"lazy\" decoding=\"async\" width=\"580\" height=\"832\" src=\"https:\/\/www.nns.cz\/blog\/wp-content\/uploads\/pracovni-list-domaci-mazlicci-nns-580x832.jpg\" alt=\"\" class=\"wp-image-13330\" srcset=\"https:\/\/www.nns.cz\/blog\/wp-content\/uploads\/pracovni-list-domaci-mazlicci-nns-580x832.jpg 580w, https:\/\/www.nns.cz\/blog\/wp-content\/uploads\/pracovni-list-domaci-mazlicci-nns-600x861.jpg 600w, https:\/\/www.nns.cz\/blog\/wp-content\/uploads\/pracovni-list-domaci-mazlicci-nns.jpg 631w\" sizes=\"auto, (max-width: 580px) 100vw, 580px\" \/><\/a><\/figure>\n\n\n\n<p><\/p>\n\n\n\n<p><em>Kliknut\u00edm na obr\u00e1zek pexesa se st\u00e1hne PDF pro 3.&nbsp;ro\u010dn\u00edk:<\/em><\/p>\n\n\n\n<figure class=\"wp-block-image\"><a href=\"https:\/\/www.nns.cz\/blog\/wp-content\/uploads\/Den-d\u011bt\u00ed_PL_3.-ro\u010d..pdf\"><img loading=\"lazy\" decoding=\"async\" width=\"580\" height=\"830\" src=\"https:\/\/www.nns.cz\/blog\/wp-content\/uploads\/pracovni-list-leto-v-lese-nns-580x830.jpg\" alt=\"\" class=\"wp-image-13331\" srcset=\"https:\/\/www.nns.cz\/blog\/wp-content\/uploads\/pracovni-list-leto-v-lese-nns-580x830.jpg 580w, https:\/\/www.nns.cz\/blog\/wp-content\/uploads\/pracovni-list-leto-v-lese-nns-600x858.jpg 600w, https:\/\/www.nns.cz\/blog\/wp-content\/uploads\/pracovni-list-leto-v-lese-nns.jpg 634w\" sizes=\"auto, (max-width: 580px) 100vw, 580px\" \/><\/a><\/figure>\n\n\n\n<p><\/p>\n\n\n\n<p>&nbsp;<\/p>\n\n\n\n<p><div class=\"inventory\" data-filter=\"false\" data-next=\"false\" data-cart=\"false\" data-ids=\"1425, 1452\"><div class=\"inventory-list\"><div class=\"dummy\"><\/div><div class=\"dummy\"><\/div><\/div><\/div><br><strong>DEN OBNOVY SAMOSTATN\u00c9HO \u010cESK\u00c9HO ST\u00c1TU<\/strong><br><a href=\"https:\/\/www.nns.cz\/blog\/wp-content\/uploads\/Vlastiveda-5-pracovni-list-den-obnovy-samostatneho-ceskeho-statu-2020.pdf\"><strong>PDF ke sta\u017een\u00ed zde.<\/strong><\/a><br><strong>Interaktivn\u00ed pracovn\u00ed list spust\u00edte kliknut\u00edm na obr\u00e1zek:<\/strong><\/p>\n\n\n<div class=\"wp-block-image\">\n<figure class=\"aligncenter\"><a href=\"https:\/\/www.mediacreator.cz\/mc\/?opentitle=Obnova_CR\/Obnova_CR.mc\"><img loading=\"lazy\" decoding=\"async\" width=\"580\" height=\"326\" src=\"https:\/\/www.nns.cz\/blog\/wp-content\/uploads\/pracovni-list-den-obnovy-samostatneho-statu-580x326.jpg\" alt=\"\" class=\"wp-image-12068\" srcset=\"https:\/\/www.nns.cz\/blog\/wp-content\/uploads\/pracovni-list-den-obnovy-samostatneho-statu-580x326.jpg 580w, https:\/\/www.nns.cz\/blog\/wp-content\/uploads\/pracovni-list-den-obnovy-samostatneho-statu-600x338.jpg 600w, https:\/\/www.nns.cz\/blog\/wp-content\/uploads\/pracovni-list-den-obnovy-samostatneho-statu-768x432.jpg 768w, https:\/\/www.nns.cz\/blog\/wp-content\/uploads\/pracovni-list-den-obnovy-samostatneho-statu-1024x576.jpg 1024w, https:\/\/www.nns.cz\/blog\/wp-content\/uploads\/pracovni-list-den-obnovy-samostatneho-statu-1320x743.jpg 1320w, https:\/\/www.nns.cz\/blog\/wp-content\/uploads\/pracovni-list-den-obnovy-samostatneho-statu.jpg 1920w\" sizes=\"auto, (max-width: 580px) 100vw, 580px\" \/><\/a><\/figure><\/div>\n\n\n<p><\/p>\n\n\n\n<p>&nbsp;<\/p>\n\n\n\n<p><strong>DEN BOJE ZA SVOBODU A&nbsp;DEMOKRACII A&nbsp;MEZIN\u00c1RODN\u00cd DEN STUDENTSTVA<\/strong><\/p>\n\n\n\n<p><a href=\"https:\/\/www.nns.cz\/blog\/wp-content\/uploads\/Pracovn\u00ed-list-Den-boje-za-svobodu-a-demokracii-a-Mezinarodni-den-studentstva-17.pdf\"><strong>PDF na sta\u017een\u00ed zde.<\/strong><\/a><\/p>\n\n\n\n<p><a href=\"https:\/\/www.mediacreator.cz\/mc\/?opentitle=Demokracie_a_my\/Demokracie_a_my.mc\" target=\"_blank\" rel=\"noopener\"><strong>Interaktivn\u00ed pracovn\u00ed list spust\u00edte zde:<\/strong><\/a><\/p>\n\n\n<div class=\"wp-block-image\">\n<figure class=\"aligncenter\"><a href=\"https:\/\/www.mediacreator.cz\/mc\/?opentitle=Demokracie_a_my\/Demokracie_a_my.mc\"><img loading=\"lazy\" decoding=\"async\" width=\"580\" height=\"326\" src=\"https:\/\/www.nns.cz\/blog\/wp-content\/uploads\/interaktivni-pracovni-list-demokracie-a-my-580x326.jpg\" alt=\"\" class=\"wp-image-12025\" srcset=\"https:\/\/www.nns.cz\/blog\/wp-content\/uploads\/interaktivni-pracovni-list-demokracie-a-my-580x326.jpg 580w, https:\/\/www.nns.cz\/blog\/wp-content\/uploads\/interaktivni-pracovni-list-demokracie-a-my-600x338.jpg 600w, https:\/\/www.nns.cz\/blog\/wp-content\/uploads\/interaktivni-pracovni-list-demokracie-a-my-768x432.jpg 768w, https:\/\/www.nns.cz\/blog\/wp-content\/uploads\/interaktivni-pracovni-list-demokracie-a-my-1024x576.jpg 1024w, https:\/\/www.nns.cz\/blog\/wp-content\/uploads\/interaktivni-pracovni-list-demokracie-a-my-1320x743.jpg 1320w, https:\/\/www.nns.cz\/blog\/wp-content\/uploads\/interaktivni-pracovni-list-demokracie-a-my.jpg 1920w\" sizes=\"auto, (max-width: 580px) 100vw, 580px\" \/><\/a><\/figure><\/div>\n\n\n<p><\/p>\n\n\n\n<p><strong>Chcete z\u00edsk\u00e1vat aktu\u00e1ln\u00ed informace?<\/strong><\/p>\n\n\n\n<h2 class=\"wp-block-heading has-text-align-center has-background\" style=\"background-color:#caffbe\"><strong><a data-wpel-link=\"external\" href=\"https:\/\/forms.gle\/dvwkUPvkTxMa5jp87\" target=\"_blank\" rel=\"noreferrer noopener\">Chci se dozv\u00eddat o&nbsp;novink\u00e1ch.<\/a><\/strong><\/h2>\n","protected":false},"excerpt":{"rendered":"<p>Digit\u00e1ln\u00ed kompetence k&nbsp;na\u0161im u\u010debnic\u00edm jsou k&nbsp;dispozici zdarma na nns.cz\/digi Pro v\u00fduku Vlastiv\u011bdy si m\u016f\u017eete zdarma st\u00e1hnout mapu kraj\u016f i&nbsp;str\u00e1nky v\u011bnovan\u00e9 jednotliv\u00fdm kraj\u016fm. Vybran\u00e9 materi\u00e1ly ke sta\u017een\u00ed 4-33 \u010clov\u011bk a&nbsp;jeho sv\u011bt &#8211; P\u0159\u00edrodov\u011bda 4 Kl\u00ed\u010dov\u00e9 kompetence a&nbsp;o\u010dek\u00e1van\u00e9 v\u00fdstupy 4-40 Vlastiv\u011bda 4 &#8211; Pozn\u00e1v\u00e1me na\u0161i vlast Kl\u00ed\u010dov\u00e9 kompetence a&nbsp;o\u010dek\u00e1van\u00e9 v\u00fdstupy 5-30 \u010clov\u011bk a&nbsp;jeho sv\u011bt &#8211; P\u0159\u00edrodov\u011bda [&hellip;]<\/p>\n","protected":false},"author":6,"featured_media":0,"parent":0,"menu_order":0,"comment_status":"closed","ping_status":"closed","template":"","meta":{"footnotes":""},"class_list":["post-13681","page","type-page","status-publish","hentry"],"_links":{"self":[{"href":"https:\/\/www.nns.cz\/blog\/wp-json\/wp\/v2\/pages\/13681","targetHints":{"allow":["GET"]}}],"collection":[{"href":"https:\/\/www.nns.cz\/blog\/wp-json\/wp\/v2\/pages"}],"about":[{"href":"https:\/\/www.nns.cz\/blog\/wp-json\/wp\/v2\/types\/page"}],"author":[{"embeddable":true,"href":"https:\/\/www.nns.cz\/blog\/wp-json\/wp\/v2\/users\/6"}],"replies":[{"embeddable":true,"href":"https:\/\/www.nns.cz\/blog\/wp-json\/wp\/v2\/comments?post=13681"}],"version-history":[{"count":52,"href":"https:\/\/www.nns.cz\/blog\/wp-json\/wp\/v2\/pages\/13681\/revisions"}],"predecessor-version":[{"id":20614,"href":"https:\/\/www.nns.cz\/blog\/wp-json\/wp\/v2\/pages\/13681\/revisions\/20614"}],"wp:attachment":[{"href":"https:\/\/www.nns.cz\/blog\/wp-json\/wp\/v2\/media?parent=13681"}],"curies":[{"name":"wp","href":"https:\/\/api.w.org\/{rel}","templated":true}]}}