{"id":14667,"date":"2021-03-26T09:07:30","date_gmt":"2021-03-26T07:07:30","guid":{"rendered":"https:\/\/www.nns.cz\/blog\/?page_id=14667"},"modified":"2021-10-12T08:59:02","modified_gmt":"2021-10-12T06:59:02","slug":"testiky-2-1","status":"publish","type":"page","link":"https:\/\/www.nns.cz\/blog\/testiky-2-1\/","title":{"rendered":"Test\u00edky"},"content":{"rendered":"<div class=\"inventory\" data-filter=\"false\" data-next=\"false\" data-cart=\"false\" data-ids=\"1677, 1678, 1679\"><div class=\"inventory-list\"><div class=\"dummy\"><\/div><div class=\"dummy\"><\/div><div class=\"dummy\"><\/div><\/div><\/div>\n<p>Test\u00edky z&nbsp;matematiky jsou sou\u010d\u00e1st\u00ed <strong>ucelen\u00e9 \u0159ady<\/strong> ur\u010den\u00e9 pro 1.&nbsp;stupe\u0148 z\u00e1kladn\u00edch \u0161kol.<\/p>\n<p><strong>Test\u00edky slou\u017e\u00ed k&nbsp;procvi\u010dov\u00e1n\u00ed, rozvoji a&nbsp;pr\u016fb\u011b\u017en\u00e9mu testov\u00e1n\u00ed dovednost\u00ed \u017e\u00e1k\u016f a&nbsp;umo\u017e\u0148uj\u00ed rychl\u00e9 vyhodnocen\u00ed. V\u0161e je p\u0159edeps\u00e1no, \u017e\u00e1ci dopl\u0148uj\u00ed v\u00fdsledky nebo vyb\u00edraj\u00ed pravdiv\u00e1 tvrzen\u00ed.<\/strong><\/p>\n<p><strong>Test\u00edky obsahuj\u00ed:<\/strong><br \/>\n\u2022 <strong>velk\u00e9 mno\u017estv\u00ed po\u010detn\u00edch p\u0159\u00edklad\u016f<\/strong> na rychl\u00e9 procvi\u010den\u00ed prob\u00edran\u00e9ho u\u010diva<br \/>\n\u2022 <strong>slovn\u00ed \u00falohy<\/strong>, ve kter\u00fdch \u017e\u00e1ci uplat\u0148uj\u00ed nejen po\u010dt\u00e1\u0159sk\u00e9, ale i&nbsp;\u010dten\u00e1\u0159sk\u00e9 dovednosti<br \/>\n&#8211; slovn\u00ed \u00falohy vyu\u017e\u00edvaj\u00edc\u00ed zad\u00e1n\u00ed o\u017eiven\u00e9 ilustracemi<br \/>\n&#8211; praktick\u00e9 slovn\u00ed \u00falohy zad\u00e1van\u00e9 s&nbsp;pomoc\u00ed fotografi\u00ed re\u00e1ln\u00fdch p\u0159edm\u011bt\u016f<br \/>\n&#8211; slovn\u00ed \u00falohy zam\u011b\u0159en\u00e9 na finan\u010dn\u00ed gramotnost<br \/>\n\u2022 <strong>logick\u00e9 \u00fakoly<\/strong>, ve kter\u00fdch \u017e\u00e1ci dost\u00e1vaj\u00ed mo\u017enost se postupn\u011b sezn\u00e1mit s&nbsp;typy cvi\u010den\u00ed, kter\u00e1 se v&nbsp;obt\u00ed\u017en\u011bj\u0161\u00edch variant\u00e1ch objevuj\u00ed v&nbsp;r\u016fzn\u00fdch matematick\u00fdch sout\u011b\u017e\u00edch<\/p>\n<p><a href=\"https:\/\/www.nns.cz\/blog\/wp-content\/uploads\/2-22-testiky-opakovani.jpg\"><img loading=\"lazy\" decoding=\"async\" class=\"aligncenter wp-image-14702 size-thumbnail\" src=\"https:\/\/www.nns.cz\/blog\/wp-content\/uploads\/2-22-testiky-opakovani-580x381.jpg\" alt=\"\" width=\"580\" height=\"381\" srcset=\"https:\/\/www.nns.cz\/blog\/wp-content\/uploads\/2-22-testiky-opakovani-580x381.jpg 580w, https:\/\/www.nns.cz\/blog\/wp-content\/uploads\/2-22-testiky-opakovani-600x394.jpg 600w, https:\/\/www.nns.cz\/blog\/wp-content\/uploads\/2-22-testiky-opakovani-768x505.jpg 768w, https:\/\/www.nns.cz\/blog\/wp-content\/uploads\/2-22-testiky-opakovani-1024x673.jpg 1024w, https:\/\/www.nns.cz\/blog\/wp-content\/uploads\/2-22-testiky-opakovani.jpg 1254w\" sizes=\"auto, (max-width: 580px) 100vw, 580px\" \/><\/a><\/p>\n<p><strong>Pr\u00e1ci s&nbsp;test\u00edky m\u016f\u017eete za\u0159adit dle vlastn\u00edho uv\u00e1\u017een\u00ed, nap\u0159.:<\/strong><br \/>\n\u2022 jako pr\u016fb\u011b\u017en\u00e9 procvi\u010den\u00ed a&nbsp;testov\u00e1n\u00ed \u00farovn\u011b dovednost\u00ed v\u0161ech \u017e\u00e1k\u016f<br \/>\n\u2022 pro dopln\u011bn\u00ed v\u00fduky pro rychlej\u0161\u00ed \u017e\u00e1ky<br \/>\n\u2022 k&nbsp;dom\u00e1c\u00ed pr\u00e1ci \u017e\u00e1k\u016f<\/p>\n<p>&nbsp;<\/p>\n<p>Pro 2.&nbsp;ro\u010dn\u00edk jsou v&nbsp;matematice ur\u010deny t\u0159i d\u00edly a&nbsp;pro 3., 4.&nbsp;a&nbsp;5.&nbsp;ro\u010dn\u00edk dva d\u00edly Test\u00edk\u016f.<\/p>\n<div class=\"inventory\" data-filter=\"false\" data-next=\"false\" data-cart=\"false\" data-ids=\"1677,1678,1679\"><div class=\"inventory-list\"><div class=\"dummy\"><\/div><div class=\"dummy\"><\/div><div class=\"dummy\"><\/div><\/div><\/div>\n<p><div class=\"inventory\" data-filter=\"false\" data-next=\"false\" data-cart=\"false\" data-ids=\"1680,1681\"><div class=\"inventory-list\"><div class=\"dummy\"><\/div><div class=\"dummy\"><\/div><\/div><\/div><br \/>\n<div class=\"inventory\" data-filter=\"false\" data-next=\"false\" data-cart=\"false\" data-ids=\"1686,1687\"><div class=\"inventory-list\"><div class=\"dummy\"><\/div><div class=\"dummy\"><\/div><\/div><\/div><br \/>\n<div class=\"inventory\" data-filter=\"false\" data-next=\"false\" data-cart=\"false\" data-ids=\"1690,1691\"><div class=\"inventory-list\"><div class=\"dummy\"><\/div><div class=\"dummy\"><\/div><\/div><\/div><br \/>\n<div class=\"inventory\" data-filter=\"false\" data-next=\"false\" data-cart=\"false\" data-ids=\"1692\"><div class=\"inventory-list\"><div class=\"dummy\"><\/div><\/div><\/div><\/p>\n","protected":false},"excerpt":{"rendered":"<p>Test\u00edky z&nbsp;matematiky jsou sou\u010d\u00e1st\u00ed ucelen\u00e9 \u0159ady ur\u010den\u00e9 pro 1.&nbsp;stupe\u0148 z\u00e1kladn\u00edch \u0161kol. Test\u00edky slou\u017e\u00ed k&nbsp;procvi\u010dov\u00e1n\u00ed, rozvoji a&nbsp;pr\u016fb\u011b\u017en\u00e9mu testov\u00e1n\u00ed dovednost\u00ed \u017e\u00e1k\u016f a&nbsp;umo\u017e\u0148uj\u00ed rychl\u00e9 vyhodnocen\u00ed. V\u0161e je p\u0159edeps\u00e1no, \u017e\u00e1ci dopl\u0148uj\u00ed v\u00fdsledky nebo vyb\u00edraj\u00ed pravdiv\u00e1 tvrzen\u00ed. Test\u00edky obsahuj\u00ed: \u2022 velk\u00e9 mno\u017estv\u00ed po\u010detn\u00edch p\u0159\u00edklad\u016f na rychl\u00e9 procvi\u010den\u00ed prob\u00edran\u00e9ho u\u010diva \u2022 slovn\u00ed \u00falohy, ve kter\u00fdch \u017e\u00e1ci uplat\u0148uj\u00ed nejen po\u010dt\u00e1\u0159sk\u00e9, ale i&nbsp;\u010dten\u00e1\u0159sk\u00e9 [&hellip;]<\/p>\n","protected":false},"author":6,"featured_media":0,"parent":0,"menu_order":0,"comment_status":"closed","ping_status":"closed","template":"","meta":{"footnotes":""},"class_list":["post-14667","page","type-page","status-publish","hentry"],"_links":{"self":[{"href":"https:\/\/www.nns.cz\/blog\/wp-json\/wp\/v2\/pages\/14667","targetHints":{"allow":["GET"]}}],"collection":[{"href":"https:\/\/www.nns.cz\/blog\/wp-json\/wp\/v2\/pages"}],"about":[{"href":"https:\/\/www.nns.cz\/blog\/wp-json\/wp\/v2\/types\/page"}],"author":[{"embeddable":true,"href":"https:\/\/www.nns.cz\/blog\/wp-json\/wp\/v2\/users\/6"}],"replies":[{"embeddable":true,"href":"https:\/\/www.nns.cz\/blog\/wp-json\/wp\/v2\/comments?post=14667"}],"version-history":[{"count":6,"href":"https:\/\/www.nns.cz\/blog\/wp-json\/wp\/v2\/pages\/14667\/revisions"}],"predecessor-version":[{"id":15172,"href":"https:\/\/www.nns.cz\/blog\/wp-json\/wp\/v2\/pages\/14667\/revisions\/15172"}],"wp:attachment":[{"href":"https:\/\/www.nns.cz\/blog\/wp-json\/wp\/v2\/media?parent=14667"}],"curies":[{"name":"wp","href":"https:\/\/api.w.org\/{rel}","templated":true}]}}