{"id":14992,"date":"2021-08-05T23:14:23","date_gmt":"2021-08-05T21:14:23","guid":{"rendered":"https:\/\/www.nns.cz\/blog\/?page_id=14992"},"modified":"2024-02-23T15:18:08","modified_gmt":"2024-02-23T13:18:08","slug":"kraje","status":"publish","type":"page","link":"https:\/\/www.nns.cz\/blog\/kraje\/","title":{"rendered":"Kraje \u010cesk\u00e9 republiky"},"content":{"rendered":"<p>Mapky \u010cR s&nbsp;vyzna\u010den\u00fdmi kraji<\/p>\n<p><a href=\"https:\/\/www.nns.cz\/blog\/wp-content\/uploads\/mapa-CR-kraje-A5-KRAJE_s-popisky-vybarvena.pdf\" target=\"_blank\" rel=\"noopener\"><img decoding=\"async\" class=\"wp-image-18088 size-medium\" src=\"https:\/\/www.nns.cz\/blog\/wp-content\/uploads\/mapa-CR-kraje-A5-KRAJE_s-popisky-vybarvena-1024x609.png\" alt=\"Mapa kraj\u016f \u010cesk\u00e9 republiky\" width=\"1024\" srcset=\"https:\/\/www.nns.cz\/blog\/wp-content\/uploads\/mapa-CR-kraje-A5-KRAJE_s-popisky-vybarvena-1024x609.png 1024w, https:\/\/www.nns.cz\/blog\/wp-content\/uploads\/mapa-CR-kraje-A5-KRAJE_s-popisky-vybarvena-1600x952.png 1600w, https:\/\/www.nns.cz\/blog\/wp-content\/uploads\/mapa-CR-kraje-A5-KRAJE_s-popisky-vybarvena-300x179.png 300w, https:\/\/www.nns.cz\/blog\/wp-content\/uploads\/mapa-CR-kraje-A5-KRAJE_s-popisky-vybarvena-768x457.png 768w, https:\/\/www.nns.cz\/blog\/wp-content\/uploads\/mapa-CR-kraje-A5-KRAJE_s-popisky-vybarvena-1536x914.png 1536w, https:\/\/www.nns.cz\/blog\/wp-content\/uploads\/mapa-CR-kraje-A5-KRAJE_s-popisky-vybarvena-2048x1219.png 2048w\" sizes=\"(max-width: 1024px) 100vw, 1024px\" \/><\/a> Mapa kraj\u016f \u010cesk\u00e9 republiky<br \/>\n<a href=\"https:\/\/www.nns.cz\/blog\/wp-content\/uploads\/mapa-CR-kraje-A5-KRAJE_bez-popisku-slepa-mapa.pdf\"><img decoding=\"async\" class=\"wp-image-18087 size-medium\" src=\"https:\/\/www.nns.cz\/blog\/wp-content\/uploads\/mapa-CR-kraje-A5-KRAJE_bez-popisku-bila-1024x609.png\" alt=\"Slep\u00e1 mapa kraj\u016f \u010cesk\u00e9 republiky\" width=\"1024\" srcset=\"https:\/\/www.nns.cz\/blog\/wp-content\/uploads\/mapa-CR-kraje-A5-KRAJE_bez-popisku-bila-1024x609.png 1024w, https:\/\/www.nns.cz\/blog\/wp-content\/uploads\/mapa-CR-kraje-A5-KRAJE_bez-popisku-bila-1600x952.png 1600w, https:\/\/www.nns.cz\/blog\/wp-content\/uploads\/mapa-CR-kraje-A5-KRAJE_bez-popisku-bila-300x179.png 300w, https:\/\/www.nns.cz\/blog\/wp-content\/uploads\/mapa-CR-kraje-A5-KRAJE_bez-popisku-bila-768x457.png 768w, https:\/\/www.nns.cz\/blog\/wp-content\/uploads\/mapa-CR-kraje-A5-KRAJE_bez-popisku-bila-1536x914.png 1536w, https:\/\/www.nns.cz\/blog\/wp-content\/uploads\/mapa-CR-kraje-A5-KRAJE_bez-popisku-bila-2048x1219.png 2048w\" sizes=\"(max-width: 1024px) 100vw, 1024px\" \/><\/a> Slep\u00e1 mapa kraj\u016f \u010cesk\u00e9 republiky<\/p>\n<h1>Str\u00e1nky s&nbsp;p\u0159edstaven\u00edm jednotliv\u00fdch kraj\u016f<\/h1>\n<p>(pro sta\u017een\u00ed pdf klikn\u011bte na obr\u00e1zek kraje)<\/p>\n<p><a href=\"https:\/\/www.nns.cz\/blog\/wp-content\/uploads\/Karlovarsk\u00fd-kraj.pdf\" target=\"_blank\" rel=\"noopener\"><img loading=\"lazy\" decoding=\"async\" class=\"aligncenter wp-image-15131 size-thumbnail\" src=\"https:\/\/www.nns.cz\/blog\/wp-content\/uploads\/4-96-Kraje-na-web-hlavicka-Karlovarsky.jpg\" alt=\"\" width=\"580\" height=\"353\" \/><\/a><\/p>\n<p><a href=\"https:\/\/www.nns.cz\/blog\/wp-content\/uploads\/Plzensky-kraj.pdf\" target=\"_blank\" rel=\"noopener\"><img loading=\"lazy\" decoding=\"async\" class=\"aligncenter wp-image-15131 size-thumbnail\" src=\"https:\/\/www.nns.cz\/blog\/wp-content\/uploads\/4-96-Kraje-na-web-hlavicka-Plzensky.jpg\" alt=\"\" width=\"580\" height=\"353\" \/><\/a><\/p>\n<p><a href=\"https:\/\/www.nns.cz\/blog\/wp-content\/uploads\/\u00dasteck\u00fd-kraj.pdf\" target=\"_blank\" rel=\"noopener\"><img loading=\"lazy\" decoding=\"async\" class=\"aligncenter wp-image-15131 size-thumbnail\" src=\"https:\/\/www.nns.cz\/blog\/wp-content\/uploads\/4-96-Kraje-na-web-hlavicka-Ustecky.jpg\" alt=\"\" width=\"580\" height=\"353\" \/><\/a><\/p>\n<p><a href=\"https:\/\/www.nns.cz\/blog\/wp-content\/uploads\/St\u0159edo\u010desk\u00fd-kraj.pdf\" target=\"_blank\" rel=\"noopener\"><img loading=\"lazy\" decoding=\"async\" class=\"aligncenter wp-image-15131 size-thumbnail\" src=\"https:\/\/www.nns.cz\/blog\/wp-content\/uploads\/4-96-Kraje-na-web-hlavicka-Stredocesky.jpg\" alt=\"\" width=\"580\" height=\"353\" \/><\/a><\/p>\n<p><a href=\"https:\/\/www.nns.cz\/blog\/wp-content\/uploads\/Hlavn\u00ed-m\u011bsto-Praha.pdf\" target=\"_blank\" rel=\"noopener\"><img loading=\"lazy\" decoding=\"async\" class=\"aligncenter wp-image-15131 size-thumbnail\" src=\"https:\/\/www.nns.cz\/blog\/wp-content\/uploads\/4-96-Kraje-na-web-hlavicka-Praha.jpg\" alt=\"\" width=\"580\" height=\"353\" \/><\/a><\/p>\n<p><a href=\"https:\/\/www.nns.cz\/blog\/wp-content\/uploads\/Jiho\u010desk\u00fd-kraj.pdf\" target=\"_blank\" rel=\"noopener\"><img loading=\"lazy\" decoding=\"async\" class=\"aligncenter wp-image-15131 size-thumbnail\" src=\"https:\/\/www.nns.cz\/blog\/wp-content\/uploads\/4-96-Kraje-na-web-hlavicka-Jihocesky.jpg\" alt=\"\" width=\"580\" height=\"353\" \/><\/a><\/p>\n<p><a href=\"https:\/\/www.nns.cz\/blog\/wp-content\/uploads\/Libereck\u00fd-kraj.pdf\" target=\"_blank\" rel=\"noopener\"><img loading=\"lazy\" decoding=\"async\" class=\"aligncenter wp-image-15131 size-thumbnail\" src=\"https:\/\/www.nns.cz\/blog\/wp-content\/uploads\/4-96-Kraje-na-web-hlavicka-Liberecky.jpg\" alt=\"\" width=\"580\" height=\"353\" \/><\/a><\/p>\n<p><a href=\"https:\/\/www.nns.cz\/blog\/wp-content\/uploads\/Kr\u00e1lovehradeck\u00fd-kraj.pdf\" target=\"_blank\" rel=\"noopener\"><img loading=\"lazy\" decoding=\"async\" class=\"aligncenter wp-image-15131 size-thumbnail\" src=\"https:\/\/www.nns.cz\/blog\/wp-content\/uploads\/4-96-Kraje-na-web-hlavicka-Kralovehradecky.jpg\" alt=\"\" width=\"580\" height=\"353\" \/><\/a><\/p>\n<p><a href=\"https:\/\/www.nns.cz\/blog\/wp-content\/uploads\/Pardubick\u00fd-kraj.pdf\" target=\"_blank\" rel=\"noopener\"><img loading=\"lazy\" decoding=\"async\" class=\"aligncenter wp-image-15132 size-thumbnail\" src=\"https:\/\/www.nns.cz\/blog\/wp-content\/uploads\/4-96-Kraje-na-web-hlavicka-Pardubicky.jpg\" alt=\"\" width=\"580\" height=\"353\" \/><\/a><\/p>\n<p><a href=\"https:\/\/www.nns.cz\/blog\/wp-content\/uploads\/Kraj-Vyso\u010dina.pdf\" target=\"_blank\" rel=\"noopener\"><img loading=\"lazy\" decoding=\"async\" class=\"aligncenter wp-image-15131 size-thumbnail\" src=\"https:\/\/www.nns.cz\/blog\/wp-content\/uploads\/4-96-Kraje-na-web-hlavicka-Vysocina.jpg\" alt=\"\" width=\"580\" height=\"353\" \/><\/a><\/p>\n<p><a href=\"https:\/\/www.nns.cz\/blog\/wp-content\/uploads\/Jihomoravsk\u00fd-kraj.pdf\" target=\"_blank\" rel=\"noopener\"><img loading=\"lazy\" decoding=\"async\" class=\"aligncenter wp-image-15131 size-thumbnail\" src=\"https:\/\/www.nns.cz\/blog\/wp-content\/uploads\/4-96-Kraje-na-web-hlavicka-Jihomoravsky.jpg\" alt=\"\" width=\"580\" height=\"353\" \/><\/a><\/p>\n<p><a href=\"https:\/\/www.nns.cz\/blog\/wp-content\/uploads\/Olomouck\u00fd-kraj.pdf\" target=\"_blank\" rel=\"noopener\"><img loading=\"lazy\" decoding=\"async\" class=\"aligncenter wp-image-15131 size-thumbnail\" src=\"https:\/\/www.nns.cz\/blog\/wp-content\/uploads\/4-96-Kraje-na-web-hlavicka-Olomoucky.jpg\" alt=\"\" width=\"580\" height=\"353\" \/><\/a><\/p>\n<p><a href=\"https:\/\/www.nns.cz\/blog\/wp-content\/uploads\/Zlinsky-kraj.pdf\" target=\"_blank\" rel=\"noopener\"><img loading=\"lazy\" decoding=\"async\" class=\"aligncenter wp-image-15131 size-thumbnail\" src=\"https:\/\/www.nns.cz\/blog\/wp-content\/uploads\/4-96-Kraje-na-web-hlavicka-Zlinsky.jpg\" alt=\"\" width=\"580\" height=\"353\" \/><\/a><\/p>\n<p><a href=\"https:\/\/www.nns.cz\/blog\/wp-content\/uploads\/Moravskoslezsky-kraj.pdf\" target=\"_blank\" rel=\"noopener\"><img loading=\"lazy\" decoding=\"async\" class=\"aligncenter wp-image-15131 size-thumbnail\" src=\"https:\/\/www.nns.cz\/blog\/wp-content\/uploads\/4-96-Kraje-na-web-hlavicka-Moravskoslezsky.jpg\" alt=\"\" width=\"580\" height=\"353\" \/><\/a><\/p>\n","protected":false},"excerpt":{"rendered":"<p>Mapky \u010cR s&nbsp;vyzna\u010den\u00fdmi kraji Mapa kraj\u016f \u010cesk\u00e9 republiky Slep\u00e1 mapa kraj\u016f \u010cesk\u00e9 republiky Str\u00e1nky s&nbsp;p\u0159edstaven\u00edm jednotliv\u00fdch kraj\u016f (pro sta\u017een\u00ed pdf klikn\u011bte na obr\u00e1zek kraje)<\/p>\n","protected":false},"author":6,"featured_media":0,"parent":0,"menu_order":0,"comment_status":"closed","ping_status":"closed","template":"","meta":{"footnotes":""},"class_list":["post-14992","page","type-page","status-publish","hentry"],"_links":{"self":[{"href":"https:\/\/www.nns.cz\/blog\/wp-json\/wp\/v2\/pages\/14992","targetHints":{"allow":["GET"]}}],"collection":[{"href":"https:\/\/www.nns.cz\/blog\/wp-json\/wp\/v2\/pages"}],"about":[{"href":"https:\/\/www.nns.cz\/blog\/wp-json\/wp\/v2\/types\/page"}],"author":[{"embeddable":true,"href":"https:\/\/www.nns.cz\/blog\/wp-json\/wp\/v2\/users\/6"}],"replies":[{"embeddable":true,"href":"https:\/\/www.nns.cz\/blog\/wp-json\/wp\/v2\/comments?post=14992"}],"version-history":[{"count":44,"href":"https:\/\/www.nns.cz\/blog\/wp-json\/wp\/v2\/pages\/14992\/revisions"}],"predecessor-version":[{"id":20599,"href":"https:\/\/www.nns.cz\/blog\/wp-json\/wp\/v2\/pages\/14992\/revisions\/20599"}],"wp:attachment":[{"href":"https:\/\/www.nns.cz\/blog\/wp-json\/wp\/v2\/media?parent=14992"}],"curies":[{"name":"wp","href":"https:\/\/api.w.org\/{rel}","templated":true}]}}