{"id":1690,"date":"2010-02-02T17:26:24","date_gmt":"2010-02-02T15:26:24","guid":{"rendered":"http:\/\/nns.cz\/blog\/?page_id=1690"},"modified":"2014-04-07T14:01:14","modified_gmt":"2014-04-07T12:01:14","slug":"faqmiuc","status":"publish","type":"page","link":"https:\/\/www.nns.cz\/blog\/faqmiuc\/","title":{"rendered":"\u010casto kladen\u00e9 ot\u00e1zky &#8211; MIU\u010d+"},"content":{"rendered":"<p><strong>Na kolik po\u010d\u00edta\u010d\u016f ve \u0161kole si m\u016f\u017eeme MIU\u010d+ nainstalovat?<\/strong><br \/>\nMIU\u010d+ jsou dod\u00e1v\u00e1ny do \u0161kol jako multilicence a&nbsp;m\u016f\u017eete si je  nainstalovat na neomezen\u00e9 mno\u017estv\u00ed \u0161koln\u00edch po\u010d\u00edta\u010d\u016f, p\u0159\u00edpadn\u011b je  vyu\u017e\u00edvat ve va\u0161\u00ed \u0161koln\u00ed s\u00edti. Nav\u00edc si MIU\u010d+ mohou nainstalovat i&nbsp; vyu\u010duj\u00edc\u00ed do sv\u00fdch po\u010d\u00edta\u010d\u016f \u2013 a&nbsp;to bez jak\u00fdchkoliv podpis\u016f.<\/p>\n<p><strong>M\u016f\u017ee si vyu\u010duj\u00edc\u00ed MIU\u010d+ nainstalovat i&nbsp;do sv\u00e9ho po\u010d\u00edta\u010de?<\/strong><br \/>\nSamoz\u0159ejm\u011b. Vyu\u010duj\u00edc\u00ed si \u201emus\u00ed\u201c MIU\u010d+ nainstalovat do sv\u00e9ho dom\u00e1c\u00edho po\u010d\u00edta\u010de, aby se mohl pod\u00edvat na jednotliv\u00e9 dopl\u0148ky k&nbsp;u\u010divu, kter\u00e9 jsou na jednotliv\u00fdch stran\u00e1ch MIU\u010d+ p\u0159ipraveny. M\u00e1 tak v&nbsp;podstat\u011b b\u011bhem p\u011bti minut hotov\u00e9 p\u0159\u00edpravy na dal\u0161\u00ed hodinu. Nav\u00edc m\u00e1 mo\u017enost si doma v&nbsp;MIU\u010d+ p\u0159ipravit a&nbsp;vlo\u017eit dal\u0161\u00ed dopl\u0148kov\u00e9 materi\u00e1ly a&nbsp;ty si n\u00e1sledn\u011b pomoc\u00ed flashdisku p\u0159en\u00e9st do \u0161koln\u00edho po\u010d\u00edta\u010de.<\/p>\n<p><strong>Jak dlouho m\u016f\u017eeme MIU\u010d+ vyu\u017e\u00edvat?<\/strong><br \/>\nMIU\u010d+ jsou na \u0161koly dod\u00e1v\u00e1ny jako multilicence ve t\u0159ech typech \u010dasov\u00fdch licenc\u00ed:<br \/>\n&#8211; <strong>\u010dasov\u011b neomezen\u00e1 licence<\/strong><br \/>\n&#8211; <strong>licence na jeden \u0161koln\u00ed rok<\/strong> &#8211; tuto licenci m\u016f\u017eete zakoupit nebo z\u00edskat zdarma v&nbsp;r\u00e1mci ak\u010dn\u00edch nab\u00eddek<br \/>\n&#8211; <strong>30denn\u00ed bezplatn\u00e1 verze na vyzkou\u0161en\u00ed<\/strong> &#8211; pro sezn\u00e1men\u00ed s&nbsp;MIU\u010d+ m\u016f\u017eete vyu\u017e\u00edt tuto plnohodnotnou verzi, kter\u00e1 bude funk\u010dn\u00ed 30&nbsp;dn\u00ed od instalace.<\/p>\n<p><strong>Na jak\u00fdch interaktivn\u00edch tabul\u00edch lze MIU\u010d+ pou\u017e\u00edvat?<\/strong><br \/>\nMIU\u010d+ spole\u010dnosti NOV\u00c1 \u0160KOLA, s.r.o. lze vyu\u017e\u00edt na v\u0161ech b\u011b\u017en\u011b pou\u017e\u00edvan\u00fdch interaktivn\u00edch tabul\u00edch \u2013 ActivBoard, SmartBoard, Interwrite, eBeam,&#8230;, na interaktivn\u00edch projektorech EPSON, Panasonic, &#8230;. Lze je vyu\u017e\u00edvat i&nbsp;bez interaktivn\u00ed tabule \u2013 jen s&nbsp;pomoc\u00ed po\u010d\u00edta\u010de a&nbsp;projektoru.<br \/>\n<strong><br \/>\nJak\u00e9 jsou v&nbsp;MIU\u010d+ dopl\u0148ky?<\/strong><br \/>\nV&nbsp;MIU\u010d+ jsou namluven\u00e9 jednotliv\u00e9 \u010d\u00e1sti textu, jsou zde dopl\u0148kov\u00e9 fotografie, videa, animace, dopl\u0148kov\u00e9 informace a&nbsp;zaj\u00edmavosti, odkazy na webov\u00e9 str\u00e1nky, vybran\u00e9 str\u00e1nky z&nbsp;u\u010debnic jin\u00fdch p\u0159edm\u011bt\u016f (mezip\u0159edm\u011btov\u00e9 vztahy) a&nbsp;r\u016fzn\u00e9 typy interaktivn\u00edch cvi\u010den\u00ed s&nbsp;\u0159e\u0161en\u00edm. Pokud je k&nbsp;ti\u0161t\u011bn\u00e9 u\u010debnici vyd\u00e1n pracovn\u00ed se\u0161it, je i&nbsp;tento sou\u010d\u00e1st\u00ed MIU\u010d+ (mimo MIU\u010d+ \u010cesk\u00fd jazyk 2).<\/p>\n<p><strong>Lze do MIU\u010d+ p\u0159id\u00e1vat vlastn\u00ed materi\u00e1ly?<\/strong><br \/>\nAno. Do MIU\u010d+ si m\u016f\u017eete p\u0159id\u00e1vat celou \u0161k\u00e1lu vlastn\u00edch materi\u00e1l\u016f &#8211; vlastn\u00ed str\u00e1nky, interaktivn\u00ed cvi\u010den\u00ed pomoc\u00ed p\u0159ednastaven\u00fdch \u0161ablon, fotografie, obr\u00e1zky, videa, zvuky, webov\u00e9 odkazy, pozn\u00e1mky, vlastn\u00ed texty, &#8230;.<\/p>\n<p><strong>Jak\u00fd je rozd\u00edl mezi jednotliv\u00fdmi p\u0159ihla\u0161ovac\u00edmi \u00fa\u010dty?<\/strong><br \/>\nDo MIU\u010d+ se m\u016f\u017eete p\u0159ihl\u00e1sit pod n\u011bkolika typy \u00fa\u010dt\u016f, ka\u017ed\u00fd m\u00e1 sv\u00e1 specifika:<br \/>\n&#8211; <strong>anonymous <\/strong>&#8211; Do MIU\u010d+ se lze p\u0159ihl\u00e1sit bez hesla a&nbsp;vyu\u017e\u00edvat v\u0161echny dostupn\u00e9 dopl\u0148ky. Pokud budete do MIU\u010d+ cokoliv vkl\u00e1dat, v\u0161ichni ostatn\u00ed u\u017eivatel\u00e9 MIU\u010d+ v&nbsp;dan\u00e9m po\u010d\u00edta\u010di mohou vlo\u017een\u00e9 dopl\u0148ky vyu\u017e\u00edvat, editovat i&nbsp;mazat.<br \/>\n&#8211; <strong>admin <\/strong>&#8211; Po&nbsp;p\u0159ihl\u00e1\u0161en\u00ed se do MIU\u010d+ pomoc\u00ed admin e-mailu a&nbsp;hesla m\u016f\u017ee pln\u011b vyu\u017e\u00edvat MIU\u010d+, ale nem\u016f\u017ee v&nbsp;n\u00ed ukl\u00e1dat zm\u011bny (tedy ani vkl\u00e1dat vlastn\u00ed materi\u00e1ly), m\u016f\u017ee administrovat titul &#8211; zakl\u00e1dat pod\u00fa\u010dty, prov\u00e1d\u011bt aktualizace titulu, &#8230;.<br \/>\n&#8211; <strong>pod\u00fa\u010det (teacher)<\/strong> &#8211; Po&nbsp;p\u0159ihl\u00e1\u0161en\u00ed se do MIU\u010d+ pomoc\u00ed e-mailu a&nbsp;hesla m\u016f\u017ee pln\u011b vyu\u017e\u00edvat MIU\u010d+, vkl\u00e1dat vlastn\u00ed materi\u00e1ly a&nbsp;v\u0161echny zm\u011bny ukl\u00e1dat. Pokud bude cht\u00edt, m\u016f\u017ee sv\u00e9 dopl\u0148ky sd\u00edlet s&nbsp;ostatn\u00edmi vyu\u010duj\u00edc\u00edmi, kte\u0159\u00ed MIU\u010d+ vyu\u017e\u00edvaj\u00ed v&nbsp;dan\u00e9m po\u010d\u00edta\u010di (ti ale nemohu dan\u00e9 materi\u00e1ly editovat ani mazat). Pod\u00fa\u010det m\u016f\u017ee vytvo\u0159it pouze admin.<br \/>\n&#8211; <strong>student <\/strong>&#8211; Pokud \u0161kola vlastn\u00ed ro\u010dn\u00ed nebo neomezenou licenci MIU\u010d+, mohou si \u017e\u00e1ci po\u0159\u00eddit licence na jeden \u0161koln\u00ed rok pro vyu\u017eit\u00ed na sv\u00fdch dom\u00e1c\u00edch po\u010d\u00edta\u010d\u00edch. MIU\u010d+ si \u017e\u00e1k st\u00e1hne z&nbsp;internetu.<\/p>\n<p><span><strong>Jsou sou\u010d\u00e1st\u00ed MIU\u010d+ i&nbsp;cvi\u010den\u00ed?<\/strong><br \/>\nAno, sou\u010d\u00e1st\u00ed MIU\u010d+ <\/span>spole\u010dnosti NOV\u00c1 \u0160KOLA, s.r.o.<span> jsou i&nbsp;interaktivn\u00ed cvi\u010den\u00ed, nen\u00ed t\u0159eba je dokupovat zvl\u00e1\u0161\u0165.<br \/>\n<strong><br \/>\nMus\u00edme sepisovat smlouvu p\u0159i&nbsp;koupi MIU\u010d+?<\/strong><br \/>\nNemus\u00edte, nen\u00ed \u017e\u00e1dn\u00e1 p\u0159ipravena. Registrace MIU\u010d+ prob\u00edh\u00e1 po&nbsp;instalaci p\u0159\u00edmo t\u00edm, kdo MIU\u010d+ nainstaloval &#8211; pouze je nutn\u00e9 p\u0159ipojen\u00ed k&nbsp;internetu.<\/span><\/p>\n<p><span><strong>Kde m\u016f\u017eeme MIU\u010d+ koupit?<\/strong><br \/>\nMIU\u010d+ <\/span>spole\u010dnosti NOV\u00c1 \u0160KOLA, s.r.o.<span> m\u016f\u017eete koupit p\u0159\u00edmo v&nbsp;s\u00eddle firmy, nebo od va\u0161eho dodavatele u\u010debn\u00edch pom\u016fcek (za stejnou cenu).<\/span><\/p>\n<p><strong>Lze si vytisknout n\u011bkterou str\u00e1nku nebo cvi\u010den\u00ed?<\/strong><br \/>\nAno, jakoukoliv \u010d\u00e1st MIU\u010d+ lze vytisknout.<\/p>\n<p><strong>Jsou MIU\u010d+ chr\u00e1n\u011bny proti po\u0161kozen\u00ed?<\/strong><br \/>\nAno, MIU\u010d+ jsou sice dod\u00e1v\u00e1ny v&nbsp;otev\u0159en\u00fdch verz\u00edch a&nbsp;lze do nich dopl\u0148ovat a&nbsp;upravovat si je dle vlastn\u00edch po\u017eadavk\u016f, ale v\u017edy je mo\u017en\u00e9 vr\u00e1tit MIU\u010d+ do p\u016fvodn\u00edho stavu. Materi\u00e1ly, kter\u00e9 jsou vlo\u017eeny od n\u00e1s, nelze upravovat ani mazat. M\u016f\u017eete tedy s&nbsp;MIU\u010d+ pracovat metodou pokus-omyl a&nbsp;stejn\u011b tak s&nbsp;nimi mohou pracovat i&nbsp;\u017e\u00e1ci.<\/p>\n<p><strong>Jak\u00e1 je cena p\u0159edv\u00e1d\u011bc\u00edho semin\u00e1\u0159e a&nbsp;jak ho m\u016f\u017eeme objednat?<\/strong><br \/>\nP\u0159edv\u00e1d\u011bc\u00ed semin\u00e1\u0159, kter\u00fd je rozd\u011blen na \u010d\u00e1st pro 1.&nbsp;stupe\u0148 a&nbsp;\u010d\u00e1st pro 2.&nbsp;stupe\u0148, uspo\u0159\u00e1d\u00e1me pro va\u0161i \u0161kolu zdarma. P\u0159i&nbsp;spln\u011bn\u00ed ur\u010dit\u00fdch podm\u00ednek nav\u00edc m\u016f\u017eete z\u00edskat a\u017e t\u0159i pouk\u00e1zky na odb\u011br libovoln\u00fdch MIU\u010d+ v&nbsp;ro\u010dn\u00edch licenc\u00edch. Objednat semin\u00e1\u0159 a&nbsp;v\u00edce informac\u00ed z\u00edskat m\u016f\u017eete pomoc\u00ed e-mailu <a href=\"mailto:miuc@nns.cz\">miuc@nns.cz<\/a>.<\/p>\n","protected":false},"excerpt":{"rendered":"<p>Na kolik po\u010d\u00edta\u010d\u016f ve \u0161kole si m\u016f\u017eeme MIU\u010d+ nainstalovat? MIU\u010d+ jsou dod\u00e1v\u00e1ny do \u0161kol jako multilicence a&nbsp;m\u016f\u017eete si je nainstalovat na neomezen\u00e9 mno\u017estv\u00ed \u0161koln\u00edch po\u010d\u00edta\u010d\u016f, p\u0159\u00edpadn\u011b je vyu\u017e\u00edvat ve va\u0161\u00ed \u0161koln\u00ed s\u00edti. Nav\u00edc si MIU\u010d+ mohou nainstalovat i&nbsp; vyu\u010duj\u00edc\u00ed do sv\u00fdch po\u010d\u00edta\u010d\u016f \u2013 a&nbsp;to bez jak\u00fdchkoliv podpis\u016f. M\u016f\u017ee si vyu\u010duj\u00edc\u00ed MIU\u010d+ nainstalovat i&nbsp;do sv\u00e9ho po\u010d\u00edta\u010de? [&hellip;]<\/p>\n","protected":false},"author":5,"featured_media":0,"parent":0,"menu_order":0,"comment_status":"open","ping_status":"closed","template":"","meta":{"footnotes":""},"class_list":["post-1690","page","type-page","status-publish","hentry"],"_links":{"self":[{"href":"https:\/\/www.nns.cz\/blog\/wp-json\/wp\/v2\/pages\/1690","targetHints":{"allow":["GET"]}}],"collection":[{"href":"https:\/\/www.nns.cz\/blog\/wp-json\/wp\/v2\/pages"}],"about":[{"href":"https:\/\/www.nns.cz\/blog\/wp-json\/wp\/v2\/types\/page"}],"author":[{"embeddable":true,"href":"https:\/\/www.nns.cz\/blog\/wp-json\/wp\/v2\/users\/5"}],"replies":[{"embeddable":true,"href":"https:\/\/www.nns.cz\/blog\/wp-json\/wp\/v2\/comments?post=1690"}],"version-history":[{"count":24,"href":"https:\/\/www.nns.cz\/blog\/wp-json\/wp\/v2\/pages\/1690\/revisions"}],"predecessor-version":[{"id":1784,"href":"https:\/\/www.nns.cz\/blog\/wp-json\/wp\/v2\/pages\/1690\/revisions\/1784"}],"wp:attachment":[{"href":"https:\/\/www.nns.cz\/blog\/wp-json\/wp\/v2\/media?parent=1690"}],"curies":[{"name":"wp","href":"https:\/\/api.w.org\/{rel}","templated":true}]}}