{"id":17763,"date":"2023-11-07T16:33:36","date_gmt":"2023-11-07T14:33:36","guid":{"rendered":"https:\/\/www.nns.cz\/blog\/?page_id=17763"},"modified":"2023-11-08T10:54:21","modified_gmt":"2023-11-08T08:54:21","slug":"prirodopis-7-1-dil","status":"publish","type":"page","link":"https:\/\/www.nns.cz\/blog\/digitalni-kompetence\/prirodopis-7-1-dil\/","title":{"rendered":"P\u0159\u00edrodopis 7, 1.&nbsp;d\u00edl (Strunatci)"},"content":{"rendered":"<h4 style=\"text-align: right;\"><a href=\"https:\/\/www.nns.cz\/blog\/digitalni-kompetence\/\" rel=\"noopener\">zp\u011bt na v\u00fdb\u011br titulu<\/a><\/h4>\n<h3>Vyu\u017eili jste n\u011bkter\u00fd z&nbsp;n\u00e1m\u011bt\u016f ve v\u00fduce, m\u00e1te n\u00e1m\u011bty nebo p\u0159ipom\u00ednky? Kontaktujte n\u00e1s na <a href=\"mailto:digi@nns.cz\">digi@nns.cz<\/a>.<\/h3>\n<p>N\u00e1m\u011bty budou pr\u016fb\u011b\u017en\u011b aktualizov\u00e1ny a&nbsp;vylep\u0161ov\u00e1ny.<\/p>\n<h2>str. 17, Oboj\u017eiveln\u00edci<\/h2>\n<p>Na internetu si vyhledejte \u010cerven\u00fd seznam ohro\u017een\u00fdch druh\u016f \u010cesk\u00e9 republiky a&nbsp;p\u0159e\u010dt\u011bte si v\u00a0n\u011bm charakteristiku ohro\u017een\u00ed jednotliv\u00fdch druh\u016f oboj\u017eiveln\u00edk\u016f.<\/p>\n<p>Potom se pokuste dohledat, kter\u00e9 druhy oboj\u017eiveln\u00edk\u016f se vyskytuj\u00ed ve va\u0161em okol\u00ed. Na tyto druhy se zam\u011b\u0159te a&nbsp;s\u00a0pomoc\u00ed internetu a&nbsp;dal\u0161\u00edch vhodn\u00fdch zdroj\u016f o&nbsp;nich ve vhodn\u00e9m digit\u00e1ln\u00edm prost\u0159ed\u00ed vytvo\u0159te prezentaci nebo jin\u00fd shrnuj\u00edc\u00ed informa\u010dn\u00ed materi\u00e1l.<\/p>\n<p>Doporu\u010den\u00e9 zdroje:<br \/>\n<a href=\"https:\/\/portal.nature.cz\/publik_syst\/ctihtmlpage.php?what=1264\">https:\/\/portal.nature.cz\/publik_syst\/ctihtmlpage.php?what=1264<\/a><br \/>\n<a href=\"https:\/\/portal.nature.cz\/publik_syst\/nd_nalez-public.php?idTaxon=8\">https:\/\/portal.nature.cz\/publik_syst\/nd_nalez-public.php?idTaxon=8<\/a><br \/>\n<a href=\"https:\/\/www.youtube.com\/watch?v=kmMVfPkmf34&amp;ab_channel=GARDENNATURE\">https:\/\/www.youtube.com\/watch?v=kmMVfPkmf34&amp;ab_channel=GARDENNATURE<\/a><br \/>\n<a href=\"https:\/\/www.biolib.cz\/cz\/taxon\/id304\/\">https:\/\/www.biolib.cz\/cz\/taxon\/id304\/<\/a><br \/>\n<a href=\"https:\/\/pixabay.com\/cs\/\">https:\/\/pixabay.com\/cs\/<\/a><br \/>\n<a href=\"https:\/\/www.flickr.com\/\">https:\/\/www.flickr.com\/<\/a><br \/>\n<a href=\"https:\/\/commons.wikimedia.org\/wiki\/Main_Page\">https:\/\/commons.wikimedia.org\/wiki\/Main_Page<\/a><\/p>\n<h2>str. 32, 42, 48, 53, 60, 69, 87<\/h2>\n<p>a) Na internetu vyhledejte fotografie \u017eivo\u010dich\u016f zobrazen\u00fdch na ilustraci v&nbsp;u\u010debnici. Zam\u011b\u0159te se zejm\u00e9na na ty fotografie, u&nbsp;kter\u00fdch byl druh ur\u010den nebo ov\u011b\u0159en odborn\u00edkem.<\/p>\n<p>b) V&nbsp;obdob\u00ed, kdy je mo\u017en\u00e9 pozorovat tyto \u017eivo\u010dichy v&nbsp;jejich p\u0159irozen\u00e9m prost\u0159ed\u00ed, se vypravte na proch\u00e1zku a&nbsp;fotografujte \u017eivo\u010dichy, kter\u00e9 uvid\u00edte.<\/p>\n<p>Za pomoci internetu, mobiln\u00ed aplikace, encyklopedi\u00ed, atlas\u016f \u010di&nbsp;kl\u00ed\u010d\u016f k\u00a0ur\u010dov\u00e1n\u00ed \u017eivo\u010dich\u016f se pokuste ur\u010dit alespo\u0148 rod \u017eivo\u010dich\u016f, kter\u00e9 jste zaznamenali. Z\u00a0fotografi\u00ed a&nbsp;n\u00e1zv\u016f vytvo\u0159te prezentaci, kterou pak p\u0159edstav\u00edte spolu\u017e\u00e1k\u016fm.<\/p>\n<p>c) M\u016f\u017eete si tak\u00e9 zaznamen\u00e1vat, kdy a&nbsp;kde jste danou fotografii po\u0159\u00eddili, nejl\u00e9pe ve vhodn\u00e9m digit\u00e1ln\u00edm prost\u0159ed\u00ed, kde lze s&nbsp;daty n\u00e1sledn\u011b pracovat \u2013 uspo\u0159\u00e1d\u00e1vat, t\u0159\u00eddit podle konkr\u00e9tn\u00edch krit\u00e9ri\u00ed apod.<\/p>\n<p>M\u016f\u017eete d\u011blat i&nbsp;z\u00e1pisy o&nbsp;pozorov\u00e1n\u00edch \u017eivo\u010dich\u016f, kter\u00e9 jste nemohli nebo nestihli vyfotografovat.<\/p>\n<p>Data pak m\u016f\u017eete vyhodnocovat, t\u0159\u00eddit podle rodu, druhu \u017eivo\u010dich\u016f, data pozorov\u00e1n\u00ed. Tak\u00e9 m\u016f\u017eete vytv\u00e1\u0159et nap\u0159.&nbsp;grafy \u010detnosti pozorov\u00e1n\u00ed apod.<\/p>\n<p>Doporu\u010den\u00e9 zdroje:<br \/>\n<a href=\"http:\/\/www.atlaszvirat.cz\/\">http:\/\/www.atlaszvirat.cz\/<\/a><br \/>\n<a href=\"https:\/\/play.google.com\/store\/apps\/details?id=org.inaturalist.android&amp;hl=cs&amp;gl=US\">https:\/\/play.google.com\/store\/apps\/details?id=org.inaturalist.android&amp;hl=cs&amp;gl=US<\/a><br \/>\n<a href=\"https:\/\/biolog.nature.cz\/biolog\/cz\/Article\/AboutApp\">https:\/\/biolog.nature.cz\/biolog\/cz\/Article\/AboutApp<\/a><br \/>\n<a href=\"https:\/\/merlin.allaboutbirds.org\/\">https:\/\/merlin.allaboutbirds.org\/<\/a> (anglicky)<br \/>\n<a href=\"https:\/\/www.biolib.cz\/\">https:\/\/www.biolib.cz\/<\/a><\/p>\n<h2>str. 37, Lasice, jezevci, li\u0161ky a&nbsp;dal\u0161\u00ed velk\u00e9 \u0161elmy<\/h2>\n<p>Zhl\u00e9dn\u011bte video: <a href=\"https:\/\/edu.ceskatelevize.cz\/video\/7892-selmy-v-ceske-krajine\">https:\/\/edu.ceskatelevize.cz\/video\/7892-selmy-v-ceske-krajine<\/a>.<\/p>\n<p>Potom vytvo\u0159te my\u0161lenkovou mapu, p\u0159\u00edpadn\u011b z\u00e1pis toho, co jste se dozv\u011bd\u011bli, co v\u00e1s zaujalo. M\u016f\u017eete vyu\u017e\u00edt vhodn\u00e9 digit\u00e1ln\u00ed prost\u0159ed\u00ed, nap\u0159.:<br \/>\n<a href=\"https:\/\/products.aspose.app\/diagram\/cs\/mindmap\">https:\/\/products.aspose.app\/diagram\/cs\/mindmap<\/a><br \/>\n<a href=\"https:\/\/bubbl.us\/\">https:\/\/bubbl.us\/<\/a><br \/>\nWord<\/p>\n<p>Pak o&nbsp;sv\u00fdch poznatc\u00edch diskutujte.<\/p>\n<h2>str. 45, \u010c\u00e1pi<\/h2>\n<p>Na ja\u0159e si na internetu vyhledejte \u017eiv\u00e9 vys\u00edl\u00e1n\u00ed z&nbsp;n\u011bkter\u00e9 webkamery um\u00edst\u011bn\u00e9 u&nbsp;\u010dap\u00edho hn\u00edzda, nejl\u00e9pe t\u00e9, kter\u00e1 se nach\u00e1z\u00ed ve va\u0161em okol\u00ed.<\/p>\n<p>Vytvo\u0159te si sd\u00edlen\u00fd dokument, ke kter\u00e9mu budou m\u00edt p\u0159\u00edstup v\u0161ichni ze t\u0159\u00eddy. Kdykoli budete moci, sledujte chov\u00e1n\u00ed \u010d\u00e1p\u016f na hn\u00edzd\u011b. Zaj\u00edmav\u00e9 ud\u00e1losti i&nbsp;s&nbsp;datem a&nbsp;p\u0159esn\u00fdm \u010dasem zapisujte do sd\u00edlen\u00e9ho dokumentu, aby si i&nbsp;ostatn\u00ed mohli dan\u00fd \u010dasov\u00fd \u00fasek tak\u00e9 zp\u011btn\u011b p\u0159ehr\u00e1t (z\u00e1znamy jsou v\u011bt\u0161inou dostupn\u00e9 jen v&nbsp;konkr\u00e9tn\u00ed den, m\u016f\u017eete si proto d\u011blat i&nbsp;screenshoty \u010di&nbsp;kr\u00e1tk\u00e1 videa ze z\u00e1znamu, aby v\u00e1m nic neuniklo, tyto materi\u00e1ly si m\u016f\u017eete tak\u00e9 sd\u00edlet \u2013 nap\u0159.&nbsp;ukl\u00e1dat do sd\u00edlen\u00e9 slo\u017eky).<\/p>\n<p>Vytvo\u0159\u00edte si tak \u010dasovou osu \u017eivota na hn\u00edzd\u011b a&nbsp;pozn\u00e1te detaily z&nbsp;v\u00fdvoje \u010d\u00e1pat.<\/p>\n<h2>str. 46, Krtci a&nbsp;je\u017eci<\/h2>\n<p>a) Vyhledejte, kter\u00e1 z\u00e1chrann\u00e1 stanice voln\u011b \u017eij\u00edc\u00edch \u017eivo\u010dich\u016f p\u016fsob\u00ed ve va\u0161em okol\u00ed. Projd\u011bte si jej\u00ed webov\u00e9 str\u00e1nky, p\u0159e\u010dt\u011bte si, jak\u00e9 pokyny pro z\u00e1chranu \u017eivo\u010dich\u016f stanice ud\u00e1v\u00e1. P\u0159\u00edpadn\u011b tam m\u016f\u017eete zorganizovat exkurzi.<\/p>\n<p>Doporu\u010den\u00fd zdroj:<br \/>\n<a href=\"https:\/\/www.zvirevnouzi.cz\/zachranne-stanice\/\">https:\/\/www.zvirevnouzi.cz\/zachranne-stanice\/<\/a><\/p>\n<p>b) Zam\u011b\u0159te se na z\u00e1chranu je\u017ek\u016f. Na webu v\u00e1m nejbli\u017e\u0161\u00ed z\u00e1chrann\u00e9 stanice si dohledejte, zda uv\u00e1d\u00ed, ve kter\u00fdch p\u0159\u00edpadech je vhodn\u00e9 odeb\u00edrat je\u017eky z&nbsp;voln\u00e9 p\u0159\u00edrody. P\u0159\u00edpadn\u011b si dohledejte dal\u0161\u00ed informace na internetu. Vytvo\u0159te stru\u010dn\u00e1 pravidla, jak postupovat, kdy\u017e v&nbsp;p\u0159\u00edrod\u011b najdete je\u017eka, o&nbsp;kter\u00e9m si mysl\u00edte, \u017ee je v&nbsp;nebezpe\u010d\u00ed.<\/p>\n<p>Vytvo\u0159te informa\u010dn\u00ed let\u00e1k, kter\u00fd bude tato pravidla prezentovat \u0161irok\u00e9 ve\u0159ejnosti. Vyu\u017eijte k\u00a0tomu vhodn\u00e9 digit\u00e1ln\u00ed prost\u0159ed\u00ed.<\/p>\n<p>Doporu\u010den\u00e9 zdroje:<br \/>\n<a href=\"https:\/\/www.zvirevnouzi.cz\/zvireci-poradna\/\">https:\/\/www.zvirevnouzi.cz\/zvireci-poradna\/<\/a><br \/>\n<a href=\"https:\/\/www.pomocjezkum.cz\/jak-poznat-jezka-ktery-potrebuje-pomoc\/\">https:\/\/www.pomocjezkum.cz\/jak-poznat-jezka-ktery-potrebuje-pomoc\/<\/a><br \/>\n<a href=\"https:\/\/www.youtube.com\/watch?v=uA7UQ7CGS7E&amp;ab_channel=NatureTV-P%C5%99%C3%ADrodakolemn%C3%A1s\">https:\/\/www.youtube.com\/watch?v=uA7UQ7CGS7E&amp;ab_channel=NatureTV-P%C5%99%C3%ADrodakolemn%C3%A1s<\/a><br \/>\n<a href=\"https:\/\/pixabay.com\/cs\/\">https:\/\/pixabay.com\/cs\/<\/a><br \/>\n<a href=\"https:\/\/www.flickr.com\/\">https:\/\/www.flickr.com\/<\/a><br \/>\n<a href=\"https:\/\/commons.wikimedia.org\/wiki\/Main_Page\">https:\/\/commons.wikimedia.org\/wiki\/Main_Page<\/a><\/p>\n<h2>str. 52, S22<\/h2>\n<p>Na vhodn\u00e9 m\u00edsto nainstalujte krm\u00edtko pro pt\u00e1ky a&nbsp;do jeho bl\u00edzkosti um\u00edst\u011bte kameru tak, abyste mohli zaznamenat, kte\u0159\u00ed pt\u00e1ci tam p\u0159il\u00e9taj\u00ed.<\/p>\n<p>Z\u00e1znam potom sest\u0159\u00edhejte a&nbsp;vytvo\u0159te klip, kter\u00fd m\u016f\u017eete uve\u0159ejnit.<\/p>\n<p>Doporu\u010den\u00e9 zdroje:<br \/>\naplikace Fotky<br \/>\n<a href=\"https:\/\/www.blackmagicdesign.com\/products\/davinciresolve\">https:\/\/www.blackmagicdesign.com\/products\/davinciresolve<\/a><br \/>\n<a href=\"https:\/\/www.openshot.org\/\">https:\/\/www.openshot.org\/<\/a><\/p>\n<h2>str. 52, Netop\u00fd\u0159i<\/h2>\n<p>Zamyslete se a&nbsp;ka\u017ed\u00fd samostatn\u011b zpracujte p\u0159ehled toho, co v\u00edte o\u00a0netop\u00fdrech. M\u016f\u017eete vyu\u017e\u00edt vhodn\u00e9 digit\u00e1ln\u00ed prost\u0159ed\u00ed, nap\u0159.:<br \/>\n<a href=\"https:\/\/products.aspose.app\/diagram\/cs\/mindmap\">https:\/\/products.aspose.app\/diagram\/cs\/mindmap<\/a><br \/>\n<a href=\"https:\/\/bubbl.us\/\">https:\/\/bubbl.us\/<\/a><br \/>\nWord<\/p>\n<p>Potom sv\u00e9 poznatky porovnejte a&nbsp;vytvo\u0159te jeden spole\u010dn\u00fd v\u00fdstup, ten dopl\u0148te dal\u0161\u00edmi informacemi, kter\u00e9 m\u016f\u017eete dohledat ve vhodn\u00fdch zdroj\u00edch na internetu nebo v\u00a0literatu\u0159e. Zaznamenejte si tak\u00e9, jak se m\u00e1te chovat, pokud najdete netop\u00fdra ve voln\u00e9 p\u0159\u00edrod\u011b.<\/p>\n<p>Doporu\u010den\u00e9 zdroje:<br \/>\n<a href=\"https:\/\/sousednetopyr.cz\/o-netopyrech\/\">https:\/\/sousednetopyr.cz\/o-netopyrech\/<\/a><br \/>\n<a href=\"https:\/\/www.youtube.com\/watch?v=QQpkH2v23yg&amp;ab_channel=NatureTV-P%C5%99%C3%ADrodakolemn%C3%A1s\">https:\/\/www.youtube.com\/watch?v=QQpkH2v23yg&amp;ab_channel=NatureTV-P%C5%99%C3%ADrodakolemn%C3%A1s<\/a><br \/>\n<a href=\"https:\/\/www.youtube.com\/watch?v=k3CSrQV8BOY&amp;ab_channel=Jeskyn%C4%9Bv%C4%8CR-Spr%C3%A1vajeskyn%C3%AD%C4%8Cesk%C3%A9republiky\">https:\/\/www.youtube.com\/watch?v=k3CSrQV8BOY&amp;ab_channel=Jeskyn%C4%9Bv%C4%8CR-Spr%C3%A1vajeskyn%C3%AD%C4%8Cesk%C3%A9republiky<\/a><br \/>\n<a href=\"https:\/\/www.ceskatelevize.cz\/porady\/1095913550-nedej-se\/223562248430001\/\">https:\/\/www.ceskatelevize.cz\/porady\/1095913550-nedej-se\/223562248430001\/<\/a><\/p>\n<h2>str. 70, Potok a&nbsp;\u0159eka<\/h2>\n<p>(mezip\u0159edm\u011btov\u00e9 propojen\u00ed se zem\u011bpisem)<\/p>\n<p>Prohl\u00e9dn\u011bte si webov\u00e9 str\u00e1nky \u010cT edu: <a href=\"https:\/\/edu.ceskatelevize.cz\/video\/332-reka-od-pramene-po-dolni-tok\">https:\/\/edu.ceskatelevize.cz\/video\/332-reka-od-pramene-po-dolni-tok<\/a>. Zhl\u00e9dn\u011bte video, st\u00e1hn\u011bte si pracovn\u00ed list a&nbsp;vypl\u0148te ho. Pokud budete pot\u0159ebovat, dodate\u010dn\u00e9 informace si dohledejte na internetu nebo v\u00a0ti\u0161t\u011bn\u00fdch zdroj\u00edch.<\/p>\n<h2>str. 74, \u017dij\u00ed st\u0159\u00eddav\u011b ve voln\u00e9 vod\u011b a&nbsp;na sou\u0161i<\/h2>\n<p>Ve vhodn\u00e9m digit\u00e1ln\u00edm prost\u0159ed\u00ed p\u0159ipravte prezentaci o&nbsp;bobrovi evropsk\u00e9m. Zam\u011b\u0159te se nejen na jeho vzhled a&nbsp;zp\u016fsob \u017eivota, ale tak\u00e9 na jeho vliv na prost\u0159ed\u00ed, ve kter\u00e9m \u017eije.<\/p>\n<p>Doporu\u010den\u00e9 zdroje:<br \/>\n<a href=\"https:\/\/portal.nature.cz\/publik_syst\/nd_nalez-public.php?idTaxon=34386\">https:\/\/portal.nature.cz\/publik_syst\/nd_nalez-public.php?idTaxon=34386<\/a><br \/>\n<a href=\"https:\/\/temata.rozhlas.cz\/bobr-evropsky-8166475\">https:\/\/temata.rozhlas.cz\/bobr-evropsky-8166475<\/a><br \/>\n<a href=\"https:\/\/vydry.org\/bobr-evropsky\/\">https:\/\/vydry.org\/bobr-evropsky\/<\/a><br \/>\n<a href=\"https:\/\/www.youtube.com\/watch?v=GSTw8qmBP4Y&amp;ab_channel=AOPK%C4%8CR\">https:\/\/www.youtube.com\/watch?v=GSTw8qmBP4Y&amp;ab_channel=AOPK%C4%8CR<\/a><br \/>\n<a href=\"https:\/\/pixabay.com\/cs\/\">https:\/\/pixabay.com\/cs\/<\/a><br \/>\n<a href=\"https:\/\/www.flickr.com\/\">https:\/\/www.flickr.com\/<\/a><br \/>\n<a href=\"https:\/\/commons.wikimedia.org\/wiki\/Main_Page\">https:\/\/commons.wikimedia.org\/wiki\/Main_Page<\/a><\/p>\n<h4 style=\"text-align: right;\"><a href=\"https:\/\/www.nns.cz\/blog\/digitalni-kompetence\/\" rel=\"noopener\">zp\u011bt na v\u00fdb\u011br titulu<\/a><\/h4>\n","protected":false},"excerpt":{"rendered":"<p>zp\u011bt na v\u00fdb\u011br titulu Vyu\u017eili jste n\u011bkter\u00fd z&nbsp;n\u00e1m\u011bt\u016f ve v\u00fduce, m\u00e1te n\u00e1m\u011bty nebo p\u0159ipom\u00ednky? Kontaktujte n\u00e1s na digi@nns.cz. N\u00e1m\u011bty budou pr\u016fb\u011b\u017en\u011b aktualizov\u00e1ny a&nbsp;vylep\u0161ov\u00e1ny. str.&nbsp;17, Oboj\u017eiveln\u00edci Na internetu si vyhledejte \u010cerven\u00fd seznam ohro\u017een\u00fdch druh\u016f \u010cesk\u00e9 republiky a&nbsp;p\u0159e\u010dt\u011bte si v\u00a0n\u011bm charakteristiku ohro\u017een\u00ed jednotliv\u00fdch druh\u016f oboj\u017eiveln\u00edk\u016f. Potom se pokuste dohledat, kter\u00e9 druhy oboj\u017eiveln\u00edk\u016f se vyskytuj\u00ed ve va\u0161em [&hellip;]<\/p>\n","protected":false},"author":12,"featured_media":0,"parent":15791,"menu_order":0,"comment_status":"closed","ping_status":"closed","template":"","meta":{"footnotes":""},"class_list":["post-17763","page","type-page","status-publish","hentry"],"_links":{"self":[{"href":"https:\/\/www.nns.cz\/blog\/wp-json\/wp\/v2\/pages\/17763","targetHints":{"allow":["GET"]}}],"collection":[{"href":"https:\/\/www.nns.cz\/blog\/wp-json\/wp\/v2\/pages"}],"about":[{"href":"https:\/\/www.nns.cz\/blog\/wp-json\/wp\/v2\/types\/page"}],"author":[{"embeddable":true,"href":"https:\/\/www.nns.cz\/blog\/wp-json\/wp\/v2\/users\/12"}],"replies":[{"embeddable":true,"href":"https:\/\/www.nns.cz\/blog\/wp-json\/wp\/v2\/comments?post=17763"}],"version-history":[{"count":3,"href":"https:\/\/www.nns.cz\/blog\/wp-json\/wp\/v2\/pages\/17763\/revisions"}],"predecessor-version":[{"id":17771,"href":"https:\/\/www.nns.cz\/blog\/wp-json\/wp\/v2\/pages\/17763\/revisions\/17771"}],"up":[{"embeddable":true,"href":"https:\/\/www.nns.cz\/blog\/wp-json\/wp\/v2\/pages\/15791"}],"wp:attachment":[{"href":"https:\/\/www.nns.cz\/blog\/wp-json\/wp\/v2\/media?parent=17763"}],"curies":[{"name":"wp","href":"https:\/\/api.w.org\/{rel}","templated":true}]}}