{"id":18296,"date":"2024-03-08T13:03:49","date_gmt":"2024-03-08T11:03:49","guid":{"rendered":"https:\/\/www.nns.cz\/blog\/?page_id=18296"},"modified":"2026-01-23T14:15:29","modified_gmt":"2026-01-23T12:15:29","slug":"10zpet","status":"publish","type":"page","link":"https:\/\/www.nns.cz\/blog\/10zpet\/","title":{"rendered":"V\u011brnostn\u00ed kredit 10&nbsp;% z&nbsp;n\u00e1kupu"},"content":{"rendered":"\n<p class=\"has-background\" style=\"background-color:#b3f2ad\">Nejen\u017ee m\u016f\u017eete na\u0161e vzd\u011bl\u00e1vac\u00ed materi\u00e1ly st\u00e1le dostupn\u00e9 za v\u00fdhodn\u00e9 ceny, ale nav\u00edc m\u016f\u017eete z&nbsp;hodnoty n\u00e1kupu <strong>z\u00edskat v\u011brnostn\u00ed kredit 10&nbsp;%<\/strong> a&nbsp;vybrat si za n\u011bj <strong>libovoln\u00e9 ti\u0161t\u011bn\u00e9 vzd\u011bl\u00e1vac\u00ed materi\u00e1ly a&nbsp;interaktivn\u00ed u\u010debnice<\/strong> z&nbsp;na\u0161\u00ed nab\u00eddky.<\/p>\n\n\n\n<p>P\u0159i n\u00e1kupu&nbsp;<strong>alespo\u0148 za 5&nbsp;000&nbsp;K\u010d<\/strong> tak z\u00edsk\u00e1te minim\u00e1ln\u011b&nbsp;<strong>500&nbsp;K\u010d jako v\u011brnostn\u00ed kredi<\/strong><strong>t<\/strong>, kter\u00fd m\u016f\u017eete vyu\u017e\u00edt nap\u0159.&nbsp;na po\u0159\u00edzen\u00ed metodick\u00fdch pr\u016fvodc\u016f nebo pracovn\u00edch se\u0161it\u016f pro vyu\u010duj\u00edc\u00ed.<\/p>\n\n\n\n<p>Sta\u010d\u00ed, kdy\u017e si jako z\u00e1kladn\u00ed nebo mate\u0159sk\u00e1&nbsp;<strong>\u0161kola se s\u00eddlem v&nbsp;\u010cR<\/strong>:<\/p>\n\n\n\n<ol start=\"1\" class=\"wp-block-list\">\n<li>Nakoup\u00edte jak\u00e9koli na\u0161e vzd\u011bl\u00e1vac\u00ed materi\u00e1ly&nbsp;<strong>alespo\u0148 za 5&nbsp;000&nbsp;K\u010d<\/strong>&nbsp;na&nbsp;<a href=\"https:\/\/www.nns.cz\/obchod\" target=\"_blank\" rel=\"noreferrer noopener\">na\u0161em e-shopu<\/a>. (P\u0159i&nbsp;n\u00e1kupu u&nbsp;jin\u00e9ho dodavatele si p\u0159edem ov\u011b\u0159te, zda V\u00e1m kredit nebo jinou formu slevy poskytne.)<\/li>\n\n\n\n<li>Nejpozd\u011bji&nbsp;<strong>po \u00fahrad\u011b n\u00e1kupu<\/strong>&nbsp;obdr\u017e\u00edte&nbsp;<strong>certifik\u00e1t&nbsp;<\/strong>s uveden\u00edm v\u00fd\u0161e kreditu v&nbsp;<strong>hodnot\u011b 10&nbsp;% skute\u010dn\u011b uhrazen\u00e9 ceny<\/strong>.<\/li>\n\n\n\n<li>Prost\u0159ednictv\u00edm&nbsp;<strong>odkazu<\/strong>&nbsp;uveden\u00e9ho na certifik\u00e1tu si za V\u00e1\u0161 celkov\u00fd aktu\u00e1ln\u00ed kredit&nbsp;<strong>vyberete kter\u00e9koli z&nbsp;titul\u016f&nbsp;<\/strong>skladem z&nbsp;na\u0161\u00ed nab\u00eddky (ti\u0161t\u011bn\u00e9 nebo MIU\u010d+).<\/li>\n\n\n\n<li>Tituly, na kter\u00e9 vyu\u017eijete kredit, V\u00e1m n\u00e1sledn\u011b&nbsp;<strong>dod\u00e1me zdarma<\/strong>.<\/li>\n\n\n\n<li>Pokud si z\u00e1rove\u0148 objedn\u00e1te dal\u0161\u00ed tituly nad r\u00e1mec kreditu, dod\u00e1me V\u00e1m je za standardn\u00edch podm\u00ednek.<\/li>\n<\/ol>\n\n\n\n<p><strong>Kredit nelze z\u00edskat za n\u00e1kup,&nbsp;<\/strong>p\u0159i kter\u00e9m je po\u017eadov\u00e1no<strong>&nbsp;n\u00e1hradn\u00ed pln\u011bn\u00ed.<\/strong><\/p>\n\n\n\n<p>V\u011brnostn\u00ed kredit m\u016f\u017eete z\u00edskat za n\u00e1kupy uskute\u010dn\u011bn\u00e9 v\u00a0obdob\u00ed od\u00a0<strong>1.\u00a04.\u00a02024 do 15.\u00a01.&nbsp;2027<\/strong>.<\/p>\n\n\n\n<p>Vyhrazujeme si pr\u00e1vo kdykoli v&nbsp;pr\u016fb\u011bhu akce zve\u0159ejn\u011bn\u00edm informac\u00ed na <a href=\"https:\/\/www.nns.cz\/blog\/akce10zpet\">https:\/\/www.nns.cz\/blog\/10zpet<\/a>  jej\u00ed podm\u00ednky up\u0159esnit, pop\u0159\u00edpad\u011b akci p\u0159ed\u010dasn\u011b ukon\u010dit.<\/p>\n\n\n\n<p>S dotazy n\u00e1s m\u016f\u017eete kontaktovat na <a href=\"mailto:nns@nns.cz\" target=\"_blank\" rel=\"noreferrer noopener\">nns@nns.cz<\/a>.<\/p>\n\n\n\n<p>D\u011bkujeme za Va\u0161i p\u0159\u00edze\u0148 a&nbsp;t\u011b\u0161\u00edme se na spolupr\u00e1ci v&nbsp;nadch\u00e1zej\u00edc\u00edch letech.<\/p>\n\n\n\n<p><strong><em>Jak vybran\u00e9 ti\u0161t\u011bn\u00e9 materi\u00e1ly za kredit obdr\u017e\u00edme?<\/em><\/strong><\/p>\n\n\n\n<p>U\u010debnice za\u0161leme&nbsp;<strong>po\u0161tovn\u00ed z\u00e1silkou<\/strong>&nbsp;na adresu \u0161koly v&nbsp;\u010cesk\u00e9 republice, pop\u0159\u00edpad\u011b V\u00e1m budou dod\u00e1ny p\u0159\u00edmo Va\u0161\u00edm dodavatelem u\u010debnic, kter\u00fd se do akce zapojil.<\/p>\n\n\n\n<p><strong><em>Co kdy\u017e \u0161kola nakoup\u00ed titul za m\u00e9n\u011b ne\u017e 5&nbsp;000&nbsp;K\u010d? Z\u00edsk\u00e1me za tento n\u00e1kup v\u011brnostn\u00ed kredit?<\/em><\/strong><\/p>\n\n\n\n<p>Ne, kredit lze z\u00edskat pouze za n\u00e1kup v&nbsp;minim\u00e1ln\u00ed hodnot\u011b 5<strong> <\/strong>000&nbsp;K\u010d.<\/p>\n\n\n\n<p><strong><em>M\u016f\u017ee \u0161kola z\u00edskat v\u011brnostn\u00ed kredit opakovan\u011b?<\/em><\/strong><em><\/em><\/p>\n\n\n\n<p>Ano, kredit lze z\u00edskat za ka\u017ed\u00fd n\u00e1kup spl\u0148uj\u00edc\u00ed podm\u00ednky akce.<\/p>\n\n\n\n<p><strong><em>Jakou formou \u0161kola z\u00edsk\u00e1 materi\u00e1ly do \u00fa\u010detnictv\u00ed?<\/em><\/strong><\/p>\n\n\n\n<p>Ve\u0161ker\u00e9 vzd\u011bl\u00e1vac\u00ed materi\u00e1ly za uplatn\u011bn\u00fd v\u011brnostn\u00ed kredit v&nbsp;r\u00e1mci akce \u0161kole prod\u00e1me za celkovou cenu 1&nbsp;K\u010d.<\/p>\n","protected":false},"excerpt":{"rendered":"<p>Nejen\u017ee m\u016f\u017eete na\u0161e vzd\u011bl\u00e1vac\u00ed materi\u00e1ly st\u00e1le dostupn\u00e9 za v\u00fdhodn\u00e9 ceny, ale nav\u00edc m\u016f\u017eete z&nbsp;hodnoty n\u00e1kupu z\u00edskat v\u011brnostn\u00ed kredit 10&nbsp;% a&nbsp;vybrat si za n\u011bj libovoln\u00e9 ti\u0161t\u011bn\u00e9 vzd\u011bl\u00e1vac\u00ed materi\u00e1ly a&nbsp;interaktivn\u00ed u\u010debnice z&nbsp;na\u0161\u00ed nab\u00eddky. P\u0159i&nbsp;n\u00e1kupu&nbsp;alespo\u0148 za 5&nbsp;000&nbsp;K\u010d tak z\u00edsk\u00e1te minim\u00e1ln\u011b&nbsp;500&nbsp;K\u010d jako v\u011brnostn\u00ed kredit, kter\u00fd m\u016f\u017eete vyu\u017e\u00edt nap\u0159.&nbsp;na po\u0159\u00edzen\u00ed metodick\u00fdch pr\u016fvodc\u016f nebo pracovn\u00edch se\u0161it\u016f pro vyu\u010duj\u00edc\u00ed. Sta\u010d\u00ed, kdy\u017e [&hellip;]<\/p>\n","protected":false},"author":6,"featured_media":0,"parent":0,"menu_order":0,"comment_status":"closed","ping_status":"closed","template":"","meta":{"footnotes":""},"class_list":["post-18296","page","type-page","status-publish","hentry"],"_links":{"self":[{"href":"https:\/\/www.nns.cz\/blog\/wp-json\/wp\/v2\/pages\/18296","targetHints":{"allow":["GET"]}}],"collection":[{"href":"https:\/\/www.nns.cz\/blog\/wp-json\/wp\/v2\/pages"}],"about":[{"href":"https:\/\/www.nns.cz\/blog\/wp-json\/wp\/v2\/types\/page"}],"author":[{"embeddable":true,"href":"https:\/\/www.nns.cz\/blog\/wp-json\/wp\/v2\/users\/6"}],"replies":[{"embeddable":true,"href":"https:\/\/www.nns.cz\/blog\/wp-json\/wp\/v2\/comments?post=18296"}],"version-history":[{"count":13,"href":"https:\/\/www.nns.cz\/blog\/wp-json\/wp\/v2\/pages\/18296\/revisions"}],"predecessor-version":[{"id":20643,"href":"https:\/\/www.nns.cz\/blog\/wp-json\/wp\/v2\/pages\/18296\/revisions\/20643"}],"wp:attachment":[{"href":"https:\/\/www.nns.cz\/blog\/wp-json\/wp\/v2\/media?parent=18296"}],"curies":[{"name":"wp","href":"https:\/\/api.w.org\/{rel}","templated":true}]}}