{"id":19014,"date":"2025-01-13T13:20:23","date_gmt":"2025-01-13T11:20:23","guid":{"rendered":"https:\/\/www.nns.cz\/blog\/?page_id=19014"},"modified":"2025-01-13T13:23:59","modified_gmt":"2025-01-13T11:23:59","slug":"anglicky-jazyk-4-2","status":"publish","type":"page","link":"https:\/\/www.nns.cz\/blog\/digitalni-kompetence\/anglicky-jazyk-4-2\/","title":{"rendered":"Listen and Speak With Mr B &#8211; 2.&nbsp;d\u00edl"},"content":{"rendered":"<h4 style=\"text-align: right;\"><a href=\"https:\/\/www.nns.cz\/blog\/digitalni-kompetence\/\" rel=\"noopener\">zp\u011bt na v\u00fdb\u011br titulu<\/a><\/h4>\n<h3>Vyu\u017eili jste n\u011bkter\u00fd z&nbsp;n\u00e1m\u011bt\u016f ve v\u00fduce, m\u00e1te n\u00e1m\u011bty nebo p\u0159ipom\u00ednky? Kontaktujte n\u00e1s na <a href=\"mailto:digi@nns.cz\">digi@nns.cz<\/a>.<\/h3>\n<p>N\u00e1m\u011bty budou pr\u016fb\u011b\u017en\u011b aktualizov\u00e1ny a&nbsp;vylep\u0161ov\u00e1ny.<\/p>\n<hr \/>\n<h3 style=\"text-align: center;\"><strong><em>Jak zakomponovat digit\u00e1ln\u00ed kompetence do v\u00fduky anglick\u00e9ho jazyka?<\/em><\/strong><\/h3>\n<p>Digit\u00e1ln\u00ed kompetenc\u00ed je,\u00a0jak v\u0161ichni v\u00edme, nejen dovednost ovl\u00e1dat\u00a0digit\u00e1ln\u00ed\u00a0technologie, ale p\u0159edev\u0161\u00edm schopnost orientace v&nbsp;mno\u017estv\u00ed digit\u00e1ln\u011b p\u0159en\u00e1\u0161en\u00fdch informac\u00ed, zdatnost tyto informace zkoumat, ch\u00e1pat jejich v\u00fdznam, posuzovat jejich d\u016fv\u011bryhodnost a&nbsp;tak\u00e9 vyhodnocovat, zda jsou bezpe\u010dn\u00e9.<\/p>\n<p>D\u011bti u\u010d\u00edme, \u017ee digit\u00e1ln\u00ed technologie jsou\u00a0elektronick\u00e9 n\u00e1stroje, syst\u00e9my, za\u0159\u00edzen\u00ed a&nbsp;zdroje, kter\u00e9 generuj\u00ed, ukl\u00e1daj\u00ed nebo zpracov\u00e1vaj\u00ed data. A&nbsp;<strong>db\u00e1me na to, aby se chovali bezpe\u010dn\u011b v\u00a0digit\u00e1ln\u00edm prost\u0159ed\u00ed<\/strong>, <strong>zejm\u00e9na na soci\u00e1ln\u00edch s\u00edt\u00edch<\/strong>, v&nbsp;online hr\u00e1ch, ale samoz\u0159ejm\u011b p\u0159i&nbsp;pou\u017e\u00edv\u00e1n\u00ed mobiln\u00edch telefon\u016f obecn\u011b.<\/p>\n<p>Spousta rodi\u010d\u016f dnes zasv\u011bcuje sv\u00e9 d\u011bti do pou\u017e\u00edv\u00e1n\u00ed nejr\u016fzn\u011bj\u0161\u00edch digit\u00e1ln\u00edch technologi\u00ed, nap\u0159\u00edklad\u00a0GSM, USB, DVD, digit\u00e1ln\u00edch fotoapar\u00e1t\u016f a&nbsp;kamery, digit\u00e1ln\u00edch p\u0159ehr\u00e1va\u010d\u016f, PDA atd.<\/p>\n<p>D\u011bti jsou b\u011b\u017en\u011b zvykl\u00e9 pou\u017e\u00edvat WiFi a&nbsp;bluetooth. I&nbsp;v\u00a0tomto p\u0159\u00edpad\u011b je t\u0159eba je pou\u010dit, nap\u0159\u00edklad aby se nep\u0159ipojovaly na nezabezpe\u010den\u00e9 s\u00edt\u011b.<\/p>\n<p>Nejv\u00fdznamn\u011bj\u0161\u00ed pozitiva pou\u017e\u00edv\u00e1n\u00ed digit\u00e1ln\u00edch technologi\u00ed d\u011bti znaj\u00ed, jist\u011b si jsou v\u011bdom\u00e9, \u017ee digitalizace je\u00a0v\u00fdrazn\u00e1 \u00faspora \u010dasu, lidsk\u00fdch zdroj\u016f i&nbsp;energie.<\/p>\n<p><strong>M\u016f\u017eeme je v\u0161ak informovat i&nbsp;o&nbsp;dal\u0161\u00edch v\u00fdhod\u00e1ch<\/strong> jako jsou sn\u00ed\u017een\u00ed spot\u0159eby pohonn\u00fdch hmot, \u0161etrnost v\u016f\u010di \u017eivotn\u00edmu prost\u0159ed\u00ed i&nbsp;\u00faspora hardwaru a&nbsp;softwaru, kter\u00fd by v&nbsp;nedigitalizovan\u00e9m procesu ovl\u00e1dali lid\u00e9 aj.<\/p>\n<p>V\u011bt\u0161ina d\u011bt\u00ed si i&nbsp;uv\u011bdomuje, jak\u00e9 produkty z\u00edsk\u00e1vaj\u00ed p\u0159i&nbsp;pou\u017e\u00edv\u00e1n\u00ed digit\u00e1ln\u00ed technologie.<\/p>\n<p><strong>Ve \u0161kole bychom jim m\u011bli doporu\u010dovat zejm\u00e9na edukativn\u00ed, z\u00e1bavn\u00ed, informa\u010dn\u00ed \u010di&nbsp;inspira\u010dn\u00ed materi\u00e1ly, a&nbsp;t\u00edm je motivovat k\u00a0vhodn\u00e9mu pou\u017e\u00edv\u00e1n\u00ed digit\u00e1ln\u00edch technologi\u00ed.<\/strong><\/p>\n<p>Je beze sporu, \u017ee p\u0159i&nbsp;jejich pou\u017e\u00edv\u00e1n\u00ed d\u011bti z\u00edsk\u00e1vaj\u00ed i&nbsp;tzv.&nbsp;m\u011bkk\u00e9 dovednosti (anglicky soft skills). Tedy kompetence v&nbsp;oblasti chov\u00e1n\u00ed a&nbsp;interperson\u00e1ln\u00edch dovednost\u00ed. Pat\u0159\u00ed sem nap\u0159\u00edklad um\u011bn\u00ed komunikace, schopnost vyjedn\u00e1vat a&nbsp;\u0159e\u0161it konflikty, sebereflexe, tvo\u0159ivost, pr\u00e1ce v&nbsp;t\u00fdmu, ot\u00e1zka osobn\u00ed efektivity, motivace a&nbsp;dal\u0161\u00ed.<\/p>\n<p>D\u011bti proch\u00e1zej\u00ed prvn\u00edmi kontakty se soci\u00e1ln\u00edmi m\u00e9dii a&nbsp;zkou\u0161ej\u00ed t\u0159eba vytvo\u0159it video a&nbsp;k\u00a0jeho \u00faprav\u011b pou\u017e\u00edt r\u016fzn\u00e9 mobiln\u00ed aplikace a&nbsp;po\u010d\u00edta\u010dov\u00e9 programy. V\u00a0tomto momentu je velmi <strong>d\u016fle\u017eit\u00e9 je pou\u010dit, jak bezpe\u010dn\u011b sd\u00edlet\u00a0digit\u00e1ln\u00ed\u00a0obsah s&nbsp;ostatn\u00edmi a&nbsp;obecn\u011b, jak bezpe\u010dn\u011b se v&nbsp;online prost\u0159ed\u00ed chovat<\/strong>.<\/p>\n<p>Ve v\u00fduce anglick\u00e9ho jazyka, ale i&nbsp;v\u00a0ostatn\u00edch p\u0159edm\u011btech, se nab\u00edz\u00ed vyu\u017e\u00edvat \u00falo\u017en\u00e1 za\u0159\u00edzen\u00ed.<\/p>\n<p>Mnoho d\u011bt\u00ed 1.&nbsp;stupn\u011b Z\u0160 u\u017e pou\u017e\u00edv\u00e1 \u00falo\u017en\u00e1 za\u0159\u00edzen\u00ed\u00a0a zdroje, kter\u00e9 umo\u017e\u0148uj\u00ed uchov\u00e1vat, zpracov\u00e1vat a&nbsp;p\u0159en\u00e1\u0161et obrovsk\u00e9 mno\u017estv\u00ed informac\u00ed (dat, text\u016f a&nbsp;obr\u00e1zk\u016f), nap\u0159\u00edklad po\u010d\u00edta\u010de, tablety, notebooky, mobiln\u00ed telefony,\u00a0digit\u00e1ln\u00ed\u00a0fotoapar\u00e1ty a&nbsp;kamery, e-knihy, e-\u010dasopisy, hern\u00ed konzole a&nbsp;jin\u00e9. <strong>Nau\u010dte je vyu\u017e\u00edvat je jako didaktick\u00e9ho prost\u0159edku p\u0159i&nbsp;v\u00fduce.<\/strong><\/p>\n<p><strong>Vhodn\u00fdm didaktick\u00fdm prost\u0159edkem digit\u00e1ln\u00edch technologi\u00ed p\u0159i&nbsp;v\u00fduce jazyka jsou zejm\u00e9na elektronick\u00e9 slovn\u00edky<\/strong> s&nbsp;mo\u017enost\u00ed vyhled\u00e1v\u00e1n\u00ed a&nbsp;p\u0159ehr\u00e1n\u00ed v\u00fdslovnosti dan\u00e9ho v\u00fdrazu, online editory s&nbsp;opravou gramatiky a&nbsp;pravopisu. Do v\u00fduky jist\u011b zapojujete interaktivn\u00ed tabule, elektronick\u00e9 u\u010debnice, vizualiz\u00e9r nebo t\u0159eba hlasovac\u00ed za\u0159\u00edzen\u00ed. Nab\u00eddka je dnes skute\u010dn\u011b \u0161irok\u00e1 a&nbsp;s\u00a0neust\u00e1l\u00fdm\u00a0v\u00fdvojem se st\u00e1le roz\u0161i\u0159uje.<\/p>\n<p>Tak\u00e9 je \u017e\u00e1douc\u00ed vyu\u017e\u00edvat v\u00fdhod nov\u00fdch\u00a0multimedi\u00e1ln\u00edch form\u00e1t\u016f. Zprost\u0159edkov\u00e1vaj\u00ed d\u011btem autentick\u00e9 materi\u00e1ly, jako jsou nap\u0159\u00edklad <strong>rozhovory v&nbsp;ciz\u00edm jazyce zachycen\u00e9 na videu<\/strong>, v\u00a0pr\u016fb\u011bhu p\u0159ehr\u00e1v\u00e1n\u00ed si mohou jednotliv\u00e9 sekvence rozhovoru zastavovat nebo se k\u00a0p\u0159edchoz\u00edm vracet, p\u0159\u00edpadn\u011b p\u0159eskakovat na dal\u0161\u00ed.<\/p>\n<p>S\u00a0d\u011btmi dlouhodob\u011b nemocn\u00fdmi m\u016f\u017eete pracovat <strong>p\u0159i videokonferenc\u00edch<\/strong>, tak\u00e9 p\u0159i&nbsp;nich m\u016f\u017eete t\u0159\u00eddu propojit s&nbsp;t\u0159\u00eddou z&nbsp;jin\u00e9 \u0161koly. D\u011bti tak z\u00edskaj\u00ed velmi cenn\u00e9 komunika\u010dn\u00ed zku\u0161enosti. Spole\u010dn\u011b tak m\u016f\u017eete nejen konverzovat, ale i&nbsp;kl\u00e1st ot\u00e1zky a&nbsp;objevovat v\u00a0odpov\u011bd\u00edch na n\u011b zaj\u00edmav\u00e9 informace.<\/p>\n<p>Videa si pak ulo\u017e\u00edte <strong>na videoserverech online<\/strong> a&nbsp;d\u011bti se k\u00a0nim mohou dostat kdykoli i&nbsp;z&nbsp;domova.<\/p>\n<p>Na 1.&nbsp;stupni jsou d\u011bti otev\u0159en\u00e9 nov\u00fdm z\u00e1\u017eitk\u016fm, vyu\u017eijte jejich z\u00e1jmu a&nbsp;objevujte spolu sv\u011bt<br \/>\ni&nbsp;prost\u0159ednictv\u00edm digit\u00e1ln\u00edch technologi\u00ed, bez kter\u00fdch se v\u00a0budoucnu neobejdou.<\/p>\n<p style=\"text-align: right;\"><em>\u00a0<\/em><em>V\u011bra \u0160tikov\u00e1<br \/>\n<\/em><em>spoluautorka u\u010debn\u00edch materi\u00e1l\u016f pro anglick\u00fd jazyk<\/em><\/p>\n<hr \/>\n<h2 style=\"text-align: center;\"><strong style=\"color: revert; font-size: revert;\">u\u010debnice <em>Listen and Speak With Mr B <\/em>&#8211; 2.&nbsp;d\u00edl<\/strong><\/h2>\n<h2><strong>Strana 11<\/strong><\/h2>\n<p><strong>N\u00e1m\u011bt<br \/>\n<\/strong><u>I Want to Be\u2026<\/u><strong><br \/>\n<\/strong>U\u017e jsi p\u0159em\u00fd\u0161lel, \u010d\u00edm bys jednou cht\u011bl b\u00fdt? Dokon\u010di v\u011btu I&nbsp;want to be a\/an \u2026\u00a0 Zd\u016fvodni, pro\u010d by ses r\u00e1d v\u011bnoval pr\u00e1v\u011b tomuto povol\u00e1n\u00ed dokon\u010den\u00edm v\u011bty I&nbsp;like \u2026 Pojmenuj v\u011bci, kter\u00e9 lid\u00e9 pro v\u00fdkon tohoto povol\u00e1n\u00ed aktivn\u011b pot\u0159ebuj\u00ed. Pokud nezn\u00e1\u0161 anglick\u00fd ekvivalent tohoto slova, vyhledej si ho ve slovn\u00edku. Vytvo\u0159 poster k\u00a0tomuto povol\u00e1n\u00ed.<\/p>\n<p><strong>Doporu\u010den\u00fd zdroj<br \/>\n<\/strong><a href=\"https:\/\/www.gamestolearnenglish.com\/jobs\/\">https:\/\/www.gamestolearnenglish.com\/jobs\/<\/a><\/p>\n<p><strong>P\u0159echod z\u00a0offline prost\u0159ed\u00ed do digit\u00e1ln\u00edho sv\u011bta<\/strong><br \/>\n\u017d\u00e1ci a&nbsp;\u017e\u00e1kyn\u011b spolu sd\u00edl\u00ed sv\u00e9 offline zku\u0161enosti v\u00a0r\u00e1mci online prostoru p\u0159i&nbsp;tvorb\u011b posteru.<\/p>\n<p><strong>U\u017eite\u010dn\u00e9 rady pro rodi\u010de a\u00a0vyu\u010duj\u00edc\u00ed<br \/>\n<\/strong>\u0160ablony pro vyu\u010duj\u00edc\u00ed<br \/>\n<a href=\"https:\/\/www.storyboardthat.com\/cs\/u%C4%8Ditelsk%C3%A9-%C5%A1ablony\">https:\/\/www.storyboardthat.com\/cs\/u%C4%8Ditelsk%C3%A9-%C5%A1ablony<\/a><\/p>\n<h2><strong>Strana 29<\/strong><\/h2>\n<p><strong>N\u00e1m\u011bt<br \/>\n<\/strong><u>Cookery Book<br \/>\n<\/u>Vytvo\u0159 se spolu\u017e\u00e1ky t\u0159\u00eddn\u00ed kucha\u0159ku. Doma s\u00a0rodi\u010di nafo\u0165te p\u0159\u00edpravu tv\u00e9ho obl\u00edben\u00e9ho j\u00eddla. Fotografie vytiskni, dopi\u0161 k\u00a0nim recept a&nbsp;vytvo\u0159 z\u00a0nich str\u00e1nku do kucha\u0159ky. Dokon\u010duj v\u011bty: Prepare\u2026 Combine\u2026 Add\u2026 Mix\u2026 Put\u2026 Na tisk\u00e1rn\u011b ve \u0161kole pak spole\u010dn\u011b vytiskn\u011bte n\u011bkolik v\u00fdtisk\u016f, kter\u00e9 m\u016f\u017eete t\u0159eba prodat na n\u011bkter\u00e9 z\u00a0charitativn\u00edch akc\u00ed \u0161koly. Vytvo\u0159it m\u016f\u017eete<br \/>\ni&nbsp;online nab\u00eddku kucha\u0159ky pro web va\u0161\u00ed \u0161koly.<\/p>\n<p><strong>Doporu\u010den\u00fd zdroj<br \/>\n<\/strong><a href=\"https:\/\/digitalizace.rvp.cz\/files\/namety-jak-na-digi-na-1-stupni-vareni.pdf\">https:\/\/digitalizace.rvp.cz\/files\/namety-jak-na-digi-na-1-stupni-vareni.pdf<\/a><\/p>\n<p><strong>P\u0159echod z\u00a0offline prost\u0159ed\u00ed do digit\u00e1ln\u00edho sv\u011bta<br \/>\n<\/strong>\u017d\u00e1ci a&nbsp;\u017e\u00e1kyn\u011b spolu sd\u00edl\u00ed sv\u00e9 offline zku\u0161enosti v\u00a0r\u00e1mci online prostoru p\u0159i&nbsp;fotografov\u00e1n\u00ed, nat\u00e1\u010den\u00ed vide\u00ed, skenov\u00e1n\u00ed nebo kop\u00edrov\u00e1n\u00ed, p\u0159\u00edp. vytv\u00e1\u0159en\u00ed online nab\u00eddky pro web \u0161koly.<\/p>\n<p><strong>U\u017eite\u010dn\u00e9 rady pro rodi\u010de a\u00a0vyu\u010duj\u00edc\u00ed<br \/>\n<\/strong>Inspirace<br \/>\n<a href=\"https:\/\/healthyschoolrecipes.com\/recipe\/\">https:\/\/healthyschoolrecipes.com\/recipe\/<\/a><\/p>\n<h2><strong>Strana 35<\/strong><\/h2>\n<p><strong>N\u00e1m\u011bt<br \/>\n<\/strong><u>Summer Time<\/u><strong><br \/>\n<\/strong>Nato\u010d podcast na t\u00e9ma Summer Time o&nbsp;sv\u00e9 obl\u00edben\u00e9 pr\u00e1zdninov\u00e9 destinaci. Pracuj podle osnovy (35\/1).<\/p>\n<p>Dokon\u010di v\u011bty:<br \/>\nI&nbsp;like travelling to\u2026<br \/>\nI&nbsp;always\u2026<br \/>\nMy friend (sister, brother, mum, dad\u2026) usually\u2026<br \/>\nI&nbsp;want to\u2026<br \/>\nThere are a&nbsp;lot of activities you can do for example\u2026<\/p>\n<p>P\u0159iprav si \u00favodn\u00ed podcast. Nap\u0159\u00edklad It is the summer holidays. Time for travelling.<\/p>\n<p>Promysli a&nbsp;vyzkou\u0161ej si \u0159\u00edct i&nbsp;z\u00e1v\u011bre\u010dn\u011b rozlou\u010den\u00ed.<\/p>\n<p>Zkus si zahr\u00e1t na moder\u00e1tora a&nbsp;pozvat do sv\u00e9 talk show kamar\u00e1da, kter\u00e9ho se bude\u0161 pt\u00e1t na jeho obl\u00edbenou pr\u00e1zdninovou destinaci. Vyzpov\u00eddat m\u016f\u017ee\u0161 i&nbsp;v\u00edce kamar\u00e1d\u016f. Nebo si p\u0159ipravit podcast pouze jako monolog. Rozhodnut\u00ed je na tob\u011b!<\/p>\n<p><strong>Doporu\u010den\u00fd zdroj<br \/>\n<\/strong><a href=\"https:\/\/digitalizace.rvp.cz\/files\/namety-jak-na-digi-na-1-stupni-cestovani-2.pdf\">https:\/\/digitalizace.rvp.cz\/files\/namety-jak-na-digi-na-1-stupni-cestovani-2.pdf<\/a><\/p>\n<p><strong>P\u0159echod z\u00a0offline prost\u0159ed\u00ed do digit\u00e1ln\u00edho sv\u011bta<\/strong><br \/>\n\u017d\u00e1ci a&nbsp;\u017e\u00e1kyn\u011b spolu sd\u00edl\u00ed sv\u00e9 offline zku\u0161enosti v\u00a0r\u00e1mci online prostoru p\u0159i&nbsp;nahr\u00e1v\u00e1n\u00ed podcastu.<\/p>\n<p><strong>U\u017eite\u010dn\u00e9 rady pro rodi\u010de a\u00a0vyu\u010duj\u00edc\u00ed<br \/>\n<\/strong>Jak vytvo\u0159it vlastn\u00ed podcast<br \/>\n<a href=\"https:\/\/clanky.rvp.cz\/clanek\/c\/G\/22537\/tvorba-podcastu-ve-vzdelavani-i..html\">https:\/\/clanky.rvp.cz\/clanek\/c\/G\/22537\/tvorba-podcastu-ve-vzdelavani-i..html<\/a><br \/>\n<a href=\"https:\/\/clanky.rvp.cz\/clanek\/22538\/TVORBA-PODCASTU-VE-VZDELAVANI-II.html\">https:\/\/clanky.rvp.cz\/clanek\/22538\/TVORBA-PODCASTU-VE-VZDELAVANI-II.html<\/a><\/p>\n<p><strong>Dal\u0161\u00ed doporu\u010den\u00ed:<\/strong><br \/>\nHrav\u00e9 aplikace<br \/>\n<a href=\"https:\/\/www.blooket.com\/\">https:\/\/www.blooket.com\/<\/a><br \/>\n<a href=\"https:\/\/www.gimkit.com\/\">https:\/\/www.gimkit.com\/<\/a><br \/>\n<a href=\"https:\/\/www.typinggames.zone\/wordtris\">https:\/\/www.typinggames.zone\/wordtris<\/a><br \/>\n<a href=\"https:\/\/www.mindgames.com\/Word+Games\">https:\/\/www.mindgames.com\/Word+Games<\/a><\/p>\n<p>Cestov\u00e1n\u00ed<br \/>\n<a href=\"https:\/\/digitalizace.rvp.cz\/files\/namety-jak-na-digi-na-1-stupni-cestovani.pdf\">https:\/\/digitalizace.rvp.cz\/files\/namety-jak-na-digi-na-1-stupni-cestovani.pdf<\/a><\/p>\n<p>Denn\u00ed re\u017eim<br \/>\n<a href=\"https:\/\/digitalizace.rvp.cz\/files\/namety-jak-na-digi-na-1-stupni-denni-rezim.pdf\">https:\/\/digitalizace.rvp.cz\/files\/namety-jak-na-digi-na-1-stupni-denni-rezim.pdf<\/a><br \/>\n<a href=\"https:\/\/digitalizace.rvp.cz\/files\/namety-jak-na-digi-na-1-stupni-denni-rezim-2.pdf\">https:\/\/digitalizace.rvp.cz\/files\/namety-jak-na-digi-na-1-stupni-denni-rezim-2.pdf<\/a><\/p>\n<p>Doprava a&nbsp;bezpe\u010dnost<br \/>\n<a href=\"https:\/\/digitalizace.rvp.cz\/files\/namety-jak-na-digi-na-1-stupni-doprava.pdf\">https:\/\/digitalizace.rvp.cz\/files\/namety-jak-na-digi-na-1-stupni-doprava.pdf<\/a><\/p>\n<p>Sv\u00e1tky a&nbsp;tradice<br \/>\n<a href=\"https:\/\/digitalizace.rvp.cz\/files\/namety-jak-na-digi-na-1-stupni-svatky.pdf\">https:\/\/digitalizace.rvp.cz\/files\/namety-jak-na-digi-na-1-stupni-svatky.pdf<\/a><\/p>\n<p>\u017divot v\u00a0minulosti a&nbsp;dnes<br \/>\n<a href=\"https:\/\/digitalizace.rvp.cz\/files\/namety-jak-na-digi-na-1-stupni-zivot-v-minulosti-a-dnes.pdf\">https:\/\/digitalizace.rvp.cz\/files\/namety-jak-na-digi-na-1-stupni-zivot-v-minulosti-a-dnes.pdf<\/a><\/p>\n<p>Kultura a&nbsp;spole\u010dnost<br \/>\n<a href=\"https:\/\/digitalizace.rvp.cz\/files\/namety-jak-na-digi-na-1-stupni-kultura.pdf\">https:\/\/digitalizace.rvp.cz\/files\/namety-jak-na-digi-na-1-stupni-kultura.pdf<\/a><\/p>\n<p>Va\u0159en\u00ed<br \/>\n<a href=\"https:\/\/digitalizace.rvp.cz\/files\/namety-jak-na-digi-na-1-stupni-vareni.pdf\">https:\/\/digitalizace.rvp.cz\/files\/namety-jak-na-digi-na-1-stupni-vareni.pdf<\/a><\/p>\n<p>Zkoum\u00e1me p\u0159\u00edrodu<br \/>\n<a href=\"https:\/\/digitalizace.rvp.cz\/files\/namety-jak-na-digi-na-1-stupni-zkoumame-prirodu.pdf\">https:\/\/digitalizace.rvp.cz\/files\/namety-jak-na-digi-na-1-stupni-zkoumame-prirodu.pdf<\/a><\/p>\n<p>Typografie a&nbsp;desatero<br \/>\n<a href=\"https:\/\/digitalizace.rvp.cz\/files\/npi-typografie-digi-web.pdf\">https:\/\/digitalizace.rvp.cz\/files\/npi-typografie-digi-web.pdf<\/a><\/p>\n<p>Abeceda kybernetick\u00e9 bezpe\u010dnosti<br \/>\n<a href=\"https:\/\/digitalizace.rvp.cz\/files\/abeceda-kyberbezpecnosti-web.pdf\">https:\/\/digitalizace.rvp.cz\/files\/abeceda-kyberbezpecnosti-web.pdf<\/a><\/p>\n<p>\u017d\u00e1ci tvo\u0159\u00ed obsah pro p\u0159\u00ed\u0161t\u00ed hodiny<br \/>\n<a href=\"https:\/\/clanky.rvp.cz\/clanek\/c\/Z\/22688\/ZACI-TVORI-OBSAH-PRISTI-HODINY-SAMI---PADLET.html\">https:\/\/clanky.rvp.cz\/clanek\/c\/Z\/22688\/ZACI-TVORI-OBSAH-PRISTI-HODINY-SAMI&#8212;PADLET.html<\/a><\/p>\n<p>Vyu\u017e\u00edv\u00e1me hrav\u00fdch aplikac\u00ed<br \/>\n<a href=\"https:\/\/digiin.transistor.fm\/episodes\/jan-juricek-2-dil-anglictina-k-procvicovani-anglictiny-vyuzivame-hravych-aplikaci-doma-psanym-esejim-uz-odzvonilo\">https:\/\/digiin.transistor.fm\/episodes\/jan-juricek-2-dil-anglictina-k-procvicovani-anglictiny-vyuzivame-hravych-aplikaci-doma-psanym-esejim-uz-odzvonilo<\/a><\/p>\n<p>\u017d\u00e1ci si robota navrhnou\u2026<br \/>\n<a href=\"https:\/\/podcasts.apple.com\/us\/podcast\/tom%C3%A1%C5%A1-bart%C5%AFn%C4%9Bk-%C5%BE%C3%A1ci-si-robota-navrhnou-vymodeluj%C3%AD-sestav%C3%AD\/id1631997984?i=1000679900979\">https:\/\/podcasts.apple.com\/us\/podcast\/tom%C3%A1%C5%A1-bart%C5%AFn%C4%9Bk-%C5%BE%C3%A1ci-si-robota-navrhnou-vymodeluj%C3%AD-sestav%C3%AD\/id1631997984?i=1000679900979<\/a><\/p>\n<p>Jednoduch\u00e1 aplikace pro tvorbu komiksu<br \/>\n<a href=\"https:\/\/clanky.rvp.cz\/clanek\/c\/Z\/23865\/tvorime-komiks-v-anglictine.html?_gl=1*m8dqw3*_ga*NTMxNDY1ODMwLjE2OTM5MzA0MDE.*_ga_DB0ZYB52FX*MTcyNTU2NDU5MS40NS4wLjE3MjU1NjQ1OTkuMC4wLjA\">https:\/\/clanky.rvp.cz\/clanek\/c\/Z\/23865\/tvorime-komiks-v-anglictine.html?_gl=1*m8dqw3*_ga*NTMxNDY1ODMwLjE2OTM5MzA0MDE.*_ga_DB0ZYB52FX*MTcyNTU2NDU5MS40NS4wLjE3MjU1NjQ1OTkuMC4wLjA<\/a><\/p>\n<p>Psan\u00ed jednoduch\u00fdch v\u011bt<br \/>\n<a href=\"https:\/\/clanky.rvp.cz\/clanek\/c\/Z\/22685\/PSANI-JEDNODUCHYCH-TEXTU-V-CIZIM-JAZYCE-APLIKACE-CLASSROOMSCREEN.html\">https:\/\/clanky.rvp.cz\/clanek\/c\/Z\/22685\/PSANI-JEDNODUCHYCH-TEXTU-V-CIZIM-JAZYCE-APLIKACE-CLASSROOMSCREEN.html<\/a><\/p>\n<h4 style=\"text-align: right;\"><a href=\"https:\/\/www.nns.cz\/blog\/digitalni-kompetence\/\" rel=\"noopener\">zp\u011bt na v\u00fdb\u011br titulu<\/a><\/h4>\n","protected":false},"excerpt":{"rendered":"<p>zp\u011bt na v\u00fdb\u011br titulu Vyu\u017eili jste n\u011bkter\u00fd z&nbsp;n\u00e1m\u011bt\u016f ve v\u00fduce, m\u00e1te n\u00e1m\u011bty nebo p\u0159ipom\u00ednky? Kontaktujte n\u00e1s na digi@nns.cz. N\u00e1m\u011bty budou pr\u016fb\u011b\u017en\u011b aktualizov\u00e1ny a&nbsp;vylep\u0161ov\u00e1ny. Jak zakomponovat digit\u00e1ln\u00ed kompetence do v\u00fduky anglick\u00e9ho jazyka? Digit\u00e1ln\u00ed kompetenc\u00ed je,\u00a0jak v\u0161ichni v\u00edme, nejen dovednost ovl\u00e1dat\u00a0digit\u00e1ln\u00ed\u00a0technologie, ale p\u0159edev\u0161\u00edm schopnost orientace v&nbsp;mno\u017estv\u00ed digit\u00e1ln\u011b p\u0159en\u00e1\u0161en\u00fdch informac\u00ed, zdatnost tyto informace zkoumat, ch\u00e1pat jejich v\u00fdznam, posuzovat [&hellip;]<\/p>\n","protected":false},"author":12,"featured_media":0,"parent":15791,"menu_order":0,"comment_status":"closed","ping_status":"closed","template":"","meta":{"footnotes":""},"class_list":["post-19014","page","type-page","status-publish","hentry"],"_links":{"self":[{"href":"https:\/\/www.nns.cz\/blog\/wp-json\/wp\/v2\/pages\/19014","targetHints":{"allow":["GET"]}}],"collection":[{"href":"https:\/\/www.nns.cz\/blog\/wp-json\/wp\/v2\/pages"}],"about":[{"href":"https:\/\/www.nns.cz\/blog\/wp-json\/wp\/v2\/types\/page"}],"author":[{"embeddable":true,"href":"https:\/\/www.nns.cz\/blog\/wp-json\/wp\/v2\/users\/12"}],"replies":[{"embeddable":true,"href":"https:\/\/www.nns.cz\/blog\/wp-json\/wp\/v2\/comments?post=19014"}],"version-history":[{"count":2,"href":"https:\/\/www.nns.cz\/blog\/wp-json\/wp\/v2\/pages\/19014\/revisions"}],"predecessor-version":[{"id":19017,"href":"https:\/\/www.nns.cz\/blog\/wp-json\/wp\/v2\/pages\/19014\/revisions\/19017"}],"up":[{"embeddable":true,"href":"https:\/\/www.nns.cz\/blog\/wp-json\/wp\/v2\/pages\/15791"}],"wp:attachment":[{"href":"https:\/\/www.nns.cz\/blog\/wp-json\/wp\/v2\/media?parent=19014"}],"curies":[{"name":"wp","href":"https:\/\/api.w.org\/{rel}","templated":true}]}}