{"id":19220,"date":"2025-03-06T14:37:23","date_gmt":"2025-03-06T12:37:23","guid":{"rendered":"https:\/\/www.nns.cz\/blog\/?page_id=19220"},"modified":"2026-04-30T14:10:54","modified_gmt":"2026-04-30T12:10:54","slug":"nove-rvp-2025","status":"publish","type":"page","link":"https:\/\/www.nns.cz\/blog\/nove-rvp-2025\/","title":{"rendered":"Zm\u011bny RVP ZV? Zvl\u00e1dneme je spole\u010dn\u011b."},"content":{"rendered":"\n<p style=\"font-size:15px\">Uv\u011bdomujeme si, \u017ee prob\u00edhaj\u00edc\u00ed zm\u011bny RVP ZV mohou vyvol\u00e1vat nejistotu. R\u00e1di bychom V\u00e1m na\u0161imi vzd\u011bl\u00e1vac\u00edmi materi\u00e1ly usnadnili p\u0159izp\u016fsoben\u00ed t\u011bmto zm\u011bn\u00e1m a&nbsp;t\u00edm tak\u00e9 dopomohli ke zlep\u0161ov\u00e1n\u00ed v\u00fdsledk\u016f u\u010den\u00ed Va\u0161ich \u017e\u00e1k\u016f.<\/p>\n\n\n\n<h2 class=\"wp-block-heading has-background\" style=\"background-color:#c9f2b1;font-size:15px\">Na\u0161e u\u010debnice se <strong>d\u00edky QR k\u00f3d\u016fm a&nbsp;MIU\u010d+ pru\u017en\u011b p\u0159izp\u016fsobuj\u00ed zm\u011bn\u00e1m RVP ZV<\/strong>.<\/h2>\n\n\n\n<ul class=\"wp-block-list\">\n<li style=\"font-size:15px\">Maj\u00ed&nbsp;<a href=\"https:\/\/www.nns.cz\/dolozky\/\" target=\"_blank\" rel=\"noreferrer noopener\">platn\u00e9<strong>&nbsp;dolo\u017eky M\u0160MT<\/strong><\/a>.<\/li>\n\n\n\n<li style=\"font-size:15px\">Jsou dopl\u0148ov\u00e1ny o&nbsp;<a href=\"https:\/\/www.nns.cz\/blog\/akce\/akce-ucebnice-pro-1-stupen\/#kotvakompetence\" target=\"_blank\" rel=\"noreferrer noopener\">n\u00e1m\u011bty na rozvoj kl\u00ed\u010dov\u00fdch kompetenc\u00ed a&nbsp;o\u010dek\u00e1van\u00fdch v\u00fdsledk\u016f u\u010den\u00ed podle nov\u00e9ho RVP ZV<\/a>.<\/li>\n\n\n\n<li style=\"font-size:15px\">Nab\u00edzej\u00ed rozvoj&nbsp;<strong>digit\u00e1ln\u00ed kompetence<\/strong>&nbsp;nav\u00e1zan\u00fd na konkr\u00e9tn\u00ed obsah u\u010debnic (zve\u0159ej\u0148ovan\u00fd tak\u00e9 na&nbsp;<a href=\"http:\/\/www.nns.cz\/digi\" target=\"_blank\" rel=\"noreferrer noopener\">nns.cz\/digi<\/a>)<\/li>\n\n\n\n<li style=\"font-size:15px\">Obsah MIU\u010d+&nbsp;<a href=\"https:\/\/ucebnice.online\/prizpusobeni-svp\/\" target=\"_blank\" rel=\"noreferrer noopener\">m\u016f\u017eete p\u0159izp\u016fsobit va\u0161emu \u0160VP<\/a>.<\/li>\n<\/ul>\n\n\n\n<p class=\"has-background has-medium-font-size\" style=\"background-color:#f1c3ff\"><strong>Ucelen\u00e1 \u0159ada AMOS<\/strong> <\/p>\n\n\n\n<p style=\"font-size:15px\">Umo\u017e\u0148uje v\u00fduku \u010desk\u00e9ho jazyka, matematiky a&nbsp;prvouky<strong> jednotn\u00fdm v\u00fdukov\u00fdm stylem&nbsp;nejen podle st\u00e1vaj\u00edcho RVP ZV ale tak\u00e9 v&nbsp;souladu s&nbsp;nov\u00fdm RVP ZV<\/strong> <strong>a to dokonce beze zm\u011bny va\u0161eho \u0160VP<\/strong>. <\/p>\n\n\n\n<p style=\"font-size:15px\">V\u00edce informac\u00ed v&nbsp;sekci <a href=\"https:\/\/nns.cz\/amos\/amos-a-nove-rvp-zv\/\" target=\"_blank\" rel=\"noreferrer noopener\">AMOS a&nbsp;nov\u00fd RVP ZV<\/a>.<\/p>\n\n\n\n<figure class=\"wp-block-image size-full\"><a href=\"https:\/\/nns.cz\/amos\/amos-a-nove-rvp-zv\/\" target=\"_blank\" rel=\" noreferrer noopener\"><img loading=\"lazy\" decoding=\"async\" width=\"1024\" height=\"272\" src=\"https:\/\/www.nns.cz\/blog\/wp-content\/uploads\/amos-obalky-1024x272-1.jpg\" alt=\"\" class=\"wp-image-20963\" srcset=\"https:\/\/www.nns.cz\/blog\/wp-content\/uploads\/amos-obalky-1024x272-1.jpg 1024w, https:\/\/www.nns.cz\/blog\/wp-content\/uploads\/amos-obalky-1024x272-1-400x106.jpg 400w, https:\/\/www.nns.cz\/blog\/wp-content\/uploads\/amos-obalky-1024x272-1-768x204.jpg 768w\" sizes=\"auto, (max-width: 1024px) 100vw, 1024px\" \/><\/a><\/figure>\n\n\n\n<p style=\"font-size:15px\"><\/p>\n\n\n\n<h2 class=\"wp-block-heading has-background has-medium-font-size\" style=\"background-color:#fff9c2\">U kter\u00fdch na\u0161ich titul\u016f byl ji\u017e <strong>prost\u0159ednictv\u00edm M\u0160MT v\u00fdslovn\u011b potvrzen soulad s&nbsp;nov\u00fdm RVP ZV<\/strong>?<\/h2>\n\n\n\n<p style=\"font-size:15px\">V p\u0159\u00edpad\u011b dolo\u017eek M\u0160MT <strong>prodlou\u017een\u00fdch od z\u00e1\u0159\u00ed 2025<\/strong> za\u010dalo <a href=\"https:\/\/msmt.gov.cz\/vzdelavani\/zakladni-vzdelavani\/seznam-ucebnic-a-ucebnich-textu-pro-zs\">M\u0160MT uv\u00e1d\u011bt, zda byly posouzeny i&nbsp;podle nov\u00e9ho RVP ZV<\/a>. Postupn\u011b jak st\u00e1vaj\u00edc\u00ed dolo\u017eky prodlu\u017eujeme za\u010dne b\u00fdt tato informace v\u00fdslovn\u011b uvedena u&nbsp;v\u00edce na\u0161ich titul\u016f. Aktu\u00e1ln\u011b je soulad s&nbsp;nov\u00fdm RVP ZV v\u00fdslovn\u011b potvrzen u:<\/p>\n\n\n<div class=\"inventory\" data-filter=\"false\" data-next=\"false\" data-cart=\"false\" data-ids=\"735,522,734, 1642, 18, 524, 525, 526, 527, 1210, 425, 720\"><div class=\"inventory-list\"><div class=\"dummy\"><\/div><div class=\"dummy\"><\/div><div class=\"dummy\"><\/div><div class=\"dummy\"><\/div><div class=\"dummy\"><\/div><div class=\"dummy\"><\/div><div class=\"dummy\"><\/div><div class=\"dummy\"><\/div><div class=\"dummy\"><\/div><div class=\"dummy\"><\/div><div class=\"dummy\"><\/div><div class=\"dummy\"><\/div><\/div><\/div>\n\n\n\n<p class=\"has-medium-font-size\"><strong><a href=\"https:\/\/nns.cz\/amos\/amos-cesky-jazyk-2\/\">AMOS \u010cesk\u00fd jazyk 2<\/a><\/strong><\/p>\n\n\n\n<figure class=\"wp-block-image size-large\"><a href=\"https:\/\/nns.cz\/amos\/amos-cesky-jazyk-2\/\" target=\"_blank\" rel=\" noreferrer noopener\"><img loading=\"lazy\" decoding=\"async\" width=\"1600\" height=\"559\" src=\"https:\/\/www.nns.cz\/blog\/wp-content\/uploads\/AMOS-CESKY-JAZYK-2-scaled-1-1600x559.png\" alt=\"\" class=\"wp-image-20968\" srcset=\"https:\/\/www.nns.cz\/blog\/wp-content\/uploads\/AMOS-CESKY-JAZYK-2-scaled-1-1600x559.png 1600w, https:\/\/www.nns.cz\/blog\/wp-content\/uploads\/AMOS-CESKY-JAZYK-2-scaled-1-1024x358.png 1024w, https:\/\/www.nns.cz\/blog\/wp-content\/uploads\/AMOS-CESKY-JAZYK-2-scaled-1-400x140.png 400w, https:\/\/www.nns.cz\/blog\/wp-content\/uploads\/AMOS-CESKY-JAZYK-2-scaled-1-768x269.png 768w, https:\/\/www.nns.cz\/blog\/wp-content\/uploads\/AMOS-CESKY-JAZYK-2-scaled-1-1536x537.png 1536w, https:\/\/www.nns.cz\/blog\/wp-content\/uploads\/AMOS-CESKY-JAZYK-2-scaled-1-2048x716.png 2048w\" sizes=\"auto, (max-width: 1600px) 100vw, 1600px\" \/><\/a><\/figure>\n\n\n\n<p style=\"font-size:15px\">V p\u0159\u00edpad\u011b dolo\u017eek ud\u011blen\u00fdch nebo prodlou\u017een\u00fdch <strong>p\u0159ed z\u00e1\u0159\u00edm 2025<\/strong> nebyl soulad s&nbsp;nov\u00fdm RVP ZV M\u0160MT zpravidla ov\u011b\u0159ov\u00e1n. V\u00fdjimkou je na\u0161e nov\u00e1 sada pracovn\u00edch u\u010debnic <strong><a href=\"https:\/\/nns.cz\/amos\/amos-cesky-jazyk-2\/\">AMOS \u010cesk\u00fd jazyk 2<\/a><\/strong>, kter\u00e9mu byla byla ud\u011blena\u00a0<strong>schvalovac\u00ed dolo\u017eka M\u0160MT<\/strong>: \u010d.\u00a0j. MSMT- 5281\/2025-3 dne 25.\u00a06.\u00a02025 na z\u00e1klad\u011b\u00a0<strong>posouzen\u00ed se st\u00e1vaj\u00edc\u00edm i\u00a0nov\u00fdm RVP ZV<\/strong> a&nbsp;v\u00fdslovn\u011b m\u00e1me od M\u0160MT potvrzeno, \u017ee tuto skute\u010dnost m\u016f\u017eeme na titulech uv\u00e1d\u011bt. S&nbsp;nov\u00fdmi pracovn\u00edmi u\u010debnicemi AMOS \u010cesk\u00fd jazyk 2 nov\u011b m\u016f\u017eete\u00a0<strong>ide\u00e1ln\u011b nav\u00e1zat\u00a0<\/strong>na \u010cteme a\u00a0p\u00ed\u0161eme s\u00a0Ag\u00e1tou. <\/p>\n\n\n\n<p style=\"font-size:15px\">V\u00edce informac\u00ed o&nbsp;<strong><strong><a href=\"https:\/\/nns.cz\/amos\/amos-cesky-jazyk-2\/\" target=\"_blank\" rel=\"noreferrer noopener\">AMOS \u010cesk\u00fd jazyk 2<\/a><\/strong><\/strong>.<\/p>\n\n\n<div class=\"inventory\" data-filter=\"false\" data-next=\"false\" data-cart=\"false\" data-ids=\"2268,2269,2270, 2271, 2272\"><div class=\"inventory-list\"><div class=\"dummy\"><\/div><div class=\"dummy\"><\/div><div class=\"dummy\"><\/div><div class=\"dummy\"><\/div><div class=\"dummy\"><\/div><\/div><\/div>\n\n\n\n<h2 class=\"wp-block-heading has-text-align-left has-background has-medium-font-size\" style=\"background-color:#bee0f8\">Uva\u017eujete o&nbsp;v\u00fduce ve \u0161koln\u00edm roce 2026\/2027 pln\u011b nebo \u010d\u00e1ste\u010dn\u011b podle nov\u00fdch RVP ZV?<\/h2>\n\n\n\n<p style=\"font-size:15px\">M\u016f\u017eete se zapojit do <a href=\"https:\/\/forms.gle\/dmnfCL5qBxyw2Vby8\" target=\"_blank\" rel=\"noreferrer noopener\">bonusov\u00e9ho programu zdarma &#8222;<strong>Usnadn\u011bn\u00ed pro nov\u00e9 RVP ZV<\/strong>&#8222;<\/a> pro v\u00fduku s&nbsp;materi\u00e1ly&nbsp;NOV\u00c1 \u0160KOLA, s.r.o., v&nbsp;r\u00e1mci kter\u00e9ho V\u00e1s budeme informovat o&nbsp;mo\u017enostech vyu\u017e\u00edv\u00e1n\u00ed na\u0161ich materi\u00e1l\u016f v&nbsp;souladu s&nbsp;nov\u00fdmi RVP ZV.<\/p>\n\n\n\n<p style=\"font-size:15px\">Mezi tyto informace budou pat\u0159it nap\u0159.&nbsp;n\u00e1m\u011bty na napl\u0148ov\u00e1n\u00ed kl\u00ed\u010dov\u00fdch kompetenc\u00ed podle nov\u00fdch RVP ZV dostupn\u00e9 v&nbsp;MIU\u010d+ a&nbsp;p\u0159es QR k\u00f3dy,\u00a0autorsk\u00e1 p\u0159edstaven\u00ed o&nbsp;mo\u017enostech materi\u00e1l\u016f AMOS podle nov\u00fdch RVP ZV,\u00a0detaily o&nbsp;povinn\u00e9 v\u00fduce angli\u010dtiny od 1.&nbsp;ro\u010dn\u00edku,\u00a0badatelsk\u00e9 poh\u00e1dky pro <em>J\u00e1 m\u016fj sv\u011bt<\/em> nebo nov\u00e9 pracovn\u00ed se\u0161ity pro V\u00fdchovu k&nbsp;ob\u010danstv\u00ed a&nbsp;studijn\u00ed pr\u016fvodce pro Matematiku na 2.&nbsp;stupni Z\u0160.<\/p>\n\n\n\n<figure class=\"wp-block-image size-full\"><a href=\"https:\/\/forms.gle\/dmnfCL5qBxyw2Vby8\"><img loading=\"lazy\" decoding=\"async\" width=\"729\" height=\"184\" src=\"https:\/\/www.nns.cz\/blog\/wp-content\/uploads\/Usnadneni-pro-nove-RVP-ZV.png\" alt=\"\" class=\"wp-image-19582\" srcset=\"https:\/\/www.nns.cz\/blog\/wp-content\/uploads\/Usnadneni-pro-nove-RVP-ZV.png 729w, https:\/\/www.nns.cz\/blog\/wp-content\/uploads\/Usnadneni-pro-nove-RVP-ZV-300x76.png 300w\" sizes=\"auto, (max-width: 729px) 100vw, 729px\" \/><\/a><\/figure>\n\n\n\n<p><\/p>\n\n\n\n<h2 class=\"wp-block-heading has-text-align-left has-background has-medium-font-size\" style=\"background-color:#bdffc2\">Pl\u00e1nujete vyu\u010dovat ve \u0161koln\u00edm roce 2026\/2027 podle st\u00e1vaj\u00edc\u00edch RVP ZV v&nbsp;podob\u011b po&nbsp;\u201emal\u00e9 revizi\u201c?<\/h2>\n\n\n\n<p style=\"font-size:15px\">M\u016f\u017eete <strong>beze zm\u011bn<\/strong> pou\u017e\u00edvat na\u0161e st\u00e1vaj\u00edc\u00ed u\u010debnice. Maj\u00ed<strong> <\/strong><a href=\"https:\/\/www.nns.cz\/dolozky\/\" target=\"_blank\" rel=\"noreferrer noopener\">platn\u00e9 dolo\u017eky M\u0160MT<\/a>, kter\u00e9 v\u010das prodlu\u017eujeme, a&nbsp;umo\u017e\u0148uj\u00ed dosahovat napl\u0148ov\u00e1n\u00ed v\u0161ech o\u010dek\u00e1van\u00fdch v\u00fdstup\u016f.<\/p>\n\n\n\n<h3 class=\"wp-block-heading has-medium-font-size\"><strong>Abychom V\u00e1m usnadnili napl\u0148ov\u00e1n\u00ed po\u017eadavk\u016f &#8222;mal\u00e9 revize&#8220;, p\u0159ipravili jsme pro V\u00e1s:<\/strong><\/h3>\n\n\n\n<div class=\"wp-block-columns is-layout-flex wp-container-core-columns-is-layout-9d6595d7 wp-block-columns-is-layout-flex\">\n<div class=\"wp-block-column is-layout-flow wp-block-column-is-layout-flow\">\n<h3 class=\"wp-block-heading has-text-align-left has-background has-medium-font-size\" style=\"background-color:#fdddc0\"><a href=\"http:\/\/www.nns.cz\/digi\" data-type=\"link\" data-id=\"http:\/\/www.nns.cz\/digi\" target=\"_blank\" rel=\"noreferrer noopener\">N\u00e1m\u011bty na rozvoj digit\u00e1ln\u00edch kompetenc\u00ed dostupn\u00e9 na nns.cz\/digi<\/a><\/h3>\n<\/div>\n\n\n\n<div class=\"wp-block-column is-layout-flow wp-block-column-is-layout-flow\">\n<h3 class=\"wp-block-heading has-text-align-left has-background has-medium-font-size\" style=\"background-color:#c5d7ee\"><a href=\"https:\/\/ucebnice.online\/prizpusobeni-svp\/\" target=\"_blank\" rel=\"noreferrer noopener\">Funkci MIU\u010d+ umo\u017e\u0148uj\u00edc\u00ed p\u0159izp\u016fsoben\u00ed obsahu u\u010debnice Va\u0161emu \u0160VP<\/a><\/h3>\n<\/div>\n<\/div>\n\n\n\n<p style=\"font-size:15px\">Pro v\u00fduku <strong>nov\u00e9 informatiky<\/strong> jsme vydali \u0159adu u\u010debnic&nbsp;<strong>OBJEVUJEME INFORMATIKU s&nbsp;videon\u00e1vody<\/strong> doporu\u010denou pro&nbsp;<strong>4.&nbsp;a&nbsp;5.&nbsp;ro\u010dn\u00edky Z\u0160<\/strong>, ob\u011b u\u010debnice maj\u00ed platnou <strong>dolo\u017eku M\u0160MT<\/strong>. Aktu\u00e1ln\u00ed informace najdete na&nbsp;<strong><a href=\"https:\/\/www.objevujeme-informatiku.cz\/\" target=\"_blank\" rel=\"noreferrer noopener\">www.objevujeme-informatiku.cz<\/a><\/strong>.<\/p>\n\n\n<div class=\"inventory\" data-filter=\"false\" data-next=\"false\" data-cart=\"false\" data-ids=\"2189,2215,2214,2217,2216,2247,2263,2262,2265,2264\"><div class=\"inventory-list\"><div class=\"dummy\"><\/div><div class=\"dummy\"><\/div><div class=\"dummy\"><\/div><div class=\"dummy\"><\/div><div class=\"dummy\"><\/div><div class=\"dummy\"><\/div><div class=\"dummy\"><\/div><div class=\"dummy\"><\/div><div class=\"dummy\"><\/div><div class=\"dummy\"><\/div><\/div><\/div>\n","protected":false},"excerpt":{"rendered":"<p>Uv\u011bdomujeme si, \u017ee prob\u00edhaj\u00edc\u00ed zm\u011bny RVP ZV mohou vyvol\u00e1vat nejistotu. R\u00e1di bychom V\u00e1m na\u0161imi vzd\u011bl\u00e1vac\u00edmi materi\u00e1ly usnadnili p\u0159izp\u016fsoben\u00ed t\u011bmto zm\u011bn\u00e1m a&nbsp;t\u00edm tak\u00e9 dopomohli ke zlep\u0161ov\u00e1n\u00ed v\u00fdsledk\u016f u\u010den\u00ed Va\u0161ich \u017e\u00e1k\u016f. Na\u0161e u\u010debnice se d\u00edky QR k\u00f3d\u016fm a&nbsp;MIU\u010d+ pru\u017en\u011b p\u0159izp\u016fsobuj\u00ed zm\u011bn\u00e1m RVP ZV. Ucelen\u00e1 \u0159ada AMOS Umo\u017e\u0148uje v\u00fduku \u010desk\u00e9ho jazyka, matematiky a&nbsp;prvouky jednotn\u00fdm v\u00fdukov\u00fdm stylem&nbsp;nejen podle st\u00e1vaj\u00edcho [&hellip;]<\/p>\n","protected":false},"author":6,"featured_media":0,"parent":0,"menu_order":0,"comment_status":"closed","ping_status":"closed","template":"","meta":{"footnotes":""},"class_list":["post-19220","page","type-page","status-publish","hentry"],"_links":{"self":[{"href":"https:\/\/www.nns.cz\/blog\/wp-json\/wp\/v2\/pages\/19220","targetHints":{"allow":["GET"]}}],"collection":[{"href":"https:\/\/www.nns.cz\/blog\/wp-json\/wp\/v2\/pages"}],"about":[{"href":"https:\/\/www.nns.cz\/blog\/wp-json\/wp\/v2\/types\/page"}],"author":[{"embeddable":true,"href":"https:\/\/www.nns.cz\/blog\/wp-json\/wp\/v2\/users\/6"}],"replies":[{"embeddable":true,"href":"https:\/\/www.nns.cz\/blog\/wp-json\/wp\/v2\/comments?post=19220"}],"version-history":[{"count":67,"href":"https:\/\/www.nns.cz\/blog\/wp-json\/wp\/v2\/pages\/19220\/revisions"}],"predecessor-version":[{"id":20992,"href":"https:\/\/www.nns.cz\/blog\/wp-json\/wp\/v2\/pages\/19220\/revisions\/20992"}],"wp:attachment":[{"href":"https:\/\/www.nns.cz\/blog\/wp-json\/wp\/v2\/media?parent=19220"}],"curies":[{"name":"wp","href":"https:\/\/api.w.org\/{rel}","templated":true}]}}