{"id":1935,"date":"2012-04-18T12:57:19","date_gmt":"2012-04-18T10:57:19","guid":{"rendered":"http:\/\/nns.cz\/blog\/?page_id=1935"},"modified":"2016-09-27T21:37:50","modified_gmt":"2016-09-27T19:37:50","slug":"box4","status":"publish","type":"page","link":"https:\/\/www.nns.cz\/blog\/box4\/","title":{"rendered":"P\u00edsankov\u00e9 se\u0161ity 511+ a&nbsp;512+ s&nbsp;pomocn\u00fdmi linkami"},"content":{"rendered":"<p>P\u00edsankov\u00e9 se\u0161ity jsou ur\u010deny p\u0159edev\u0161\u00edm pro \u017e\u00e1ky 1.&nbsp;a&nbsp;2.&nbsp;ro\u010dn\u00edk\u016f Z\u0160. Jsou opat\u0159eny <strong>pomocn\u00fdmi linkami<\/strong>, <strong>r\u00e1me\u010dkem<\/strong> a&nbsp;<strong>speci\u00e1ln\u00ed podlo\u017ekou<\/strong> slou\u017e\u00edc\u00ed k&nbsp;n\u00e1cviku sklonu p\u00edsma. Pro lep\u0161\u00ed orientaci \u017e\u00e1ka v&nbsp;se\u0161it\u011b jsou jeho vnit\u0159n\u00ed strany dvoubarevn\u00e9. Pomocn\u00e9 linky ud\u00e1vaj\u00ed velikost p\u00edsmene p\u0159i&nbsp;psan\u00ed a&nbsp;umo\u017e\u0148uj\u00ed \u017e\u00e1k\u016fm soust\u0159edit se zejm\u00e9na na tvar a&nbsp;sklon p\u00edsmene.<\/p>\n<p><a href=\"https:\/\/www.nns.cz\/blog\/wp-content\/uploads\/pisankovy-sesit-s-pomocnymi-linkami-511-a-512.jpg\"><img loading=\"lazy\" decoding=\"async\" class=\"aligncenter size-full wp-image-4471\" title=\"pisankovy-sesit-s-pomocnymi-linkami-511-a-512\" src=\"https:\/\/www.nns.cz\/blog\/wp-content\/uploads\/pisankovy-sesit-s-pomocnymi-linkami-511-a-512.jpg\" alt=\"\" width=\"500\" height=\"205\" srcset=\"https:\/\/www.nns.cz\/blog\/wp-content\/uploads\/pisankovy-sesit-s-pomocnymi-linkami-511-a-512.jpg 600w, https:\/\/www.nns.cz\/blog\/wp-content\/uploads\/pisankovy-sesit-s-pomocnymi-linkami-511-a-512-580x238.jpg 580w\" sizes=\"auto, (max-width: 500px) 100vw, 500px\" \/><\/a><\/p>\n<div class=\"inventory\" data-filter=\"false\" data-next=\"false\" data-cart=\"false\" data-ids=\"861, 862, 1112\"><div class=\"inventory-list\"><div class=\"dummy\"><\/div><div class=\"dummy\"><\/div><div class=\"dummy\"><\/div><\/div><\/div>\n<div class=\"inventory\" data-filter=\"false\" data-next=\"false\" data-cart=\"false\" data-ids=\"1113, 1114\"><div class=\"inventory-list\"><div class=\"dummy\"><\/div><div class=\"dummy\"><\/div><\/div><\/div>\n<div class=\"inventory\" data-filter=\"false\" data-next=\"false\" data-cart=\"false\" data-ids=\"1250,1251\"><div class=\"inventory-list\"><div class=\"dummy\"><\/div><div class=\"dummy\"><\/div><\/div><\/div>\n","protected":false},"excerpt":{"rendered":"<p>P\u00edsankov\u00e9 se\u0161ity jsou ur\u010deny p\u0159edev\u0161\u00edm pro \u017e\u00e1ky 1.&nbsp;a&nbsp;2.&nbsp;ro\u010dn\u00edk\u016f Z\u0160. Jsou opat\u0159eny pomocn\u00fdmi linkami, r\u00e1me\u010dkem a&nbsp;speci\u00e1ln\u00ed podlo\u017ekou slou\u017e\u00edc\u00ed k&nbsp;n\u00e1cviku sklonu p\u00edsma. Pro lep\u0161\u00ed orientaci \u017e\u00e1ka v&nbsp;se\u0161it\u011b jsou jeho vnit\u0159n\u00ed strany dvoubarevn\u00e9. Pomocn\u00e9 linky ud\u00e1vaj\u00ed velikost p\u00edsmene p\u0159i&nbsp;psan\u00ed a&nbsp;umo\u017e\u0148uj\u00ed \u017e\u00e1k\u016fm soust\u0159edit se zejm\u00e9na na tvar a&nbsp;sklon p\u00edsmene.<\/p>\n","protected":false},"author":5,"featured_media":0,"parent":0,"menu_order":0,"comment_status":"open","ping_status":"closed","template":"","meta":{"footnotes":""},"class_list":["post-1935","page","type-page","status-publish","hentry"],"_links":{"self":[{"href":"https:\/\/www.nns.cz\/blog\/wp-json\/wp\/v2\/pages\/1935","targetHints":{"allow":["GET"]}}],"collection":[{"href":"https:\/\/www.nns.cz\/blog\/wp-json\/wp\/v2\/pages"}],"about":[{"href":"https:\/\/www.nns.cz\/blog\/wp-json\/wp\/v2\/types\/page"}],"author":[{"embeddable":true,"href":"https:\/\/www.nns.cz\/blog\/wp-json\/wp\/v2\/users\/5"}],"replies":[{"embeddable":true,"href":"https:\/\/www.nns.cz\/blog\/wp-json\/wp\/v2\/comments?post=1935"}],"version-history":[{"count":34,"href":"https:\/\/www.nns.cz\/blog\/wp-json\/wp\/v2\/pages\/1935\/revisions"}],"predecessor-version":[{"id":9678,"href":"https:\/\/www.nns.cz\/blog\/wp-json\/wp\/v2\/pages\/1935\/revisions\/9678"}],"wp:attachment":[{"href":"https:\/\/www.nns.cz\/blog\/wp-json\/wp\/v2\/media?parent=1935"}],"curies":[{"name":"wp","href":"https:\/\/api.w.org\/{rel}","templated":true}]}}