{"id":2422,"date":"2010-06-16T14:15:10","date_gmt":"2010-06-16T12:15:10","guid":{"rendered":"http:\/\/nns.cz\/blog\/?page_id=2422"},"modified":"2012-04-16T11:32:40","modified_gmt":"2012-04-16T09:32:40","slug":"online-cviceni","status":"publish","type":"page","link":"https:\/\/www.nns.cz\/blog\/online-cviceni\/","title":{"rendered":"Online cvi\u010den\u00ed"},"content":{"rendered":"<p>Na adrese <a title=\"Online cvi\u010den\u00ed\" href=\"http:\/\/www.onlinecviceni.cz\" target=\"_blank\">www.onlinecviceni.cz<\/a> jsou p\u0159ipravena cvi\u010den\u00ed k&nbsp;procvi\u010dov\u00e1n\u00ed l\u00e1tky z&nbsp;r\u016fzn\u00fdch p\u0159edm\u011bt\u016f. Jedin\u00e9, co k&nbsp;jejich pou\u017eit\u00ed pot\u0159ebujete, je webov\u00fd prohl\u00ed\u017ee\u010d. Sta\u010d\u00ed jej nasm\u011brovat na uvedenou adresu a&nbsp;m\u016f\u017eete za\u010d\u00edt cvi\u010dit! Aktu\u00e1ln\u011b jsou p\u0159ipravena voln\u011b dostupn\u00e1 cvi\u010den\u00ed z&nbsp;\u010desk\u00e9ho jazyka a&nbsp;matematiky.<\/p>\n<p>Na ka\u017ed\u00e9 obrazovce se naho\u0159e zobrazuje ikona domku, kterou m\u016f\u017eete kdykoli pou\u017e\u00edt pro n\u00e1vrat na \u00favodn\u00ed str\u00e1nku. Na \u00favodn\u00ed str\u00e1nce si m\u016f\u017eete vybrat oblast, kterou chcete procvi\u010dovat. Pot\u00e9 budete p\u0159esm\u011brov\u00e1ni na seznam odpov\u00eddaj\u00edc\u00edch cvi\u010den\u00ed.<\/p>\n<p style=\"text-align: center;\"><a href=\"https:\/\/nns.cz\/blog\/wp-content\/uploads\/exc_list.png\"><img loading=\"lazy\" decoding=\"async\" class=\"size-medium wp-image-2413 aligncenter\" title=\"exc_list\" src=\"https:\/\/nns.cz\/blog\/wp-content\/uploads\/exc_list-600x251.png\" alt=\"\" width=\"600\" height=\"251\" srcset=\"https:\/\/www.nns.cz\/blog\/wp-content\/uploads\/exc_list-600x251.png 600w, https:\/\/www.nns.cz\/blog\/wp-content\/uploads\/exc_list-199x83.png 199w, https:\/\/www.nns.cz\/blog\/wp-content\/uploads\/exc_list.png 772w\" sizes=\"auto, (max-width: 600px) 100vw, 600px\" \/><\/a><\/p>\n<p>Poklep\u00e1n\u00edm na tla\u010d\u00edtko &#8222;Procvi\u010dit&#8220; ji\u017e m\u016f\u017eete za\u010d\u00edt \u0159e\u0161it zvolen\u00e9 cvi\u010den\u00ed. Ve cvi\u010den\u00edch ozna\u010den\u00fdch v&nbsp;seznamu jako XXa \u017e\u00e1k vypl\u0148uje \u0159e\u0161en\u00ed do pr\u00e1zdn\u00fdch textov\u00fdch pol\u00ed, ve cvi\u010den\u00edch XXb vyb\u00edr\u00e1 spr\u00e1vnou odpov\u011b\u010f z&nbsp;n\u011bkolika nab\u00edzen\u00fdch voleb.<\/p>\n<p style=\"text-align: center;\"><a href=\"https:\/\/nns.cz\/blog\/wp-content\/uploads\/exc_sol.png\"><img loading=\"lazy\" decoding=\"async\" class=\"size-medium wp-image-2414 aligncenter\" title=\"exc_sol\" src=\"https:\/\/nns.cz\/blog\/wp-content\/uploads\/exc_sol.png\" alt=\"\" width=\"398\" height=\"241\" srcset=\"https:\/\/www.nns.cz\/blog\/wp-content\/uploads\/exc_sol.png 514w, https:\/\/www.nns.cz\/blog\/wp-content\/uploads\/exc_sol-200x121.png 200w\" sizes=\"auto, (max-width: 398px) 100vw, 398px\" \/><\/a><\/p>\n<p>Po doko\u010den\u00ed cvi\u010den\u00ed \u017e\u00e1k stiskne tla\u010d\u00edtko zkontrolovat a&nbsp;syst\u00e9m vyhodnot\u00ed jeho \u00fasp\u011b\u0161nost a&nbsp;nav\u00edc u&nbsp;jednotliv\u00fdch odpov\u011bd\u00ed zobraz\u00ed vysv\u011btluj\u00edc\u00ed koment\u00e1\u0159e.<\/p>\n<p style=\"text-align: center;\"><a href=\"https:\/\/nns.cz\/blog\/wp-content\/uploads\/exc_chk.png\"><img loading=\"lazy\" decoding=\"async\" class=\"size-medium wp-image-2415 aligncenter\" title=\"exc_chk\" src=\"https:\/\/nns.cz\/blog\/wp-content\/uploads\/exc_chk-600x237.png\" alt=\"\" width=\"474\" height=\"187\" srcset=\"https:\/\/www.nns.cz\/blog\/wp-content\/uploads\/exc_chk-600x237.png 600w, https:\/\/www.nns.cz\/blog\/wp-content\/uploads\/exc_chk-200x79.png 200w, https:\/\/www.nns.cz\/blog\/wp-content\/uploads\/exc_chk.png 676w\" sizes=\"auto, (max-width: 474px) 100vw, 474px\" \/><\/a><\/p>\n","protected":false},"excerpt":{"rendered":"<p>Na adrese www.onlinecviceni.cz jsou p\u0159ipravena cvi\u010den\u00ed k&nbsp;procvi\u010dov\u00e1n\u00ed l\u00e1tky z&nbsp;r\u016fzn\u00fdch p\u0159edm\u011bt\u016f. Jedin\u00e9, co k&nbsp;jejich pou\u017eit\u00ed pot\u0159ebujete, je webov\u00fd prohl\u00ed\u017ee\u010d. Sta\u010d\u00ed jej nasm\u011brovat na uvedenou adresu a&nbsp;m\u016f\u017eete za\u010d\u00edt cvi\u010dit! Aktu\u00e1ln\u011b jsou p\u0159ipravena voln\u011b dostupn\u00e1 cvi\u010den\u00ed z&nbsp;\u010desk\u00e9ho jazyka a&nbsp;matematiky. Na ka\u017ed\u00e9 obrazovce se naho\u0159e zobrazuje ikona domku, kterou m\u016f\u017eete kdykoli pou\u017e\u00edt pro n\u00e1vrat na \u00favodn\u00ed str\u00e1nku. Na \u00favodn\u00ed [&hellip;]<\/p>\n","protected":false},"author":5,"featured_media":0,"parent":0,"menu_order":0,"comment_status":"open","ping_status":"closed","template":"","meta":{"footnotes":""},"class_list":["post-2422","page","type-page","status-publish","hentry"],"_links":{"self":[{"href":"https:\/\/www.nns.cz\/blog\/wp-json\/wp\/v2\/pages\/2422","targetHints":{"allow":["GET"]}}],"collection":[{"href":"https:\/\/www.nns.cz\/blog\/wp-json\/wp\/v2\/pages"}],"about":[{"href":"https:\/\/www.nns.cz\/blog\/wp-json\/wp\/v2\/types\/page"}],"author":[{"embeddable":true,"href":"https:\/\/www.nns.cz\/blog\/wp-json\/wp\/v2\/users\/5"}],"replies":[{"embeddable":true,"href":"https:\/\/www.nns.cz\/blog\/wp-json\/wp\/v2\/comments?post=2422"}],"version-history":[{"count":9,"href":"https:\/\/www.nns.cz\/blog\/wp-json\/wp\/v2\/pages\/2422\/revisions"}],"predecessor-version":[{"id":2872,"href":"https:\/\/www.nns.cz\/blog\/wp-json\/wp\/v2\/pages\/2422\/revisions\/2872"}],"wp:attachment":[{"href":"https:\/\/www.nns.cz\/blog\/wp-json\/wp\/v2\/media?parent=2422"}],"curies":[{"name":"wp","href":"https:\/\/api.w.org\/{rel}","templated":true}]}}