{"id":255,"date":"2009-01-12T02:51:24","date_gmt":"2009-01-12T01:51:24","guid":{"rendered":"http:\/\/nns.cz\/blog\/?page_id=255"},"modified":"2026-03-03T12:33:34","modified_gmt":"2026-03-03T10:33:34","slug":"informace-ucebnice","status":"publish","type":"page","link":"https:\/\/www.nns.cz\/blog\/informace-ucebnice\/","title":{"rendered":"U\u010debnice a&nbsp;pracovn\u00ed se\u0161ity"},"content":{"rendered":"\n<p>Vyd\u00e1v\u00e1me pro V\u00e1s n\u011bkolik stovek u\u010debnic a&nbsp;pracovn\u00edch se\u0161it\u016f pro p\u0159ed\u0161kol\u00e1ky, pro 1.&nbsp;a\u017e 9.&nbsp;ro\u010dn\u00edk Z\u0160 a&nbsp;odpov\u00eddaj\u00edc\u00ed ro\u010dn\u00edky v\u00edcelet\u00fdch gymn\u00e1zi\u00ed. Vyberte si pros\u00edm p\u0159edm\u011bt, kter\u00fd V\u00e1s zaj\u00edm\u00e1:<\/p>\n\n\n\n<h1 class=\"wp-block-heading has-background has-medium-font-size\" style=\"background-color:#ffe7a6\"><strong>P\u0159ed\u0161koln\u00ed vzd\u011bl\u00e1v\u00e1n\u00ed<\/strong><\/h1>\n\n\n\n<h2 class=\"wp-block-heading\"><a href=\"https:\/\/www.nns.cz\/blog\/predskolni-vzdelavani\/pro-predskolaky-zapis-je-tu\/\">Jsem P\u0159ed\u0161kol\u00e1k<\/a><\/h2>\n\n\n\n<h1 class=\"wp-block-heading has-background\" style=\"background-color:#ffe7a6;font-size:30px\"><strong>1.&nbsp;stupe\u0148 Z\u0160<\/strong><\/h1>\n\n\n\n<h2 class=\"wp-block-heading has-background\" style=\"background-color:#d3bddc\"><a href=\"https:\/\/nns.cz\/amos\" target=\"_blank\" rel=\"noreferrer noopener\">AMOS Ucelen\u00fd soubor vzd\u011bl\u00e1vac\u00edch materi\u00e1l\u016f pro 1.&nbsp;ro\u010dn\u00edk<\/a><\/h2>\n\n\n\n<div class=\"wp-block-columns is-layout-flex wp-container-core-columns-is-layout-9d6595d7 wp-block-columns-is-layout-flex\">\n<div class=\"wp-block-column is-layout-flow wp-block-column-is-layout-flow\">\n<h2 class=\"wp-block-heading has-background\" style=\"background-color:#fcad8d\"><a href=\"https:\/\/www.nns.cz\/blog\/cesky-jazyk-1-stupen\/\">\u010cesk\u00fd jazyk<\/a> <\/h2>\n\n\n\n<h2 class=\"wp-block-heading has-background\" style=\"background-color:#fcad8d\"><a href=\"https:\/\/www.nns.cz\/blog\/anglicky-jazyk\/\">Anglick\u00fd jazyk<\/a><\/h2>\n\n\n\n<h2 class=\"wp-block-heading has-pale-cyan-blue-background-color has-background\"><a href=\"https:\/\/www.nns.cz\/blog\/matematika-1-stupen\/\">Matematika<\/a> <\/h2>\n\n\n\n<h2 class=\"wp-block-heading has-pale-cyan-blue-background-color has-background\"><a href=\"http:\/\/www.objevujeme-informatiku.cz\/\">Informatika<\/a><\/h2>\n<\/div>\n\n\n\n<div class=\"wp-block-column is-layout-flow wp-block-column-is-layout-flow\">\n<h2 class=\"wp-block-heading has-background\" style=\"background-color:#9fdca7\"><a href=\"https:\/\/www.nns.cz\/blog\/prvouka\/\">Prvouka<\/a> <\/h2>\n\n\n\n<h2 class=\"wp-block-heading has-background\" style=\"background-color:#9fdca7\"><a href=\"https:\/\/www.nns.cz\/blog\/prirodoveda\/\">P\u0159\u00edrodov\u011bda<\/a><\/h2>\n\n\n\n<h2 class=\"wp-block-heading has-background\" style=\"background-color:#9fdca7\"><a href=\"https:\/\/www.nns.cz\/blog\/vlastiveda\/\">Vlastiv\u011bda<\/a><\/h2>\n\n\n\n<h2 class=\"wp-block-heading has-background\" style=\"background-color:#c79ce5\"><a href=\"https:\/\/www.nns.cz\/blog\/hudebni-vychova\/\">Hudebn\u00ed v\u00fdchova<\/a> <\/h2>\n<\/div>\n<\/div>\n\n\n\n<h2 class=\"wp-block-heading has-background\" style=\"background-color:#9eb7fe\"><a href=\"https:\/\/www.nns.cz\/blog\/zakovske-knizky-a-ukolnicky\/\">\u017d\u00e1kovsk\u00e9 kn\u00ed\u017eky a&nbsp;\u00fakoln\u00ed\u010dky, obaly, se\u0161ity a&nbsp;dal\u0161\u00ed pom\u016fcky<\/a><\/h2>\n\n\n\n<h1 class=\"wp-block-heading has-background\" style=\"background-color:#ffe7a6;font-size:30px\"><strong>2.&nbsp;stupe\u0148 Z\u0160 (a&nbsp;v\u00edcelet\u00e1 gymn\u00e1zia)<\/strong><\/h1>\n\n\n\n<div class=\"wp-block-group is-nowrap is-layout-flex wp-container-core-group-is-layout-ad2f72ca wp-block-group-is-layout-flex\">\n<figure class=\"wp-block-image\"><a href=\"https:\/\/www.nns.cz\/blog\/cesky-jazyk-2-stupen\/\" target=\"_blank\" rel=\"noopener\"><img loading=\"lazy\" decoding=\"async\" width=\"150\" height=\"150\" src=\"https:\/\/www.nns.cz\/blog\/wp-content\/uploads\/ikony-2stupen-cesky-jazyk150x150.png\" alt=\"\" class=\"wp-image-12733\"\/><\/a><\/figure>\n\n\n\n<figure class=\"wp-block-image\"><a href=\"https:\/\/www.nns.cz\/blog\/matematika-2-stupen\/\" target=\"_blank\" rel=\"noopener\"><img loading=\"lazy\" decoding=\"async\" width=\"150\" height=\"150\" src=\"https:\/\/www.nns.cz\/blog\/wp-content\/uploads\/ikony-2stupen-matematika150x150.png\" alt=\"\" class=\"wp-image-12730\"\/><\/a><\/figure>\n\n\n\n<figure class=\"wp-block-image\"><a href=\"https:\/\/www.nns.cz\/blog\/dejepis\/\" target=\"_blank\" rel=\"noopener\"><img loading=\"lazy\" decoding=\"async\" width=\"150\" height=\"150\" src=\"https:\/\/www.nns.cz\/blog\/wp-content\/uploads\/ikony-2stupen-dejepis-150x150.png\" alt=\"\" class=\"wp-image-12732\"\/><\/a><\/figure>\n\n\n\n<figure class=\"wp-block-image\"><a href=\"https:\/\/www.nns.cz\/blog\/vychova-k-obcanstvi\/\" target=\"_blank\" rel=\"noopener\"><img loading=\"lazy\" decoding=\"async\" width=\"150\" height=\"150\" src=\"https:\/\/www.nns.cz\/blog\/wp-content\/uploads\/ikony-2stupen-vychova-k-obcanstvi150x150.png\" alt=\"\" class=\"wp-image-12735\"\/><\/a><\/figure>\n\n\n\n<figure class=\"wp-block-image\"><a href=\"https:\/\/www.nns.cz\/blog\/chemie\/\" target=\"_blank\" rel=\"noopener\"><img loading=\"lazy\" decoding=\"async\" width=\"150\" height=\"150\" src=\"https:\/\/www.nns.cz\/blog\/wp-content\/uploads\/ikony-2stupen-chemie150x150.png\" alt=\"\" class=\"wp-image-12731\"\/><\/a><\/figure>\n\n\n\n<figure class=\"wp-block-image\"><a href=\"https:\/\/www.nns.cz\/blog\/prirodopis\/\" target=\"_blank\" rel=\"noopener\"><img loading=\"lazy\" decoding=\"async\" width=\"150\" height=\"150\" src=\"https:\/\/www.nns.cz\/blog\/wp-content\/uploads\/ikony-2stupen-prirodopis150x150.png\" alt=\"\" class=\"wp-image-12736\"\/><\/a><\/figure>\n\n\n\n<figure class=\"wp-block-image\"><a href=\"https:\/\/www.nns.cz\/blog\/zemepis\/\" target=\"_blank\" rel=\"noopener\"><img loading=\"lazy\" decoding=\"async\" width=\"150\" height=\"150\" src=\"https:\/\/www.nns.cz\/blog\/wp-content\/uploads\/ikony-2stupen-zemepis150x150.png\" alt=\"\" class=\"wp-image-12734\"\/><\/a><\/figure>\n<\/div>\n\n\n\n<p><\/p>\n\n\n\n<p><\/p>\n\n\n\n<p class=\"has-background has-medium-font-size\" style=\"background-color:#fffea6\"><strong><a href=\"https:\/\/www.nns.cz\/blog\/akce\/akce-2025-s-nami-znovu-usetrite-hned-petkrat\/\">Akce 2026: S&nbsp;n\u00e1mi znovu u\u0161et\u0159\u00edte hned p\u011btkr\u00e1t<\/a><\/strong><\/p>\n\n\n\n<p class=\"has-background has-medium-font-size\" style=\"background-color:#ffe7a6\"><strong>Dal\u0161\u00ed informace<\/strong><\/p>\n\n\n\n<p><\/p>\n\n\n\n<div class=\"wp-block-columns is-layout-flex wp-container-core-columns-is-layout-9d6595d7 wp-block-columns-is-layout-flex\">\n<div class=\"wp-block-column is-layout-flow wp-block-column-is-layout-flow\">\n<p class=\"has-vivid-red-color has-text-color has-link-color wp-elements-fb16ff718e05d0d77e2251ad4105a834\" style=\"font-size:16px\"><strong>Usnadn\u011bn\u00ed pro v\u00fduku podle m\u011bn\u00edc\u00edch se RVP ZV<\/strong>:<\/p>\n<\/div>\n\n\n\n<div class=\"wp-block-column is-layout-flow wp-block-column-is-layout-flow\" style=\"flex-basis:40%\">\n<p style=\"font-size:16px\">V\u00edce na:  <a href=\"https:\/\/www.nns.cz\/blog\/nove-rvp-2025\/\" target=\"_blank\" rel=\"noreferrer noopener\">nns.cz\/novervp<\/a><\/p>\n<\/div>\n<\/div>\n\n\n\n<div class=\"wp-block-columns is-layout-flex wp-container-core-columns-is-layout-9d6595d7 wp-block-columns-is-layout-flex\">\n<div class=\"wp-block-column is-layout-flow wp-block-column-is-layout-flow\">\n<h3 class=\"wp-block-heading has-text-align-left has-background has-medium-font-size\" style=\"background-color:#fdddc0\"><a href=\"http:\/\/www.nns.cz\/digi\" data-type=\"link\" data-id=\"http:\/\/www.nns.cz\/digi\" target=\"_blank\" rel=\"noreferrer noopener\">N\u00e1m\u011bty na rozvoj digit\u00e1ln\u00edch kompetenc\u00ed dostupn\u00e9 na nns.cz\/digi<\/a><\/h3>\n<\/div>\n\n\n\n<div class=\"wp-block-column is-layout-flow wp-block-column-is-layout-flow\">\n<h3 class=\"wp-block-heading has-text-align-left has-background has-medium-font-size\" style=\"background-color:#c5d7ee\"><a href=\"https:\/\/ucebnice.online\/prizpusobeni-svp\/\" target=\"_blank\" rel=\"noreferrer noopener\">Funkce MIU\u010d+ umo\u017e\u0148uj\u00edc\u00ed p\u0159izp\u016fsoben\u00ed obsahu u\u010debnice va\u0161emu \u0160VP<\/a><\/h3>\n<\/div>\n<\/div>\n\n\n\n<p class=\"has-medium-font-size\">K ti\u0161t\u011bn\u00fdm u\u010debnic\u00edm vyd\u00e1v\u00e1me tak\u00e9 <a href=\"https:\/\/www.nns.cz\/blog\/miuc-plus\/\" target=\"_blank\" rel=\"noopener\">multimedi\u00e1ln\u00ed interaktivn\u00ed u\u010debnice (MIU\u010d+)<\/a>.<\/p>\n\n\n\n<p class=\"has-medium-font-size\"><strong>NOVINKY <\/strong>naleznete v&nbsp;<b><a href=\"https:\/\/www.nns.cz\/blog\/nove-tituly\/novinky-2023\/\">seznamu novinek<\/a>.<\/b><\/p>\n\n\n\n<p class=\"has-medium-font-size\">Pro ucelen\u00fd p\u0159ehled o&nbsp;na\u0161\u00ed tvorb\u011b m\u016f\u017eete tak\u00e9 prolistovat na\u0161i nab\u00eddku v&nbsp;<a href=\"https:\/\/nns.cz\/obchod\/?item=nabidka\">e-shopu<\/a>.<\/p>\n\n\n\n<p>&nbsp;<\/p>\n","protected":false},"excerpt":{"rendered":"<p>Vyd\u00e1v\u00e1me pro V\u00e1s n\u011bkolik stovek u\u010debnic a&nbsp;pracovn\u00edch se\u0161it\u016f pro p\u0159ed\u0161kol\u00e1ky, pro 1.&nbsp;a\u017e 9.&nbsp;ro\u010dn\u00edk Z\u0160 a&nbsp;odpov\u00eddaj\u00edc\u00ed ro\u010dn\u00edky v\u00edcelet\u00fdch gymn\u00e1zi\u00ed. Vyberte si pros\u00edm p\u0159edm\u011bt, kter\u00fd V\u00e1s zaj\u00edm\u00e1: P\u0159ed\u0161koln\u00ed vzd\u011bl\u00e1v\u00e1n\u00ed Jsem P\u0159ed\u0161kol\u00e1k 1.&nbsp;stupe\u0148 Z\u0160 AMOS Ucelen\u00fd soubor vzd\u011bl\u00e1vac\u00edch materi\u00e1l\u016f pro 1.&nbsp;ro\u010dn\u00edk \u010cesk\u00fd jazyk Anglick\u00fd jazyk Matematika Informatika Prvouka P\u0159\u00edrodov\u011bda Vlastiv\u011bda Hudebn\u00ed v\u00fdchova \u017d\u00e1kovsk\u00e9 kn\u00ed\u017eky a&nbsp;\u00fakoln\u00ed\u010dky, obaly, se\u0161ity a&nbsp;dal\u0161\u00ed [&hellip;]<\/p>\n","protected":false},"author":5,"featured_media":0,"parent":0,"menu_order":0,"comment_status":"open","ping_status":"open","template":"","meta":{"footnotes":""},"class_list":["post-255","page","type-page","status-publish","hentry"],"_links":{"self":[{"href":"https:\/\/www.nns.cz\/blog\/wp-json\/wp\/v2\/pages\/255","targetHints":{"allow":["GET"]}}],"collection":[{"href":"https:\/\/www.nns.cz\/blog\/wp-json\/wp\/v2\/pages"}],"about":[{"href":"https:\/\/www.nns.cz\/blog\/wp-json\/wp\/v2\/types\/page"}],"author":[{"embeddable":true,"href":"https:\/\/www.nns.cz\/blog\/wp-json\/wp\/v2\/users\/5"}],"replies":[{"embeddable":true,"href":"https:\/\/www.nns.cz\/blog\/wp-json\/wp\/v2\/comments?post=255"}],"version-history":[{"count":212,"href":"https:\/\/www.nns.cz\/blog\/wp-json\/wp\/v2\/pages\/255\/revisions"}],"predecessor-version":[{"id":20682,"href":"https:\/\/www.nns.cz\/blog\/wp-json\/wp\/v2\/pages\/255\/revisions\/20682"}],"wp:attachment":[{"href":"https:\/\/www.nns.cz\/blog\/wp-json\/wp\/v2\/media?parent=255"}],"curies":[{"name":"wp","href":"https:\/\/api.w.org\/{rel}","templated":true}]}}