{"id":269,"date":"2009-01-12T03:12:46","date_gmt":"2009-01-12T02:12:46","guid":{"rendered":"http:\/\/nns.cz\/blog\/napoveda\/"},"modified":"2011-04-28T11:48:14","modified_gmt":"2011-04-28T09:48:14","slug":"e-obchod-napoveda","status":"publish","type":"page","link":"https:\/\/www.nns.cz\/blog\/e-obchod-napoveda\/","title":{"rendered":"N\u00e1pov\u011bda"},"content":{"rendered":"<p>Tato n\u00e1pov\u011bda je ur\u010dena pro odd\u00edl na\u0161eho webu e-shop, kde si m\u016f\u017eete vyhled\u00e1vat, prohl\u00ed\u017eet a&nbsp;objedn\u00e1vat tituly z&nbsp;na\u0161\u00ed nab\u00eddky. V&nbsp;brzk\u00e9 dob\u011b pl\u00e1nujeme vylep\u0161en\u00ed na\u0161eho e-shopu.<\/p>\n<p><a href=\"https:\/\/nns.cz\/obchod\/?item=prihlasit\">P\u0159ihl\u00e1\u0161en\u00ed<\/a><\/p>\n<ul>\n<li>zde se jako registrovan\u00ed u\u017eivatel\u00e9 m\u016f\u017eete p\u0159ihl\u00e1sit<\/li>\n<li>p\u0159ihl\u00e1\u0161en\u00ed je nutn\u00e9 pro objedn\u00e1v\u00e1n\u00ed a&nbsp;<a href=\"https:\/\/nns.cz\/obchod\/index.php?item=prihlasit&amp;mode=regdvd\">registraci DVD<\/a><\/li>\n<li>pros\u00edm\u00a0chra\u0148te sv\u00e9 p\u0159ihla\u0161ovac\u00ed \u00fadaje p\u0159ed zneu\u017eit\u00edm<\/li>\n<\/ul>\n<p><a href=\"https:\/\/nns.cz\/obchod\/?item=zaregistrovat\">Registrace<\/a><\/p>\n<ul>\n<li>i u\u017eivatel\u00e9 bez registrace maj\u00ed samoz\u0159ejm\u011b umo\u017en\u011bn p\u0159\u00edstup na na\u0161e str\u00e1nky<\/li>\n<li>registrace\u00a0je nutn\u00e1 pro objedn\u00e1v\u00e1n\u00ed a&nbsp;<a href=\"https:\/\/nns.cz\/obchod\/index.php?item=prihlasit&amp;mode=regdvd\">registraci DVD<\/a><\/li>\n<\/ul>\n<p><a href=\"https:\/\/nns.cz\/obchod\/?item=vyhledavani\"><span style=\"color: #0066cc;\">Vyhled\u00e1v\u00e1n\u00ed zbo\u017e\u00ed<\/span><\/a><\/p>\n<ul>\n<li>v sou\u010dasn\u00e9 dob\u011b umo\u017e\u0148uje vyhled\u00e1vat fulltextem v&nbsp;n\u00e1zvech titul\u016f<\/li>\n<\/ul>\n<p><a href=\"https:\/\/nns.cz\/obchod\/?item=nabidka\">Prohl\u00ed\u017een\u00ed\/objedn\u00e1vka zbo\u017e\u00ed<\/a><\/p>\n<ul>\n<li>zde m\u016f\u017eete prohl\u00ed\u017eet n\u00e1\u0161 sortiment, nejprve zvolte <strong>ro\u010dn\u00edk<\/strong> pak fakultativn\u011b pro omezen\u00ed po\u010dtu vyhledan\u00fdch titul\u016f <strong>p\u0159edm\u011bt<\/strong><\/li>\n<\/ul>\n<p>Rychl\u00e1 objedn\u00e1vka<\/p>\n<ul>\n<li>sekce je ve v\u00fdstavb\u011b<\/li>\n<li>bude umo\u017en\u011bno &#8222;objedn\u00e1vat rychle a&nbsp;snadno&#8220;<\/li>\n<\/ul>\n<p><a href=\"https:\/\/nns.cz\/obchod\/?item=nakupni-kosik\">N\u00e1kupn\u00ed ko\u0161\u00edk<\/a><\/p>\n<ul>\n<li>zobrazuje zbo\u017e\u00ed v&nbsp;ko\u0161\u00edku<\/li>\n<li>n\u00e1kupn\u00ed ko\u0161\u00edk se zobrazuje i&nbsp;v&nbsp;lev\u00e9m panelu str\u00e1nky<\/li>\n<\/ul>\n<p><a href=\"https:\/\/nns.cz\/obchod\/?item=objednavky\">Moje objedn\u00e1vky<\/a><\/p>\n<ul>\n<li>sekce obsahuje Va\u0161e d\u0159\u00edv\u011bj\u0161\u00ed objedn\u00e1vky<\/li>\n<\/ul>\n<p><a href=\"Obchodn\u00ed podm\u00ednky\">Obchodn\u00ed podm\u00ednky<\/a><\/p>\n<ul>\n<li>omlouv\u00e1me se sekce je ve v\u00fdstavb\u011b<\/li>\n<\/ul>\n","protected":false},"excerpt":{"rendered":"<p>Tato n\u00e1pov\u011bda je ur\u010dena pro odd\u00edl na\u0161eho webu e-shop, kde si m\u016f\u017eete vyhled\u00e1vat, prohl\u00ed\u017eet a&nbsp;objedn\u00e1vat tituly z&nbsp;na\u0161\u00ed nab\u00eddky. V&nbsp;brzk\u00e9 dob\u011b pl\u00e1nujeme vylep\u0161en\u00ed na\u0161eho e-shopu. P\u0159ihl\u00e1\u0161en\u00ed zde se jako registrovan\u00ed u\u017eivatel\u00e9 m\u016f\u017eete p\u0159ihl\u00e1sit p\u0159ihl\u00e1\u0161en\u00ed je nutn\u00e9 pro objedn\u00e1v\u00e1n\u00ed a&nbsp;registraci DVD pros\u00edm\u00a0chra\u0148te sv\u00e9 p\u0159ihla\u0161ovac\u00ed \u00fadaje p\u0159ed zneu\u017eit\u00edm Registrace i&nbsp;u\u017eivatel\u00e9 bez registrace maj\u00ed samoz\u0159ejm\u011b umo\u017en\u011bn p\u0159\u00edstup na [&hellip;]<\/p>\n","protected":false},"author":5,"featured_media":0,"parent":0,"menu_order":0,"comment_status":"open","ping_status":"open","template":"","meta":{"footnotes":""},"class_list":["post-269","page","type-page","status-publish","hentry"],"_links":{"self":[{"href":"https:\/\/www.nns.cz\/blog\/wp-json\/wp\/v2\/pages\/269","targetHints":{"allow":["GET"]}}],"collection":[{"href":"https:\/\/www.nns.cz\/blog\/wp-json\/wp\/v2\/pages"}],"about":[{"href":"https:\/\/www.nns.cz\/blog\/wp-json\/wp\/v2\/types\/page"}],"author":[{"embeddable":true,"href":"https:\/\/www.nns.cz\/blog\/wp-json\/wp\/v2\/users\/5"}],"replies":[{"embeddable":true,"href":"https:\/\/www.nns.cz\/blog\/wp-json\/wp\/v2\/comments?post=269"}],"version-history":[{"count":22,"href":"https:\/\/www.nns.cz\/blog\/wp-json\/wp\/v2\/pages\/269\/revisions"}],"predecessor-version":[{"id":272,"href":"https:\/\/www.nns.cz\/blog\/wp-json\/wp\/v2\/pages\/269\/revisions\/272"}],"wp:attachment":[{"href":"https:\/\/www.nns.cz\/blog\/wp-json\/wp\/v2\/media?parent=269"}],"curies":[{"name":"wp","href":"https:\/\/api.w.org\/{rel}","templated":true}]}}