{"id":3539,"date":"2011-09-13T15:49:48","date_gmt":"2011-09-13T13:49:48","guid":{"rendered":"http:\/\/nns.cz\/blog\/?page_id=3539"},"modified":"2026-03-25T00:04:25","modified_gmt":"2026-03-24T22:04:25","slug":"dejepis","status":"publish","type":"page","link":"https:\/\/www.nns.cz\/blog\/dejepis\/","title":{"rendered":"D\u011bjepis"},"content":{"rendered":"<div class=\"wp-block-image\">\n<figure class=\"aligncenter size-large\"><a href=\"https:\/\/www.nns.cz\/blog\/wp-content\/uploads\/NNS.CZ-Dejepis-2.-stupen-2026-.pdf\" target=\"_blank\" rel=\"noopener\"><img loading=\"lazy\" decoding=\"async\" width=\"1600\" height=\"2263\" src=\"https:\/\/www.nns.cz\/blog\/wp-content\/uploads\/NNS.CZ-Dejepis-2.-stupen-2026--1600x2263.png\" alt=\"\" class=\"wp-image-20909\" srcset=\"https:\/\/www.nns.cz\/blog\/wp-content\/uploads\/NNS.CZ-Dejepis-2.-stupen-2026--1600x2263.png 1600w, https:\/\/www.nns.cz\/blog\/wp-content\/uploads\/NNS.CZ-Dejepis-2.-stupen-2026--1024x1448.png 1024w, https:\/\/www.nns.cz\/blog\/wp-content\/uploads\/NNS.CZ-Dejepis-2.-stupen-2026--400x566.png 400w, https:\/\/www.nns.cz\/blog\/wp-content\/uploads\/NNS.CZ-Dejepis-2.-stupen-2026--768x1086.png 768w, https:\/\/www.nns.cz\/blog\/wp-content\/uploads\/NNS.CZ-Dejepis-2.-stupen-2026--1086x1536.png 1086w, https:\/\/www.nns.cz\/blog\/wp-content\/uploads\/NNS.CZ-Dejepis-2.-stupen-2026--1448x2048.png 1448w, https:\/\/www.nns.cz\/blog\/wp-content\/uploads\/NNS.CZ-Dejepis-2.-stupen-2026--scaled.png 1810w\" sizes=\"auto, (max-width: 1600px) 100vw, 1600px\" \/><\/a><\/figure><\/div>\n\n\n<p><strong><a href=\"https:\/\/www.nns.cz\/blog\/wp-content\/uploads\/NNS.CZ-Dejepis-2.-stupen-2026-.pdf\" target=\"_blank\" rel=\"noreferrer noopener\">Zde si m\u016f\u017eete st\u00e1hnout odpov\u00eddaj\u00edc\u00ed str\u00e1nky katalogu pro 2.&nbsp;stupe\u0148.<\/a><\/strong><\/p>\n\n\n\n<p class=\"has-medium-font-size\">M\u016f\u017eete vyu\u017e\u00edt&nbsp;<strong>ak\u010dn\u00ed nab\u00eddky<\/strong>&nbsp;pro n\u00e1kup <strong>barevn\u00fdch<\/strong> pracovn\u00edch se\u0161it\u016f d\u011bjepisu:<\/p>\n\n\n<div class=\"wp-block-image\">\n<figure class=\"aligncenter\"><img loading=\"lazy\" decoding=\"async\" width=\"1024\" height=\"212\" src=\"https:\/\/www.nns.cz\/blog\/wp-content\/uploads\/pracovni-sesity-vyhody-1024x212.png\" alt=\"\" class=\"wp-image-18389\" srcset=\"https:\/\/www.nns.cz\/blog\/wp-content\/uploads\/pracovni-sesity-vyhody-1024x212.png 1024w, https:\/\/www.nns.cz\/blog\/wp-content\/uploads\/pracovni-sesity-vyhody-1600x330.png 1600w, https:\/\/www.nns.cz\/blog\/wp-content\/uploads\/pracovni-sesity-vyhody-300x62.png 300w, https:\/\/www.nns.cz\/blog\/wp-content\/uploads\/pracovni-sesity-vyhody-768x159.png 768w, https:\/\/www.nns.cz\/blog\/wp-content\/uploads\/pracovni-sesity-vyhody-1536x317.png 1536w, https:\/\/www.nns.cz\/blog\/wp-content\/uploads\/pracovni-sesity-vyhody-2048x423.png 2048w\" sizes=\"auto, (max-width: 1024px) 100vw, 1024px\" \/><\/figure><\/div>\n\n<div class=\"inventory\" data-filter=\"false\" data-next=\"false\" data-cart=\"false\" data-ids=\"1552, 1564, 1580, 1588\"><div class=\"inventory-list\"><div class=\"dummy\"><\/div><div class=\"dummy\"><\/div><div class=\"dummy\"><\/div><div class=\"dummy\"><\/div><\/div><\/div>\n\n\n\n<h1 class=\"wp-block-heading has-large-font-size\">Ucelen\u00e1 \u0159ada<\/h1>\n\n\n\n<p><strong>Ucelen\u00e1 \u0159ada u\u010debnic a&nbsp;barevn\u00fdch pracovn\u00edch se\u0161it\u016f a&nbsp;MIU\u010d+ d\u011bjepisu <\/strong>je <strong>koncipov\u00e1na v&nbsp;souladu s&nbsp;RVP ZV<\/strong>. U\u010debnice maj\u00ed platn\u00e9 <strong>schvalovac\u00ed dolo\u017eky M\u0160MT<\/strong>. D\u011bjiny jsou \u017e\u00e1k\u016fm pod\u00e1ny srozumiteln\u00fdm jazykem a&nbsp;v&nbsp;co nejjednodu\u0161\u0161\u00ed form\u011b. V&nbsp;u\u010debnic\u00edch nen\u00ed kladen d\u016fraz na osobnosti a&nbsp;data, ale na hled\u00e1n\u00ed p\u0159\u00ed\u010din a&nbsp;souvislost\u00ed historick\u00fdch ud\u00e1lost\u00ed i&nbsp;na ka\u017edodenn\u00ed \u017eivot. Jednotliv\u00e9 kapitoly obsahuj\u00ed tak\u00e9 n\u00e1zorn\u00e1 sch\u00e9mata, mapy, fotografie a&nbsp;obr\u00e1zky. Nav\u00edc zahrnuj\u00ed mezip\u0159edm\u011btov\u00e9 vazby formou odkaz\u016f na koresponduj\u00edc\u00ed u\u010divo v&nbsp;ostatn\u00edch u\u010debnic\u00edch z&nbsp;\u0159ady, pr\u016f\u0159ezov\u00e1 t\u00e9mata, skupinov\u00e9 \u00fakoly, pojmy v&nbsp;angli\u010dtin\u011b a&nbsp;n\u011bm\u010din\u011b, opakovac\u00ed \u00fakoly, zaj\u00edmavosti, pr\u00e1ci s&nbsp;internetem, pr\u00e1ce s&nbsp;mapou, o\u010dek\u00e1van\u00e9 v\u00fdstupy, kl\u00ed\u010dov\u00e9 kompetence a&nbsp;n\u00e1vrhy projekt\u016f. P\u0159ipraveny jsou i&nbsp;pom\u016fcky &#8211; \u010dasov\u00e9 p\u0159\u00edmky a&nbsp;mapy.<\/p>\n\n\n\n<div class=\"wp-block-columns is-layout-flex wp-container-core-columns-is-layout-9d6595d7 wp-block-columns-is-layout-flex\">\n<div class=\"wp-block-column is-layout-flow wp-block-column-is-layout-flow\">\n<p class=\"has-vivid-red-color has-text-color has-link-color wp-elements-fb16ff718e05d0d77e2251ad4105a834\" style=\"font-size:16px\"><strong>Usnadn\u011bn\u00ed pro v\u00fduku podle m\u011bn\u00edc\u00edch se RVP ZV<\/strong>:<\/p>\n<\/div>\n\n\n\n<div class=\"wp-block-column is-layout-flow wp-block-column-is-layout-flow\" style=\"flex-basis:40%\">\n<p style=\"font-size:16px\">V\u00edce na:  <a href=\"https:\/\/www.nns.cz\/blog\/nove-rvp-2025\/\" target=\"_blank\" rel=\"noreferrer noopener\">nns.cz\/novervp<\/a><\/p>\n<\/div>\n<\/div>\n\n\n\n<div class=\"wp-block-columns is-layout-flex wp-container-core-columns-is-layout-9d6595d7 wp-block-columns-is-layout-flex\">\n<div class=\"wp-block-column is-layout-flow wp-block-column-is-layout-flow\">\n<h3 class=\"wp-block-heading has-text-align-left has-background has-medium-font-size\" style=\"background-color:#fdddc0\"><a href=\"http:\/\/www.nns.cz\/digi\" data-type=\"link\" data-id=\"http:\/\/www.nns.cz\/digi\" target=\"_blank\" rel=\"noreferrer noopener\">N\u00e1m\u011bty na rozvoj digit\u00e1ln\u00edch kompetenc\u00ed dostupn\u00e9 na nns.cz\/digi<\/a><\/h3>\n<\/div>\n\n\n\n<div class=\"wp-block-column is-layout-flow wp-block-column-is-layout-flow\">\n<h3 class=\"wp-block-heading has-text-align-left has-background has-medium-font-size\" style=\"background-color:#c5d7ee\"><a href=\"https:\/\/ucebnice.online\/prizpusobeni-svp\/\" target=\"_blank\" rel=\"noreferrer noopener\">Funkce MIU\u010d+ umo\u017e\u0148uj\u00edc\u00ed p\u0159izp\u016fsoben\u00ed obsahu u\u010debnice va\u0161emu \u0160VP<\/a><\/h3>\n<\/div>\n<\/div>\n\n\n\n<figure class=\"wp-block-image size-large\"><a href=\"https:\/\/www.nns.cz\/blog\/wp-content\/uploads\/prehled-ucebnic-dejepisu.png\" target=\"_blank\" rel=\"noopener\"><img loading=\"lazy\" decoding=\"async\" width=\"1024\" height=\"425\" src=\"https:\/\/www.nns.cz\/blog\/wp-content\/uploads\/prehled-ucebnic-dejepisu-1024x425.png\" alt=\"\" class=\"wp-image-11381\" srcset=\"https:\/\/www.nns.cz\/blog\/wp-content\/uploads\/prehled-ucebnic-dejepisu-1024x425.png 1024w, https:\/\/www.nns.cz\/blog\/wp-content\/uploads\/prehled-ucebnic-dejepisu-580x241.png 580w, https:\/\/www.nns.cz\/blog\/wp-content\/uploads\/prehled-ucebnic-dejepisu-600x249.png 600w, https:\/\/www.nns.cz\/blog\/wp-content\/uploads\/prehled-ucebnic-dejepisu-768x319.png 768w, https:\/\/www.nns.cz\/blog\/wp-content\/uploads\/prehled-ucebnic-dejepisu-1320x548.png 1320w, https:\/\/www.nns.cz\/blog\/wp-content\/uploads\/prehled-ucebnic-dejepisu.png 1600w\" sizes=\"auto, (max-width: 1024px) 100vw, 1024px\" \/><\/a><\/figure>\n\n\n<div class=\"wp-block-image\">\n<figure class=\"alignright is-resized\"><a href=\"#kotvaMIUC+\"><img loading=\"lazy\" decoding=\"async\" width=\"580\" height=\"201\" src=\"https:\/\/www.nns.cz\/blog\/wp-content\/uploads\/miuc2-580x201.jpg\" alt=\"\" class=\"wp-image-5635\" style=\"width:147px;height:auto\" srcset=\"https:\/\/www.nns.cz\/blog\/wp-content\/uploads\/miuc2-580x201.jpg 580w, https:\/\/www.nns.cz\/blog\/wp-content\/uploads\/miuc2-600x208.jpg 600w, https:\/\/www.nns.cz\/blog\/wp-content\/uploads\/miuc2.jpg 940w\" sizes=\"auto, (max-width: 580px) 100vw, 580px\" \/><\/a><\/figure><\/div>\n\n\n<p><\/p>\n\n\n\n<p>U\u010debnice s&nbsp; pracovn\u00edmi  se\u0161ity jsou dostupn\u011b tak\u00e9 jako <strong><a href=\"#kotvaMIUC+\">multimedi\u00e1ln\u00ed interaktivn\u00ed u\u010debnice (MIU\u010d+)<\/a><\/strong><\/p>\n\n\n\n<h1 class=\"wp-block-heading\">U\u010debnice<\/h1>\n\n\n<div class=\"inventory\" data-filter=\"false\" data-next=\"false\" data-cart=\"false\" data-ids=\"387, 407, 576, 398\"><div class=\"inventory-list\"><div class=\"dummy\"><\/div><div class=\"dummy\"><\/div><div class=\"dummy\"><\/div><div class=\"dummy\"><\/div><\/div><\/div>\n\n\n\n<p>Prost\u0159ednictv\u00edm ucelen\u00e9 \u0159ady u\u010debnic se sezn\u00e1m\u00edte s&nbsp;d\u011bjinami od nejstar\u0161\u00edch dob a\u017e po&nbsp;sou\u010dasnost srozumitelnou formou a&nbsp;v&nbsp;souvislostech.<\/p>\n\n\n\n<figure class=\"wp-block-image size-large\"><a href=\"https:\/\/www.nns.cz\/blog\/wp-content\/uploads\/ukazka-ucebnice-dejepisu-9.png\" target=\"_blank\" rel=\"noopener\"><img loading=\"lazy\" decoding=\"async\" width=\"774\" height=\"1024\" src=\"https:\/\/www.nns.cz\/blog\/wp-content\/uploads\/ukazka-ucebnice-dejepisu-9-774x1024.png\" alt=\"\" class=\"wp-image-11382\" srcset=\"https:\/\/www.nns.cz\/blog\/wp-content\/uploads\/ukazka-ucebnice-dejepisu-9-774x1024.png 774w, https:\/\/www.nns.cz\/blog\/wp-content\/uploads\/ukazka-ucebnice-dejepisu-9-580x767.png 580w, https:\/\/www.nns.cz\/blog\/wp-content\/uploads\/ukazka-ucebnice-dejepisu-9-600x794.png 600w, https:\/\/www.nns.cz\/blog\/wp-content\/uploads\/ukazka-ucebnice-dejepisu-9-768x1016.png 768w, https:\/\/www.nns.cz\/blog\/wp-content\/uploads\/ukazka-ucebnice-dejepisu-9-1320x1747.png 1320w, https:\/\/www.nns.cz\/blog\/wp-content\/uploads\/ukazka-ucebnice-dejepisu-9.png 1600w\" sizes=\"auto, (max-width: 774px) 100vw, 774px\" \/><\/a><\/figure>\n\n\n\n<p><\/p>\n\n\n\n<h1 class=\"wp-block-heading has-large-font-size\"><strong><a name=\"kotva02\"><\/a><span style=\"color: #993300;\">Barevn\u00e9 PRACOVN\u00cd SE\u0160ITY<\/span><\/strong><\/h1>\n\n\n<div class=\"wp-block-image\">\n<figure class=\"aligncenter size-large\"><img loading=\"lazy\" decoding=\"async\" width=\"1024\" height=\"368\" src=\"https:\/\/www.nns.cz\/blog\/wp-content\/uploads\/Ucelena-rada-Dejepis-1024x368.jpg\" alt=\"\" class=\"wp-image-12121\" srcset=\"https:\/\/www.nns.cz\/blog\/wp-content\/uploads\/Ucelena-rada-Dejepis-1024x368.jpg 1024w, https:\/\/www.nns.cz\/blog\/wp-content\/uploads\/Ucelena-rada-Dejepis-580x208.jpg 580w, https:\/\/www.nns.cz\/blog\/wp-content\/uploads\/Ucelena-rada-Dejepis-600x216.jpg 600w, https:\/\/www.nns.cz\/blog\/wp-content\/uploads\/Ucelena-rada-Dejepis-768x276.jpg 768w, https:\/\/www.nns.cz\/blog\/wp-content\/uploads\/Ucelena-rada-Dejepis-1320x474.jpg 1320w\" sizes=\"auto, (max-width: 1024px) 100vw, 1024px\" \/><\/figure><\/div>\n\n<div class=\"inventory\" data-filter=\"false\" data-next=\"false\" data-cart=\"false\" data-ids=\"1552, 1564, 1580, 1588\"><div class=\"inventory-list\"><div class=\"dummy\"><\/div><div class=\"dummy\"><\/div><div class=\"dummy\"><\/div><div class=\"dummy\"><\/div><\/div><\/div>\n\n\n\n<p><span style=\"color: #ff0000;\">Nov\u011b vyd\u00e1v\u00e1me <strong>pln\u011bbarevn\u00e9 verze<\/strong> pracovn\u00edch se\u0161it\u016f. Od p\u016fvodn\u00edch dvoubarevn\u00fdch se li\u0161\u00ed vyu\u017eit\u00edm pln\u00e9 barevnosti, jednotliv\u00e1 cvi\u010den\u00ed z\u016fst\u00e1vaj\u00ed v&nbsp;p\u016fvodn\u00ed, osv\u011bd\u010den\u00e9 podob\u011b.<\/span><\/p>\n\n\n<div class=\"wp-block-image\">\n<figure class=\"aligncenter\"><img loading=\"lazy\" decoding=\"async\" width=\"1024\" height=\"212\" src=\"https:\/\/www.nns.cz\/blog\/wp-content\/uploads\/pracovni-sesity-vyhody-1024x212.png\" alt=\"\" class=\"wp-image-18389\" srcset=\"https:\/\/www.nns.cz\/blog\/wp-content\/uploads\/pracovni-sesity-vyhody-1024x212.png 1024w, https:\/\/www.nns.cz\/blog\/wp-content\/uploads\/pracovni-sesity-vyhody-1600x330.png 1600w, https:\/\/www.nns.cz\/blog\/wp-content\/uploads\/pracovni-sesity-vyhody-300x62.png 300w, https:\/\/www.nns.cz\/blog\/wp-content\/uploads\/pracovni-sesity-vyhody-768x159.png 768w, https:\/\/www.nns.cz\/blog\/wp-content\/uploads\/pracovni-sesity-vyhody-1536x317.png 1536w, https:\/\/www.nns.cz\/blog\/wp-content\/uploads\/pracovni-sesity-vyhody-2048x423.png 2048w\" sizes=\"auto, (max-width: 1024px) 100vw, 1024px\" \/><\/figure><\/div>\n\n\n<p>Pracovn\u00ed se\u0161ity tvo\u0159\u00ed funk\u010dn\u00ed celek s&nbsp;jednotliv\u00fdmi u\u010debnicemi d\u011bjepisu. Jsou sou\u010d\u00e1st\u00ed&nbsp;ucelen\u00e9 \u0159ady u\u010debnic a&nbsp;pracovn\u00edch se\u0161it\u016f d\u011bjepisu, kter\u00e1 klade d\u016fraz na prov\u00e1zanost u\u010diva a&nbsp;jeho praktickou vyu\u017eitelnost a&nbsp;je vytvo\u0159ena v&nbsp;souladu s&nbsp;RVP ZV.<\/p>\n\n\n\n<p>Pracovn\u00ed se\u0161ity obsahuj\u00ed p\u0159edev\u0161\u00edm <strong>\u00fakoly k&nbsp;pochopen\u00ed a&nbsp;upev\u0148ov\u00e1n\u00ed u\u010diva<\/strong>. Tyto se\u0161ity je mo\u017en\u00e9 vyu\u017e\u00edt <strong>m\u00edsto vlastn\u00edho se\u0161itu \u017e\u00e1ka<\/strong>, jsou zde procvi\u010deny v\u0161echny z\u00e1kladn\u00ed pojmy z&nbsp;u\u010debnice. Vypln\u011bn\u00e9 \u00fakoly a&nbsp;cvi\u010den\u00ed si mohou \u017e\u00e1ci proch\u00e1zet, a&nbsp;tak si l\u00e1tku opakovat. \u00dakoly jsou zpracov\u00e1ny r\u016fznorodou formou (<em>v\u00fdb\u011br spr\u00e1vn\u00e9ho tvrzen\u00ed<\/em>, <em>dopl\u0148ov\u00e1n\u00ed<\/em>, <em>p\u0159i\u0159azov\u00e1n\u00ed<\/em>, <em>vysv\u011btlov\u00e1n\u00ed pojm\u016f<\/em>, <em>dopl\u0148ov\u00e1n\u00ed do sch\u00e9matu<\/em>, <em>testov\u00e9 ot\u00e1zky<\/em>, <em>tvo\u0159en\u00ed sch\u00e9mat a&nbsp;my\u0161lenkov\u00fdch map<\/em> aj.). Nechyb\u00ed osmism\u011brky a&nbsp;k\u0159\u00ed\u017eovky.<\/p>\n\n\n\n<p>V \u00favodu ka\u017ed\u00e9 kapitoly je kr\u00e1tk\u00fd text, kter\u00fd m\u00e1 nejen eduka\u010dn\u00ed, ale i&nbsp;motiva\u010dn\u00ed funkci.&nbsp;Pochopen\u00ed textu a&nbsp;navazuj\u00edc\u00ed \u00fakol <strong>rozv\u00edjej\u00ed \u010dten\u00e1\u0159skou gramotnost<\/strong>, stejn\u011b jako \u0159ada \u00fakol\u016f pracovn\u00edch se\u0161it\u016f, kter\u00e9 vych\u00e1zej\u00ed z&nbsp;porozum\u011bn\u00ed textu uveden\u00e9ho v&nbsp;u\u010debnici. Jednotliv\u00e9 celky jsou uzav\u0159eny <strong>souhrnn\u00fdm opakov\u00e1n\u00edm<\/strong> a&nbsp;<strong>sebehodnotic\u00ed tabulkou<\/strong>. \u00dakoly v&nbsp;pracovn\u00edch se\u0161itech podporuj\u00ed rozvoj d\u011bjepisn\u00e9 gramotnosti.<\/p>\n\n\n\n<p>Do pracovn\u00edch se\u0161it\u016f je vlo\u017eena&nbsp;<strong>\u010dasov\u00e1 osa<\/strong>, na kterou si budou \u017e\u00e1ci pr\u016fb\u011b\u017en\u011b zaznamen\u00e1vat jednotliv\u00e9 ud\u00e1losti a&nbsp;z\u00edskaj\u00ed&nbsp;tak celkov\u00fd p\u0159ehled o&nbsp;d\u011bjinn\u00fdch ud\u00e1lostech.<\/p>\n\n\n\n<p>Na ka\u017ed\u00e9 stran\u011b se\u0161itu jsou uvedeny <strong>odkazy na konkr\u00e9tn\u00ed strany v&nbsp;u\u010debnici<\/strong>. Na voln\u00e9 \u0159\u00e1dky um\u00edst\u011bn\u00e9 ve spodn\u00ed \u010d\u00e1sti stran si \u017e\u00e1ci mohou zapisovat sv\u00e9 <strong>pozn\u00e1mky<\/strong> k&nbsp;dan\u00e9mu t\u00e9matu.<\/p>\n\n\n\n<p>Uprost\u0159ed pracovn\u00edch se\u0161it\u016f D\u011bjepis 6, 7 a&nbsp;8 najdete <strong>\u010dty\u0159i p\u0159\u00edlohy<\/strong>:<\/p>\n\n\n\n<ul class=\"wp-block-list\">\n<li>shrnut\u00ed u\u010diva dan\u00e9ho ro\u010dn\u00edku,<\/li>\n\n\n\n<li>slep\u00e9 mapy s&nbsp;\u00fakoly,<\/li>\n\n\n\n<li>\u010dasovou osu,<\/li>\n\n\n\n<li>p\u0159ehled d\u011bjin dan\u00e9ho ro\u010dn\u00edku.<\/li>\n<\/ul>\n\n\n\n<div>Pracovn\u00ed se\u0161it D\u011bjepis 9 obsahuje <strong>\u0161est<\/strong><strong> p\u0159\u00edloh<\/strong>:<\/div>\n\n\n\n<div>\n<ul>\n<li>shrnut\u00ed u\u010diva tohoto ro\u010dn\u00edku,<\/li>\n<li>slep\u00e9 mapy s&nbsp;\u00fakoly,<\/li>\n<li>\u010dasovou osu,<\/li>\n<li>slovn\u00edk pojm\u016f,<\/li>\n<li>p\u0159ehled vybran\u00fdch ud\u00e1lost\u00ed,<\/li>\n<li>kalend\u00e1\u0159 2.&nbsp;sv\u011btov\u00e9 v\u00e1lky.<\/li>\n<\/ul>\n<\/div>\n\n\n<div class=\"wp-block-image\">\n<figure class=\"aligncenter size-large\"><a href=\"https:\/\/www.nns.cz\/blog\/wp-content\/uploads\/barevny-dejepis-8.jpg\"><img loading=\"lazy\" decoding=\"async\" width=\"1024\" height=\"959\" src=\"https:\/\/www.nns.cz\/blog\/wp-content\/uploads\/barevny-dejepis-8-1024x959.jpg\" alt=\"\" class=\"wp-image-11782\" srcset=\"https:\/\/www.nns.cz\/blog\/wp-content\/uploads\/barevny-dejepis-8-1024x959.jpg 1024w, https:\/\/www.nns.cz\/blog\/wp-content\/uploads\/barevny-dejepis-8-580x543.jpg 580w, https:\/\/www.nns.cz\/blog\/wp-content\/uploads\/barevny-dejepis-8-600x562.jpg 600w, https:\/\/www.nns.cz\/blog\/wp-content\/uploads\/barevny-dejepis-8-768x719.jpg 768w, https:\/\/www.nns.cz\/blog\/wp-content\/uploads\/barevny-dejepis-8-1320x1236.jpg 1320w\" sizes=\"auto, (max-width: 1024px) 100vw, 1024px\" \/><\/a><\/figure><\/div>\n\n<div class=\"inventory\" data-filter=\"false\" data-next=\"false\" data-cart=\"false\" data-ids=\"1552, 1564, 1580, 1588\"><div class=\"inventory-list\"><div class=\"dummy\"><\/div><div class=\"dummy\"><\/div><div class=\"dummy\"><\/div><div class=\"dummy\"><\/div><\/div><\/div>\n\n\n\n<h1 class=\"wp-block-heading\"><span style=\"color: #993300;\">Dvoubarevn\u00e9 PRACOVN\u00cd SE\u0160ITY <strong>v doprodeji<\/strong><\/span><\/h1>\n\n\n<div class=\"inventory\" data-filter=\"false\" data-next=\"false\" data-cart=\"false\" data-ids=\"953\"><div class=\"inventory-list\"><div class=\"dummy\"><\/div><\/div><\/div>\n\n\n\n<p><a name=\"kotvaMIUC+\"><\/a><\/p>\n\n\n\n<h1 class=\"wp-block-heading has-large-font-size\">Multimedi\u00e1ln\u00ed interaktivn\u00ed u\u010debnice MIU\u010d+<\/h1>\n\n\n\n<figure class=\"wp-block-image size-large\"><img loading=\"lazy\" decoding=\"async\" width=\"1600\" height=\"1545\" src=\"https:\/\/www.nns.cz\/blog\/wp-content\/uploads\/NNS.CZ-Dejepis-MIUCplus-1600x1545.png\" alt=\"\" class=\"wp-image-19478\" srcset=\"https:\/\/www.nns.cz\/blog\/wp-content\/uploads\/NNS.CZ-Dejepis-MIUCplus-1600x1545.png 1600w, https:\/\/www.nns.cz\/blog\/wp-content\/uploads\/NNS.CZ-Dejepis-MIUCplus-1024x988.png 1024w, https:\/\/www.nns.cz\/blog\/wp-content\/uploads\/NNS.CZ-Dejepis-MIUCplus-300x290.png 300w, https:\/\/www.nns.cz\/blog\/wp-content\/uploads\/NNS.CZ-Dejepis-MIUCplus-768x741.png 768w, https:\/\/www.nns.cz\/blog\/wp-content\/uploads\/NNS.CZ-Dejepis-MIUCplus-1536x1483.png 1536w, https:\/\/www.nns.cz\/blog\/wp-content\/uploads\/NNS.CZ-Dejepis-MIUCplus-2048x1977.png 2048w\" sizes=\"auto, (max-width: 1600px) 100vw, 1600px\" \/><\/figure>\n\n\n<div class=\"inventory\" data-filter=\"false\" data-next=\"false\" data-cart=\"false\" data-ids=\"902,903,1009,1504,914,915,1015,1553,926,927,1021,1557,937,938,1026,1559\"><div class=\"inventory-list\"><div class=\"dummy\"><\/div><div class=\"dummy\"><\/div><div class=\"dummy\"><\/div><div class=\"dummy\"><\/div><div class=\"dummy\"><\/div><div class=\"dummy\"><\/div><div class=\"dummy\"><\/div><div class=\"dummy\"><\/div><div class=\"dummy\"><\/div><div class=\"dummy\"><\/div><div class=\"dummy\"><\/div><div class=\"dummy\"><\/div><div class=\"dummy\"><\/div><div class=\"dummy\"><\/div><div class=\"dummy\"><\/div><div class=\"dummy\"><\/div><\/div><\/div>\n\n\n\n<p class=\"has-medium-font-size\">Vyzkou\u0161ejte na 30&nbsp;dn\u00ed zdarma na <a href=\"https:\/\/ucebnice.online\/\">www.ucebnice-online.cz<\/a>.<\/p>\n\n\n\n<h1 class=\"wp-block-heading has-large-font-size\">Pom\u016fcky<\/h1>\n\n\n\n<p>V u\u010debnic\u00edch jsou vlo\u017eeny <strong>\u010dasov\u00e9 p\u0159\u00edmky a&nbsp;mapy, <\/strong>kter\u00e9 jsou prodejn\u00e9 i&nbsp;samostatn\u011b.<\/p>\n\n\n<div class=\"inventory\" data-filter=\"false\" data-next=\"false\" data-cart=\"false\" data-ids=\"395, 396, 397, 719\"><div class=\"inventory-list\"><div class=\"dummy\"><\/div><div class=\"dummy\"><\/div><div class=\"dummy\"><\/div><div class=\"dummy\"><\/div><\/div><\/div>\n\n\n\n<p class=\"has-medium-font-size\"><a href=\"https:\/\/www.nns.cz\/obchod\/?item=nabidka\">P\u0159ej\u00edt na kompletn\u00ed aktu\u00e1ln\u00ed nab\u00eddku titul\u016f<\/a>.<\/p>\n","protected":false},"excerpt":{"rendered":"<p>Zde si m\u016f\u017eete st\u00e1hnout odpov\u00eddaj\u00edc\u00ed str\u00e1nky katalogu pro 2.&nbsp;stupe\u0148. M\u016f\u017eete vyu\u017e\u00edt&nbsp;ak\u010dn\u00ed nab\u00eddky&nbsp;pro n\u00e1kup barevn\u00fdch pracovn\u00edch se\u0161it\u016f d\u011bjepisu: Ucelen\u00e1 \u0159ada Ucelen\u00e1 \u0159ada u\u010debnic a&nbsp;barevn\u00fdch pracovn\u00edch se\u0161it\u016f a&nbsp;MIU\u010d+ d\u011bjepisu je koncipov\u00e1na v&nbsp;souladu s&nbsp;RVP ZV. U\u010debnice maj\u00ed platn\u00e9 schvalovac\u00ed dolo\u017eky M\u0160MT. D\u011bjiny jsou \u017e\u00e1k\u016fm pod\u00e1ny srozumiteln\u00fdm jazykem a&nbsp;v&nbsp;co nejjednodu\u0161\u0161\u00ed form\u011b. V&nbsp;u\u010debnic\u00edch nen\u00ed kladen d\u016fraz na osobnosti a&nbsp;data, ale [&hellip;]<\/p>\n","protected":false},"author":5,"featured_media":0,"parent":0,"menu_order":0,"comment_status":"open","ping_status":"closed","template":"","meta":{"footnotes":""},"class_list":["post-3539","page","type-page","status-publish","hentry"],"_links":{"self":[{"href":"https:\/\/www.nns.cz\/blog\/wp-json\/wp\/v2\/pages\/3539","targetHints":{"allow":["GET"]}}],"collection":[{"href":"https:\/\/www.nns.cz\/blog\/wp-json\/wp\/v2\/pages"}],"about":[{"href":"https:\/\/www.nns.cz\/blog\/wp-json\/wp\/v2\/types\/page"}],"author":[{"embeddable":true,"href":"https:\/\/www.nns.cz\/blog\/wp-json\/wp\/v2\/users\/5"}],"replies":[{"embeddable":true,"href":"https:\/\/www.nns.cz\/blog\/wp-json\/wp\/v2\/comments?post=3539"}],"version-history":[{"count":103,"href":"https:\/\/www.nns.cz\/blog\/wp-json\/wp\/v2\/pages\/3539\/revisions"}],"predecessor-version":[{"id":20910,"href":"https:\/\/www.nns.cz\/blog\/wp-json\/wp\/v2\/pages\/3539\/revisions\/20910"}],"wp:attachment":[{"href":"https:\/\/www.nns.cz\/blog\/wp-json\/wp\/v2\/media?parent=3539"}],"curies":[{"name":"wp","href":"https:\/\/api.w.org\/{rel}","templated":true}]}}