{"id":3560,"date":"2011-09-13T15:48:20","date_gmt":"2011-09-13T13:48:20","guid":{"rendered":"http:\/\/nns.cz\/blog\/?page_id=3560"},"modified":"2025-03-31T23:20:37","modified_gmt":"2025-03-31T21:20:37","slug":"hudebni-vychova","status":"publish","type":"page","link":"https:\/\/www.nns.cz\/blog\/hudebni-vychova\/","title":{"rendered":"Hudebn\u00ed v\u00fdchova"},"content":{"rendered":"\n<figure class=\"wp-block-image size-medium\"><a href=\"https:\/\/www.nns.cz\/blog\/wp-content\/uploads\/NOVA-SKOLA-KATALOG-2024-1.STUPEN-HV1-5.pdf\" target=\"_blank\" rel=\"noreferrer noopener\"><img loading=\"lazy\" decoding=\"async\" width=\"1024\" height=\"518\" src=\"https:\/\/www.nns.cz\/blog\/wp-content\/uploads\/NOVA-SKOLA-KATALOG-2024-1.STUPEN-HV1-5-1024x518.png\" alt=\"\" class=\"wp-image-18281\" srcset=\"https:\/\/www.nns.cz\/blog\/wp-content\/uploads\/NOVA-SKOLA-KATALOG-2024-1.STUPEN-HV1-5-1024x518.png 1024w, https:\/\/www.nns.cz\/blog\/wp-content\/uploads\/NOVA-SKOLA-KATALOG-2024-1.STUPEN-HV1-5-1600x809.png 1600w, https:\/\/www.nns.cz\/blog\/wp-content\/uploads\/NOVA-SKOLA-KATALOG-2024-1.STUPEN-HV1-5-300x152.png 300w, https:\/\/www.nns.cz\/blog\/wp-content\/uploads\/NOVA-SKOLA-KATALOG-2024-1.STUPEN-HV1-5-768x388.png 768w, https:\/\/www.nns.cz\/blog\/wp-content\/uploads\/NOVA-SKOLA-KATALOG-2024-1.STUPEN-HV1-5-1536x777.png 1536w, https:\/\/www.nns.cz\/blog\/wp-content\/uploads\/NOVA-SKOLA-KATALOG-2024-1.STUPEN-HV1-5.png 1869w\" sizes=\"auto, (max-width: 1024px) 100vw, 1024px\" \/><\/a><\/figure>\n\n\n\n<p style=\"font-size:14px\">P\u0159in\u00e1\u0161\u00edme v\u00e1m ucelen\u00fd <strong>soubor materi\u00e1l\u016f pro pr\u00e1ci v&nbsp;hodin\u00e1ch hudebn\u00ed v\u00fdchovy na prvn\u00edm stupni Z\u0160<\/strong>. P\u0159ipravili jsme pro v\u00e1s i<strong> CD<\/strong> s&nbsp;doprovody.<\/p>\n\n\n\n<p style=\"font-size:14px\">Jako dopl\u0148kov\u00fd v\u00fdukov\u00fd materi\u00e1l jsme p\u0159ipravili k&nbsp;ti\u0161t\u011bn\u00fdm u\u010debnic\u00edm ucelenou <strong>\u0159adu <a href=\"https:\/\/www.nns.cz\/blog\/multimedialni-interaktivni-ucebnice-hudebni-vychova\/\" target=\"_self\" rel=\"noopener\">multimedi\u00e1ln\u00edch interaktivn\u00edch u\u010debnic MIU\u010d<\/a> s&nbsp;interaktivn\u00edmi doprovody p\u00edsn\u00ed<\/strong>, kter\u00e9 si m\u016f\u017eete p\u0159ehr\u00e1t s&nbsp;nazp\u00edvan\u00fdm hlasem nebo bez n\u011bj, s&nbsp;rytmick\u00fdmi a&nbsp;interaktivn\u00edmi cvi\u010den\u00edmi, audii, fotografiemi, videi a&nbsp;zaj\u00edmavostmi.<\/p>\n\n\n\n<figure class=\"wp-block-image size-full\"><a href=\"https:\/\/www.nns.cz\/blog\/wp-content\/uploads\/prehled-ucebnic-hv.png\" target=\"_blank\" rel=\"noopener\"><img loading=\"lazy\" decoding=\"async\" width=\"1600\" height=\"342\" src=\"https:\/\/www.nns.cz\/blog\/wp-content\/uploads\/prehled-ucebnic-hv.png\" alt=\"\" class=\"wp-image-11456\" srcset=\"https:\/\/www.nns.cz\/blog\/wp-content\/uploads\/prehled-ucebnic-hv.png 1600w, https:\/\/www.nns.cz\/blog\/wp-content\/uploads\/prehled-ucebnic-hv-580x124.png 580w, https:\/\/www.nns.cz\/blog\/wp-content\/uploads\/prehled-ucebnic-hv-600x128.png 600w, https:\/\/www.nns.cz\/blog\/wp-content\/uploads\/prehled-ucebnic-hv-768x164.png 768w, https:\/\/www.nns.cz\/blog\/wp-content\/uploads\/prehled-ucebnic-hv-1024x219.png 1024w, https:\/\/www.nns.cz\/blog\/wp-content\/uploads\/prehled-ucebnic-hv-1320x282.png 1320w\" sizes=\"auto, (max-width: 1600px) 100vw, 1600px\" \/><\/a><\/figure>\n\n\n\n<p><\/p>\n\n\n\n<h3 class=\"wp-block-heading has-medium-font-size\">1.&nbsp;ro\u010dn\u00edk<\/h3>\n\n\n\n<p style=\"font-size:14px\">Pracovn\u00ed listy jsou zp\u016fsobem zpracov\u00e1n\u00ed vhodn\u00e9 i&nbsp;pro z\u00e1bavu a&nbsp;zp\u011bv d\u011bt\u00ed v&nbsp;z\u00e1jmov\u00fdch krou\u017ec\u00edch.<\/p>\n\n\n<div class=\"inventory\" data-filter=\"false\" data-next=\"false\" data-cart=\"false\" data-ids=\"35, 181, 34, 876, 1029, 1160,1492\"><div class=\"inventory-list\"><div class=\"dummy\"><\/div><div class=\"dummy\"><\/div><div class=\"dummy\"><\/div><div class=\"dummy\"><\/div><div class=\"dummy\"><\/div><div class=\"dummy\"><\/div><div class=\"dummy\"><\/div><\/div><\/div>\n\n\n\n<h3 class=\"wp-block-heading has-medium-font-size\">2.&nbsp;ro\u010dn\u00edk<\/h3>\n\n\n\n<p style=\"font-size:14px\">Metodick\u00fd pr\u016fvodce obsahuje doporu\u010den\u00e9 n\u00e1m\u011bty jednotliv\u00fdch hodin (<em>hlasov\u00fd n\u00e1cvik<\/em>, <em>p\u00edsn\u011b<\/em>, <em>rytmick\u00e1 cvi\u010den\u00ed<\/em>, <em>poslech<\/em>, <em>pohybov\u00e1 \u010d\u00e1st<\/em>).<\/p>\n\n\n<div class=\"inventory\" data-filter=\"false\" data-next=\"false\" data-cart=\"false\" data-ids=\"53, 183, 54, 878, 1075, 1164,1493\"><div class=\"inventory-list\"><div class=\"dummy\"><\/div><div class=\"dummy\"><\/div><div class=\"dummy\"><\/div><div class=\"dummy\"><\/div><div class=\"dummy\"><\/div><div class=\"dummy\"><\/div><div class=\"dummy\"><\/div><\/div><\/div>\n\n\n\n<p><em>Uk\u00e1zka: MIU\u010d+ Hudebn\u00ed v\u00fdchova 2<\/em><\/p>\n\n\n\n<figure class=\"wp-block-image size-large\"><a href=\"https:\/\/www.nns.cz\/blog\/wp-content\/uploads\/miuc-hudebni-vychova.png\" target=\"_blank\" rel=\"noopener\"><img loading=\"lazy\" decoding=\"async\" width=\"1024\" height=\"374\" src=\"https:\/\/www.nns.cz\/blog\/wp-content\/uploads\/miuc-hudebni-vychova-1024x374.png\" alt=\"\" class=\"wp-image-11476\" srcset=\"https:\/\/www.nns.cz\/blog\/wp-content\/uploads\/miuc-hudebni-vychova-1024x374.png 1024w, https:\/\/www.nns.cz\/blog\/wp-content\/uploads\/miuc-hudebni-vychova-580x212.png 580w, https:\/\/www.nns.cz\/blog\/wp-content\/uploads\/miuc-hudebni-vychova-600x219.png 600w, https:\/\/www.nns.cz\/blog\/wp-content\/uploads\/miuc-hudebni-vychova-768x280.png 768w, https:\/\/www.nns.cz\/blog\/wp-content\/uploads\/miuc-hudebni-vychova-1320x482.png 1320w, https:\/\/www.nns.cz\/blog\/wp-content\/uploads\/miuc-hudebni-vychova.png 1600w\" sizes=\"auto, (max-width: 1024px) 100vw, 1024px\" \/><\/a><\/figure>\n\n\n\n<h3 class=\"wp-block-heading has-medium-font-size\">3.&nbsp;ro\u010dn\u00edk<\/h3>\n\n\n\n<p style=\"font-size:14px\">Dopl\u0148kov\u00fdm v\u00fdukov\u00fdm materi\u00e1lem jsou i<strong> CD<\/strong>, kter\u00e9 obsahuj\u00ed doprovodn\u00e9 instrument\u00e1ln\u00ed skladby k&nbsp;jednotliv\u00fdm p\u00edsn\u00edm v&nbsp;u\u010debnic\u00edch.<\/p>\n\n\n<div class=\"inventory\" data-filter=\"false\" data-next=\"false\" data-cart=\"false\" data-ids=\"72, 193, 73, 882, 1076, 883,1494\"><div class=\"inventory-list\"><div class=\"dummy\"><\/div><div class=\"dummy\"><\/div><div class=\"dummy\"><\/div><div class=\"dummy\"><\/div><div class=\"dummy\"><\/div><div class=\"dummy\"><\/div><div class=\"dummy\"><\/div><\/div><\/div>\n\n\n\n<h3 class=\"wp-block-heading has-medium-font-size\">4.&nbsp;ro\u010dn\u00edk<\/h3>\n\n\n\n<p style=\"font-size:14px\">U\u010debnice jsou dopln\u011bn\u00e1 i&nbsp;o&nbsp;hudebn\u00ed pojmy (<em>sbor<\/em>, <em>dirigent<\/em>, <em>posuvky<\/em> atd.) a&nbsp;medailonky hudebn\u00edch skladatel\u016f (<em>W. A. Mozarta<\/em>, <em>B. Smetany<\/em> aj.)<\/p>\n\n\n<div class=\"inventory\" data-filter=\"false\" data-next=\"false\" data-cart=\"false\" data-ids=\"88, 194, 89, 886, 1077, 887,1495\"><div class=\"inventory-list\"><div class=\"dummy\"><\/div><div class=\"dummy\"><\/div><div class=\"dummy\"><\/div><div class=\"dummy\"><\/div><div class=\"dummy\"><\/div><div class=\"dummy\"><\/div><div class=\"dummy\"><\/div><\/div><\/div>\n\n\n\n<h3 class=\"wp-block-heading has-medium-font-size\">5.&nbsp;ro\u010dn\u00edk<\/h3>\n\n\n\n<p style=\"font-size:14px\">Koncepce u\u010debnic je zachov\u00e1na ve v\u0161ech ro\u010dn\u00edc\u00edch. U\u010debnice na sebe navazuj\u00ed, prohlubuj\u00ed ji\u017e z\u00edskan\u00e9 dovednosti i&nbsp;znalosti.<\/p>\n\n\n\n<p class=\"MsoNormal\"><div class=\"inventory\" data-filter=\"false\" data-next=\"false\" data-cart=\"false\" data-ids=\"113, 197, 114,894, 1078, 895,1496\"><div class=\"inventory-list\"><div class=\"dummy\"><\/div><div class=\"dummy\"><\/div><div class=\"dummy\"><\/div><div class=\"dummy\"><\/div><div class=\"dummy\"><\/div><div class=\"dummy\"><\/div><div class=\"dummy\"><\/div><\/div><\/div><\/p>\n\n\n\n<p><\/p>\n\n\n\n<p class=\"has-medium-font-size\">Kompletn\u00ed aktu\u00e1ln\u00ed nab\u00eddku titul\u016f naleznete <a href=\"https:\/\/www.nns.cz\/obchod\/index.php?item=nabidka&amp;eshop_action=show_sel_data&amp;cat_lev2_chbx%5B%5D=75&amp;cat_lev2_chbx%5B%5D=70&amp;cat_lev2_chbx%5B%5D=65&amp;cat_lev2_chbx%5B%5D=77&amp;cat_lev2_chbx%5B%5D=78&amp;cat_lev3=X&amp;cat_lev4=Hudebn%C3%AD+v%C3%BDchova&amp;search_pat=&amp;isbn_pat=\">zde<\/a>.<\/p>\n","protected":false},"excerpt":{"rendered":"<p>P\u0159in\u00e1\u0161\u00edme v\u00e1m ucelen\u00fd soubor materi\u00e1l\u016f pro pr\u00e1ci v&nbsp;hodin\u00e1ch hudebn\u00ed v\u00fdchovy na prvn\u00edm stupni Z\u0160. P\u0159ipravili jsme pro v\u00e1s i&nbsp;CD s&nbsp;doprovody. Jako dopl\u0148kov\u00fd v\u00fdukov\u00fd materi\u00e1l jsme p\u0159ipravili k&nbsp;ti\u0161t\u011bn\u00fdm u\u010debnic\u00edm ucelenou \u0159adu multimedi\u00e1ln\u00edch interaktivn\u00edch u\u010debnic MIU\u010d s&nbsp;interaktivn\u00edmi doprovody p\u00edsn\u00ed, kter\u00e9 si m\u016f\u017eete p\u0159ehr\u00e1t s&nbsp;nazp\u00edvan\u00fdm hlasem nebo bez n\u011bj, s&nbsp;rytmick\u00fdmi a&nbsp;interaktivn\u00edmi cvi\u010den\u00edmi, audii, fotografiemi, videi a&nbsp;zaj\u00edmavostmi. 1.&nbsp;ro\u010dn\u00edk [&hellip;]<\/p>\n","protected":false},"author":5,"featured_media":0,"parent":0,"menu_order":0,"comment_status":"open","ping_status":"closed","template":"","meta":{"footnotes":""},"class_list":["post-3560","page","type-page","status-publish","hentry"],"_links":{"self":[{"href":"https:\/\/www.nns.cz\/blog\/wp-json\/wp\/v2\/pages\/3560","targetHints":{"allow":["GET"]}}],"collection":[{"href":"https:\/\/www.nns.cz\/blog\/wp-json\/wp\/v2\/pages"}],"about":[{"href":"https:\/\/www.nns.cz\/blog\/wp-json\/wp\/v2\/types\/page"}],"author":[{"embeddable":true,"href":"https:\/\/www.nns.cz\/blog\/wp-json\/wp\/v2\/users\/5"}],"replies":[{"embeddable":true,"href":"https:\/\/www.nns.cz\/blog\/wp-json\/wp\/v2\/comments?post=3560"}],"version-history":[{"count":36,"href":"https:\/\/www.nns.cz\/blog\/wp-json\/wp\/v2\/pages\/3560\/revisions"}],"predecessor-version":[{"id":19851,"href":"https:\/\/www.nns.cz\/blog\/wp-json\/wp\/v2\/pages\/3560\/revisions\/19851"}],"wp:attachment":[{"href":"https:\/\/www.nns.cz\/blog\/wp-json\/wp\/v2\/media?parent=3560"}],"curies":[{"name":"wp","href":"https:\/\/api.w.org\/{rel}","templated":true}]}}