{"id":3562,"date":"2011-09-13T15:49:18","date_gmt":"2011-09-13T13:49:18","guid":{"rendered":"http:\/\/nns.cz\/blog\/?page_id=3562"},"modified":"2026-03-24T23:59:31","modified_gmt":"2026-03-24T21:59:31","slug":"cesky-jazyk-2-stupen","status":"publish","type":"page","link":"https:\/\/www.nns.cz\/blog\/cesky-jazyk-2-stupen\/","title":{"rendered":"\u010cesk\u00fd jazyk 2.&nbsp;stupe\u0148"},"content":{"rendered":"<div class=\"wp-block-image\">\n<figure class=\"aligncenter size-medium\"><a href=\"https:\/\/www.nns.cz\/blog\/wp-content\/uploads\/NNS-Cesky-jazyk-2.-stupen-2026.pdf\" target=\"_blank\" rel=\" noreferrer noopener\"><img loading=\"lazy\" decoding=\"async\" width=\"1024\" height=\"1448\" src=\"https:\/\/www.nns.cz\/blog\/wp-content\/uploads\/NNS-Cesky-jazyk-2.-stupen-2026-scaled-1-1024x1448.png\" alt=\"\" class=\"wp-image-20903\" srcset=\"https:\/\/www.nns.cz\/blog\/wp-content\/uploads\/NNS-Cesky-jazyk-2.-stupen-2026-scaled-1-1024x1448.png 1024w, https:\/\/www.nns.cz\/blog\/wp-content\/uploads\/NNS-Cesky-jazyk-2.-stupen-2026-scaled-1-1600x2263.png 1600w, https:\/\/www.nns.cz\/blog\/wp-content\/uploads\/NNS-Cesky-jazyk-2.-stupen-2026-scaled-1-400x566.png 400w, https:\/\/www.nns.cz\/blog\/wp-content\/uploads\/NNS-Cesky-jazyk-2.-stupen-2026-scaled-1-768x1086.png 768w, https:\/\/www.nns.cz\/blog\/wp-content\/uploads\/NNS-Cesky-jazyk-2.-stupen-2026-scaled-1-1086x1536.png 1086w, https:\/\/www.nns.cz\/blog\/wp-content\/uploads\/NNS-Cesky-jazyk-2.-stupen-2026-scaled-1-1448x2048.png 1448w, https:\/\/www.nns.cz\/blog\/wp-content\/uploads\/NNS-Cesky-jazyk-2.-stupen-2026-scaled-1-scaled.png 1810w\" sizes=\"auto, (max-width: 1024px) 100vw, 1024px\" \/><\/a><\/figure><\/div>\n\n\n<p><strong><a href=\"https:\/\/www.nns.cz\/blog\/wp-content\/uploads\/NNS-Cesky-jazyk-2.-stupen-2026.pdf\" target=\"_blank\" rel=\"noreferrer noopener\">Zde si m\u016f\u017eete st\u00e1hnout odpov\u00eddaj\u00edc\u00ed str\u00e1nky katalogu pro 2.&nbsp;stupe\u0148.<\/a><\/strong><\/p>\n\n\n\n<p><iframe loading=\"lazy\" src=\"https:\/\/www.youtube.com\/embed\/zcNOPaMvFTA\" width=\"560\" height=\"315\" frameborder=\"0\" allowfullscreen=\"allowfullscreen\"><\/iframe><\/p>\n\n\n\n<h3 class=\"wp-block-heading has-medium-font-size\">Bal\u00ed\u010dky pro snadn\u011bj\u0161\u00ed objedn\u00e1n\u00ed pracovn\u00edch se\u0161it\u016f v&nbsp;akci:<\/h3>\n\n\n<div class=\"inventory\" data-filter=\"false\" data-next=\"false\" data-cart=\"false\" data-ids=\"2295, 2296, 2298, 2297\"><div class=\"inventory-list\"><div class=\"dummy\"><\/div><div class=\"dummy\"><\/div><div class=\"dummy\"><\/div><div class=\"dummy\"><\/div><\/div><\/div>\n\n\n\n<p>Ucelen\u00e1 \u0159ada u\u010debnic, pracovn\u00edch se\u0161it\u016f a&nbsp;MIU\u010d+ <strong>\u010desk\u00e9ho jazyka pro 2.&nbsp;stupe\u0148&nbsp;<\/strong>a odpov\u00eddaj\u00edc\u00ed ro\u010dn\u00edky v\u00edcelet\u00e9ho gymn\u00e1zia zahrnuje u\u010debnice \u010cesk\u00fd jazyk 6, \u010cesk\u00fd jazyk 7, \u010cesk\u00fd jazyk 8 a&nbsp;\u010cesk\u00fd jazyk 9<strong>.<\/strong> Jsou vytvo\u0159eny <strong>v souladu s&nbsp;RVP ZV a&nbsp;maj\u00ed ud\u011blenou schvalovac\u00ed dolo\u017eku M\u0160MT<\/strong>. V&nbsp;koncepci u\u010debnic klademe d\u016fraz na prov\u00e1zanost jednotliv\u00fdch u\u010debnic, spln\u011bn\u00ed o\u010dek\u00e1van\u00fdch v\u00fdstup\u016f, rozv\u00edjen\u00ed kl\u00ed\u010dov\u00fdch kompetenc\u00ed a&nbsp;srozumitelnost p\u0159i&nbsp;v\u00fdkladu jednotliv\u00fdch jazykov\u00fdch jev\u016f.<\/p>\n\n\n\n<div class=\"wp-block-columns is-layout-flex wp-container-core-columns-is-layout-9d6595d7 wp-block-columns-is-layout-flex\">\n<div class=\"wp-block-column is-layout-flow wp-block-column-is-layout-flow\">\n<p class=\"has-vivid-red-color has-text-color has-link-color wp-elements-fb16ff718e05d0d77e2251ad4105a834\" style=\"font-size:16px\"><strong>Usnadn\u011bn\u00ed pro v\u00fduku podle m\u011bn\u00edc\u00edch se RVP ZV<\/strong>:<\/p>\n<\/div>\n\n\n\n<div class=\"wp-block-column is-layout-flow wp-block-column-is-layout-flow\" style=\"flex-basis:40%\">\n<p style=\"font-size:16px\">V\u00edce na:  <a href=\"https:\/\/www.nns.cz\/blog\/nove-rvp-2025\/\" target=\"_blank\" rel=\"noreferrer noopener\">nns.cz\/novervp<\/a><\/p>\n<\/div>\n<\/div>\n\n\n\n<div class=\"wp-block-columns is-layout-flex wp-container-core-columns-is-layout-9d6595d7 wp-block-columns-is-layout-flex\">\n<div class=\"wp-block-column is-layout-flow wp-block-column-is-layout-flow\">\n<h3 class=\"wp-block-heading has-text-align-left has-background has-medium-font-size\" style=\"background-color:#fdddc0\"><a href=\"http:\/\/www.nns.cz\/digi\" data-type=\"link\" data-id=\"http:\/\/www.nns.cz\/digi\" target=\"_blank\" rel=\"noreferrer noopener\">N\u00e1m\u011bty na rozvoj digit\u00e1ln\u00edch kompetenc\u00ed dostupn\u00e9 na nns.cz\/digi<\/a><\/h3>\n<\/div>\n\n\n\n<div class=\"wp-block-column is-layout-flow wp-block-column-is-layout-flow\">\n<h3 class=\"wp-block-heading has-text-align-left has-background has-medium-font-size\" style=\"background-color:#c5d7ee\"><a href=\"https:\/\/ucebnice.online\/prizpusobeni-svp\/\" target=\"_blank\" rel=\"noreferrer noopener\">Funkce MIU\u010d+ umo\u017e\u0148uj\u00edc\u00ed p\u0159izp\u016fsoben\u00ed obsahu u\u010debnice va\u0161emu \u0160VP<\/a><\/h3>\n<\/div>\n<\/div>\n\n\n\n<p>K dispozici je i&nbsp;ucelen\u00e1 \u0159ada <strong>\u010d\u00edtanek pro 6.&nbsp;a\u017e 9.&nbsp;ro\u010dn\u00edk<\/strong> s&nbsp;platn\u00fdmi <strong>schvalovac\u00edmi dolo\u017ekami M\u0160MT<\/strong>. Uk\u00e1zky z&nbsp;literatury byly vybr\u00e1ny tak, aby bylo mo\u017en\u00e9 v&nbsp;co nejv\u011bt\u0161\u00ed m\u00ed\u0159e uplatnit mezip\u0159edm\u011btov\u00e9 vztahy. Sou\u010d\u00e1st\u00ed je \u0159ada \u010dinnostn\u00edch \u00fakol\u016f a&nbsp;n\u00e1m\u011bt\u016f pro skupinovou pr\u00e1ci. U&nbsp;n\u011bkter\u00fdch uk\u00e1zek jsou rovn\u011b\u017e uvedena doporu\u010den\u00e1 pr\u016f\u0159ezov\u00e1 t\u00e9mata. V&nbsp;\u010d\u00edtank\u00e1ch se \u017e\u00e1ci sezn\u00e1m\u00ed se z\u00e1kladn\u00edmi liter\u00e1rn\u00edmi pojmy, liter\u00e1rn\u00edmi sm\u011bry a&nbsp;skupinami, ale i&nbsp;se z\u00e1sadn\u00edmi historick\u00fdmi ud\u00e1lostmi a&nbsp;jejich zobrazen\u00edm v&nbsp;literatu\u0159e.<\/p>\n\n\n\n<figure class=\"wp-block-image size-large\"><a href=\"https:\/\/www.nns.cz\/blog\/wp-content\/uploads\/prehled-ucebnic-cesky-jazyk-2-stupen.png\" target=\"_blank\" rel=\"noopener\"><img loading=\"lazy\" decoding=\"async\" width=\"1024\" height=\"520\" src=\"https:\/\/www.nns.cz\/blog\/wp-content\/uploads\/prehled-ucebnic-cesky-jazyk-2-stupen-1024x520.png\" alt=\"\" class=\"wp-image-11402\" srcset=\"https:\/\/www.nns.cz\/blog\/wp-content\/uploads\/prehled-ucebnic-cesky-jazyk-2-stupen-1024x520.png 1024w, https:\/\/www.nns.cz\/blog\/wp-content\/uploads\/prehled-ucebnic-cesky-jazyk-2-stupen-580x294.png 580w, https:\/\/www.nns.cz\/blog\/wp-content\/uploads\/prehled-ucebnic-cesky-jazyk-2-stupen-600x305.png 600w, https:\/\/www.nns.cz\/blog\/wp-content\/uploads\/prehled-ucebnic-cesky-jazyk-2-stupen-768x390.png 768w, https:\/\/www.nns.cz\/blog\/wp-content\/uploads\/prehled-ucebnic-cesky-jazyk-2-stupen-1320x670.png 1320w, https:\/\/www.nns.cz\/blog\/wp-content\/uploads\/prehled-ucebnic-cesky-jazyk-2-stupen.png 1600w\" sizes=\"auto, (max-width: 1024px) 100vw, 1024px\" \/><\/a><\/figure>\n\n\n\n<h1 class=\"wp-block-heading has-large-font-size\">U\u010debnice<\/h1>\n\n\n<div class=\"inventory\" data-filter=\"false\" data-next=\"false\" data-cart=\"false\" data-ids=\"744, 849, 1111, 1210\"><div class=\"inventory-list\"><div class=\"dummy\"><\/div><div class=\"dummy\"><\/div><div class=\"dummy\"><\/div><div class=\"dummy\"><\/div><\/div><\/div>\n\n\n\n<p>Do u\u010debnic \u010desk\u00e9ho jazyka jsou pravideln\u011b za\u0159azov\u00e1ny jazykov\u00e9 rozbory a&nbsp;testy, kter\u00e9 p\u0159isp\u00edvaj\u00ed k&nbsp;cyklick\u00e9mu opakov\u00e1n\u00ed u\u010diva. V&nbsp;koncepci u\u010debnic je br\u00e1n z\u0159etel na mezip\u0159edm\u011btov\u00e9 vztahy, pr\u016f\u0159ezov\u00e1 t\u00e9mata, skupinovou pr\u00e1ci, kl\u00ed\u010dov\u00e9 pojmy v&nbsp;angli\u010dtin\u011b a&nbsp;n\u011bm\u010din\u011b.<\/p>\n\n\n\n<p>Ka\u017ed\u00e1 kapitola obsahuje jak teorii u\u010debn\u00ed l\u00e1tky, tak i&nbsp;dostate\u010dn\u00e9 mno\u017estv\u00ed cvi\u010den\u00ed, pomoc\u00ed nich\u017e si \u017e\u00e1ci nejen zopakuj\u00ed jazykov\u00e9 v\u011bdomosti a&nbsp;dovednosti. P\u0159edev\u0161\u00edm si upevn\u00ed i&nbsp;nov\u00e9 u\u010divo.<\/p>\n\n\n\n<figure class=\"wp-block-image size-large\"><a href=\"https:\/\/www.nns.cz\/blog\/wp-content\/uploads\/ukazka-cesky-jazyk-9.png\" target=\"_blank\" rel=\"noopener\"><img loading=\"lazy\" decoding=\"async\" width=\"779\" height=\"1024\" src=\"https:\/\/www.nns.cz\/blog\/wp-content\/uploads\/ukazka-cesky-jazyk-9-779x1024.png\" alt=\"\" class=\"wp-image-11421\" srcset=\"https:\/\/www.nns.cz\/blog\/wp-content\/uploads\/ukazka-cesky-jazyk-9-779x1024.png 779w, https:\/\/www.nns.cz\/blog\/wp-content\/uploads\/ukazka-cesky-jazyk-9-580x762.png 580w, https:\/\/www.nns.cz\/blog\/wp-content\/uploads\/ukazka-cesky-jazyk-9-600x789.png 600w, https:\/\/www.nns.cz\/blog\/wp-content\/uploads\/ukazka-cesky-jazyk-9-768x1009.png 768w, https:\/\/www.nns.cz\/blog\/wp-content\/uploads\/ukazka-cesky-jazyk-9-1320x1735.png 1320w, https:\/\/www.nns.cz\/blog\/wp-content\/uploads\/ukazka-cesky-jazyk-9.png 1600w\" sizes=\"auto, (max-width: 779px) 100vw, 779px\" \/><\/a><\/figure>\n\n\n\n<p><\/p>\n\n\n\n<h1 class=\"wp-block-heading has-black-color has-text-color has-link-color has-large-font-size wp-elements-1b3be89f0217541e02be8854596763b7\">\u010c\u00edtanky<\/h1>\n\n\n<div class=\"inventory\" data-filter=\"false\" data-next=\"false\" data-cart=\"false\" data-ids=\"1144, 413, 425, 720\"><div class=\"inventory-list\"><div class=\"dummy\"><\/div><div class=\"dummy\"><\/div><div class=\"dummy\"><\/div><div class=\"dummy\"><\/div><\/div><\/div>\n\n\n\n<p>\u010c\u00edtanky jsou <strong>tematicky prov\u00e1zan\u00e9<\/strong> zejm\u00e9na s&nbsp;paraleln\u011b prob\u00edran\u00fdm u\u010divem <strong>d\u011bjepisu<\/strong>, <strong>zem\u011bpisu<\/strong> \u010di&nbsp;<strong>p\u0159\u00edrodopisu<\/strong> dan\u00e9ho ro\u010dn\u00edku.&nbsp; V&nbsp;\u010d\u00edtank\u00e1ch jsou zastoupeny uk\u00e1zky ze sv\u011btov\u00e9 i&nbsp;\u010desk\u00e9 literatury.<\/p>\n\n\n\n<figure class=\"wp-block-image size-large\"><a href=\"https:\/\/www.nns.cz\/blog\/wp-content\/uploads\/ukazka-citanka-6.png\" target=\"_blank\" rel=\"noopener\"><img loading=\"lazy\" decoding=\"async\" width=\"1024\" height=\"788\" src=\"https:\/\/www.nns.cz\/blog\/wp-content\/uploads\/ukazka-citanka-6-1024x788.png\" alt=\"\" class=\"wp-image-11420\" srcset=\"https:\/\/www.nns.cz\/blog\/wp-content\/uploads\/ukazka-citanka-6-1024x788.png 1024w, https:\/\/www.nns.cz\/blog\/wp-content\/uploads\/ukazka-citanka-6-580x447.png 580w, https:\/\/www.nns.cz\/blog\/wp-content\/uploads\/ukazka-citanka-6-600x462.png 600w, https:\/\/www.nns.cz\/blog\/wp-content\/uploads\/ukazka-citanka-6-768x591.png 768w, https:\/\/www.nns.cz\/blog\/wp-content\/uploads\/ukazka-citanka-6-1320x1016.png 1320w, https:\/\/www.nns.cz\/blog\/wp-content\/uploads\/ukazka-citanka-6.png 1600w\" sizes=\"auto, (max-width: 1024px) 100vw, 1024px\" \/><\/a><\/figure>\n\n\n\n<p><\/p>\n\n\n\n<h1 class=\"wp-block-heading has-large-font-size\"><strong>Pracovn\u00ed se\u0161ity<\/strong><\/h1>\n\n\n\n<figure class=\"wp-block-image size-large\"><img loading=\"lazy\" decoding=\"async\" width=\"1024\" height=\"368\" src=\"https:\/\/www.nns.cz\/blog\/wp-content\/uploads\/procvicovaci-sesity-CJ-2021-1024x368.jpg\" alt=\"\" class=\"wp-image-14375\" srcset=\"https:\/\/www.nns.cz\/blog\/wp-content\/uploads\/procvicovaci-sesity-CJ-2021-1024x368.jpg 1024w, https:\/\/www.nns.cz\/blog\/wp-content\/uploads\/procvicovaci-sesity-CJ-2021-580x209.jpg 580w, https:\/\/www.nns.cz\/blog\/wp-content\/uploads\/procvicovaci-sesity-CJ-2021-600x216.jpg 600w, https:\/\/www.nns.cz\/blog\/wp-content\/uploads\/procvicovaci-sesity-CJ-2021-768x276.jpg 768w, https:\/\/www.nns.cz\/blog\/wp-content\/uploads\/procvicovaci-sesity-CJ-2021.jpg 1299w\" sizes=\"auto, (max-width: 1024px) 100vw, 1024px\" \/><\/figure>\n\n\n<div class=\"inventory\" data-filter=\"false\" data-next=\"false\" data-cart=\"false\" data-ids=\"1265, 1266, 1428, 1429, 1548,1549, 1550,1551\"><div class=\"inventory-list\"><div class=\"dummy\"><\/div><div class=\"dummy\"><\/div><div class=\"dummy\"><\/div><div class=\"dummy\"><\/div><div class=\"dummy\"><\/div><div class=\"dummy\"><\/div><div class=\"dummy\"><\/div><div class=\"dummy\"><\/div><\/div><\/div>\n\n\n\n<p>K ucelen\u00e9 \u0159ad\u011b u\u010debnic \u010desk\u00e9ho jazyka pro 2.&nbsp;stupe\u0148 doporu\u010dujeme nov\u00e9 procvi\u010dovac\u00ed se\u0161ity. Obsahuj\u00ed pravopisn\u00e1 cvi\u010den\u00ed, dopl\u0148ova\u010dky, dikt\u00e1ty, kv\u00edzy, z\u00e1v\u011bre\u010dn\u00e1 opakov\u00e1n\u00ed, p\u0159ehled u\u010diva a&nbsp;\u0159e\u0161en\u00ed ke cvi\u010den\u00edm.<\/p>\n\n\n\n<figure class=\"wp-block-image size-large\"><a href=\"https:\/\/www.nns.cz\/blog\/wp-content\/uploads\/ukazka-pracovni-sesit-cj-7.png\" target=\"_blank\" rel=\"noopener\"><img loading=\"lazy\" decoding=\"async\" width=\"1024\" height=\"897\" src=\"https:\/\/www.nns.cz\/blog\/wp-content\/uploads\/ukazka-pracovni-sesit-cj-7-1024x897.png\" alt=\"\" class=\"wp-image-11422\" srcset=\"https:\/\/www.nns.cz\/blog\/wp-content\/uploads\/ukazka-pracovni-sesit-cj-7-1024x897.png 1024w, https:\/\/www.nns.cz\/blog\/wp-content\/uploads\/ukazka-pracovni-sesit-cj-7-580x508.png 580w, https:\/\/www.nns.cz\/blog\/wp-content\/uploads\/ukazka-pracovni-sesit-cj-7-600x525.png 600w, https:\/\/www.nns.cz\/blog\/wp-content\/uploads\/ukazka-pracovni-sesit-cj-7-768x672.png 768w, https:\/\/www.nns.cz\/blog\/wp-content\/uploads\/ukazka-pracovni-sesit-cj-7-1320x1156.png 1320w, https:\/\/www.nns.cz\/blog\/wp-content\/uploads\/ukazka-pracovni-sesit-cj-7.png 1600w\" sizes=\"auto, (max-width: 1024px) 100vw, 1024px\" \/><\/a><\/figure>\n\n\n\n<h3 class=\"wp-block-heading has-medium-font-size\">Bal\u00ed\u010dky pro snadn\u011bj\u0161\u00ed objedn\u00e1n\u00ed pracovn\u00edch se\u0161it\u016f v&nbsp;akci:<\/h3>\n\n\n<div class=\"inventory\" data-filter=\"false\" data-next=\"false\" data-cart=\"false\" data-ids=\"2295, 2296, 2298, 2297\"><div class=\"inventory-list\"><div class=\"dummy\"><\/div><div class=\"dummy\"><\/div><div class=\"dummy\"><\/div><div class=\"dummy\"><\/div><\/div><\/div>\n\n\n\n<h2 class=\"wp-block-heading has-medium-font-size\">Dopl\u0148kov\u00e9 pracovn\u00ed se\u0161ity<\/h2>\n\n\n\n<p>K opakov\u00e1n\u00ed slou\u017e\u00ed pracovn\u00ed se\u0161ity <strong>Opakujeme \u010de\u0161tinu<\/strong> pro jednotliv\u00e9 ro\u010dn\u00edky<\/p>\n\n\n<div class=\"inventory\" data-filter=\"false\" data-next=\"false\" data-cart=\"false\" data-ids=\"135, 136, 137, 138, 140, 141, 593, 144\"><div class=\"inventory-list\"><div class=\"dummy\"><\/div><div class=\"dummy\"><\/div><div class=\"dummy\"><\/div><div class=\"dummy\"><\/div><div class=\"dummy\"><\/div><div class=\"dummy\"><\/div><div class=\"dummy\"><\/div><div class=\"dummy\"><\/div><\/div><\/div>\n\n\n\n<h1 class=\"wp-block-heading has-large-font-size\">MIU\u010d+<\/h1>\n\n\n\n<p>K nov\u00fdm u\u010debnic\u00edm <strong>\u010cesk\u00fd jazyk 6, 7, 8 a&nbsp;9<\/strong> doporu\u010dujeme&nbsp;<strong><a href=\"https:\/\/www.nns.cz\/blog\/multimedialni-interaktivni-ucebnice-cesky-jazyk-a-literatura\/\" target=\"_blank\" rel=\"noopener\">multimedi\u00e1ln\u00ed interaktivn\u00ed u\u010debnice (MIU\u010d+)<\/a><\/strong>. Sou\u010d\u00e1st\u00ed <strong>MIU\u010d+ jsou v\u017edy i&nbsp;nov\u00e9<\/strong> pracovn\u00ed se\u0161ity. Cvi\u010den\u00ed z&nbsp;u\u010debnice jsou zpracov\u00e1na z\u00e1bavnou interaktivn\u00ed, viz uk\u00e1zka.<\/p>\n\n\n\n<figure class=\"wp-block-image size-large\"><a href=\"https:\/\/www.nns.cz\/blog\/wp-content\/uploads\/miuc-cesky-jazyk.png\" target=\"_blank\" rel=\"noopener\"><img loading=\"lazy\" decoding=\"async\" width=\"1024\" height=\"410\" src=\"https:\/\/www.nns.cz\/blog\/wp-content\/uploads\/miuc-cesky-jazyk-1024x410.png\" alt=\"\" class=\"wp-image-11433\" srcset=\"https:\/\/www.nns.cz\/blog\/wp-content\/uploads\/miuc-cesky-jazyk-1024x410.png 1024w, https:\/\/www.nns.cz\/blog\/wp-content\/uploads\/miuc-cesky-jazyk-580x232.png 580w, https:\/\/www.nns.cz\/blog\/wp-content\/uploads\/miuc-cesky-jazyk-600x240.png 600w, https:\/\/www.nns.cz\/blog\/wp-content\/uploads\/miuc-cesky-jazyk-768x308.png 768w, https:\/\/www.nns.cz\/blog\/wp-content\/uploads\/miuc-cesky-jazyk-1320x529.png 1320w, https:\/\/www.nns.cz\/blog\/wp-content\/uploads\/miuc-cesky-jazyk.png 1600w\" sizes=\"auto, (max-width: 1024px) 100vw, 1024px\" \/><\/a><\/figure>\n\n\n\n<p><\/p>\n\n\n<div class=\"inventory\" data-filter=\"false\" data-next=\"false\" data-cart=\"false\" data-ids=\"1097,1096,1168,1497,1098,1099,1173,1498,1258,1259,1260,1499,1650,1651,1652,1653\"><div class=\"inventory-list\"><div class=\"dummy\"><\/div><div class=\"dummy\"><\/div><div class=\"dummy\"><\/div><div class=\"dummy\"><\/div><div class=\"dummy\"><\/div><div class=\"dummy\"><\/div><div class=\"dummy\"><\/div><div class=\"dummy\"><\/div><div class=\"dummy\"><\/div><div class=\"dummy\"><\/div><div class=\"dummy\"><\/div><div class=\"dummy\"><\/div><div class=\"dummy\"><\/div><div class=\"dummy\"><\/div><div class=\"dummy\"><\/div><div class=\"dummy\"><\/div><\/div><\/div>\n\n\n\n<p class=\"has-medium-font-size\">Kompletn\u00ed aktu\u00e1ln\u00ed nab\u00eddku titul\u016f naleznete&nbsp;<a href=\"https:\/\/www.nns.cz\/obchod\/index.php?item=nabidka&amp;eshop_action=show_sel_data&amp;cat_lev2_chbx%5B%5D=75&amp;cat_lev2_chbx%5B%5D=70&amp;cat_lev2_chbx%5B%5D=65&amp;cat_lev2_chbx%5B%5D=77&amp;cat_lev2_chbx%5B%5D=78&amp;cat_lev3=X&amp;cat_lev4=Vlastiv%C4%9Bda&amp;search_pat=&amp;isbn_pat=\" target=\"_blank\" rel=\"noreferrer noopener\">zde<\/a>.<\/p>\n","protected":false},"excerpt":{"rendered":"<p>Zde si m\u016f\u017eete st\u00e1hnout odpov\u00eddaj\u00edc\u00ed str\u00e1nky katalogu pro 2.&nbsp;stupe\u0148. Bal\u00ed\u010dky pro snadn\u011bj\u0161\u00ed objedn\u00e1n\u00ed pracovn\u00edch se\u0161it\u016f v&nbsp;akci: Ucelen\u00e1 \u0159ada u\u010debnic, pracovn\u00edch se\u0161it\u016f a&nbsp;MIU\u010d+ \u010desk\u00e9ho jazyka pro 2.&nbsp;stupe\u0148&nbsp;a&nbsp;odpov\u00eddaj\u00edc\u00ed ro\u010dn\u00edky v\u00edcelet\u00e9ho gymn\u00e1zia zahrnuje u\u010debnice \u010cesk\u00fd jazyk 6, \u010cesk\u00fd jazyk 7, \u010cesk\u00fd jazyk 8 a&nbsp;\u010cesk\u00fd jazyk 9. Jsou vytvo\u0159eny v&nbsp;souladu s&nbsp;RVP ZV a&nbsp;maj\u00ed ud\u011blenou schvalovac\u00ed dolo\u017eku M\u0160MT. [&hellip;]<\/p>\n","protected":false},"author":5,"featured_media":0,"parent":0,"menu_order":0,"comment_status":"open","ping_status":"closed","template":"","meta":{"footnotes":""},"class_list":["post-3562","page","type-page","status-publish","hentry"],"_links":{"self":[{"href":"https:\/\/www.nns.cz\/blog\/wp-json\/wp\/v2\/pages\/3562","targetHints":{"allow":["GET"]}}],"collection":[{"href":"https:\/\/www.nns.cz\/blog\/wp-json\/wp\/v2\/pages"}],"about":[{"href":"https:\/\/www.nns.cz\/blog\/wp-json\/wp\/v2\/types\/page"}],"author":[{"embeddable":true,"href":"https:\/\/www.nns.cz\/blog\/wp-json\/wp\/v2\/users\/5"}],"replies":[{"embeddable":true,"href":"https:\/\/www.nns.cz\/blog\/wp-json\/wp\/v2\/comments?post=3562"}],"version-history":[{"count":90,"href":"https:\/\/www.nns.cz\/blog\/wp-json\/wp\/v2\/pages\/3562\/revisions"}],"predecessor-version":[{"id":20907,"href":"https:\/\/www.nns.cz\/blog\/wp-json\/wp\/v2\/pages\/3562\/revisions\/20907"}],"wp:attachment":[{"href":"https:\/\/www.nns.cz\/blog\/wp-json\/wp\/v2\/media?parent=3562"}],"curies":[{"name":"wp","href":"https:\/\/api.w.org\/{rel}","templated":true}]}}