{"id":3569,"date":"2011-09-13T15:50:24","date_gmt":"2011-09-13T13:50:24","guid":{"rendered":"http:\/\/nns.cz\/blog\/?page_id=3569"},"modified":"2026-03-25T00:19:44","modified_gmt":"2026-03-24T22:19:44","slug":"chemie","status":"publish","type":"page","link":"https:\/\/www.nns.cz\/blog\/chemie\/","title":{"rendered":"Chemie"},"content":{"rendered":"\n<p class=\"has-text-color has-link-color wp-elements-0f80b0e4ab21518bec1f6451ab821a80\" style=\"color:#ff0a0a\"><strong>Aktualita: Ob\u011b u\u010debnice <strong>a oba pracovn\u00ed se\u0161ity <\/strong>chemie maj\u00ed prodlou\u017eenou dolo\u017eku M\u0160MT do roku 2032<\/strong>.<\/p>\n\n\n<div class=\"wp-block-image\">\n<figure class=\"aligncenter size-large\"><a href=\"https:\/\/www.nns.cz\/blog\/wp-content\/uploads\/NNS.CZ-Chemie-2.-stupen-2026.pdf\" target=\"_blank\" rel=\" noreferrer noopener\"><img loading=\"lazy\" decoding=\"async\" width=\"1600\" height=\"2263\" src=\"https:\/\/www.nns.cz\/blog\/wp-content\/uploads\/NNS.CZ-Chemie-2.-stupen-2026-1600x2263.png\" alt=\"\" class=\"wp-image-20711\" srcset=\"https:\/\/www.nns.cz\/blog\/wp-content\/uploads\/NNS.CZ-Chemie-2.-stupen-2026-1600x2263.png 1600w, https:\/\/www.nns.cz\/blog\/wp-content\/uploads\/NNS.CZ-Chemie-2.-stupen-2026-1024x1448.png 1024w, https:\/\/www.nns.cz\/blog\/wp-content\/uploads\/NNS.CZ-Chemie-2.-stupen-2026-400x566.png 400w, https:\/\/www.nns.cz\/blog\/wp-content\/uploads\/NNS.CZ-Chemie-2.-stupen-2026-768x1086.png 768w, https:\/\/www.nns.cz\/blog\/wp-content\/uploads\/NNS.CZ-Chemie-2.-stupen-2026-1086x1536.png 1086w, https:\/\/www.nns.cz\/blog\/wp-content\/uploads\/NNS.CZ-Chemie-2.-stupen-2026-1448x2048.png 1448w, https:\/\/www.nns.cz\/blog\/wp-content\/uploads\/NNS.CZ-Chemie-2.-stupen-2026-scaled.png 1810w\" sizes=\"auto, (max-width: 1600px) 100vw, 1600px\" \/><\/a><\/figure><\/div>\n\n\n<p><strong><a href=\"https:\/\/www.nns.cz\/blog\/wp-content\/uploads\/NNS.CZ-Chemie-2.-stupen-2026.pdf\" target=\"_blank\" rel=\"noreferrer noopener\">Zde si m\u016f\u017eete st\u00e1hnout odpov\u00eddaj\u00edc\u00ed str\u00e1nky katalogu pro 2.&nbsp;stupe\u0148.<\/a><\/strong><\/p>\n\n\n\n<p class=\"has-medium-font-size\">M\u016f\u017eete vyu\u017e\u00edt&nbsp;<strong>ak\u010dn\u00ed nab\u00eddky<\/strong>&nbsp;pro n\u00e1kup <strong>barevn\u00fdch<\/strong> pracovn\u00edch se\u0161it\u016f chemie:<\/p>\n\n\n<div class=\"inventory\" data-filter=\"false\" data-next=\"false\" data-cart=\"false\" data-ids=\"654, 721\"><div class=\"inventory-list\"><div class=\"dummy\"><\/div><div class=\"dummy\"><\/div><\/div><\/div>\n\n\n\n<h1 class=\"wp-block-heading has-large-font-size\">Ucelen\u00e1 \u0159ada<\/h1>\n\n\n\n<p><strong>U\u010debnice a&nbsp;pracovn\u00ed se\u0161ity chemie pro 8.&nbsp;a&nbsp;9.&nbsp;ro\u010dn\u00edk<\/strong> a&nbsp;odpov\u00eddaj\u00edc\u00ed ro\u010dn\u00edky v\u00edcelet\u00e9ho gymn\u00e1zia <strong>vych\u00e1zej\u00ed z&nbsp;koncepce obsahu vzd\u011bl\u00e1v\u00e1n\u00ed RVP ZV<\/strong>. U\u010debnice a&nbsp;pracovn\u00ed se\u0161ity maj\u00ed <strong>platn\u00e9 schvalovac\u00ed dolo\u017eky M\u0160MT<\/strong>. D\u016fraz je kladen na prov\u00e1zanost u\u010diva a&nbsp;jeho praktickou vyu\u017eitelnost. U\u010debnice jsou n\u00e1zorn\u011bj\u0161\u00ed, obsahuj\u00ed praktick\u00e9 \u00fakoly a&nbsp;pozorov\u00e1n\u00ed. Jednotliv\u00e9 kapitoly obsahuj\u00ed krom\u011b u\u010diva tak\u00e9 n\u00e1zorn\u00e1 sch\u00e9mata a&nbsp;fotografie. Nav\u00edc zahrnuj\u00ed popisy pokus\u016f, mezip\u0159edm\u011btov\u00e9 vazby, pr\u016f\u0159ezov\u00e1 t\u00e9mata, skupinov\u00e9 \u00fakoly, kl\u00ed\u010dov\u00e9 pojmy v&nbsp;angli\u010dtin\u011b a&nbsp;n\u011bm\u010din\u011b, opakovac\u00ed \u00fakoly, zaj\u00edmavosti a&nbsp;tipy na pr\u00e1ci s&nbsp;internetem.<\/p>\n\n\n<div class=\"wp-block-image\">\n<figure class=\"alignright is-resized\"><a href=\"#kotvaMIUC+\"><img loading=\"lazy\" decoding=\"async\" width=\"580\" height=\"201\" src=\"https:\/\/www.nns.cz\/blog\/wp-content\/uploads\/miuc2-580x201.jpg\" alt=\"\" class=\"wp-image-5635\" style=\"width:147px;height:auto\" srcset=\"https:\/\/www.nns.cz\/blog\/wp-content\/uploads\/miuc2-580x201.jpg 580w, https:\/\/www.nns.cz\/blog\/wp-content\/uploads\/miuc2-600x208.jpg 600w, https:\/\/www.nns.cz\/blog\/wp-content\/uploads\/miuc2.jpg 940w\" sizes=\"auto, (max-width: 580px) 100vw, 580px\" \/><\/a><\/figure><\/div>\n\n\n<p>U\u010debnice s&nbsp; pracovn\u00edmi  se\u0161ity jsou dostupn\u011b tak\u00e9 jako <strong><a href=\"#kotvaMIUC+\">multimedi\u00e1ln\u00ed interaktivn\u00ed u\u010debnice (MIU\u010d+)<\/a><\/strong><\/p>\n\n\n\n<p>Pro dopln\u011bn\u00ed pot\u0159ebn\u00fdch t\u00e9mat v&nbsp;chemii, kter\u00e1 se vztahuj\u00ed k&nbsp;osvojov\u00e1n\u00ed \u00fa\u010deln\u00e9ho chov\u00e1n\u00ed p\u0159i&nbsp;mimo\u0159\u00e1dn\u00fdch ud\u00e1lostech a&nbsp;p\u0159i&nbsp;ohro\u017een\u00ed v&nbsp;ka\u017edodenn\u00edch rizikov\u00fdch situac\u00ed, lze vyu\u017e\u00edt u\u010debnici a&nbsp;pracovn\u00ed se\u0161it <strong><a href=\"#kotva01\">Jak se zachovat, kdy\u017e&#8230;<\/a><\/strong><\/p>\n\n\n\n<div class=\"wp-block-columns is-layout-flex wp-container-core-columns-is-layout-9d6595d7 wp-block-columns-is-layout-flex\">\n<div class=\"wp-block-column is-layout-flow wp-block-column-is-layout-flow\">\n<p class=\"has-vivid-red-color has-text-color has-link-color wp-elements-fb16ff718e05d0d77e2251ad4105a834\" style=\"font-size:16px\"><strong>Usnadn\u011bn\u00ed pro v\u00fduku podle m\u011bn\u00edc\u00edch se RVP ZV<\/strong>:<\/p>\n<\/div>\n\n\n\n<div class=\"wp-block-column is-layout-flow wp-block-column-is-layout-flow\" style=\"flex-basis:40%\">\n<p style=\"font-size:16px\">V\u00edce na:  <a href=\"https:\/\/www.nns.cz\/blog\/nove-rvp-2025\/\" target=\"_blank\" rel=\"noreferrer noopener\">nns.cz\/novervp<\/a><\/p>\n<\/div>\n<\/div>\n\n\n\n<div class=\"wp-block-columns is-layout-flex wp-container-core-columns-is-layout-9d6595d7 wp-block-columns-is-layout-flex\">\n<div class=\"wp-block-column is-layout-flow wp-block-column-is-layout-flow\">\n<h3 class=\"wp-block-heading has-text-align-left has-background has-medium-font-size\" style=\"background-color:#fdddc0\"><a href=\"http:\/\/www.nns.cz\/digi\" data-type=\"link\" data-id=\"http:\/\/www.nns.cz\/digi\" target=\"_blank\" rel=\"noreferrer noopener\">N\u00e1m\u011bty na rozvoj digit\u00e1ln\u00edch kompetenc\u00ed dostupn\u00e9 na nns.cz\/digi<\/a><\/h3>\n<\/div>\n\n\n\n<div class=\"wp-block-column is-layout-flow wp-block-column-is-layout-flow\">\n<h3 class=\"wp-block-heading has-text-align-left has-background has-medium-font-size\" style=\"background-color:#c5d7ee\"><a href=\"https:\/\/ucebnice.online\/prizpusobeni-svp\/\" target=\"_blank\" rel=\"noreferrer noopener\">Funkce MIU\u010d+ umo\u017e\u0148uj\u00edc\u00ed p\u0159izp\u016fsoben\u00ed obsahu u\u010debnice va\u0161emu \u0160VP<\/a><\/h3>\n<\/div>\n<\/div>\n\n\n\n<figure class=\"wp-block-image size-large\"><a href=\"https:\/\/www.nns.cz\/blog\/wp-content\/uploads\/prehled-ucebnic-chemie.png\" target=\"_blank\" rel=\"noopener\"><img loading=\"lazy\" decoding=\"async\" width=\"1024\" height=\"248\" src=\"https:\/\/www.nns.cz\/blog\/wp-content\/uploads\/prehled-ucebnic-chemie-1024x248.png\" alt=\"\" class=\"wp-image-11366\" srcset=\"https:\/\/www.nns.cz\/blog\/wp-content\/uploads\/prehled-ucebnic-chemie-1024x248.png 1024w, https:\/\/www.nns.cz\/blog\/wp-content\/uploads\/prehled-ucebnic-chemie-580x141.png 580w, https:\/\/www.nns.cz\/blog\/wp-content\/uploads\/prehled-ucebnic-chemie-600x146.png 600w, https:\/\/www.nns.cz\/blog\/wp-content\/uploads\/prehled-ucebnic-chemie-768x186.png 768w, https:\/\/www.nns.cz\/blog\/wp-content\/uploads\/prehled-ucebnic-chemie-1320x320.png 1320w, https:\/\/www.nns.cz\/blog\/wp-content\/uploads\/prehled-ucebnic-chemie.png 1600w\" sizes=\"auto, (max-width: 1024px) 100vw, 1024px\" \/><\/a><\/figure>\n\n\n\n<h1 class=\"wp-block-heading has-large-font-size\">U\u010debnice<\/h1>\n\n\n\n<p><strong>Aktualita: Ob\u011b u\u010debnice<strong> a&nbsp;oba pracovn\u00ed se\u0161ity <\/strong>chemie maj\u00ed prodlou\u017eenou dolo\u017eku M\u0160MT do roku 2032<\/strong>.<\/p>\n\n\n<div class=\"inventory\" data-filter=\"false\" data-next=\"false\" data-cart=\"false\" data-ids=\"385, 975, 722\"><div class=\"inventory-list\"><div class=\"dummy\"><\/div><div class=\"dummy\"><\/div><div class=\"dummy\"><\/div><\/div><\/div>\n\n\n\n<p>U\u010debnice <strong>CHEMIE 8<\/strong> (\u00davod do obecn\u00e9 a&nbsp;anorganick\u00e9 chemie) sezn\u00e1m\u00ed \u017e\u00e1ky s&nbsp;pojmem chemie, n\u00e1sledn\u011b s&nbsp;chemick\u00fdmi l\u00e1tkami a&nbsp;sm\u011bsmi, slo\u017een\u00edm l\u00e1tek, chemick\u00fdmi reakcemi, prvky a&nbsp;anorganick\u00fdmi slou\u010deninami. K&nbsp;u\u010debnici je p\u0159ilo\u017eena periodick\u00e1 soustava prvk\u016f a&nbsp;tabulka s&nbsp;hustotou, teplotou t\u00e1n\u00ed a&nbsp;varu.<\/p>\n\n\n\n<p>U\u010debnice <strong>CHE<\/strong><strong>MIE 9 <\/strong>(\u00davod do obecn\u00e9 a&nbsp;organick\u00e9 chemie, biochemie a&nbsp;dal\u0161\u00edch chemick\u00fdch obor\u016f)<strong><br><\/strong><\/p>\n\n\n<div class=\"wp-block-image\">\n<figure class=\"alignright\"><a href=\"https:\/\/www.nns.cz\/blog\/wp-content\/uploads\/9-80-chemie-9-ucebniceprototyprgb3.jpg\" target=\"_blank\" rel=\" noreferrer noopener\"><img loading=\"lazy\" decoding=\"async\" width=\"105\" height=\"150\" src=\"https:\/\/www.nns.cz\/blog\/wp-content\/uploads\/9-80-chemie-9-ucebniceprototyprgb3-105x150.jpg\" alt=\"\" class=\"wp-image-3052\" srcset=\"https:\/\/www.nns.cz\/blog\/wp-content\/uploads\/9-80-chemie-9-ucebniceprototyprgb3-105x150.jpg 105w, https:\/\/www.nns.cz\/blog\/wp-content\/uploads\/9-80-chemie-9-ucebniceprototyprgb3.jpg 600w\" sizes=\"auto, (max-width: 105px) 100vw, 105px\" \/><\/a><\/figure><\/div>\n\n\n<p><\/p>\n\n\n\n<ul class=\"wp-block-list\">\n<li>je vytvo\u0159ena v&nbsp;souladu s&nbsp;RVP ZV<\/li>\n\n\n\n<li>navazuje na Chemii 8 (Anorganick\u00e1 chemie)<\/li>\n\n\n\n<li>je naps\u00e1na srozumiteln\u00fdm textem, kter\u00fd je na ka\u017ed\u00e9 stran\u011b dopln\u011bn fotografiemi a&nbsp;obr\u00e1zky<\/li>\n\n\n\n<li>zahrnuje &#8222;Zaj\u00edmav\u00e9 informace&#8220; a&nbsp;internetov\u00e9 odkazy<\/li>\n\n\n\n<li>umo\u017e\u0148uje prohlubov\u00e1n\u00ed kl\u00ed\u010dov\u00fdch kompetenc\u00ed<\/li>\n\n\n\n<li>obsahuje chemick\u00e9 pokusy<\/li>\n\n\n\n<li>je vytvo\u0159ena tak, aby motivovala \u017e\u00e1ky k&nbsp;z\u00e1jmu o&nbsp;organickou chemii<\/li>\n\n\n\n<li>obsahuje mezip\u0159edm\u011btov\u00e9 vztahy a&nbsp;p\u0159eklady z\u00e1kladn\u00edch pojm\u016f v&nbsp;anglick\u00e9m a&nbsp;n\u011bmeck\u00e9m jazyce<\/li>\n<\/ul>\n\n\n\n<div><strong>CHEMIE 9 <\/strong>p\u0159in\u00e1\u0161\u00ed jednoduch\u00fd a&nbsp;poutav\u00fd v\u00fdklad z\u00e1klad\u016f <strong>organick\u00e9 chemie<\/strong> v&nbsp;n\u00e1sleduj\u00edc\u00edch kapitol\u00e1ch:<\/div>\n\n\n\n<ol class=\"wp-block-list\">\n<li>Opakov\u00e1n\u00ed u\u010diva 8.&nbsp;ro\u010dn\u00edku<figure><a href=\"..\/wp-content\/uploads\/chemie-9-dvoustrany-net.jpg\" target=\"_blank\" rel=\"noopener\"><img decoding=\"async\" title=\"chemie-9-dvoustrany-net\" width=\"250\" class=\"size-medium wp-image-3060 alignright\" src=\"..\/wp-content\/uploads\/chemie-9-dvoustrany-net.jpg\" alt=\"\"><\/a><\/figure><\/li>\n\n\n\n<li>Redoxn\u00ed reakce<\/li>\n\n\n\n<li>Zdroje energie<\/li>\n\n\n\n<li>Organick\u00e1 chemie<\/li>\n\n\n\n<li>Uhlovod\u00edky<\/li>\n\n\n\n<li>Deriv\u00e1ty uhlovod\u00edk\u016f<\/li>\n\n\n\n<li>P\u0159\u00edrodn\u00ed l\u00e1tky<\/li>\n\n\n\n<li>Chemie kolem n\u00e1s<strong><br><\/strong><\/li>\n<\/ol>\n\n\n\n<div>\n<ul>\n<li><strong>\u00daryvek z&nbsp;recenze recenzentky M\u0160MT pan\u00ed Ing. Marie Pojarov\u00e9:<\/strong><\/li>\n<\/ul>\n<p><em>&#8222;Jako vyu\u010duj\u00edc\u00ed chemie na z\u00e1kladn\u00ed \u0161kole pova\u017euji u\u010debnici za velice zda\u0159ilou. P\u0159i&nbsp;dodr\u017een\u00ed odborn\u00e9 spr\u00e1vnosti je hodnota nav\u00fd\u0161ena \u00fazkou prov\u00e1zanost\u00ed se \u017eivotem, tak\u017ee \u017e\u00e1ci nepova\u017euj\u00ed chemii za n\u011bco, co kon\u010d\u00ed za prostorami chemick\u00e9 laborato\u0159e. Po&nbsp;letech praxe jsem uv\u00edtala jednoduch\u00e9 motiva\u010dn\u00ed pokusy a&nbsp;informace, statistiky z&nbsp;r\u016fzn\u00fdch oblast\u00ed.<\/em><br><em>Vyu\u010duj\u00edc\u00ed chemie m\u016f\u017ee zvolit hloubku a&nbsp;\u0161\u00ed\u0159i u\u010diva. Tato u\u010debnice d\u00e1v\u00e1 mo\u017enost doj\u00edt k&nbsp;vy\u0161\u0161\u00edm o\u010dek\u00e1van\u00fdm v\u00fdstup\u016fm a&nbsp;kompetenc\u00edm, nebo lze u\u010divo podle pot\u0159eby redukovat.<\/em><br><em>Oce\u0148uji p\u0159ehlednost a&nbsp;strukturu jednotliv\u00fdch str\u00e1nek, p\u0159\u00edklady vysv\u011btlen\u00ed n\u00e1zvoslov\u00ed organick\u00fdch l\u00e1tek. Tuto u\u010debnici bych r\u00e1da p\u0159i&nbsp;vyu\u010dov\u00e1n\u00ed chemie na Z\u0160 vyu\u017e\u00edvala.&#8220;<\/em><\/p>\n<figure><a href=\"https:\/\/www.nns.cz\/blog\/wp-content\/uploads\/ch9.jpg\"><img decoding=\"async\" class=\"aligncenter size-full wp-image-3912\" title=\"ch9\" src=\"https:\/\/www.nns.cz\/blog\/wp-content\/uploads\/ch9.jpg\" alt=\"\"><\/a><\/figure><div class=\"inventory\" data-filter=\"false\" data-next=\"false\" data-cart=\"false\" data-ids=\"385, 722, 975\"><div class=\"inventory-list\"><div class=\"dummy\"><\/div><div class=\"dummy\"><\/div><div class=\"dummy\"><\/div><\/div><\/div>\n<h3>Pracovn\u00ed se\u0161ity<\/h3>\n<\/div>\n\n\n\n<h1 class=\"wp-block-heading has-large-font-size\">Barevn\u00e9 pracovn\u00ed se\u0161ity<\/h1>\n\n\n<div class=\"inventory\" data-filter=\"false\" data-next=\"false\" data-cart=\"false\" data-ids=\"654, 721\"><div class=\"inventory-list\"><div class=\"dummy\"><\/div><div class=\"dummy\"><\/div><\/div><\/div>\n\n\n\n<div>Pracovn\u00ed se\u0161ity Chemie 8 i&nbsp;Chemie 9 obsahuj\u00ed teoretick\u00e9 i&nbsp;praktick\u00e9 <strong>\u00falohy k&nbsp;procvi\u010den\u00ed <\/strong>probran\u00e9ho u\u010diva.<\/div>\n\n\n\n<figure class=\"wp-block-image size-large\"><img loading=\"lazy\" decoding=\"async\" width=\"1600\" height=\"1004\" src=\"https:\/\/www.nns.cz\/blog\/wp-content\/uploads\/NNS.CZ-Chemie-ps-1600x1004.png\" alt=\"\" class=\"wp-image-19505\" srcset=\"https:\/\/www.nns.cz\/blog\/wp-content\/uploads\/NNS.CZ-Chemie-ps-1600x1004.png 1600w, https:\/\/www.nns.cz\/blog\/wp-content\/uploads\/NNS.CZ-Chemie-ps-1024x642.png 1024w, https:\/\/www.nns.cz\/blog\/wp-content\/uploads\/NNS.CZ-Chemie-ps-300x188.png 300w, https:\/\/www.nns.cz\/blog\/wp-content\/uploads\/NNS.CZ-Chemie-ps-768x482.png 768w, https:\/\/www.nns.cz\/blog\/wp-content\/uploads\/NNS.CZ-Chemie-ps-1536x964.png 1536w, https:\/\/www.nns.cz\/blog\/wp-content\/uploads\/NNS.CZ-Chemie-ps-2048x1285.png 2048w\" sizes=\"auto, (max-width: 1600px) 100vw, 1600px\" \/><\/figure>\n\n\n\n<p><\/p>\n\n\n\n<h1 class=\"wp-block-heading has-large-font-size\"><a name=\"kotvaMIUC+\"><\/a>MIU\u010d+<\/h1>\n\n\n\n<p>U\u010debnice s&nbsp;pracovn\u00edmi se\u0161ity jsou zpracov\u00e1ny tak\u00e9 ve form\u011b <a href=\"https:\/\/www.nns.cz\/blog\/multimedialni-interaktivni-ucebnice-chemie\/\"><strong>multimedi\u00e1ln\u00edch interaktivn\u00edch u\u010debnic (MIU\u010d+)<\/strong><\/a>, ve kter\u00fdch naleznete<strong> v\u00edce ne\u017e 100<\/strong> <strong>vide\u00ed s&nbsp;chemick\u00fdmi pokusy a&nbsp;dal\u0161\u00ed dopl\u0148uj\u00edc\u00ed interaktivn\u00ed materi\u00e1l (interaktivn\u00ed cvi\u010den\u00ed, mezip\u0159edm\u011btov\u00e9 vztahy, webov\u00e9 odkazy, zaj\u00edmavosti, audia)<\/strong>.<\/p>\n\n\n<div class=\"inventory\" data-filter=\"false\" data-next=\"false\" data-cart=\"false\" data-ids=\"928, 989, 929, 834, 974, 1176\"><div class=\"inventory-list\"><div class=\"dummy\"><\/div><div class=\"dummy\"><\/div><div class=\"dummy\"><\/div><div class=\"dummy\"><\/div><div class=\"dummy\"><\/div><div class=\"dummy\"><\/div><\/div><\/div>\n\n\n\n<p class=\"has-medium-font-size\">Vyzkou\u0161ejte na 30&nbsp;dn\u00ed zdarma na <a href=\"https:\/\/ucebnice.online\/\">www.ucebnice-online.cz<\/a>.<\/p>\n\n\n\n<h1 class=\"wp-block-heading\"><a name=\"kotva01\"><\/a><span style=\"color: #339966;\">Jak se zachovat, kdy\u017e&#8230;<\/span><\/h1>\n\n\n\n<p>U\u010debnice&nbsp;<strong>Jak se zachovat, kdy\u017e\u2026<\/strong> p\u0159in\u00e1\u0161\u00ed p\u0159ehledn\u011b roz\u010dlen\u011bn\u00e1 t\u00e9mata t\u00fdkaj\u00edc\u00ed se ochrany obyvatelstva za mimo\u0159\u00e1dn\u00fdch ud\u00e1lost\u00ed (lze vyu\u017e\u00edt i&nbsp;jako u\u010debnici pro <a href=\"https:\/\/www.nns.cz\/blog\/branna-vychova\/\">brannou v\u00fdchovu<\/a>) a&nbsp;m\u00e1 ud\u011blenu schvalovac\u00ed dolo\u017eku M\u0160MT. Usilovali jsme p\u0159itom o&nbsp;to, aby pod\u00e1van\u00e9 informace byly v&nbsp;souladu nejen s&nbsp;po\u017eadavky RVP ZV a&nbsp;s&nbsp;platnou legislativou, ale aby \u017e\u00e1k\u016fm poskytly praktick\u00e9 rady a&nbsp;pokyny. Proto jsme u\u010debn\u00ed texty konzultovali s&nbsp;odborn\u00edky v&nbsp;oblasti ochrany obyvatelstva a&nbsp;krizov\u00e9ho \u0159\u00edzen\u00ed i&nbsp;v&nbsp;oblasti zdravotnick\u00e9 z\u00e1chrann\u00e9 slu\u017eby.<\/p>\n\n\n<div class=\"inventory\" data-filter=\"false\" data-next=\"false\" data-cart=\"false\" data-ids=\"1149, 1150\"><div class=\"inventory-list\"><div class=\"dummy\"><\/div><div class=\"dummy\"><\/div><\/div><\/div>\n\n\n\n<p class=\"has-medium-font-size\">Kompletn\u00ed aktu\u00e1ln\u00ed nab\u00eddku titul\u016f naleznete&nbsp;<a href=\"https:\/\/www.nns.cz\/obchod\/index.php?item=nabidka&amp;eshop_action=show_sel_data&amp;cat_lev2_chbx%5B%5D=75&amp;cat_lev2_chbx%5B%5D=70&amp;cat_lev2_chbx%5B%5D=65&amp;cat_lev2_chbx%5B%5D=77&amp;cat_lev2_chbx%5B%5D=78&amp;cat_lev3=X&amp;cat_lev4=Vlastiv%C4%9Bda&amp;search_pat=&amp;isbn_pat=\" target=\"_blank\" rel=\"noreferrer noopener\">zde<\/a>.<\/p>\n","protected":false},"excerpt":{"rendered":"<p>Aktualita: Ob\u011b u\u010debnice a&nbsp;oba pracovn\u00ed se\u0161ity chemie maj\u00ed prodlou\u017eenou dolo\u017eku M\u0160MT do roku 2032. Zde si m\u016f\u017eete st\u00e1hnout odpov\u00eddaj\u00edc\u00ed str\u00e1nky katalogu pro 2.&nbsp;stupe\u0148. M\u016f\u017eete vyu\u017e\u00edt&nbsp;ak\u010dn\u00ed nab\u00eddky&nbsp;pro n\u00e1kup barevn\u00fdch pracovn\u00edch se\u0161it\u016f chemie: Ucelen\u00e1 \u0159ada U\u010debnice a&nbsp;pracovn\u00ed se\u0161ity chemie pro 8.&nbsp;a&nbsp;9.&nbsp;ro\u010dn\u00edk a&nbsp;odpov\u00eddaj\u00edc\u00ed ro\u010dn\u00edky v\u00edcelet\u00e9ho gymn\u00e1zia vych\u00e1zej\u00ed z&nbsp;koncepce obsahu vzd\u011bl\u00e1v\u00e1n\u00ed RVP ZV. U\u010debnice a&nbsp;pracovn\u00ed se\u0161ity maj\u00ed platn\u00e9 [&hellip;]<\/p>\n","protected":false},"author":5,"featured_media":0,"parent":0,"menu_order":0,"comment_status":"open","ping_status":"closed","template":"","meta":{"footnotes":""},"class_list":["post-3569","page","type-page","status-publish","hentry"],"_links":{"self":[{"href":"https:\/\/www.nns.cz\/blog\/wp-json\/wp\/v2\/pages\/3569","targetHints":{"allow":["GET"]}}],"collection":[{"href":"https:\/\/www.nns.cz\/blog\/wp-json\/wp\/v2\/pages"}],"about":[{"href":"https:\/\/www.nns.cz\/blog\/wp-json\/wp\/v2\/types\/page"}],"author":[{"embeddable":true,"href":"https:\/\/www.nns.cz\/blog\/wp-json\/wp\/v2\/users\/5"}],"replies":[{"embeddable":true,"href":"https:\/\/www.nns.cz\/blog\/wp-json\/wp\/v2\/comments?post=3569"}],"version-history":[{"count":66,"href":"https:\/\/www.nns.cz\/blog\/wp-json\/wp\/v2\/pages\/3569\/revisions"}],"predecessor-version":[{"id":20925,"href":"https:\/\/www.nns.cz\/blog\/wp-json\/wp\/v2\/pages\/3569\/revisions\/20925"}],"wp:attachment":[{"href":"https:\/\/www.nns.cz\/blog\/wp-json\/wp\/v2\/media?parent=3569"}],"curies":[{"name":"wp","href":"https:\/\/api.w.org\/{rel}","templated":true}]}}