{"id":3572,"date":"2011-09-13T15:50:45","date_gmt":"2011-09-13T13:50:45","guid":{"rendered":"http:\/\/nns.cz\/blog\/?page_id=3572"},"modified":"2026-03-24T23:51:48","modified_gmt":"2026-03-24T21:51:48","slug":"prirodopis","status":"publish","type":"page","link":"https:\/\/www.nns.cz\/blog\/prirodopis\/","title":{"rendered":"P\u0159\u00edrodopis"},"content":{"rendered":"<div class=\"wp-block-image\">\n<figure class=\"aligncenter size-large\"><a href=\"https:\/\/www.nns.cz\/blog\/wp-content\/uploads\/NNS.CZ-Prirodopis-2.-stupen-2026.pdf\" target=\"_blank\" rel=\" noreferrer noopener\"><img loading=\"lazy\" decoding=\"async\" width=\"1600\" height=\"2263\" src=\"https:\/\/www.nns.cz\/blog\/wp-content\/uploads\/NNS.CZ-Prirodopis-2.-stupen-2026-1600x2263.png\" alt=\"\" class=\"wp-image-20894\" srcset=\"https:\/\/www.nns.cz\/blog\/wp-content\/uploads\/NNS.CZ-Prirodopis-2.-stupen-2026-1600x2263.png 1600w, https:\/\/www.nns.cz\/blog\/wp-content\/uploads\/NNS.CZ-Prirodopis-2.-stupen-2026-1024x1448.png 1024w, https:\/\/www.nns.cz\/blog\/wp-content\/uploads\/NNS.CZ-Prirodopis-2.-stupen-2026-400x566.png 400w, https:\/\/www.nns.cz\/blog\/wp-content\/uploads\/NNS.CZ-Prirodopis-2.-stupen-2026-768x1086.png 768w, https:\/\/www.nns.cz\/blog\/wp-content\/uploads\/NNS.CZ-Prirodopis-2.-stupen-2026-1086x1536.png 1086w, https:\/\/www.nns.cz\/blog\/wp-content\/uploads\/NNS.CZ-Prirodopis-2.-stupen-2026-1448x2048.png 1448w, https:\/\/www.nns.cz\/blog\/wp-content\/uploads\/NNS.CZ-Prirodopis-2.-stupen-2026-scaled.png 1810w\" sizes=\"auto, (max-width: 1600px) 100vw, 1600px\" \/><\/a><\/figure><\/div>\n\n\n<p><strong><a href=\"https:\/\/www.nns.cz\/blog\/wp-content\/uploads\/NNS.CZ-Prirodopis-2.-stupen-2026.pdf\" target=\"_blank\" rel=\"noreferrer noopener\">Zde si m\u016f\u017eete st\u00e1hnout odpov\u00eddaj\u00edc\u00ed str\u00e1nky katalogu pro 2.&nbsp;stupe\u0148.<\/a><\/strong><\/p>\n\n\n\n<p class=\"has-medium-font-size\">M\u016f\u017eete vyu\u017e\u00edt&nbsp;<strong>ak\u010dn\u00ed nab\u00eddky<\/strong>&nbsp;k&nbsp;n\u00e1kupu <strong>barevn\u00fdch<\/strong> pracovn\u00edch se\u0161it\u016f:<\/p>\n\n\n<div class=\"wp-block-image\">\n<figure class=\"aligncenter size-full\"><img loading=\"lazy\" decoding=\"async\" width=\"2227\" height=\"460\" src=\"https:\/\/www.nns.cz\/blog\/wp-content\/uploads\/pracovni-sesity-vyhody.png\" alt=\"\" class=\"wp-image-18389\" srcset=\"https:\/\/www.nns.cz\/blog\/wp-content\/uploads\/pracovni-sesity-vyhody.png 2227w, https:\/\/www.nns.cz\/blog\/wp-content\/uploads\/pracovni-sesity-vyhody-1024x212.png 1024w, https:\/\/www.nns.cz\/blog\/wp-content\/uploads\/pracovni-sesity-vyhody-1600x330.png 1600w, https:\/\/www.nns.cz\/blog\/wp-content\/uploads\/pracovni-sesity-vyhody-300x62.png 300w, https:\/\/www.nns.cz\/blog\/wp-content\/uploads\/pracovni-sesity-vyhody-768x159.png 768w, https:\/\/www.nns.cz\/blog\/wp-content\/uploads\/pracovni-sesity-vyhody-1536x317.png 1536w, https:\/\/www.nns.cz\/blog\/wp-content\/uploads\/pracovni-sesity-vyhody-2048x423.png 2048w\" sizes=\"auto, (max-width: 2227px) 100vw, 2227px\" \/><\/figure><\/div>\n\n<div class=\"inventory\" data-filter=\"false\" data-next=\"false\" data-cart=\"false\" data-ids=\"1555, 1556, 1567, 1570, 1584, 1589\"><div class=\"inventory-list\"><div class=\"dummy\"><\/div><div class=\"dummy\"><\/div><div class=\"dummy\"><\/div><div class=\"dummy\"><\/div><div class=\"dummy\"><\/div><div class=\"dummy\"><\/div><\/div><\/div>\n\n\n\n<h1 class=\"wp-block-heading has-large-font-size\">Ucelen\u00e1 \u0159ada<\/h1>\n\n\n\n<p>Vyd\u00e1v\u00e1me&nbsp;ucelenou \u0159adu <strong>u\u010debnic<\/strong>,<strong> pracovn\u00edch se\u0161it\u016f<\/strong> a&nbsp;<strong>MIU\u010d+<\/strong> p\u0159\u00edrodopisu, kter\u00e9 jsou&nbsp;<strong>koncipov\u00e1ny v&nbsp;souladu s&nbsp;RVP ZV<\/strong>. U\u010debnice a&nbsp;pracovn\u00ed se\u0161ity maj\u00ed&nbsp;<strong>platn\u00e9 schvalovac\u00ed dolo\u017eky M\u0160MT<\/strong>.<\/p>\n\n\n\n<p>D\u016fraz je kladen na prov\u00e1zanost u\u010diva a&nbsp;jeho praktickou vyu\u017eitelnost. Jednotliv\u00e9 kapitoly krom\u011b u\u010diva obsahuj\u00ed tak\u00e9 n\u00e1zorn\u00e1 sch\u00e9mata, grafy, fotografie a&nbsp;obr\u00e1zky. Nav\u00edc zahrnuj\u00ed&nbsp; o\u010dek\u00e1van\u00e9 v\u00fdstupy, kl\u00ed\u010dov\u00e9 kompetence a&nbsp;n\u00e1vrhy projekt\u016f.<\/p>\n\n\n<div class=\"wp-block-image\">\n<figure class=\"alignright is-resized\"><a href=\"#kotvaMIUC+\"><img loading=\"lazy\" decoding=\"async\" width=\"580\" height=\"201\" src=\"https:\/\/www.nns.cz\/blog\/wp-content\/uploads\/miuc2-580x201.jpg\" alt=\"\" class=\"wp-image-5635\" style=\"width:147px;height:auto\" srcset=\"https:\/\/www.nns.cz\/blog\/wp-content\/uploads\/miuc2-580x201.jpg 580w, https:\/\/www.nns.cz\/blog\/wp-content\/uploads\/miuc2-600x208.jpg 600w, https:\/\/www.nns.cz\/blog\/wp-content\/uploads\/miuc2.jpg 940w\" sizes=\"auto, (max-width: 580px) 100vw, 580px\" \/><\/a><\/figure><\/div>\n\n\n<p>U\u010debnice s&nbsp; pracovn\u00edmi  se\u0161ity jsou dostupn\u011b tak\u00e9 jako <strong><a href=\"#kotvaMIUC+\">multimedi\u00e1ln\u00ed interaktivn\u00ed u\u010debnice (MIU\u010d+)<\/a><\/strong><\/p>\n\n\n\n<p>Pro dopln\u011bn\u00ed pot\u0159ebn\u00fdch t\u00e9mat v&nbsp;p\u0159\u00edrodopise, kter\u00e1 se vztahuj\u00ed k&nbsp;osvojov\u00e1n\u00ed \u00fa\u010deln\u00e9ho&nbsp;chov\u00e1n\u00ed p\u0159i&nbsp;mimo\u0159\u00e1dn\u00fdch ud\u00e1lostech a&nbsp;p\u0159i&nbsp;ohro\u017een\u00ed v&nbsp;ka\u017edodenn\u00edch rizikov\u00fdch situac\u00ed,&nbsp; lze vyu\u017e\u00edt u\u010debnici a&nbsp;pracovn\u00ed se\u0161it <strong><a href=\"#kotva01\">Jak se zachovat, kdy\u017e&#8230;<\/a><\/strong><\/p>\n\n\n\n<div class=\"wp-block-columns is-layout-flex wp-container-core-columns-is-layout-9d6595d7 wp-block-columns-is-layout-flex\">\n<div class=\"wp-block-column is-layout-flow wp-block-column-is-layout-flow\">\n<p class=\"has-vivid-red-color has-text-color has-link-color wp-elements-fb16ff718e05d0d77e2251ad4105a834\" style=\"font-size:16px\"><strong>Usnadn\u011bn\u00ed pro v\u00fduku podle m\u011bn\u00edc\u00edch se RVP ZV<\/strong>:<\/p>\n<\/div>\n\n\n\n<div class=\"wp-block-column is-layout-flow wp-block-column-is-layout-flow\" style=\"flex-basis:40%\">\n<p style=\"font-size:16px\">V\u00edce na:  <a href=\"https:\/\/www.nns.cz\/blog\/nove-rvp-2025\/\" target=\"_blank\" rel=\"noreferrer noopener\">nns.cz\/novervp<\/a><\/p>\n<\/div>\n<\/div>\n\n\n\n<div class=\"wp-block-columns is-layout-flex wp-container-core-columns-is-layout-9d6595d7 wp-block-columns-is-layout-flex\">\n<div class=\"wp-block-column is-layout-flow wp-block-column-is-layout-flow\">\n<h3 class=\"wp-block-heading has-text-align-left has-background has-medium-font-size\" style=\"background-color:#fdddc0\"><a href=\"http:\/\/www.nns.cz\/digi\" data-type=\"link\" data-id=\"http:\/\/www.nns.cz\/digi\" target=\"_blank\" rel=\"noreferrer noopener\">N\u00e1m\u011bty na rozvoj digit\u00e1ln\u00edch kompetenc\u00ed dostupn\u00e9 na nns.cz\/digi<\/a><\/h3>\n<\/div>\n\n\n\n<div class=\"wp-block-column is-layout-flow wp-block-column-is-layout-flow\">\n<h3 class=\"wp-block-heading has-text-align-left has-background has-medium-font-size\" style=\"background-color:#c5d7ee\"><a href=\"https:\/\/ucebnice.online\/prizpusobeni-svp\/\" target=\"_blank\" rel=\"noreferrer noopener\">Funkce MIU\u010d+ umo\u017e\u0148uj\u00edc\u00ed p\u0159izp\u016fsoben\u00ed obsahu u\u010debnice va\u0161emu \u0160VP<\/a><\/h3>\n<\/div>\n<\/div>\n\n\n\n<figure class=\"wp-block-image size-large\"><a href=\"https:\/\/www.nns.cz\/blog\/wp-content\/uploads\/prehled-ucebnic-prirodopisu.png\" target=\"_blank\" rel=\"noopener\"><img loading=\"lazy\" decoding=\"async\" width=\"1024\" height=\"390\" src=\"https:\/\/www.nns.cz\/blog\/wp-content\/uploads\/prehled-ucebnic-prirodopisu-1024x390.png\" alt=\"\" class=\"wp-image-11342\" srcset=\"https:\/\/www.nns.cz\/blog\/wp-content\/uploads\/prehled-ucebnic-prirodopisu-1024x390.png 1024w, https:\/\/www.nns.cz\/blog\/wp-content\/uploads\/prehled-ucebnic-prirodopisu-580x221.png 580w, https:\/\/www.nns.cz\/blog\/wp-content\/uploads\/prehled-ucebnic-prirodopisu-600x229.png 600w, https:\/\/www.nns.cz\/blog\/wp-content\/uploads\/prehled-ucebnic-prirodopisu-768x293.png 768w, https:\/\/www.nns.cz\/blog\/wp-content\/uploads\/prehled-ucebnic-prirodopisu-1320x503.png 1320w, https:\/\/www.nns.cz\/blog\/wp-content\/uploads\/prehled-ucebnic-prirodopisu.png 1600w\" sizes=\"auto, (max-width: 1024px) 100vw, 1024px\" \/><\/a><\/figure>\n\n\n\n<h1 class=\"wp-block-heading has-large-font-size\">U\u010debnice<\/h1>\n\n\n\n<figure class=\"wp-block-image\"><img loading=\"lazy\" decoding=\"async\" width=\"1300\" height=\"731\" src=\"https:\/\/www.nns.cz\/blog\/wp-content\/uploads\/ucebnice-prirodopis-6-9-nns.jpg\" alt=\"\" class=\"wp-image-13427\" srcset=\"https:\/\/www.nns.cz\/blog\/wp-content\/uploads\/ucebnice-prirodopis-6-9-nns.jpg 1300w, https:\/\/www.nns.cz\/blog\/wp-content\/uploads\/ucebnice-prirodopis-6-9-nns-580x326.jpg 580w, https:\/\/www.nns.cz\/blog\/wp-content\/uploads\/ucebnice-prirodopis-6-9-nns-600x337.jpg 600w, https:\/\/www.nns.cz\/blog\/wp-content\/uploads\/ucebnice-prirodopis-6-9-nns-768x432.jpg 768w, https:\/\/www.nns.cz\/blog\/wp-content\/uploads\/ucebnice-prirodopis-6-9-nns-1024x576.jpg 1024w\" sizes=\"auto, (max-width: 1300px) 100vw, 1300px\" \/><\/figure>\n\n\n<div class=\"inventory\" data-filter=\"false\" data-next=\"false\" data-cart=\"false\" data-ids=\"368, 369, 408, 409, 633, 994, 651\"><div class=\"inventory-list\"><div class=\"dummy\"><\/div><div class=\"dummy\"><\/div><div class=\"dummy\"><\/div><div class=\"dummy\"><\/div><div class=\"dummy\"><\/div><div class=\"dummy\"><\/div><div class=\"dummy\"><\/div><\/div><\/div>\n\n\n\n<p>Ka\u017ed\u00e1 kapitola u\u010debnice obsahuje mezip\u0159edm\u011btov\u00e9 vazby formou odkaz\u016f na koresponduj\u00edc\u00ed u\u010divo v&nbsp;ostatn\u00edch u\u010debnic\u00edch z&nbsp;\u0159ady, pr\u016f\u0159ezov\u00e1 t\u00e9mata, skupinov\u00e9 \u00fakoly, pojmy v&nbsp;angli\u010dtin\u011b a&nbsp;n\u011bm\u010din\u011b, opakovac\u00ed \u00fakoly, zaj\u00edmavosti, pr\u00e1ci s&nbsp;internetem a&nbsp;pr\u00e1ci s&nbsp;mapou.<\/p>\n\n\n\n<figure class=\"wp-block-image size-large\"><a href=\"https:\/\/www.nns.cz\/blog\/wp-content\/uploads\/ukazka-ucebnice-prirodopis-9.png\" target=\"_blank\" rel=\"noopener\"><img loading=\"lazy\" decoding=\"async\" width=\"776\" height=\"1024\" src=\"https:\/\/www.nns.cz\/blog\/wp-content\/uploads\/ukazka-ucebnice-prirodopis-9-776x1024.png\" alt=\"\" class=\"wp-image-11335\" srcset=\"https:\/\/www.nns.cz\/blog\/wp-content\/uploads\/ukazka-ucebnice-prirodopis-9-776x1024.png 776w, https:\/\/www.nns.cz\/blog\/wp-content\/uploads\/ukazka-ucebnice-prirodopis-9-580x765.png 580w, https:\/\/www.nns.cz\/blog\/wp-content\/uploads\/ukazka-ucebnice-prirodopis-9-600x791.png 600w, https:\/\/www.nns.cz\/blog\/wp-content\/uploads\/ukazka-ucebnice-prirodopis-9-768x1013.png 768w, https:\/\/www.nns.cz\/blog\/wp-content\/uploads\/ukazka-ucebnice-prirodopis-9-1320x1741.png 1320w, https:\/\/www.nns.cz\/blog\/wp-content\/uploads\/ukazka-ucebnice-prirodopis-9.png 1600w\" sizes=\"auto, (max-width: 776px) 100vw, 776px\" \/><\/a><\/figure>\n\n\n\n<p>U\u010debnici <strong>P\u0159\u00edrodopis 8 (Biologie \u010dlov\u011bka)<\/strong> obsahuje aktualizovanou P\u0158\u00cdLOHU \u2013 P\u0158EHLED PRVN\u00cd POMOCI. Postupy v&nbsp;n\u00ed uveden\u00e9 odpov\u00eddaj\u00ed standard\u016fm&nbsp; a&nbsp;cel\u00fd text je zkontrolovan\u00fd od MUDr. Jany Kubalov\u00e9 (n\u00e1m\u011bstek pro krizovou p\u0159ipravenost a&nbsp;vzd\u011bl\u00e1v\u00e1n\u00ed na ZZS JMK v&nbsp;Brn\u011b, &nbsp;<a href=\"http:\/\/www.zzsjmk.cz\/\">http:\/\/www.zzsjmk.cz\/<\/a>).<\/p>\n\n\n\n<h1 class=\"wp-block-heading\">Barevn\u00e9 pracovn\u00ed se\u0161ity<\/h1>\n\n\n<div class=\"wp-block-image\">\n<figure class=\"aligncenter size-large\"><img loading=\"lazy\" decoding=\"async\" width=\"1024\" height=\"368\" src=\"https:\/\/www.nns.cz\/blog\/wp-content\/uploads\/Ucelena-rada-Prirodopis-1024x368.jpg\" alt=\"\" class=\"wp-image-12101\" srcset=\"https:\/\/www.nns.cz\/blog\/wp-content\/uploads\/Ucelena-rada-Prirodopis-1024x368.jpg 1024w, https:\/\/www.nns.cz\/blog\/wp-content\/uploads\/Ucelena-rada-Prirodopis-580x208.jpg 580w, https:\/\/www.nns.cz\/blog\/wp-content\/uploads\/Ucelena-rada-Prirodopis-600x216.jpg 600w, https:\/\/www.nns.cz\/blog\/wp-content\/uploads\/Ucelena-rada-Prirodopis-768x276.jpg 768w, https:\/\/www.nns.cz\/blog\/wp-content\/uploads\/Ucelena-rada-Prirodopis-1320x474.jpg 1320w\" sizes=\"auto, (max-width: 1024px) 100vw, 1024px\" \/><\/figure><\/div>\n\n\n<p><span style=\"color: #ff0000;\">Nov\u011b vyd\u00e1v\u00e1me <strong>pln\u011bbarevn\u00e9 verze<\/strong> pracovn\u00edch se\u0161it\u016f. Od p\u016fvodn\u00edch dvoubarevn\u00fdch se li\u0161\u00ed vyu\u017eit\u00edm pln\u00e9 barevnosti, jednotliv\u00e1 cvi\u010den\u00ed z\u016fst\u00e1vaj\u00ed v&nbsp;p\u016fvodn\u00ed, osv\u011bd\u010den\u00e9 podob\u011b, obsahuj\u00ed <strong> shrnut\u00ed u\u010diva.<\/strong><\/span><\/p>\n\n\n<div class=\"wp-block-image\">\n<figure class=\"aligncenter size-full\"><img loading=\"lazy\" decoding=\"async\" width=\"2227\" height=\"460\" src=\"https:\/\/www.nns.cz\/blog\/wp-content\/uploads\/pracovni-sesity-vyhody.png\" alt=\"\" class=\"wp-image-18389\" srcset=\"https:\/\/www.nns.cz\/blog\/wp-content\/uploads\/pracovni-sesity-vyhody.png 2227w, https:\/\/www.nns.cz\/blog\/wp-content\/uploads\/pracovni-sesity-vyhody-1024x212.png 1024w, https:\/\/www.nns.cz\/blog\/wp-content\/uploads\/pracovni-sesity-vyhody-1600x330.png 1600w, https:\/\/www.nns.cz\/blog\/wp-content\/uploads\/pracovni-sesity-vyhody-300x62.png 300w, https:\/\/www.nns.cz\/blog\/wp-content\/uploads\/pracovni-sesity-vyhody-768x159.png 768w, https:\/\/www.nns.cz\/blog\/wp-content\/uploads\/pracovni-sesity-vyhody-1536x317.png 1536w, https:\/\/www.nns.cz\/blog\/wp-content\/uploads\/pracovni-sesity-vyhody-2048x423.png 2048w\" sizes=\"auto, (max-width: 2227px) 100vw, 2227px\" \/><\/figure><\/div>\n\n<div class=\"inventory\" data-filter=\"false\" data-next=\"false\" data-cart=\"false\" data-ids=\"1555, 1556, 1567, 1570, 1584, 1589\"><div class=\"inventory-list\"><div class=\"dummy\"><\/div><div class=\"dummy\"><\/div><div class=\"dummy\"><\/div><div class=\"dummy\"><\/div><div class=\"dummy\"><\/div><div class=\"dummy\"><\/div><\/div><\/div>\n\n\n\n<p>Pracovn\u00ed se\u0161ity obsahuj\u00ed p\u0159edev\u0161\u00edm \u00fakoly k&nbsp;<strong>pochopen\u00ed a&nbsp;upev\u0148ov\u00e1n\u00ed u\u010diva<\/strong>. Tyto se\u0161ity je mo\u017en\u00e9 vyu\u017e\u00edt <strong>m\u00edsto vlastn\u00edho se\u0161itu \u017e\u00e1ka<\/strong>, jsou zde procvi\u010deny v\u0161echny z\u00e1kladn\u00ed pojmy z&nbsp;u\u010debnice. Vypln\u011bn\u00e9 \u00fakoly a&nbsp;cvi\u010den\u00ed si mohou \u017e\u00e1ci proch\u00e1zet, a&nbsp;tak si l\u00e1tku opakovat. Nov\u011b vyd\u00e1v\u00e1me <strong>barevn\u00e9 verze pracovn\u00edch se\u0161it\u016f <\/strong>(p\u016fvodn\u00ed dvoubarevn\u00e9 pracovn\u00ed se\u0161ity postupn\u011b doprod\u00e1v\u00e1me).<\/p>\n\n\n\n<p><strong>Pracovn\u00ed se\u0161ity<\/strong>&nbsp;tvo\u0159\u00ed funk\u010dn\u00ed celek s&nbsp;jednotliv\u00fdmi u\u010debnicemi p\u0159\u00edrodopisu. Jsou sou\u010d\u00e1st\u00ed ucelen\u00e9 \u0159ady u\u010debnic a&nbsp;pracovn\u00edch se\u0161it\u016f p\u0159\u00edrodopisu, kter\u00e1 klade d\u016fraz na prov\u00e1zanost u\u010diva a&nbsp;jeho praktickou vyu\u017eitelnost a&nbsp;je vytvo\u0159ena v&nbsp;souladu s&nbsp;RVP ZV.<\/p>\n\n\n\n<p>V \u00favodu ka\u017ed\u00e9 kapitoly je kr\u00e1tk\u00fd text, kter\u00fd m\u00e1 nejen eduka\u010dn\u00ed, ale i&nbsp;motiva\u010dn\u00ed funkci.&nbsp;Pochopen\u00ed textu a&nbsp;navazuj\u00edc\u00ed \u00fakol&nbsp;<strong>rozv\u00edjej\u00ed \u010dten\u00e1\u0159skou gramotnost<\/strong>, stejn\u011b jako \u0159ada \u00fakol\u016f pracovn\u00edch se\u0161it\u016f, kter\u00e9 vych\u00e1zej\u00ed z&nbsp;porozum\u011bn\u00ed textu uveden\u00e9ho v&nbsp;u\u010debnici. Jednotliv\u00e9 celky jsou uzav\u0159eny&nbsp;<strong>souhrnn\u00fdm opakov\u00e1n\u00edm<\/strong> a&nbsp;<strong>sebehodnotic\u00ed tabulkou<\/strong>. \u00dakoly v&nbsp;pracovn\u00edch se\u0161itech podporuj\u00ed rozvoj p\u0159\u00edrodopisn\u00e9 gramotnosti.<\/p>\n\n\n\n<p>Na ka\u017ed\u00e9 stran\u011b se\u0161itu jsou uvedeny&nbsp;odkazy na konkr\u00e9tn\u00ed strany v&nbsp;u\u010debnici. Na voln\u00e9 \u0159\u00e1dky um\u00edst\u011bn\u00e9 ve spodn\u00ed \u010d\u00e1sti stran si \u017e\u00e1ci mohou zapisovat sv\u00e9&nbsp;<strong>pozn\u00e1mky<\/strong> k&nbsp;dan\u00e9mu t\u00e9matu.<\/p>\n\n\n<div class=\"wp-block-image\">\n<figure class=\"aligncenter size-large\"><a href=\"https:\/\/www.nns.cz\/blog\/wp-content\/uploads\/barevny-prirodopis-strunatci.jpg\"><img loading=\"lazy\" decoding=\"async\" width=\"1024\" height=\"934\" src=\"https:\/\/www.nns.cz\/blog\/wp-content\/uploads\/barevny-prirodopis-strunatci-1024x934.jpg\" alt=\"\" class=\"wp-image-11784\" srcset=\"https:\/\/www.nns.cz\/blog\/wp-content\/uploads\/barevny-prirodopis-strunatci-1024x934.jpg 1024w, https:\/\/www.nns.cz\/blog\/wp-content\/uploads\/barevny-prirodopis-strunatci-580x529.jpg 580w, https:\/\/www.nns.cz\/blog\/wp-content\/uploads\/barevny-prirodopis-strunatci-600x547.jpg 600w, https:\/\/www.nns.cz\/blog\/wp-content\/uploads\/barevny-prirodopis-strunatci-768x700.jpg 768w, https:\/\/www.nns.cz\/blog\/wp-content\/uploads\/barevny-prirodopis-strunatci-1320x1203.jpg 1320w\" sizes=\"auto, (max-width: 1024px) 100vw, 1024px\" \/><\/a><\/figure><\/div>\n\n\n<p><\/p>\n\n\n\n<h2 class=\"wp-block-heading\"><span style=\"color: #ff6600;\"><strong>DVOUBAREVN\u00c9 PRACOVN\u00cd SE\u0160ITY v&nbsp;doprodeji<\/strong><\/span><\/h2>\n\n\n\n<p><div class=\"inventory\" data-filter=\"false\" data-next=\"false\" data-cart=\"false\" data-ids=\"964, 965\"><div class=\"inventory-list\"><div class=\"dummy\"><\/div><div class=\"dummy\"><\/div><\/div><\/div><a name=\"kotvaMIUC+\"><\/a><\/p>\n\n\n\n<h1 class=\"wp-block-heading has-large-font-size\"><strong><a name=\"kotvaMIUC+\"><\/a>Multimedi\u00e1ln\u00ed interaktivn\u00ed u\u010debnice MIU\u010d+<\/strong><\/h1>\n\n\n\n<figure class=\"wp-block-image size-large\"><img loading=\"lazy\" decoding=\"async\" width=\"1600\" height=\"1524\" src=\"https:\/\/www.nns.cz\/blog\/wp-content\/uploads\/NNS.CZ-Prirodopis-2-miuc-1600x1524.png\" alt=\"\" class=\"wp-image-19522\" srcset=\"https:\/\/www.nns.cz\/blog\/wp-content\/uploads\/NNS.CZ-Prirodopis-2-miuc-1600x1524.png 1600w, https:\/\/www.nns.cz\/blog\/wp-content\/uploads\/NNS.CZ-Prirodopis-2-miuc-1024x975.png 1024w, https:\/\/www.nns.cz\/blog\/wp-content\/uploads\/NNS.CZ-Prirodopis-2-miuc-300x286.png 300w, https:\/\/www.nns.cz\/blog\/wp-content\/uploads\/NNS.CZ-Prirodopis-2-miuc-768x731.png 768w, https:\/\/www.nns.cz\/blog\/wp-content\/uploads\/NNS.CZ-Prirodopis-2-miuc-1536x1463.png 1536w, https:\/\/www.nns.cz\/blog\/wp-content\/uploads\/NNS.CZ-Prirodopis-2-miuc-2048x1951.png 2048w\" sizes=\"auto, (max-width: 1600px) 100vw, 1600px\" \/><\/figure>\n\n\n<div class=\"inventory\" data-filter=\"false\" data-next=\"false\" data-cart=\"false\" data-ids=\"904,1010,905,1565,906,1011,907,1566,916,1016,917,1568,918,1017,919,1569,930,1022,931,1571,939,1027,940,1572\"><div class=\"inventory-list\"><div class=\"dummy\"><\/div><div class=\"dummy\"><\/div><div class=\"dummy\"><\/div><div class=\"dummy\"><\/div><div class=\"dummy\"><\/div><div class=\"dummy\"><\/div><div class=\"dummy\"><\/div><div class=\"dummy\"><\/div><div class=\"dummy\"><\/div><div class=\"dummy\"><\/div><div class=\"dummy\"><\/div><div class=\"dummy\"><\/div><div class=\"dummy\"><\/div><div class=\"dummy\"><\/div><div class=\"dummy\"><\/div><div class=\"dummy\"><\/div><div class=\"dummy\"><\/div><div class=\"dummy\"><\/div><div class=\"dummy\"><\/div><div class=\"dummy\"><\/div><div class=\"dummy\"><\/div><div class=\"dummy\"><\/div><div class=\"dummy\"><\/div><div class=\"dummy\"><\/div><\/div><\/div>\n\n\n\n<p class=\"has-medium-font-size\">Vyzkou\u0161ejte na 30&nbsp;dn\u00ed zdarma na <a href=\"https:\/\/ucebnice.online\/\">www.ucebnice-online.cz<\/a>.<\/p>\n\n\n\n<h1 class=\"wp-block-heading\"><a name=\"kotva01\"><\/a><span style=\"color: #008000;\">Jak se zachovat, kdy\u017e&#8230;<\/span><\/h1>\n\n\n\n<p>U\u010debnice&nbsp;<strong>Jak se zachovat, kdy\u017e\u2026<\/strong> p\u0159in\u00e1\u0161\u00ed p\u0159ehledn\u011b roz\u010dlen\u011bn\u00e1 t\u00e9mata t\u00fdkaj\u00edc\u00ed se ochrany obyvatelstva za mimo\u0159\u00e1dn\u00fdch ud\u00e1lost\u00ed (lze vyu\u017e\u00edt i&nbsp;jako u\u010debnici pro <a href=\"https:\/\/www.nns.cz\/blog\/branna-vychova\/\">brannou v\u00fdchovu<\/a>) a&nbsp;m\u00e1 ud\u011blenu schvalovac\u00ed dolo\u017eku M\u0160MT. Usilovali jsme p\u0159itom o&nbsp;to, aby pod\u00e1van\u00e9 informace byly v&nbsp;souladu nejen s&nbsp;po\u017eadavky RVP ZV a&nbsp;s&nbsp;platnou legislativou, ale aby \u017e\u00e1k\u016fm poskytly praktick\u00e9 rady a&nbsp;pokyny. Proto jsme u\u010debn\u00ed texty konzultovali s&nbsp;odborn\u00edky v&nbsp;oblasti ochrany obyvatelstva a&nbsp;krizov\u00e9ho \u0159\u00edzen\u00ed i&nbsp;v&nbsp;oblasti zdravotnick\u00e9 z\u00e1chrann\u00e9 slu\u017eby.<\/p>\n\n\n<div class=\"inventory\" data-filter=\"false\" data-next=\"false\" data-cart=\"false\" data-ids=\"1149, 1150\"><div class=\"inventory-list\"><div class=\"dummy\"><\/div><div class=\"dummy\"><\/div><\/div><\/div>\n\n\n\n<p class=\"has-medium-font-size\">Kompletn\u00ed aktu\u00e1ln\u00ed nab\u00eddku titul\u016f naleznete&nbsp;<a href=\"https:\/\/www.nns.cz\/obchod\/index.php?item=nabidka&amp;eshop_action=show_sel_data&amp;cat_lev2_chbx%5B%5D=75&amp;cat_lev2_chbx%5B%5D=70&amp;cat_lev2_chbx%5B%5D=65&amp;cat_lev2_chbx%5B%5D=77&amp;cat_lev2_chbx%5B%5D=78&amp;cat_lev3=X&amp;cat_lev4=Vlastiv%C4%9Bda&amp;search_pat=&amp;isbn_pat=\" target=\"_blank\" rel=\"noreferrer noopener\">zde<\/a>.<\/p>\n","protected":false},"excerpt":{"rendered":"<p>Zde si m\u016f\u017eete st\u00e1hnout odpov\u00eddaj\u00edc\u00ed str\u00e1nky katalogu pro 2.&nbsp;stupe\u0148. M\u016f\u017eete vyu\u017e\u00edt&nbsp;ak\u010dn\u00ed nab\u00eddky&nbsp;k&nbsp;n\u00e1kupu barevn\u00fdch pracovn\u00edch se\u0161it\u016f: Ucelen\u00e1 \u0159ada Vyd\u00e1v\u00e1me&nbsp;ucelenou \u0159adu u\u010debnic, pracovn\u00edch se\u0161it\u016f a&nbsp;MIU\u010d+ p\u0159\u00edrodopisu, kter\u00e9 jsou&nbsp;koncipov\u00e1ny v&nbsp;souladu s&nbsp;RVP ZV. U\u010debnice a&nbsp;pracovn\u00ed se\u0161ity maj\u00ed&nbsp;platn\u00e9 schvalovac\u00ed dolo\u017eky M\u0160MT. D\u016fraz je kladen na prov\u00e1zanost u\u010diva a&nbsp;jeho praktickou vyu\u017eitelnost. Jednotliv\u00e9 kapitoly krom\u011b u\u010diva obsahuj\u00ed tak\u00e9 n\u00e1zorn\u00e1 sch\u00e9mata, grafy, fotografie [&hellip;]<\/p>\n","protected":false},"author":5,"featured_media":0,"parent":0,"menu_order":0,"comment_status":"open","ping_status":"closed","template":"","meta":{"footnotes":""},"class_list":["post-3572","page","type-page","status-publish","hentry"],"_links":{"self":[{"href":"https:\/\/www.nns.cz\/blog\/wp-json\/wp\/v2\/pages\/3572","targetHints":{"allow":["GET"]}}],"collection":[{"href":"https:\/\/www.nns.cz\/blog\/wp-json\/wp\/v2\/pages"}],"about":[{"href":"https:\/\/www.nns.cz\/blog\/wp-json\/wp\/v2\/types\/page"}],"author":[{"embeddable":true,"href":"https:\/\/www.nns.cz\/blog\/wp-json\/wp\/v2\/users\/5"}],"replies":[{"embeddable":true,"href":"https:\/\/www.nns.cz\/blog\/wp-json\/wp\/v2\/comments?post=3572"}],"version-history":[{"count":124,"href":"https:\/\/www.nns.cz\/blog\/wp-json\/wp\/v2\/pages\/3572\/revisions"}],"predecessor-version":[{"id":20896,"href":"https:\/\/www.nns.cz\/blog\/wp-json\/wp\/v2\/pages\/3572\/revisions\/20896"}],"wp:attachment":[{"href":"https:\/\/www.nns.cz\/blog\/wp-json\/wp\/v2\/media?parent=3572"}],"curies":[{"name":"wp","href":"https:\/\/api.w.org\/{rel}","templated":true}]}}