{"id":3576,"date":"2011-09-13T15:51:42","date_gmt":"2011-09-13T13:51:42","guid":{"rendered":"http:\/\/nns.cz\/blog\/?page_id=3576"},"modified":"2022-04-27T10:40:02","modified_gmt":"2022-04-27T08:40:02","slug":"multimedialni-interaktivni-ucebnice-slabikar-a-ziva-abeceda","status":"publish","type":"page","link":"https:\/\/www.nns.cz\/blog\/multimedialni-interaktivni-ucebnice-slabikar-a-ziva-abeceda\/","title":{"rendered":"Multimedi\u00e1ln\u00ed interaktivn\u00ed u\u010debnice \u017div\u00e1 abeceda, Slabik\u00e1\u0159 a&nbsp;p\u00edsanky"},"content":{"rendered":"<p>Pro 1.&nbsp;ro\u010dn\u00edk Z\u0160 vyd\u00e1v\u00e1me t\u0159i \u0159ady MIU\u010d+:<\/p>\n<p><strong><a href=\"#kotva03\">\u010cteme a&nbsp;p\u00ed\u0161eme s&nbsp;Ag\u00e1tou<\/a><\/strong><\/p>\n<p><strong><a href=\"#kotva01\">DUHOV\u00c1 \u0158ADA<\/a><\/strong><\/p>\n<p><strong><a href=\"#kotva02\">P\u00ed\u0161eme tiskac\u00edm p\u00edsmem<\/a><\/strong><\/p>\n<h2><a name=\"kotva03\"><\/a>\u010cteme a&nbsp;p\u00ed\u0161eme s&nbsp;Ag\u00e1tou<\/h2>\n<p><a href=\"http:\/\/nns.cz\/agata\/\"><img loading=\"lazy\" decoding=\"async\" class=\"alignnone wp-image-13617\" src=\"https:\/\/www.nns.cz\/blog\/wp-content\/uploads\/cteme-a-piseme-s-agatou-logo.jpg\" alt=\"\" width=\"200\" height=\"84\" \/><\/a><\/p>\n<p><strong>MIU\u010d+ \u201e\u010cteme a&nbsp;p\u00ed\u0161eme s&nbsp;Ag\u00e1tou\u201c<\/strong>\u00a0obsahuje interaktivn\u00ed verzi ti\u0161t\u011bn\u00e9 \u017div\u00e9 abecedy a&nbsp;ti\u0161t\u011bn\u00e9ho Slabik\u00e1\u0159e (1.&nbsp;a\u017e 3.&nbsp;d\u00edl), Uvol\u0148ovac\u00edch cvik\u016f, ti\u0161t\u011bn\u00fdch p\u00edsanek, Zdokonalujeme \u010dten\u00ed, Pozn\u00e1v\u00e1me abecedu, P\u00edsankov\u00e9ho se\u0161itu 511+, n\u00e1vod na sestaven\u00ed p\u00edsmene ze stavebnice <a href=\"https:\/\/www.nns.cz\/blog\/cesky-jazyk\/roto\/\">ROTO ABECEDA<\/a>, animace a&nbsp;interaktivn\u00ed cvi\u010den\u00ed.<\/p>\n<div class=\"inventory\" data-filter=\"false\" data-next=\"false\" data-cart=\"false\" data-ids=\"1393,1394,1395,1456,2095,2096,2097\"><div class=\"inventory-list\"><div class=\"dummy\"><\/div><div class=\"dummy\"><\/div><div class=\"dummy\"><\/div><div class=\"dummy\"><\/div><div class=\"dummy\"><\/div><div class=\"dummy\"><\/div><div class=\"dummy\"><\/div><\/div><\/div>\n<p>Pozn\u00e1v\u00e1me abecedu lze zakoupit samostatn\u011b:<\/p>\n<div class=\"inventory\" data-filter=\"false\" data-next=\"false\" data-cart=\"false\" data-ids=\"1442,1443,1668\"><div class=\"inventory-list\"><div class=\"dummy\"><\/div><div class=\"dummy\"><\/div><div class=\"dummy\"><\/div><\/div><\/div>\n<p>V interaktivn\u00edch cvi\u010den\u00edch se \u017e\u00e1ci hravou formou seznamuj\u00ed s&nbsp;jednotliv\u00fdmi p\u00edsmeny abecedy. Cvi\u010den\u00ed napom\u00e1haj\u00ed rozv\u00edjet sluchovou i&nbsp;zrakovou percepci. N\u011bkter\u00e1 cvi\u010den\u00ed jsou ur\u010den\u00e1 k&nbsp;fixaci slovn\u00ed z\u00e1soby. Interaktivn\u00ed cvi\u010den\u00ed ur\u010den\u00e1 k&nbsp;procvi\u010dov\u00e1n\u00ed \u010dten\u00e1\u0159sk\u00fdch dovednost\u00ed lze individu\u00e1ln\u011b p\u0159izp\u016fsobovat \u017e\u00e1k\u016fm.<\/p>\n<p><a href=\"https:\/\/www.nns.cz\/blog\/wp-content\/uploads\/miuc-cteme-a-piseme-s-agatou-2022.jpg\"><img loading=\"lazy\" decoding=\"async\" class=\"alignnone wp-image-15769 size-thumbnail\" src=\"https:\/\/www.nns.cz\/blog\/wp-content\/uploads\/miuc-cteme-a-piseme-s-agatou-2022-580x402.jpg\" alt=\"\" width=\"580\" height=\"402\" srcset=\"https:\/\/www.nns.cz\/blog\/wp-content\/uploads\/miuc-cteme-a-piseme-s-agatou-2022-580x402.jpg 580w, https:\/\/www.nns.cz\/blog\/wp-content\/uploads\/miuc-cteme-a-piseme-s-agatou-2022-600x415.jpg 600w, https:\/\/www.nns.cz\/blog\/wp-content\/uploads\/miuc-cteme-a-piseme-s-agatou-2022-768x532.jpg 768w, https:\/\/www.nns.cz\/blog\/wp-content\/uploads\/miuc-cteme-a-piseme-s-agatou-2022-1024x709.jpg 1024w, https:\/\/www.nns.cz\/blog\/wp-content\/uploads\/miuc-cteme-a-piseme-s-agatou-2022.jpg 1151w\" sizes=\"auto, (max-width: 580px) 100vw, 580px\" \/><\/a><\/p>\n<p>&nbsp;<\/p>\n<h2><a name=\"kotva01\"><\/a>DUHOV\u00c1 \u0158ADA<\/h2>\n<p><img loading=\"lazy\" decoding=\"async\" class=\"alignnone wp-image-13614\" src=\"https:\/\/www.nns.cz\/blog\/wp-content\/uploads\/Duha-logo-Nova-skola_2012-OBRYSY.png\" alt=\"\" width=\"150\" height=\"68\" \/><\/p>\n<p><strong>MIU\u010d+ \u017div\u00e1 abeceda, Slabik\u00e1\u0159, P\u00edsanka 1-4 (sada)<\/strong> obsahuje interaktivn\u00ed verzi ti\u0161t\u011bn\u00e9 \u017dIV\u00c9 ABECEDY, interaktivn\u00ed verzi ti\u0161t\u011bn\u00e9ho SLABIK\u00c1\u0158E, interaktivn\u00ed verzi ti\u0161t\u011bn\u00e9ho PRACOVN\u00cdHO SE\u0160ITU, <span style=\"color: #ff0000;\">interaktivn\u00ed verzi ti\u0161t\u011bn\u00fdch UVOL\u0147OVAC\u00cdCH CVIK\u016e SE ZV\u00cd\u0158\u00c1TKY<\/span>, interaktivn\u00ed verze ti\u0161t\u011bn\u00fdch P\u00cdSANEK 1\u20134,\u00a0 a&nbsp;MULTIM\u00c9DIA<\/p>\n<div class=\"inventory\" data-filter=\"false\" data-next=\"false\" data-cart=\"false\" data-ids=\"872, 972,1159,1457\"><div class=\"inventory-list\"><div class=\"dummy\"><\/div><div class=\"dummy\"><\/div><div class=\"dummy\"><\/div><div class=\"dummy\"><\/div><\/div><\/div>\n<p>Pozn\u00e1v\u00e1me abecedu lze zakoupit samostatn\u011b:<\/p>\n<div class=\"inventory\" data-filter=\"false\" data-next=\"false\" data-cart=\"false\" data-ids=\"1442,1443,1668\"><div class=\"inventory-list\"><div class=\"dummy\"><\/div><div class=\"dummy\"><\/div><div class=\"dummy\"><\/div><\/div><\/div>\n<p>V multimedi\u00e1ln\u00ed interaktivn\u00ed u\u010debnici jsou zpracov\u00e1ny v\u0161echny str\u00e1nky u\u010debnice v&nbsp;audiovizu\u00e1ln\u00ed podob\u011b. Pr\u00e1ce s&nbsp;multimedi\u00e1ln\u00ed interaktivn\u00ed u\u010debnic\u00ed nab\u00edz\u00ed mnoho mo\u017enost\u00ed, jak vyu\u010dov\u00e1n\u00ed prvopo\u010d\u00e1te\u010dn\u00edho \u010dten\u00ed a&nbsp;psan\u00ed u\u010dinit \u017e\u00e1k\u016fm p\u0159\u00edstupn\u011bj\u0161\u00ed a&nbsp;zaj\u00edmav\u011bj\u0161\u00ed tak, aby odpov\u00eddalo sou\u010dasn\u00fdm po\u017eadavk\u016fm na uplatn\u011bn\u00ed modern\u00edch technologi\u00ed v&nbsp;pedagogick\u00e9 pr\u00e1ci.<\/p>\n<p><img decoding=\"async\" class=\"alignnone size-full wp-image-13655\" src=\"https:\/\/www.nns.cz\/blog\/wp-content\/uploads\/duhova-rada-interaktivni-i-s-uvolnovacimi-cviky.jpg\" alt=\"\" width=\"600\" srcset=\"https:\/\/www.nns.cz\/blog\/wp-content\/uploads\/duhova-rada-interaktivni-i-s-uvolnovacimi-cviky.jpg 1300w, https:\/\/www.nns.cz\/blog\/wp-content\/uploads\/duhova-rada-interaktivni-i-s-uvolnovacimi-cviky-580x401.jpg 580w, https:\/\/www.nns.cz\/blog\/wp-content\/uploads\/duhova-rada-interaktivni-i-s-uvolnovacimi-cviky-600x414.jpg 600w, https:\/\/www.nns.cz\/blog\/wp-content\/uploads\/duhova-rada-interaktivni-i-s-uvolnovacimi-cviky-768x531.jpg 768w, https:\/\/www.nns.cz\/blog\/wp-content\/uploads\/duhova-rada-interaktivni-i-s-uvolnovacimi-cviky-1024x707.jpg 1024w\" sizes=\"(max-width: 1300px) 100vw, 1300px\" \/><\/p>\n<h2><a name=\"kotva02\"><\/a>P\u00ed\u0161eme tiskac\u00edm p\u00edsmem<\/h2>\n<p><a href=\"http:\/\/www.pisemetiskacim.cz\"><img loading=\"lazy\" decoding=\"async\" class=\"alignnone wp-image-13615\" src=\"https:\/\/www.nns.cz\/blog\/wp-content\/uploads\/kytka-PTP_.png\" alt=\"\" width=\"150\" height=\"142\" srcset=\"https:\/\/www.nns.cz\/blog\/wp-content\/uploads\/kytka-PTP_.png 840w, https:\/\/www.nns.cz\/blog\/wp-content\/uploads\/kytka-PTP_-580x549.png 580w, https:\/\/www.nns.cz\/blog\/wp-content\/uploads\/kytka-PTP_-600x568.png 600w, https:\/\/www.nns.cz\/blog\/wp-content\/uploads\/kytka-PTP_-768x727.png 768w\" sizes=\"auto, (max-width: 150px) 100vw, 150px\" \/><\/a><\/p>\n<p>MIU\u010d+ \u017div\u00e1 abeceda, Slabik\u00e1\u0159, P\u00edsanky (sada)\u00a0z nov\u00e9 \u0159ady &#8222;<strong>P\u00ed\u0161eme tiskac\u00edm p\u00edsmem<\/strong>&#8222;. V\u00edce informac\u00ed o&nbsp;\u0159ad\u011b a&nbsp;fontu NNS Script se dozv\u00edte na\u00a0<a href=\"http:\/\/www.pisemetiskacim.cz\/\">www.pisemetiskacim.cz<\/a><\/p>\n<p><img decoding=\"async\" class=\"alignnone size-full wp-image-13611\" src=\"https:\/\/www.nns.cz\/blog\/wp-content\/uploads\/piseme-tiskacim-2020.jpg\" alt=\"\" width=\"600\" srcset=\"https:\/\/www.nns.cz\/blog\/wp-content\/uploads\/piseme-tiskacim-2020.jpg 1244w, https:\/\/www.nns.cz\/blog\/wp-content\/uploads\/piseme-tiskacim-2020-580x446.jpg 580w, https:\/\/www.nns.cz\/blog\/wp-content\/uploads\/piseme-tiskacim-2020-600x461.jpg 600w, https:\/\/www.nns.cz\/blog\/wp-content\/uploads\/piseme-tiskacim-2020-768x590.jpg 768w, https:\/\/www.nns.cz\/blog\/wp-content\/uploads\/piseme-tiskacim-2020-1024x787.jpg 1024w\" sizes=\"(max-width: 1244px) 100vw, 1244px\" \/><\/p>\n<div class=\"inventory\" data-filter=\"false\" data-next=\"false\" data-cart=\"false\" data-ids=\"1151,1152,1153,1458\"><div class=\"inventory-list\"><div class=\"dummy\"><\/div><div class=\"dummy\"><\/div><div class=\"dummy\"><\/div><div class=\"dummy\"><\/div><\/div><\/div>\n<p>&nbsp;<\/p>\n<p><strong><span style=\"color: #ff0000;\">Interaktivn\u00ed cvi\u010den\u00ed a&nbsp;dal\u0161\u00ed multim\u00e9dia jsou sou\u010d\u00e1st\u00ed ka\u017ed\u00e9 MIU\u010d+, nedokupuj\u00ed se zvl\u00e1\u0161\u0165.<\/span><\/strong><\/p>\n<p><!-- [if !supportLists]--><\/p>\n","protected":false},"excerpt":{"rendered":"<p>Pro 1.&nbsp;ro\u010dn\u00edk Z\u0160 vyd\u00e1v\u00e1me t\u0159i \u0159ady MIU\u010d+: \u010cteme a&nbsp;p\u00ed\u0161eme s&nbsp;Ag\u00e1tou DUHOV\u00c1 \u0158ADA P\u00ed\u0161eme tiskac\u00edm p\u00edsmem \u010cteme a&nbsp;p\u00ed\u0161eme s&nbsp;Ag\u00e1tou MIU\u010d+ \u201e\u010cteme a&nbsp;p\u00ed\u0161eme s&nbsp;Ag\u00e1tou\u201c\u00a0obsahuje interaktivn\u00ed verzi ti\u0161t\u011bn\u00e9 \u017div\u00e9 abecedy a&nbsp;ti\u0161t\u011bn\u00e9ho Slabik\u00e1\u0159e (1.&nbsp;a\u017e 3.&nbsp;d\u00edl), Uvol\u0148ovac\u00edch cvik\u016f, ti\u0161t\u011bn\u00fdch p\u00edsanek, Zdokonalujeme \u010dten\u00ed, Pozn\u00e1v\u00e1me abecedu, P\u00edsankov\u00e9ho se\u0161itu 511+, n\u00e1vod na sestaven\u00ed p\u00edsmene ze stavebnice ROTO ABECEDA, animace a&nbsp;interaktivn\u00ed cvi\u010den\u00ed. Pozn\u00e1v\u00e1me abecedu [&hellip;]<\/p>\n","protected":false},"author":5,"featured_media":0,"parent":0,"menu_order":0,"comment_status":"open","ping_status":"closed","template":"","meta":{"footnotes":""},"class_list":["post-3576","page","type-page","status-publish","hentry"],"_links":{"self":[{"href":"https:\/\/www.nns.cz\/blog\/wp-json\/wp\/v2\/pages\/3576","targetHints":{"allow":["GET"]}}],"collection":[{"href":"https:\/\/www.nns.cz\/blog\/wp-json\/wp\/v2\/pages"}],"about":[{"href":"https:\/\/www.nns.cz\/blog\/wp-json\/wp\/v2\/types\/page"}],"author":[{"embeddable":true,"href":"https:\/\/www.nns.cz\/blog\/wp-json\/wp\/v2\/users\/5"}],"replies":[{"embeddable":true,"href":"https:\/\/www.nns.cz\/blog\/wp-json\/wp\/v2\/comments?post=3576"}],"version-history":[{"count":60,"href":"https:\/\/www.nns.cz\/blog\/wp-json\/wp\/v2\/pages\/3576\/revisions"}],"predecessor-version":[{"id":15770,"href":"https:\/\/www.nns.cz\/blog\/wp-json\/wp\/v2\/pages\/3576\/revisions\/15770"}],"wp:attachment":[{"href":"https:\/\/www.nns.cz\/blog\/wp-json\/wp\/v2\/media?parent=3576"}],"curies":[{"name":"wp","href":"https:\/\/api.w.org\/{rel}","templated":true}]}}