{"id":3578,"date":"2011-09-13T15:52:03","date_gmt":"2011-09-13T13:52:03","guid":{"rendered":"http:\/\/nns.cz\/blog\/?page_id=3578"},"modified":"2021-09-27T21:35:05","modified_gmt":"2021-09-27T19:35:05","slug":"multimedialni-interaktivni-ucebnice-ja-a-muj-svet-prvouka","status":"publish","type":"page","link":"https:\/\/www.nns.cz\/blog\/multimedialni-interaktivni-ucebnice-ja-a-muj-svet-prvouka\/","title":{"rendered":"Multimedi\u00e1ln\u00ed interaktivn\u00ed u\u010debnice Prvouka"},"content":{"rendered":"<p>Vybrat si m\u016f\u017eete se dvou \u0159ad:<\/p>\n<p><a href=\"#kotva01\">Objevujeme a&nbsp;pozn\u00e1v\u00e1me s&nbsp;Oskarem<\/a><\/p>\n<p><a href=\"#kotva02\">Duhov\u00e1 \u0159ada J\u00c1 A&nbsp;M\u016eJ SV\u011aT<\/a><\/p>\n<p><a name=\"kotva01\"><\/a><\/p>\n<h2>Oskarova prvouka<\/h2>\n<p><div class=\"inventory\" data-filter=\"false\" data-next=\"false\" data-cart=\"false\" data-ids=\"1597,1598,1476,1599\"><div class=\"inventory-list\"><div class=\"dummy\"><\/div><div class=\"dummy\"><\/div><div class=\"dummy\"><\/div><div class=\"dummy\"><\/div><\/div><\/div><br \/>\n<iframe loading=\"lazy\" src=\"https:\/\/www.youtube.com\/embed\/NIMmbv-0u_o\" width=\"560\" height=\"315\" frameborder=\"0\" allowfullscreen=\"allowfullscreen\"><\/iframe><\/p>\n<p><div class=\"inventory\" data-filter=\"false\" data-next=\"false\" data-cart=\"false\" data-ids=\"1655,1656,1654,1657\"><div class=\"inventory-list\"><div class=\"dummy\"><\/div><div class=\"dummy\"><\/div><div class=\"dummy\"><\/div><div class=\"dummy\"><\/div><\/div><\/div><br \/>\n<iframe loading=\"lazy\" src=\"https:\/\/www.youtube.com\/embed\/wV_InxCtU7I\" width=\"560\" height=\"315\" frameborder=\"0\" allowfullscreen=\"allowfullscreen\"><\/iframe><\/p>\n<div class=\"inventory\" data-filter=\"false\" data-next=\"false\" data-cart=\"false\" data-ids=\"1682,1683,1684,1685\"><div class=\"inventory-list\"><div class=\"dummy\"><\/div><div class=\"dummy\"><\/div><div class=\"dummy\"><\/div><div class=\"dummy\"><\/div><\/div><\/div>\n<p><strong>POKUSY<\/strong>: K&nbsp;u\u010debnici je vytvo\u0159ena MIU\u010d+ Oskarovy pokusy 1 obsahuj\u00edc\u00ed sadu pokus\u016f v&nbsp;\u00farovni, kter\u00e1 umo\u017e\u0148uje jejich samostatn\u00e9 prov\u00e1d\u011bn\u00ed \u017e\u00e1ky. (Je sou\u010d\u00e1st\u00ed MIU\u010d+ Oskarova prvouka 1, lze ji tak\u00e9 zakoupit samostatn\u011b.)<\/p>\n<div class=\"inventory\" data-filter=\"false\" data-next=\"false\" data-cart=\"false\" data-ids=\"1600,1477\"><div class=\"inventory-list\"><div class=\"dummy\"><\/div><div class=\"dummy\"><\/div><\/div><\/div>\n<p>V\u00edce informac\u00ed najdete na <a href=\"http:\/\/nns.cz\/amos\">nns.cz\/amos<\/a>.<\/p>\n<p><div class=\"inventory\" data-filter=\"false\" data-next=\"false\" data-cart=\"false\" data-ids=\"1647,1648\"><div class=\"inventory-list\"><div class=\"dummy\"><\/div><div class=\"dummy\"><\/div><\/div><\/div><br \/>\n<a name=\"kotva02\"><\/a><\/p>\n<h2>J\u00e1 a&nbsp;m\u016fj sv\u011bt 1<\/h2>\n<div class=\"inventory\" data-filter=\"false\" data-next=\"false\" data-cart=\"false\" data-ids=\"874, 973, 1162, 1478\"><div class=\"inventory-list\"><div class=\"dummy\"><\/div><div class=\"dummy\"><\/div><div class=\"dummy\"><\/div><div class=\"dummy\"><\/div><\/div><\/div>\n<p><strong><strong>MIU\u010d+ J\u00e1 a&nbsp;m\u016fj sv\u011bt (prvouka pro 1.&nbsp;ro\u010dn\u00edk)<\/strong> <\/strong>obsahuje <strong>interaktivn\u00ed verzi pracovn\u00ed u\u010debnice<\/strong>, interaktivn\u00ed <strong>Pracovn\u00ed listy J\u00e1 a&nbsp;m\u016fj sv\u011bt 1<\/strong> a&nbsp;multim\u00e9dia.<\/p>\n<div><strong>Uk\u00e1zka videa z&nbsp;MIU\u010d+ J\u00e1 a&nbsp;m\u016fj sv\u011bt 1:<\/strong><\/div>\n<p><iframe loading=\"lazy\" src=\"\/\/www.youtube.com\/embed\/vqMl5MmHjZ8\" width=\"480\" height=\"360\" frameborder=\"0\" allowfullscreen=\"allowfullscreen\"><\/iframe><\/p>\n<h2>J\u00e1 a&nbsp;m\u016fj sv\u011bt 2<\/h2>\n<p>&nbsp;<\/p>\n<div><div class=\"inventory\" data-filter=\"false\" data-next=\"false\" data-cart=\"false\" data-ids=\"880, 984, 881, 1480\"><div class=\"inventory-list\"><div class=\"dummy\"><\/div><div class=\"dummy\"><\/div><div class=\"dummy\"><\/div><div class=\"dummy\"><\/div><\/div><\/div><\/div>\n<div><\/div>\n<div><strong>Uk\u00e1zka videa z&nbsp;MIU\u010d+ J\u00e1 a&nbsp;m\u016fj sv\u011bt 2:<\/strong><\/div>\n<p><iframe loading=\"lazy\" src=\"\/\/www.youtube.com\/embed\/YrvYIq3yWeA\" width=\"480\" height=\"360\" frameborder=\"0\" allowfullscreen=\"allowfullscreen\"><\/iframe><\/p>\n<h2>J\u00e1 a&nbsp;m\u016fj sv\u011bt 3<\/h2>\n<p>&nbsp;<\/p>\n<div class=\"inventory\" data-filter=\"false\" data-next=\"false\" data-cart=\"false\" data-ids=\"884, 985,  885, 1481\"><div class=\"inventory-list\"><div class=\"dummy\"><\/div><div class=\"dummy\"><\/div><div class=\"dummy\"><\/div><div class=\"dummy\"><\/div><\/div><\/div>\n<p>Doporu\u010dujeme sta\u017een\u00ed nov\u00e9<strong>\u00a0AKTUALIZACE <span style=\"color: #008000;\">TITULU<\/span> J\u00c1 A&nbsp;M\u016eJ SV\u011aT PRO 3. RO\u010cN\u00cdK<\/strong>, pokud pou\u017e\u00edv\u00e1te instalovanou MIU\u010d+ (<a href=\"https:\/\/www.nns.cz\/support\/index_mc.php\">aplikaci MC<\/a>).<\/p>\n<p><img decoding=\"async\" class=\"alignnone size-full wp-image-13971\" src=\"https:\/\/www.nns.cz\/blog\/wp-content\/uploads\/JaMS3aktualizace.jpg\" alt=\"\" width=\"600\" srcset=\"https:\/\/www.nns.cz\/blog\/wp-content\/uploads\/JaMS3aktualizace.jpg 1002w, https:\/\/www.nns.cz\/blog\/wp-content\/uploads\/JaMS3aktualizace-580x279.jpg 580w, https:\/\/www.nns.cz\/blog\/wp-content\/uploads\/JaMS3aktualizace-600x289.jpg 600w, https:\/\/www.nns.cz\/blog\/wp-content\/uploads\/JaMS3aktualizace-768x369.jpg 768w\" sizes=\"(max-width: 1002px) 100vw, 1002px\" \/><\/p>\n<p><img decoding=\"async\" class=\"size-full wp-image-13955 alignright\" src=\"https:\/\/www.nns.cz\/blog\/wp-content\/uploads\/\u00e1ja-s-bat\u016f\u017ekem-a-k\u0161iltovkou_b.png\" alt=\"\" width=\"70\" srcset=\"https:\/\/www.nns.cz\/blog\/wp-content\/uploads\/\u00e1ja-s-bat\u016f\u017ekem-a-k\u0161iltovkou_b.png 902w, https:\/\/www.nns.cz\/blog\/wp-content\/uploads\/\u00e1ja-s-bat\u016f\u017ekem-a-k\u0161iltovkou_b-580x1303.png 580w, https:\/\/www.nns.cz\/blog\/wp-content\/uploads\/\u00e1ja-s-bat\u016f\u017ekem-a-k\u0161iltovkou_b-534x1200.png 534w, https:\/\/www.nns.cz\/blog\/wp-content\/uploads\/\u00e1ja-s-bat\u016f\u017ekem-a-k\u0161iltovkou_b-768x1725.png 768w, https:\/\/www.nns.cz\/blog\/wp-content\/uploads\/\u00e1ja-s-bat\u016f\u017ekem-a-k\u0161iltovkou_b-456x1024.png 456w, https:\/\/www.nns.cz\/blog\/wp-content\/uploads\/\u00e1ja-s-bat\u016f\u017ekem-a-k\u0161iltovkou_b-600x1348.png 600w\" sizes=\"(max-width: 902px) 100vw, 902px\" \/><\/p>\n<p>Najdete zde <strong>aktualizovan\u00e1<\/strong>\u00a0<strong>videa<\/strong> i&nbsp;nov\u011b vlo\u017een\u00e1<strong>\u00a0videa<\/strong>.\u00a0Aby si \u017e\u00e1ci p\u0159i&nbsp;sledov\u00e1n\u00ed vide\u00ed l\u00e9pe zapamatovali u\u010divo, <strong>doplnili jsme videa popiskami<\/strong> a&nbsp;vlo\u017een\u00fdmi r\u00e1me\u010dky s&nbsp;<strong>detailn\u00edmi n\u00e1hledy<\/strong>. <strong>Na z\u00e1v\u011br vide\u00ed jsme um\u00edstili shrnut\u00ed u\u010diva v&nbsp;p\u0159ehledu na fotografi\u00edch<\/strong>. Videa o\u017eivila <strong>animovan\u00e1 \u00c1ja<\/strong>, tematicky oble\u010den\u00e1 k&nbsp;prob\u00edran\u00e9mu u\u010divu. Motiva\u010dn\u00ed vstupy, pr\u016fvodn\u00ed a&nbsp;z\u00e1v\u011bre\u010dn\u00e1 pov\u00edd\u00e1n\u00ed jsou namluveny d\u011btsk\u00fdm hl\u00e1skem.<\/p>\n<p><iframe loading=\"lazy\" src=\"https:\/\/www.youtube.com\/embed\/uh07vIv5_vw\" width=\"560\" height=\"315\" frameborder=\"0\" allowfullscreen=\"allowfullscreen\"><\/iframe><br \/>\n<strong>Ke ka\u017ed\u00e9mu videu<\/strong> je dopln\u011bno nov\u00e9 <strong>interaktivn\u00ed cvi\u010den\u00ed \u00a0\u201eSc\u00e9n\u00e1\u0159\u201c<\/strong>. Vyu\u010duj\u00edc\u00ed i&nbsp;\u017e\u00e1ci zde maj\u00ed k&nbsp;dispozici sc\u00e9n\u00e1\u0159 videa, ve kter\u00e9m jsou tu\u010dn\u011b zv\u00fdrazn\u011bny d\u016fle\u017eit\u00e9 pojmy, barevn\u011b pak nov\u00e9 u\u010divo.<\/p>\n<p><img decoding=\"async\" class=\"alignnone size-full wp-image-14031\" src=\"https:\/\/www.nns.cz\/blog\/wp-content\/uploads\/scenar-Savci-JMS-3.jpg\" alt=\"\" width=\"600\" srcset=\"https:\/\/www.nns.cz\/blog\/wp-content\/uploads\/scenar-Savci-JMS-3.jpg 1920w, https:\/\/www.nns.cz\/blog\/wp-content\/uploads\/scenar-Savci-JMS-3-580x326.jpg 580w, https:\/\/www.nns.cz\/blog\/wp-content\/uploads\/scenar-Savci-JMS-3-600x338.jpg 600w, https:\/\/www.nns.cz\/blog\/wp-content\/uploads\/scenar-Savci-JMS-3-768x432.jpg 768w, https:\/\/www.nns.cz\/blog\/wp-content\/uploads\/scenar-Savci-JMS-3-1024x576.jpg 1024w, https:\/\/www.nns.cz\/blog\/wp-content\/uploads\/scenar-Savci-JMS-3-1320x743.jpg 1320w\" sizes=\"(max-width: 1920px) 100vw, 1920px\" \/><\/p>\n<p><strong>Fotoalba byla dopln\u011bna o&nbsp;nov\u00e9 fotografie.<\/strong><\/p>\n<p><strong>Interaktivn\u00ed cvi\u010den\u00ed<\/strong> jsme doplnili o&nbsp;cvi\u010den\u00ed\u00a0<strong>nov\u00e1<\/strong>, kter\u00e1 jsou <strong>zpracov\u00e1na\u00a0<\/strong><strong>modern\u011b <\/strong>a jsou\u00a0<strong>o\u017eivena animacemi<\/strong>. Pro \u017e\u00e1ky jsou tak\u00a0<strong>z\u00e1bavn\u011bj\u0161\u00ed<\/strong>.<\/p>\n<p>Na p\u0159\u00e1n\u00ed vyu\u010duj\u00edc\u00edch m\u00e1 <strong>ka\u017ed\u00e9 interaktivn\u00ed cvi\u010den\u00ed svou ikonku<\/strong>. <strong>Zp\u0159ehledn\u00ed<\/strong> a&nbsp;<strong>urychl\u00ed<\/strong> <strong>orientaci<\/strong> p\u0159i&nbsp;v\u00fdb\u011bru cvi\u010den\u00ed.<\/p>\n<p><img decoding=\"async\" class=\"alignnone size-full wp-image-13981\" src=\"https:\/\/www.nns.cz\/blog\/wp-content\/uploads\/3-75-1-jms-3-ic-poznavaci-karty.jpg\" alt=\"\" width=\"600\" srcset=\"https:\/\/www.nns.cz\/blog\/wp-content\/uploads\/3-75-1-jms-3-ic-poznavaci-karty.jpg 1154w, https:\/\/www.nns.cz\/blog\/wp-content\/uploads\/3-75-1-jms-3-ic-poznavaci-karty-580x431.jpg 580w, https:\/\/www.nns.cz\/blog\/wp-content\/uploads\/3-75-1-jms-3-ic-poznavaci-karty-600x446.jpg 600w, https:\/\/www.nns.cz\/blog\/wp-content\/uploads\/3-75-1-jms-3-ic-poznavaci-karty-768x571.jpg 768w, https:\/\/www.nns.cz\/blog\/wp-content\/uploads\/3-75-1-jms-3-ic-poznavaci-karty-1024x761.jpg 1024w\" sizes=\"(max-width: 1154px) 100vw, 1154px\" \/><\/p>\n<p>Sou\u010d\u00e1st\u00ed MIU\u010d+ je<strong> interaktivn\u00ed verze ti\u0161t\u011bn\u00e9 u\u010debnice<\/strong>, <strong>interaktivn\u00ed verze ti\u0161t\u011bn\u00e9ho pracovn\u00edho se\u0161itu<\/strong>, <strong>interaktivn\u00ed verze ti\u0161t\u011bn\u00fdch pracovn\u00edch list\u016f<\/strong>, videa, IC, audia, MPV, fotoalba, animace, webov\u00e9 odkazy a&nbsp;dal\u0161\u00ed multim\u00e9dia.<\/p>\n<p><img loading=\"lazy\" decoding=\"async\" class=\"alignnone wp-image-13997 size-thumbnail\" src=\"https:\/\/www.nns.cz\/blog\/wp-content\/uploads\/3-75-1-ja-a-muj-svet-3-pracovni-listy-580x326.jpg\" alt=\"\" width=\"580\" height=\"326\" srcset=\"https:\/\/www.nns.cz\/blog\/wp-content\/uploads\/3-75-1-ja-a-muj-svet-3-pracovni-listy-580x326.jpg 580w, https:\/\/www.nns.cz\/blog\/wp-content\/uploads\/3-75-1-ja-a-muj-svet-3-pracovni-listy-600x338.jpg 600w, https:\/\/www.nns.cz\/blog\/wp-content\/uploads\/3-75-1-ja-a-muj-svet-3-pracovni-listy-768x432.jpg 768w, https:\/\/www.nns.cz\/blog\/wp-content\/uploads\/3-75-1-ja-a-muj-svet-3-pracovni-listy-1024x576.jpg 1024w, https:\/\/www.nns.cz\/blog\/wp-content\/uploads\/3-75-1-ja-a-muj-svet-3-pracovni-listy-1320x743.jpg 1320w, https:\/\/www.nns.cz\/blog\/wp-content\/uploads\/3-75-1-ja-a-muj-svet-3-pracovni-listy.jpg 1920w\" sizes=\"auto, (max-width: 580px) 100vw, 580px\" \/><\/p>\n<p><strong>Uk\u00e1zka vide\u00ed z&nbsp;MIU\u010d+ J\u00e1 a&nbsp;m\u016fj sv\u011bt 3:<\/strong><br \/>\n<iframe loading=\"lazy\" src=\"https:\/\/www.youtube.com\/embed\/rcct6izQ7Rg\" width=\"560\" height=\"315\" frameborder=\"0\" allowfullscreen=\"allowfullscreen\"><\/iframe><br \/>\n<iframe loading=\"lazy\" src=\"https:\/\/www.youtube.com\/embed\/DzqHd5F76os\" width=\"560\" height=\"315\" frameborder=\"0\" allowfullscreen=\"allowfullscreen\"><\/iframe><br \/>\n<iframe loading=\"lazy\" src=\"https:\/\/www.youtube.com\/embed\/185vTVNkNeI\" width=\"560\" height=\"315\" frameborder=\"0\" allowfullscreen=\"allowfullscreen\"><\/iframe><\/p>\n","protected":false},"excerpt":{"rendered":"<p>Vybrat si m\u016f\u017eete se dvou \u0159ad: Objevujeme a&nbsp;pozn\u00e1v\u00e1me s&nbsp;Oskarem Duhov\u00e1 \u0159ada J\u00c1 A&nbsp;M\u016eJ SV\u011aT Oskarova prvouka POKUSY: K&nbsp;u\u010debnici je vytvo\u0159ena MIU\u010d+ Oskarovy pokusy 1 obsahuj\u00edc\u00ed sadu pokus\u016f v&nbsp;\u00farovni, kter\u00e1 umo\u017e\u0148uje jejich samostatn\u00e9 prov\u00e1d\u011bn\u00ed \u017e\u00e1ky. (Je sou\u010d\u00e1st\u00ed MIU\u010d+ Oskarova prvouka 1, lze ji tak\u00e9 zakoupit samostatn\u011b.) V\u00edce informac\u00ed najdete na nns.cz\/amos. J\u00e1 a&nbsp;m\u016fj sv\u011bt 1 MIU\u010d+ [&hellip;]<\/p>\n","protected":false},"author":5,"featured_media":0,"parent":0,"menu_order":0,"comment_status":"open","ping_status":"closed","template":"","meta":{"footnotes":""},"class_list":["post-3578","page","type-page","status-publish","hentry"],"_links":{"self":[{"href":"https:\/\/www.nns.cz\/blog\/wp-json\/wp\/v2\/pages\/3578","targetHints":{"allow":["GET"]}}],"collection":[{"href":"https:\/\/www.nns.cz\/blog\/wp-json\/wp\/v2\/pages"}],"about":[{"href":"https:\/\/www.nns.cz\/blog\/wp-json\/wp\/v2\/types\/page"}],"author":[{"embeddable":true,"href":"https:\/\/www.nns.cz\/blog\/wp-json\/wp\/v2\/users\/5"}],"replies":[{"embeddable":true,"href":"https:\/\/www.nns.cz\/blog\/wp-json\/wp\/v2\/comments?post=3578"}],"version-history":[{"count":71,"href":"https:\/\/www.nns.cz\/blog\/wp-json\/wp\/v2\/pages\/3578\/revisions"}],"predecessor-version":[{"id":15148,"href":"https:\/\/www.nns.cz\/blog\/wp-json\/wp\/v2\/pages\/3578\/revisions\/15148"}],"wp:attachment":[{"href":"https:\/\/www.nns.cz\/blog\/wp-json\/wp\/v2\/media?parent=3578"}],"curies":[{"name":"wp","href":"https:\/\/api.w.org\/{rel}","templated":true}]}}