{"id":3581,"date":"2011-09-13T15:52:18","date_gmt":"2011-09-13T13:52:18","guid":{"rendered":"http:\/\/nns.cz\/blog\/?page_id=3581"},"modified":"2021-09-27T21:37:24","modified_gmt":"2021-09-27T19:37:24","slug":"multimedialni-interaktivni-ucebnice-prirodoveda","status":"publish","type":"page","link":"https:\/\/www.nns.cz\/blog\/multimedialni-interaktivni-ucebnice-prirodoveda\/","title":{"rendered":"Multimedi\u00e1ln\u00ed interaktivn\u00ed u\u010debnice P\u0159\u00edrodov\u011bda"},"content":{"rendered":"<p><iframe loading=\"lazy\" src=\"\/\/www.youtube.com\/embed\/5UH1XMs31vc\" width=\"480\" height=\"360\" frameborder=\"0\" allowfullscreen=\"allowfullscreen\"><\/iframe><br \/>\n<iframe loading=\"lazy\" title=\"YouTube video player\" src=\"https:\/\/www.youtube.com\/embed\/j6aUS5TohQ4\" width=\"560\" height=\"315\" frameborder=\"0\" allowfullscreen=\"allowfullscreen\"><\/iframe><\/p>\n<p><div class=\"inventory\" data-filter=\"false\" data-next=\"false\" data-cart=\"false\" data-ids=\"1191,1192,1193,1482\"><div class=\"inventory-list\"><div class=\"dummy\"><\/div><div class=\"dummy\"><\/div><div class=\"dummy\"><\/div><div class=\"dummy\"><\/div><\/div><\/div><br \/>\n<iframe loading=\"lazy\" src=\"https:\/\/www.youtube.com\/embed\/YluBfpqX3Qo\" width=\"560\" height=\"315\" frameborder=\"0\" allowfullscreen=\"allowfullscreen\"><\/iframe><\/p>\n<div class=\"inventory\" data-filter=\"false\" data-next=\"false\" data-cart=\"false\" data-ids=\"1255,1256,1257,1487\"><div class=\"inventory-list\"><div class=\"dummy\"><\/div><div class=\"dummy\"><\/div><div class=\"dummy\"><\/div><div class=\"dummy\"><\/div><\/div><\/div>\n<h2>MIU\u010d+ \u010clov\u011bk a&nbsp;jeho sv\u011bt (P\u0159\u00edrodov\u011bda 4) &#8211; DUHOV\u00c1 \u0158ADA<\/h2>\n<div class=\"inventory\" data-filter=\"false\" data-next=\"false\" data-cart=\"false\" data-ids=\"888, 889, 971, 1483\"><div class=\"inventory-list\"><div class=\"dummy\"><\/div><div class=\"dummy\"><\/div><div class=\"dummy\"><\/div><div class=\"dummy\"><\/div><\/div><\/div>\n<p><a href=\"https:\/\/www.nns.cz\/blog\/wp-content\/uploads\/miuc-prirodoveda-4-nnscz.jpg\"><img loading=\"lazy\" decoding=\"async\" class=\"aligncenter size-medium wp-image-8351\" title=\"miuc-prirodoveda-4-nnscz\" src=\"https:\/\/www.nns.cz\/blog\/wp-content\/uploads\/miuc-prirodoveda-4-nnscz-600x628.jpg\" alt=\"\" width=\"600\" height=\"628\" srcset=\"https:\/\/www.nns.cz\/blog\/wp-content\/uploads\/miuc-prirodoveda-4-nnscz-600x628.jpg 600w, https:\/\/www.nns.cz\/blog\/wp-content\/uploads\/miuc-prirodoveda-4-nnscz-580x607.jpg 580w, https:\/\/www.nns.cz\/blog\/wp-content\/uploads\/miuc-prirodoveda-4-nnscz.jpg 830w\" sizes=\"auto, (max-width: 600px) 100vw, 600px\" \/><\/a><\/p>\n<p>Uk\u00e1zka videa z&nbsp;MIU\u010d P\u0159\u00edrodov\u011bda 4 (\u010clov\u011bk a&nbsp;jeho sv\u011bt):<\/p>\n<h2>MIU\u010d+ P\u0159\u00edrodov\u011bda 5 &#8211; DUHOV\u00c1 \u0158ADA<\/h2>\n<div class=\"inventory\" data-filter=\"false\" data-next=\"false\" data-cart=\"false\" data-ids=\"896, 897, 986,1491\"><div class=\"inventory-list\"><div class=\"dummy\"><\/div><div class=\"dummy\"><\/div><div class=\"dummy\"><\/div><div class=\"dummy\"><\/div><\/div><\/div>\n<p><span style=\"color: #ff0000; font-weight: bold;\">Interaktivn\u00ed cvi\u010den\u00ed jsou sou\u010d\u00e1st\u00ed ka\u017ed\u00e9 MIU\u010d+, nedokupuj\u00ed se zvl\u00e1\u0161\u0165.<\/span><\/p>\n<p><a href=\"https:\/\/www.nns.cz\/blog\/wp-content\/uploads\/miuc-prirodoveda5.jpg\"><img loading=\"lazy\" decoding=\"async\" class=\"aligncenter size-thumbnail wp-image-5840\" title=\"miuc-prirodoveda5\" src=\"https:\/\/www.nns.cz\/blog\/wp-content\/uploads\/miuc-prirodoveda5-580x362.jpg\" alt=\"\" width=\"580\" height=\"362\" srcset=\"https:\/\/www.nns.cz\/blog\/wp-content\/uploads\/miuc-prirodoveda5-580x362.jpg 580w, https:\/\/www.nns.cz\/blog\/wp-content\/uploads\/miuc-prirodoveda5-600x375.jpg 600w, https:\/\/www.nns.cz\/blog\/wp-content\/uploads\/miuc-prirodoveda5.jpg 1200w\" sizes=\"auto, (max-width: 580px) 100vw, 580px\" \/><\/a><\/p>\n<p><strong>Sou\u010d\u00e1st\u00ed MIU\u010d+ jsou i&nbsp;interaktivn\u00ed pracovn\u00ed se\u0161ity:<\/strong><\/p>\n<p><a href=\"https:\/\/www.nns.cz\/blog\/wp-content\/uploads\/miuc-prirodoveda-5-pracvoni-sesit.jpg\"><img loading=\"lazy\" decoding=\"async\" class=\"aligncenter size-thumbnail wp-image-5841\" title=\"miuc-prirodoveda-5-pracvoni-sesit\" src=\"https:\/\/www.nns.cz\/blog\/wp-content\/uploads\/miuc-prirodoveda-5-pracvoni-sesit-580x362.jpg\" alt=\"\" width=\"580\" height=\"362\" srcset=\"https:\/\/www.nns.cz\/blog\/wp-content\/uploads\/miuc-prirodoveda-5-pracvoni-sesit-580x362.jpg 580w, https:\/\/www.nns.cz\/blog\/wp-content\/uploads\/miuc-prirodoveda-5-pracvoni-sesit-600x375.jpg 600w, https:\/\/www.nns.cz\/blog\/wp-content\/uploads\/miuc-prirodoveda-5-pracvoni-sesit.jpg 1200w\" sizes=\"auto, (max-width: 580px) 100vw, 580px\" \/><\/a><\/p>\n<p>MIU\u010d P\u0159\u00edrodov\u011bda 5 obsahuje <strong>videa<\/strong>. Uk\u00e1zku vide\u00ed si m\u016f\u017eete prohl\u00e9dnout zde:<\/p>\n<p class=\"MsoNormal\">\n","protected":false},"excerpt":{"rendered":"<p>MIU\u010d+ \u010clov\u011bk a&nbsp;jeho sv\u011bt (P\u0159\u00edrodov\u011bda 4) &#8211; DUHOV\u00c1 \u0158ADA Uk\u00e1zka videa z&nbsp;MIU\u010d P\u0159\u00edrodov\u011bda 4 (\u010clov\u011bk a&nbsp;jeho sv\u011bt): MIU\u010d+ P\u0159\u00edrodov\u011bda 5 &#8211; DUHOV\u00c1 \u0158ADA Interaktivn\u00ed cvi\u010den\u00ed jsou sou\u010d\u00e1st\u00ed ka\u017ed\u00e9 MIU\u010d+, nedokupuj\u00ed se zvl\u00e1\u0161\u0165. Sou\u010d\u00e1st\u00ed MIU\u010d+ jsou i&nbsp;interaktivn\u00ed pracovn\u00ed se\u0161ity: MIU\u010d P\u0159\u00edrodov\u011bda 5 obsahuje videa. Uk\u00e1zku vide\u00ed si m\u016f\u017eete prohl\u00e9dnout zde:<\/p>\n","protected":false},"author":5,"featured_media":0,"parent":0,"menu_order":0,"comment_status":"open","ping_status":"closed","template":"","meta":{"footnotes":""},"class_list":["post-3581","page","type-page","status-publish","hentry"],"_links":{"self":[{"href":"https:\/\/www.nns.cz\/blog\/wp-json\/wp\/v2\/pages\/3581","targetHints":{"allow":["GET"]}}],"collection":[{"href":"https:\/\/www.nns.cz\/blog\/wp-json\/wp\/v2\/pages"}],"about":[{"href":"https:\/\/www.nns.cz\/blog\/wp-json\/wp\/v2\/types\/page"}],"author":[{"embeddable":true,"href":"https:\/\/www.nns.cz\/blog\/wp-json\/wp\/v2\/users\/5"}],"replies":[{"embeddable":true,"href":"https:\/\/www.nns.cz\/blog\/wp-json\/wp\/v2\/comments?post=3581"}],"version-history":[{"count":49,"href":"https:\/\/www.nns.cz\/blog\/wp-json\/wp\/v2\/pages\/3581\/revisions"}],"predecessor-version":[{"id":15149,"href":"https:\/\/www.nns.cz\/blog\/wp-json\/wp\/v2\/pages\/3581\/revisions\/15149"}],"wp:attachment":[{"href":"https:\/\/www.nns.cz\/blog\/wp-json\/wp\/v2\/media?parent=3581"}],"curies":[{"name":"wp","href":"https:\/\/api.w.org\/{rel}","templated":true}]}}