{"id":3583,"date":"2011-09-13T15:52:38","date_gmt":"2011-09-13T13:52:38","guid":{"rendered":"http:\/\/nns.cz\/blog\/?page_id=3583"},"modified":"2022-04-27T12:55:15","modified_gmt":"2022-04-27T10:55:15","slug":"multimedialni-interaktivni-ucebnice-vlastiveda","status":"publish","type":"page","link":"https:\/\/www.nns.cz\/blog\/multimedialni-interaktivni-ucebnice-vlastiveda\/","title":{"rendered":"Multimedi\u00e1ln\u00ed interaktivn\u00ed u\u010debnice Vlastiv\u011bda"},"content":{"rendered":"<p><img decoding=\"async\" class=\"alignnone size-thumbnail wp-image-15093\" src=\"https:\/\/www.nns.cz\/blog\/wp-content\/uploads\/nov\u00e1-vlastiv\u011bda-580x243.jpg\" alt=\"\" width=\"580\" srcset=\"https:\/\/www.nns.cz\/blog\/wp-content\/uploads\/nov\u00e1-vlastiv\u011bda-580x243.jpg 580w, https:\/\/www.nns.cz\/blog\/wp-content\/uploads\/nov\u00e1-vlastiv\u011bda-600x252.jpg 600w, https:\/\/www.nns.cz\/blog\/wp-content\/uploads\/nov\u00e1-vlastiv\u011bda-768x322.jpg 768w, https:\/\/www.nns.cz\/blog\/wp-content\/uploads\/nov\u00e1-vlastiv\u011bda-1024x429.jpg 1024w, https:\/\/www.nns.cz\/blog\/wp-content\/uploads\/nov\u00e1-vlastiv\u011bda-1320x553.jpg 1320w, https:\/\/www.nns.cz\/blog\/wp-content\/uploads\/nov\u00e1-vlastiv\u011bda.jpg 1844w\" sizes=\"(max-width: 580px) 100vw, 580px\" \/><\/p>\n<div class=\"inventory\" data-filter=\"false\" data-next=\"false\" data-cart=\"false\" data-ids=\"1695, 1696,1697,1698\"><div class=\"inventory-list\"><div class=\"dummy\"><\/div><div class=\"dummy\"><\/div><div class=\"dummy\"><\/div><div class=\"dummy\"><\/div><\/div><\/div>\n<p><iframe loading=\"lazy\" src=\"https:\/\/www.youtube.com\/embed\/A5GAcyYVQ9U\" width=\"560\" height=\"315\" frameborder=\"0\" allowfullscreen=\"allowfullscreen\"><\/iframe><br \/>\n<div class=\"inventory\" data-filter=\"false\" data-next=\"false\" data-cart=\"false\" data-ids=\"1416,1417,1418,1484\"><div class=\"inventory-list\"><div class=\"dummy\"><\/div><div class=\"dummy\"><\/div><div class=\"dummy\"><\/div><div class=\"dummy\"><\/div><\/div><\/div><\/p>\n<div class=\"inventory\" data-filter=\"false\" data-next=\"false\" data-cart=\"false\" data-ids=\"1699,1700,1701,1702\"><div class=\"inventory-list\"><div class=\"dummy\"><\/div><div class=\"dummy\"><\/div><div class=\"dummy\"><\/div><div class=\"dummy\"><\/div><\/div><\/div>\n<div class=\"inventory\" data-filter=\"false\" data-next=\"false\" data-cart=\"false\" data-ids=\"1601,1602,1603,1488\"><div class=\"inventory-list\"><div class=\"dummy\"><\/div><div class=\"dummy\"><\/div><div class=\"dummy\"><\/div><div class=\"dummy\"><\/div><\/div><\/div>\n<p><div class=\"inventory\" data-filter=\"false\" data-next=\"false\" data-cart=\"false\" data-ids=\"892, 893, 970,1485\"><div class=\"inventory-list\"><div class=\"dummy\"><\/div><div class=\"dummy\"><\/div><div class=\"dummy\"><\/div><div class=\"dummy\"><\/div><\/div><\/div> <div class=\"inventory\" data-filter=\"false\" data-next=\"false\" data-cart=\"false\" data-ids=\"890, 891, 969,1486\"><div class=\"inventory-list\"><div class=\"dummy\"><\/div><div class=\"dummy\"><\/div><div class=\"dummy\"><\/div><div class=\"dummy\"><\/div><\/div><\/div> <div class=\"inventory\" data-filter=\"false\" data-next=\"false\" data-cart=\"false\" data-ids=\"900, 901, 987,1489\"><div class=\"inventory-list\"><div class=\"dummy\"><\/div><div class=\"dummy\"><\/div><div class=\"dummy\"><\/div><div class=\"dummy\"><\/div><\/div><\/div> <div class=\"inventory\" data-filter=\"false\" data-next=\"false\" data-cart=\"false\" data-ids=\"898, 899, 988,1490\"><div class=\"inventory-list\"><div class=\"dummy\"><\/div><div class=\"dummy\"><\/div><div class=\"dummy\"><\/div><div class=\"dummy\"><\/div><\/div><\/div><a href=\"https:\/\/www.nns.cz\/blog\/wp-content\/uploads\/miuc-vlastiveda-4-nnscz.jpg\"><img loading=\"lazy\" decoding=\"async\" class=\"aligncenter size-medium wp-image-8354\" title=\"miuc-vlastiveda-4-nnscz\" src=\"https:\/\/www.nns.cz\/blog\/wp-content\/uploads\/miuc-vlastiveda-4-nnscz-600x609.jpg\" alt=\"\" width=\"600\" height=\"609\" srcset=\"https:\/\/www.nns.cz\/blog\/wp-content\/uploads\/miuc-vlastiveda-4-nnscz-600x609.jpg 600w, https:\/\/www.nns.cz\/blog\/wp-content\/uploads\/miuc-vlastiveda-4-nnscz-580x589.jpg 580w, https:\/\/www.nns.cz\/blog\/wp-content\/uploads\/miuc-vlastiveda-4-nnscz.jpg 823w\" sizes=\"auto, (max-width: 600px) 100vw, 600px\" \/><\/a><\/p>\n<p>&nbsp;<\/p>\n<p class=\"MsoNormal\"><span style=\"color: #ff0000; font-weight: bold;\">Interaktivn\u00ed cvi\u010den\u00ed jsou sou\u010d\u00e1st\u00ed ka\u017ed\u00e9 MIU\u010d+, nedokupuj\u00ed se zvl\u00e1\u0161\u0165.<\/span><\/p>\n<p><strong>Uk\u00e1zka videa z&nbsp;MIU\u010d+ Vlastiv\u011bda 4 \u010cR:<\/strong><br \/>\n<iframe loading=\"lazy\" src=\"\/\/www.youtube.com\/embed\/LX6PdGb9Ifc\" width=\"480\" height=\"360\" frameborder=\"0\" allowfullscreen=\"allowfullscreen\"><\/iframe><\/p>\n<p><strong>Uk\u00e1zka videa z&nbsp;MIU\u010d+ Vlastiv\u011bda 4 Hlavn\u00ed ud\u00e1losti nejstar\u0161\u00edch \u010desk\u00fdch d\u011bjin:<\/strong><br \/>\n<iframe loading=\"lazy\" src=\"\/\/www.youtube.com\/embed\/8dJ0Yw7jfqg\" width=\"480\" height=\"360\" frameborder=\"0\" allowfullscreen=\"allowfullscreen\"><\/iframe><\/p>\n<p><strong>Uk\u00e1zka videa z&nbsp;MIU\u010d+ Vlastiv\u011bda 5 \u010cR:<\/strong><br \/>\n<iframe loading=\"lazy\" src=\"\/\/www.youtube.com\/embed\/Bn7fbGQUUsw\" width=\"480\" height=\"360\" frameborder=\"0\" allowfullscreen=\"allowfullscreen\"><\/iframe><\/p>\n<p><strong>Uk\u00e1zka videa z&nbsp;MIU\u010d+ Vlastiv\u011bda 5 Hlavn\u00ed ud\u00e1losti nov\u011bj\u0161\u00edch \u010desk\u00fdch d\u011bjin:<\/strong><br \/>\n<iframe loading=\"lazy\" src=\"\/\/www.youtube.com\/embed\/5KigCYiztkU\" width=\"480\" height=\"360\" frameborder=\"0\" allowfullscreen=\"allowfullscreen\"><\/iframe><\/p>\n","protected":false},"excerpt":{"rendered":"<p>&nbsp; Interaktivn\u00ed cvi\u010den\u00ed jsou sou\u010d\u00e1st\u00ed ka\u017ed\u00e9 MIU\u010d+, nedokupuj\u00ed se zvl\u00e1\u0161\u0165. Uk\u00e1zka videa z&nbsp;MIU\u010d+ Vlastiv\u011bda 4 \u010cR: Uk\u00e1zka videa z&nbsp;MIU\u010d+ Vlastiv\u011bda 4 Hlavn\u00ed ud\u00e1losti nejstar\u0161\u00edch \u010desk\u00fdch d\u011bjin: Uk\u00e1zka videa z&nbsp;MIU\u010d+ Vlastiv\u011bda 5 \u010cR: Uk\u00e1zka videa z&nbsp;MIU\u010d+ Vlastiv\u011bda 5 Hlavn\u00ed ud\u00e1losti nov\u011bj\u0161\u00edch \u010desk\u00fdch d\u011bjin:<\/p>\n","protected":false},"author":5,"featured_media":0,"parent":0,"menu_order":0,"comment_status":"open","ping_status":"closed","template":"","meta":{"footnotes":""},"class_list":["post-3583","page","type-page","status-publish","hentry"],"_links":{"self":[{"href":"https:\/\/www.nns.cz\/blog\/wp-json\/wp\/v2\/pages\/3583","targetHints":{"allow":["GET"]}}],"collection":[{"href":"https:\/\/www.nns.cz\/blog\/wp-json\/wp\/v2\/pages"}],"about":[{"href":"https:\/\/www.nns.cz\/blog\/wp-json\/wp\/v2\/types\/page"}],"author":[{"embeddable":true,"href":"https:\/\/www.nns.cz\/blog\/wp-json\/wp\/v2\/users\/5"}],"replies":[{"embeddable":true,"href":"https:\/\/www.nns.cz\/blog\/wp-json\/wp\/v2\/comments?post=3583"}],"version-history":[{"count":36,"href":"https:\/\/www.nns.cz\/blog\/wp-json\/wp\/v2\/pages\/3583\/revisions"}],"predecessor-version":[{"id":15786,"href":"https:\/\/www.nns.cz\/blog\/wp-json\/wp\/v2\/pages\/3583\/revisions\/15786"}],"wp:attachment":[{"href":"https:\/\/www.nns.cz\/blog\/wp-json\/wp\/v2\/media?parent=3583"}],"curies":[{"name":"wp","href":"https:\/\/api.w.org\/{rel}","templated":true}]}}