{"id":3587,"date":"2011-09-13T15:53:24","date_gmt":"2011-09-13T13:53:24","guid":{"rendered":"http:\/\/nns.cz\/blog\/?page_id=3587"},"modified":"2021-09-27T21:21:07","modified_gmt":"2021-09-27T19:21:07","slug":"multimedialni-interaktivni-ucebnice-vychova-k-obcanstvi","status":"publish","type":"page","link":"https:\/\/www.nns.cz\/blog\/multimedialni-interaktivni-ucebnice-vychova-k-obcanstvi\/","title":{"rendered":"Multimedi\u00e1ln\u00ed interaktivn\u00ed u\u010debnice V\u00fdchova k&nbsp;ob\u010danstv\u00ed"},"content":{"rendered":"<p><a href=\"https:\/\/www.nns.cz\/blog\/wp-content\/uploads\/miuc-vychova-k-obcanstvi-nnscz.jpg\"><img loading=\"lazy\" decoding=\"async\" class=\"aligncenter size-medium wp-image-8366\" title=\"miuc-vychova-k-obcanstvi-nnscz\" src=\"https:\/\/www.nns.cz\/blog\/wp-content\/uploads\/miuc-vychova-k-obcanstvi-nnscz-600x274.jpg\" alt=\"\" width=\"600\" height=\"274\" srcset=\"https:\/\/www.nns.cz\/blog\/wp-content\/uploads\/miuc-vychova-k-obcanstvi-nnscz-600x274.jpg 600w, https:\/\/www.nns.cz\/blog\/wp-content\/uploads\/miuc-vychova-k-obcanstvi-nnscz-580x265.jpg 580w, https:\/\/www.nns.cz\/blog\/wp-content\/uploads\/miuc-vychova-k-obcanstvi-nnscz.jpg 1631w\" sizes=\"auto, (max-width: 600px) 100vw, 600px\" \/><\/a><\/p>\n<div class=\"inventory\" data-filter=\"false\" data-next=\"false\" data-cart=\"false\" data-ids=\"908, 1012,909, 1505\"><div class=\"inventory-list\"><div class=\"dummy\"><\/div><div class=\"dummy\"><\/div><div class=\"dummy\"><\/div><div class=\"dummy\"><\/div><\/div><\/div>\n<h2 style=\"text-align: left;\"><span style=\"font-size: 13px; font-weight: normal;\"> <div class=\"inventory\" data-filter=\"false\" data-next=\"false\" data-cart=\"false\" data-ids=\"920,1018,921, 1554\"><div class=\"inventory-list\"><div class=\"dummy\"><\/div><div class=\"dummy\"><\/div><div class=\"dummy\"><\/div><div class=\"dummy\"><\/div><\/div><\/div><\/span><\/h2>\n<h2 style=\"text-align: left;\"><span style=\"font-size: 13px; font-weight: normal;\"> <div class=\"inventory\" data-filter=\"false\" data-next=\"false\" data-cart=\"false\" data-ids=\"936,1023,1175, 1558\"><div class=\"inventory-list\"><div class=\"dummy\"><\/div><div class=\"dummy\"><\/div><div class=\"dummy\"><\/div><div class=\"dummy\"><\/div><\/div><\/div><\/span><\/h2>\n<p><span style=\"font-size: 13px; font-weight: normal;\"><div class=\"inventory\" data-filter=\"false\" data-next=\"false\" data-cart=\"false\" data-ids=\"1069,1068,1177, 1561\"><div class=\"inventory-list\"><div class=\"dummy\"><\/div><div class=\"dummy\"><\/div><div class=\"dummy\"><\/div><div class=\"dummy\"><\/div><\/div><\/div><\/span><\/p>\n<p><span style=\"font-size: 13px; font-weight: normal;\"><div class=\"inventory\" data-filter=\"false\" data-next=\"false\" data-cart=\"false\" data-ids=\"1211,1212,1213,1563\"><div class=\"inventory-list\"><div class=\"dummy\"><\/div><div class=\"dummy\"><\/div><div class=\"dummy\"><\/div><div class=\"dummy\"><\/div><\/div><\/div><\/span><\/p>\n<p><a href=\"https:\/\/www.nns.cz\/blog\/wp-content\/uploads\/miuc-vychova-k-obc-cviceni.jpg\"><img loading=\"lazy\" decoding=\"async\" class=\"aligncenter size-medium wp-image-7387\" title=\"miuc-vychova-k-obc-cviceni\" src=\"https:\/\/www.nns.cz\/blog\/wp-content\/uploads\/miuc-vychova-k-obc-cviceni-600x369.jpg\" alt=\"\" width=\"600\" height=\"369\" srcset=\"https:\/\/www.nns.cz\/blog\/wp-content\/uploads\/miuc-vychova-k-obc-cviceni-600x369.jpg 600w, https:\/\/www.nns.cz\/blog\/wp-content\/uploads\/miuc-vychova-k-obc-cviceni-580x356.jpg 580w, https:\/\/www.nns.cz\/blog\/wp-content\/uploads\/miuc-vychova-k-obc-cviceni.jpg 800w\" sizes=\"auto, (max-width: 600px) 100vw, 600px\" \/><\/a><\/p>\n<p class=\"MsoNormal\">Pro z\u00e1kladn\u00ed sezn\u00e1men\u00ed s&nbsp;na\u0161imi MIU\u010d doporu\u010dujeme zhl\u00e9dnout\u00a0<a href=\"https:\/\/www.nns.cz\/blog\/interaktivni-ucebnice\/\">videa p\u0159edstavuj\u00edc\u00ed mo\u017enosti interaktivn\u00ed v\u00fduky na I. i&nbsp;II. stupni<\/a>.<\/p>\n<p class=\"MsoNormal\">\n","protected":false},"excerpt":{"rendered":"<p>Pro z\u00e1kladn\u00ed sezn\u00e1men\u00ed s&nbsp;na\u0161imi MIU\u010d doporu\u010dujeme zhl\u00e9dnout\u00a0videa p\u0159edstavuj\u00edc\u00ed mo\u017enosti interaktivn\u00ed v\u00fduky na I. i&nbsp;II. stupni.<\/p>\n","protected":false},"author":5,"featured_media":0,"parent":0,"menu_order":0,"comment_status":"open","ping_status":"closed","template":"","meta":{"footnotes":""},"class_list":["post-3587","page","type-page","status-publish","hentry"],"_links":{"self":[{"href":"https:\/\/www.nns.cz\/blog\/wp-json\/wp\/v2\/pages\/3587","targetHints":{"allow":["GET"]}}],"collection":[{"href":"https:\/\/www.nns.cz\/blog\/wp-json\/wp\/v2\/pages"}],"about":[{"href":"https:\/\/www.nns.cz\/blog\/wp-json\/wp\/v2\/types\/page"}],"author":[{"embeddable":true,"href":"https:\/\/www.nns.cz\/blog\/wp-json\/wp\/v2\/users\/5"}],"replies":[{"embeddable":true,"href":"https:\/\/www.nns.cz\/blog\/wp-json\/wp\/v2\/comments?post=3587"}],"version-history":[{"count":28,"href":"https:\/\/www.nns.cz\/blog\/wp-json\/wp\/v2\/pages\/3587\/revisions"}],"predecessor-version":[{"id":15141,"href":"https:\/\/www.nns.cz\/blog\/wp-json\/wp\/v2\/pages\/3587\/revisions\/15141"}],"wp:attachment":[{"href":"https:\/\/www.nns.cz\/blog\/wp-json\/wp\/v2\/media?parent=3587"}],"curies":[{"name":"wp","href":"https:\/\/api.w.org\/{rel}","templated":true}]}}