{"id":3591,"date":"2011-09-13T15:52:53","date_gmt":"2011-09-13T13:52:53","guid":{"rendered":"http:\/\/nns.cz\/blog\/?page_id=3591"},"modified":"2020-07-13T13:41:26","modified_gmt":"2020-07-13T11:41:26","slug":"multimedialni-interaktivni-ucebnice-dejepis","status":"publish","type":"page","link":"https:\/\/www.nns.cz\/blog\/multimedialni-interaktivni-ucebnice-dejepis\/","title":{"rendered":"Multimedi\u00e1ln\u00ed interaktivn\u00ed u\u010debnice D\u011bjepis"},"content":{"rendered":"<p><a href=\"https:\/\/www.nns.cz\/blog\/wp-content\/uploads\/miuc-dejepis2.jpg\"><img loading=\"lazy\" decoding=\"async\" class=\"aligncenter size-medium wp-image-7402\" title=\"miuc-dejepis2\" src=\"https:\/\/www.nns.cz\/blog\/wp-content\/uploads\/miuc-dejepis2-600x288.jpg\" alt=\"\" width=\"600\" height=\"288\" srcset=\"https:\/\/www.nns.cz\/blog\/wp-content\/uploads\/miuc-dejepis2-600x288.jpg 600w, https:\/\/www.nns.cz\/blog\/wp-content\/uploads\/miuc-dejepis2-580x279.jpg 580w, https:\/\/www.nns.cz\/blog\/wp-content\/uploads\/miuc-dejepis2.jpg 800w\" sizes=\"auto, (max-width: 600px) 100vw, 600px\" \/><\/a> <div class=\"inventory\" data-filter=\"false\" data-next=\"false\" data-cart=\"false\" data-ids=\"902,903,1009,1504,914,915,1015,1553,926,927,1021,1557,937,938,1026,1559\"><div class=\"inventory-list\"><div class=\"dummy\"><\/div><div class=\"dummy\"><\/div><div class=\"dummy\"><\/div><div class=\"dummy\"><\/div><div class=\"dummy\"><\/div><div class=\"dummy\"><\/div><div class=\"dummy\"><\/div><div class=\"dummy\"><\/div><div class=\"dummy\"><\/div><div class=\"dummy\"><\/div><div class=\"dummy\"><\/div><div class=\"dummy\"><\/div><div class=\"dummy\"><\/div><div class=\"dummy\"><\/div><div class=\"dummy\"><\/div><div class=\"dummy\"><\/div><\/div><\/div><\/p>\n<p><strong><span style=\"color: #ff0000;\"><strong><span style=\"color: #ff0000;\">Interaktivn\u00ed cvi\u010den\u00ed jsou sou\u010d\u00e1st\u00ed ka\u017ed\u00e9 MIU\u010d+, nedokupuj\u00ed se zvl\u00e1\u0161\u0165.<\/span><\/strong><\/span><\/strong><\/p>\n<p class=\"MsoNormal\">Pro z\u00e1kladn\u00ed sezn\u00e1men\u00ed s&nbsp;na\u0161imi MIU\u010d doporu\u010dujeme shl\u00e9dnout\u00a0<a href=\"https:\/\/www.nns.cz\/blog\/interaktivni-ucebnice\/\">videa p\u0159edstavuj\u00edc\u00ed mo\u017enosti interaktivn\u00ed v\u00fduky na I. i&nbsp;II. stupni<\/a>.<\/p>\n<p><strong>Uk\u00e1zka videa z&nbsp;MIU\u010d+ D\u011bjepis 6:<\/strong><br \/>\n<iframe loading=\"lazy\" src=\"\/\/www.youtube.com\/embed\/aM6J73ABkUk\" width=\"480\" height=\"360\" frameborder=\"0\" allowfullscreen=\"allowfullscreen\"><\/iframe><\/p>\n<p><strong>Uk\u00e1zka videa z&nbsp;MIU\u010d+ D\u011bjepis 7:<\/strong><br \/>\n<iframe loading=\"lazy\" src=\"\/\/www.youtube.com\/embed\/DAxYXQIe7Ws\" width=\"480\" height=\"360\" frameborder=\"0\" allowfullscreen=\"allowfullscreen\"><\/iframe><\/p>\n<p><strong>Uk\u00e1zka videa z&nbsp;MIU\u010d+ D\u011bjepis 8:<\/strong><br \/>\n<iframe loading=\"lazy\" src=\"\/\/www.youtube.com\/embed\/-Dn2-yH1Xmg\" width=\"480\" height=\"360\" frameborder=\"0\" allowfullscreen=\"allowfullscreen\"><\/iframe><\/p>\n<p><strong>Uk\u00e1zka videa z&nbsp;MIU\u010d+ D\u011bjepis 9:<\/strong><br \/>\n<iframe loading=\"lazy\" src=\"\/\/www.youtube.com\/embed\/TH8fCKeL_Vc\" width=\"480\" height=\"360\" frameborder=\"0\" allowfullscreen=\"allowfullscreen\"><\/iframe><\/p>\n","protected":false},"excerpt":{"rendered":"<p>Interaktivn\u00ed cvi\u010den\u00ed jsou sou\u010d\u00e1st\u00ed ka\u017ed\u00e9 MIU\u010d+, nedokupuj\u00ed se zvl\u00e1\u0161\u0165. Pro z\u00e1kladn\u00ed sezn\u00e1men\u00ed s&nbsp;na\u0161imi MIU\u010d doporu\u010dujeme shl\u00e9dnout\u00a0videa p\u0159edstavuj\u00edc\u00ed mo\u017enosti interaktivn\u00ed v\u00fduky na I. i&nbsp;II. stupni. Uk\u00e1zka videa z&nbsp;MIU\u010d+ D\u011bjepis 6: Uk\u00e1zka videa z&nbsp;MIU\u010d+ D\u011bjepis 7: Uk\u00e1zka videa z&nbsp;MIU\u010d+ D\u011bjepis 8: Uk\u00e1zka videa z&nbsp;MIU\u010d+ D\u011bjepis 9:<\/p>\n","protected":false},"author":5,"featured_media":0,"parent":0,"menu_order":0,"comment_status":"open","ping_status":"closed","template":"","meta":{"footnotes":""},"class_list":["post-3591","page","type-page","status-publish","hentry"],"_links":{"self":[{"href":"https:\/\/www.nns.cz\/blog\/wp-json\/wp\/v2\/pages\/3591","targetHints":{"allow":["GET"]}}],"collection":[{"href":"https:\/\/www.nns.cz\/blog\/wp-json\/wp\/v2\/pages"}],"about":[{"href":"https:\/\/www.nns.cz\/blog\/wp-json\/wp\/v2\/types\/page"}],"author":[{"embeddable":true,"href":"https:\/\/www.nns.cz\/blog\/wp-json\/wp\/v2\/users\/5"}],"replies":[{"embeddable":true,"href":"https:\/\/www.nns.cz\/blog\/wp-json\/wp\/v2\/comments?post=3591"}],"version-history":[{"count":32,"href":"https:\/\/www.nns.cz\/blog\/wp-json\/wp\/v2\/pages\/3591\/revisions"}],"predecessor-version":[{"id":13672,"href":"https:\/\/www.nns.cz\/blog\/wp-json\/wp\/v2\/pages\/3591\/revisions\/13672"}],"wp:attachment":[{"href":"https:\/\/www.nns.cz\/blog\/wp-json\/wp\/v2\/media?parent=3591"}],"curies":[{"name":"wp","href":"https:\/\/api.w.org\/{rel}","templated":true}]}}