{"id":3598,"date":"2011-09-13T15:54:03","date_gmt":"2011-09-13T13:54:03","guid":{"rendered":"http:\/\/nns.cz\/blog\/?page_id=3598"},"modified":"2021-09-27T21:22:36","modified_gmt":"2021-09-27T19:22:36","slug":"multimedialni-interaktivni-ucebnice-zemepis","status":"publish","type":"page","link":"https:\/\/www.nns.cz\/blog\/multimedialni-interaktivni-ucebnice-zemepis\/","title":{"rendered":"Multimedi\u00e1ln\u00ed interaktivn\u00ed u\u010debnice Zem\u011bpis"},"content":{"rendered":"<p><a href=\"https:\/\/www.nns.cz\/blog\/wp-content\/uploads\/miuc-zemepis-nnscz.jpg\"><img decoding=\"async\" class=\"aligncenter size-medium wp-image-8375\" title=\"miuc-zemepis-nnscz\" src=\"https:\/\/www.nns.cz\/blog\/wp-content\/uploads\/miuc-zemepis-nnscz-600x297.jpg\" alt=\"\" width=\"600\" srcset=\"https:\/\/www.nns.cz\/blog\/wp-content\/uploads\/miuc-zemepis-nnscz-600x297.jpg 600w, https:\/\/www.nns.cz\/blog\/wp-content\/uploads\/miuc-zemepis-nnscz-580x287.jpg 580w, https:\/\/www.nns.cz\/blog\/wp-content\/uploads\/miuc-zemepis-nnscz.jpg 1562w\" sizes=\"(max-width: 600px) 100vw, 600px\" \/><\/a><\/p>\n<p><strong>Sou\u010d\u00e1st\u00ed MIU\u010d+ jsou barevn\u00e9 pracovn\u00ed se\u0161ity s&nbsp;\u0159e\u0161en\u00edm.<\/strong><\/p>\n<p><img decoding=\"async\" class=\"alignnone size-full wp-image-13730\" src=\"https:\/\/www.nns.cz\/blog\/wp-content\/uploads\/barevne-interaktivni-zemepisy.gif\" alt=\"\" width=\"600\" \/><\/p>\n<p>&nbsp;<\/p>\n<div class=\"inventory\" data-filter=\"false\" data-next=\"false\" data-cart=\"false\" data-ids=\"910,1013,911,1574,912,1014,913,1575,922,1019,923,1577,924,1020,925,1578,932,1024,933,1579,934,1025,935,1581,941,1028,942,1583\"><div class=\"inventory-list\"><div class=\"dummy\"><\/div><div class=\"dummy\"><\/div><div class=\"dummy\"><\/div><div class=\"dummy\"><\/div><div class=\"dummy\"><\/div><div class=\"dummy\"><\/div><div class=\"dummy\"><\/div><div class=\"dummy\"><\/div><div class=\"dummy\"><\/div><div class=\"dummy\"><\/div><div class=\"dummy\"><\/div><div class=\"dummy\"><\/div><div class=\"dummy\"><\/div><div class=\"dummy\"><\/div><div class=\"dummy\"><\/div><div class=\"dummy\"><\/div><div class=\"dummy\"><\/div><div class=\"dummy\"><\/div><div class=\"dummy\"><\/div><div class=\"dummy\"><\/div><div class=\"dummy\"><\/div><div class=\"dummy\"><\/div><div class=\"dummy\"><\/div><div class=\"dummy\"><\/div><div class=\"dummy\"><\/div><div class=\"dummy\"><\/div><div class=\"dummy\"><\/div><div class=\"dummy\"><\/div><\/div><\/div>\n<p><img decoding=\"async\" class=\"alignnone size-full wp-image-13650\" src=\"https:\/\/www.nns.cz\/blog\/wp-content\/uploads\/jak-se-zachovat-kdyz-2020-nns.gif\" alt=\"\" width=\"600\" \/><\/p>\n<p><span style=\"font-size: 13px; font-weight: normal;\"><div class=\"inventory\" data-filter=\"false\" data-next=\"false\" data-cart=\"false\" data-ids=\"1211,1212,1213,1563\"><div class=\"inventory-list\"><div class=\"dummy\"><\/div><div class=\"dummy\"><\/div><div class=\"dummy\"><\/div><div class=\"dummy\"><\/div><\/div><\/div><\/span><\/p>\n<p class=\"MsoNormal\"><span style=\"color: #ff0000; font-weight: bold;\">Interaktivn\u00ed cvi\u010den\u00ed jsou sou\u010d\u00e1st\u00ed ka\u017ed\u00e9 MIU\u010d+, nedokupuj\u00ed se zvl\u00e1\u0161\u0165.<\/span><\/p>\n<p><strong>Animace Ob\u011bh vody (Zem\u011bpis 6, 2.&nbsp;d\u00edl, str.&nbsp;51):<\/strong><br \/>\n<iframe loading=\"lazy\" src=\"\/\/www.youtube.com\/embed\/dTzdwIUIuJU?list=UUcal_eIO6n7wdrjEQFbzVnA\" width=\"560\" height=\"315\" frameborder=\"0\" allowfullscreen=\"allowfullscreen\"><\/iframe><\/p>\n<p><strong>Uk\u00e1zka vide\u00ed z&nbsp;MIU\u010d Zem\u011bpis 7, 1.&nbsp;d\u00edl:<\/strong><br \/>\n<iframe loading=\"lazy\" src=\"\/\/www.youtube.com\/embed\/HLrfsi_3Omw\" width=\"480\" height=\"360\" frameborder=\"0\" allowfullscreen=\"allowfullscreen\"><\/iframe><\/p>\n<p><strong>Uk\u00e1zka vide\u00ed z&nbsp;MIU\u010d+ Zem\u011bpis 7, 2.&nbsp;d\u00edl:<\/strong><br \/>\n<iframe loading=\"lazy\" src=\"\/\/www.youtube.com\/embed\/E1C9jaISX8o\" width=\"480\" height=\"360\" frameborder=\"0\" allowfullscreen=\"allowfullscreen\"><\/iframe><\/p>\n<p><strong>Uk\u00e1zka vide\u00ed z&nbsp;MIU\u010d+ Zem\u011bpis 8, 1.&nbsp;d\u00edl:<\/strong><br \/>\n<iframe loading=\"lazy\" src=\"\/\/www.youtube.com\/embed\/wHROAetQ9Ww\" width=\"480\" height=\"360\" frameborder=\"0\" allowfullscreen=\"allowfullscreen\"><\/iframe><\/p>\n<p><strong>Uk\u00e1zka vide\u00ed z&nbsp;MIU\u010d+ Zem\u011bpis 8, 2.&nbsp;d\u00edl:<\/strong><br \/>\n<iframe loading=\"lazy\" src=\"\/\/www.youtube.com\/embed\/7KV_irBQZ68\" width=\"480\" height=\"360\" frameborder=\"0\" allowfullscreen=\"allowfullscreen\"><\/iframe><\/p>\n<p><strong>Uk\u00e1zka vide\u00ed z&nbsp;MIU\u010d+ Zem\u011bpis 9:<\/strong><br \/>\n<iframe loading=\"lazy\" src=\"\/\/www.youtube.com\/embed\/zvHZ7VPXHg4\" width=\"480\" height=\"360\" frameborder=\"0\" allowfullscreen=\"allowfullscreen\"><\/iframe><\/p>\n","protected":false},"excerpt":{"rendered":"<p>Sou\u010d\u00e1st\u00ed MIU\u010d+ jsou barevn\u00e9 pracovn\u00ed se\u0161ity s&nbsp;\u0159e\u0161en\u00edm. &nbsp; Interaktivn\u00ed cvi\u010den\u00ed jsou sou\u010d\u00e1st\u00ed ka\u017ed\u00e9 MIU\u010d+, nedokupuj\u00ed se zvl\u00e1\u0161\u0165. Animace Ob\u011bh vody (Zem\u011bpis 6, 2.&nbsp;d\u00edl, str.&nbsp;51): Uk\u00e1zka vide\u00ed z&nbsp;MIU\u010d Zem\u011bpis 7, 1.&nbsp;d\u00edl: Uk\u00e1zka vide\u00ed z&nbsp;MIU\u010d+ Zem\u011bpis 7, 2.&nbsp;d\u00edl: Uk\u00e1zka vide\u00ed z&nbsp;MIU\u010d+ Zem\u011bpis 8, 1.&nbsp;d\u00edl: Uk\u00e1zka vide\u00ed z&nbsp;MIU\u010d+ Zem\u011bpis 8, 2.&nbsp;d\u00edl: Uk\u00e1zka vide\u00ed z&nbsp;MIU\u010d+ Zem\u011bpis 9:<\/p>\n","protected":false},"author":5,"featured_media":0,"parent":0,"menu_order":0,"comment_status":"open","ping_status":"closed","template":"","meta":{"footnotes":""},"class_list":["post-3598","page","type-page","status-publish","hentry"],"_links":{"self":[{"href":"https:\/\/www.nns.cz\/blog\/wp-json\/wp\/v2\/pages\/3598","targetHints":{"allow":["GET"]}}],"collection":[{"href":"https:\/\/www.nns.cz\/blog\/wp-json\/wp\/v2\/pages"}],"about":[{"href":"https:\/\/www.nns.cz\/blog\/wp-json\/wp\/v2\/types\/page"}],"author":[{"embeddable":true,"href":"https:\/\/www.nns.cz\/blog\/wp-json\/wp\/v2\/users\/5"}],"replies":[{"embeddable":true,"href":"https:\/\/www.nns.cz\/blog\/wp-json\/wp\/v2\/comments?post=3598"}],"version-history":[{"count":37,"href":"https:\/\/www.nns.cz\/blog\/wp-json\/wp\/v2\/pages\/3598\/revisions"}],"predecessor-version":[{"id":15142,"href":"https:\/\/www.nns.cz\/blog\/wp-json\/wp\/v2\/pages\/3598\/revisions\/15142"}],"wp:attachment":[{"href":"https:\/\/www.nns.cz\/blog\/wp-json\/wp\/v2\/media?parent=3598"}],"curies":[{"name":"wp","href":"https:\/\/api.w.org\/{rel}","templated":true}]}}