{"id":3614,"date":"2011-09-13T15:53:50","date_gmt":"2011-09-13T13:53:50","guid":{"rendered":"http:\/\/nns.cz\/blog\/?page_id=3614"},"modified":"2021-09-27T21:23:21","modified_gmt":"2021-09-27T19:23:21","slug":"multimedialni-interaktivni-ucebnice-prirodopis","status":"publish","type":"page","link":"https:\/\/www.nns.cz\/blog\/multimedialni-interaktivni-ucebnice-prirodopis\/","title":{"rendered":"Multimedi\u00e1ln\u00ed interaktivn\u00ed u\u010debnice P\u0159\u00edrodopis"},"content":{"rendered":"<h2 style=\"text-align: left;\"><a href=\"https:\/\/www.nns.cz\/blog\/wp-content\/uploads\/miuc-prirodopis-nnscz.jpg\"><img loading=\"lazy\" decoding=\"async\" class=\"aligncenter size-medium wp-image-8372\" title=\"miuc-prirodopis-nnscz\" src=\"https:\/\/www.nns.cz\/blog\/wp-content\/uploads\/miuc-prirodopis-nnscz-600x325.jpg\" alt=\"\" width=\"600\" height=\"325\" srcset=\"https:\/\/www.nns.cz\/blog\/wp-content\/uploads\/miuc-prirodopis-nnscz-600x325.jpg 600w, https:\/\/www.nns.cz\/blog\/wp-content\/uploads\/miuc-prirodopis-nnscz-580x314.jpg 580w, https:\/\/www.nns.cz\/blog\/wp-content\/uploads\/miuc-prirodopis-nnscz.jpg 1608w\" sizes=\"auto, (max-width: 600px) 100vw, 600px\" \/><\/a><\/h2>\n<div class=\"inventory\" data-filter=\"false\" data-next=\"false\" data-cart=\"false\" data-ids=\"904,1010,905,1565,906,1011,907,1566,916,1016,917,1568,918,1017,919,1569,930,1022,931,1571,939,1027,940,1572\"><div class=\"inventory-list\"><div class=\"dummy\"><\/div><div class=\"dummy\"><\/div><div class=\"dummy\"><\/div><div class=\"dummy\"><\/div><div class=\"dummy\"><\/div><div class=\"dummy\"><\/div><div class=\"dummy\"><\/div><div class=\"dummy\"><\/div><div class=\"dummy\"><\/div><div class=\"dummy\"><\/div><div class=\"dummy\"><\/div><div class=\"dummy\"><\/div><div class=\"dummy\"><\/div><div class=\"dummy\"><\/div><div class=\"dummy\"><\/div><div class=\"dummy\"><\/div><div class=\"dummy\"><\/div><div class=\"dummy\"><\/div><div class=\"dummy\"><\/div><div class=\"dummy\"><\/div><div class=\"dummy\"><\/div><div class=\"dummy\"><\/div><div class=\"dummy\"><\/div><div class=\"dummy\"><\/div><\/div><\/div>\n<p><span style=\"font-size: 13px; font-weight: normal;\"><div class=\"inventory\" data-filter=\"false\" data-next=\"false\" data-cart=\"false\" data-ids=\"1211,1212,1213,1563\"><div class=\"inventory-list\"><div class=\"dummy\"><\/div><div class=\"dummy\"><\/div><div class=\"dummy\"><\/div><div class=\"dummy\"><\/div><\/div><\/div><\/span><\/p>\n<p><strong><span style=\"color: #ff0000;\"><strong><span style=\"color: #ff0000;\">Interaktivn\u00ed cvi\u010den\u00ed jsou sou\u010d\u00e1st\u00ed ka\u017ed\u00e9 MIU\u010d+, nedokupuj\u00ed se zvl\u00e1\u0161\u0165.<\/span><\/strong><\/span><\/strong><\/p>\n<p><strong>Uk\u00e1zka vide\u00ed z&nbsp;MIU\u010d+ P\u0159\u00edrodopis 6, 2.&nbsp;d\u00edl:<\/strong><br \/>\n<iframe loading=\"lazy\" src=\"\/\/www.youtube.com\/embed\/6CHvEtd_cz8\" width=\"480\" height=\"360\" frameborder=\"0\" allowfullscreen=\"allowfullscreen\"><\/iframe><\/p>\n<p><strong>Uk\u00e1zka vide\u00ed z&nbsp;MIU\u010d+ P\u0159\u00edrodopis 7, 1.&nbsp;d\u00edl:<\/strong><br \/>\n<iframe loading=\"lazy\" src=\"\/\/www.youtube.com\/embed\/P-NYEq7VL-M\" width=\"480\" height=\"360\" frameborder=\"0\" allowfullscreen=\"allowfullscreen\"><\/iframe><\/p>\n<p><strong>Uk\u00e1zka vide\u00ed z&nbsp;MIU\u010d+ P\u0159\u00edrodopis 8:<\/strong><br \/>\n<iframe loading=\"lazy\" src=\"\/\/www.youtube.com\/embed\/R_4H6-JCvFg\" width=\"480\" height=\"360\" frameborder=\"0\" allowfullscreen=\"allowfullscreen\"><\/iframe><\/p>\n<p><strong>Uk\u00e1zka vide\u00ed z&nbsp;MIU\u010d+ P\u0159\u00edrodopis 9:<\/strong><br \/>\n<iframe loading=\"lazy\" src=\"\/\/www.youtube.com\/embed\/njTfqwLfgDU\" width=\"480\" height=\"360\" frameborder=\"0\" allowfullscreen=\"allowfullscreen\"><\/iframe><\/p>\n","protected":false},"excerpt":{"rendered":"<p>Interaktivn\u00ed cvi\u010den\u00ed jsou sou\u010d\u00e1st\u00ed ka\u017ed\u00e9 MIU\u010d+, nedokupuj\u00ed se zvl\u00e1\u0161\u0165. Uk\u00e1zka vide\u00ed z&nbsp;MIU\u010d+ P\u0159\u00edrodopis 6, 2.&nbsp;d\u00edl: Uk\u00e1zka vide\u00ed z&nbsp;MIU\u010d+ P\u0159\u00edrodopis 7, 1.&nbsp;d\u00edl: Uk\u00e1zka vide\u00ed z&nbsp;MIU\u010d+ P\u0159\u00edrodopis 8: Uk\u00e1zka vide\u00ed z&nbsp;MIU\u010d+ P\u0159\u00edrodopis 9:<\/p>\n","protected":false},"author":5,"featured_media":0,"parent":0,"menu_order":0,"comment_status":"open","ping_status":"closed","template":"","meta":{"footnotes":""},"class_list":["post-3614","page","type-page","status-publish","hentry"],"_links":{"self":[{"href":"https:\/\/www.nns.cz\/blog\/wp-json\/wp\/v2\/pages\/3614","targetHints":{"allow":["GET"]}}],"collection":[{"href":"https:\/\/www.nns.cz\/blog\/wp-json\/wp\/v2\/pages"}],"about":[{"href":"https:\/\/www.nns.cz\/blog\/wp-json\/wp\/v2\/types\/page"}],"author":[{"embeddable":true,"href":"https:\/\/www.nns.cz\/blog\/wp-json\/wp\/v2\/users\/5"}],"replies":[{"embeddable":true,"href":"https:\/\/www.nns.cz\/blog\/wp-json\/wp\/v2\/comments?post=3614"}],"version-history":[{"count":32,"href":"https:\/\/www.nns.cz\/blog\/wp-json\/wp\/v2\/pages\/3614\/revisions"}],"predecessor-version":[{"id":15143,"href":"https:\/\/www.nns.cz\/blog\/wp-json\/wp\/v2\/pages\/3614\/revisions\/15143"}],"wp:attachment":[{"href":"https:\/\/www.nns.cz\/blog\/wp-json\/wp\/v2\/media?parent=3614"}],"curies":[{"name":"wp","href":"https:\/\/api.w.org\/{rel}","templated":true}]}}