{"id":3660,"date":"2011-09-13T15:47:42","date_gmt":"2011-09-13T13:47:42","guid":{"rendered":"http:\/\/nns.cz\/blog\/?page_id=3660"},"modified":"2025-03-31T23:24:33","modified_gmt":"2025-03-31T21:24:33","slug":"prvouka","status":"publish","type":"page","link":"https:\/\/www.nns.cz\/blog\/prvouka\/","title":{"rendered":"Prvouka"},"content":{"rendered":"\n<figure class=\"wp-block-image size-large is-resized\"><a href=\"https:\/\/www.nns.cz\/blog\/wp-content\/uploads\/NOVA-SKOLA-KATALOG-2024-1.STUPEN-PRVOUKA.pdf\" target=\"_blank\" rel=\"noreferrer noopener\"><img loading=\"lazy\" decoding=\"async\" width=\"1600\" height=\"574\" src=\"https:\/\/www.nns.cz\/blog\/wp-content\/uploads\/NOVA-SKOLA-KATALOG-2024-LISTY-PRVOUKA-1600x574.png\" alt=\"\" class=\"wp-image-18260\" style=\"width:840px;height:auto\" srcset=\"https:\/\/www.nns.cz\/blog\/wp-content\/uploads\/NOVA-SKOLA-KATALOG-2024-LISTY-PRVOUKA-1600x574.png 1600w, https:\/\/www.nns.cz\/blog\/wp-content\/uploads\/NOVA-SKOLA-KATALOG-2024-LISTY-PRVOUKA-1024x368.png 1024w, https:\/\/www.nns.cz\/blog\/wp-content\/uploads\/NOVA-SKOLA-KATALOG-2024-LISTY-PRVOUKA-300x108.png 300w, https:\/\/www.nns.cz\/blog\/wp-content\/uploads\/NOVA-SKOLA-KATALOG-2024-LISTY-PRVOUKA-768x276.png 768w, https:\/\/www.nns.cz\/blog\/wp-content\/uploads\/NOVA-SKOLA-KATALOG-2024-LISTY-PRVOUKA-1536x551.png 1536w, https:\/\/www.nns.cz\/blog\/wp-content\/uploads\/NOVA-SKOLA-KATALOG-2024-LISTY-PRVOUKA.png 1869w\" sizes=\"auto, (max-width: 1600px) 100vw, 1600px\" \/><\/a><\/figure>\n\n\n\n<h2 class=\"wp-block-heading\"><a href=\"#kotvaoskar\" data-type=\"internal\" data-id=\"#kotvaoskar\">Objevujeme a&nbsp;pozn\u00e1v\u00e1me s&nbsp;Oskarem<\/a><\/h2>\n\n\n\n<h2 class=\"wp-block-heading\"><a href=\"#kotvaJAMS\" data-type=\"internal\" data-id=\"#kotvaJAMS\">Duhov\u00e1 \u0159ada &#8211; J\u00c1 A&nbsp;M\u016eJ SV\u011aT<\/a><\/h2>\n\n\n\n<h2 class=\"wp-block-heading\"><a href=\"#kotvapuv\" data-type=\"internal\" data-id=\"#kotvapuv\">P\u016fvodn\u00ed \u0159ada<\/a><\/h2>\n\n\n\n<h2 class=\"wp-block-heading has-background has-large-font-size\" style=\"background-color:#e2cff0\"><a name=\"kotvaoskar\"><\/a><strong>Objevujeme a&nbsp;pozn\u00e1v\u00e1me s&nbsp;Oskarem<\/strong> <\/h2>\n\n\n\n<figure class=\"wp-block-image size-medium\"><img loading=\"lazy\" decoding=\"async\" width=\"1024\" height=\"1190\" src=\"https:\/\/www.nns.cz\/blog\/wp-content\/uploads\/Oskarova-prvouka-2025-1-1024x1190.png\" alt=\"\" class=\"wp-image-19829\" srcset=\"https:\/\/www.nns.cz\/blog\/wp-content\/uploads\/Oskarova-prvouka-2025-1-1024x1190.png 1024w, https:\/\/www.nns.cz\/blog\/wp-content\/uploads\/Oskarova-prvouka-2025-1-1600x1860.png 1600w, https:\/\/www.nns.cz\/blog\/wp-content\/uploads\/Oskarova-prvouka-2025-1-300x349.png 300w, https:\/\/www.nns.cz\/blog\/wp-content\/uploads\/Oskarova-prvouka-2025-1-768x893.png 768w, https:\/\/www.nns.cz\/blog\/wp-content\/uploads\/Oskarova-prvouka-2025-1-1321x1536.png 1321w, https:\/\/www.nns.cz\/blog\/wp-content\/uploads\/Oskarova-prvouka-2025-1-1762x2048.png 1762w\" sizes=\"auto, (max-width: 1024px) 100vw, 1024px\" \/><\/figure>\n\n\n<div class=\"inventory\" data-filter=\"false\" data-next=\"false\" data-cart=\"false\" data-ids=\"1535,1537,1539\"><div class=\"inventory-list\"><div class=\"dummy\"><\/div><div class=\"dummy\"><\/div><div class=\"dummy\"><\/div><\/div><\/div>\n\n\n\n<p class=\"has-medium-font-size\"><strong>Objevujeme a&nbsp;pozn\u00e1v\u00e1me s&nbsp;Oskarem<\/strong> je sou\u010d\u00e1st\u00ed <a href=\"https:\/\/nns.cz\/amos\/\">souboru AMOS<\/a>.<\/p>\n\n\n\n<figure class=\"wp-block-embed is-type-rich is-provider-obslu-n-rutina-k-du-pro-vlo-en wp-block-embed-obslu-n-rutina-k-du-pro-vlo-en wp-embed-aspect-16-9 wp-has-aspect-ratio\"><div class=\"wp-block-embed__wrapper\">\n<iframe loading=\"lazy\" title=\"Od z\u00e1\u0159\u00ed u\u010d\u00edme s AMOSem (ucelen\u00fd soubor vzd\u011bl\u00e1vac\u00edch materi\u00e1l\u016f pro 1. ro\u010dn\u00edk)\" width=\"500\" height=\"281\" src=\"https:\/\/www.youtube.com\/embed\/iIufV_gy4nk?feature=oembed\" frameborder=\"0\" allow=\"accelerometer; autoplay; clipboard-write; encrypted-media; gyroscope; picture-in-picture; web-share\" referrerpolicy=\"strict-origin-when-cross-origin\" allowfullscreen><\/iframe>\n<\/div><\/figure>\n\n\n\n<h2 class=\"wp-block-heading has-medium-font-size\">Oskarova prvouka pro 1.&nbsp;ro\u010dn\u00edk<\/h2>\n\n\n\n<p class=\"has-background has-medium-font-size\" style=\"background-color:#e6bfee\">Novinka:&nbsp;<a href=\"https:\/\/nns.cz\/amos\/seminare-pro-vyucujici\/\" target=\"_blank\" rel=\"noreferrer noopener\">Vzd\u011bl\u00e1vac\u00ed program zdarma&nbsp;<strong>U\u010d\u00edm s&nbsp;AMOSem v&nbsp;1.&nbsp;ro\u010dn\u00edku<\/strong><\/a><\/p>\n\n\n\n<div class=\"inventory\" data-filter=\"false\" data-next=\"false\" data-cart=\"false\" data-ids=\"1535,1536,1645\"><div class=\"inventory-list\"><div class=\"dummy\"><\/div><div class=\"dummy\"><\/div><div class=\"dummy\"><\/div><\/div><\/div>\n\n\n<div class=\"wp-block-image\">\n<figure class=\"aligncenter size-large\"><img loading=\"lazy\" decoding=\"async\" width=\"1024\" height=\"710\" src=\"https:\/\/www.nns.cz\/blog\/wp-content\/uploads\/ukazka-oskarova-prvouka-1-1024x710.jpg\" alt=\"\" class=\"wp-image-12384\" srcset=\"https:\/\/www.nns.cz\/blog\/wp-content\/uploads\/ukazka-oskarova-prvouka-1-1024x710.jpg 1024w, https:\/\/www.nns.cz\/blog\/wp-content\/uploads\/ukazka-oskarova-prvouka-1-580x402.jpg 580w, https:\/\/www.nns.cz\/blog\/wp-content\/uploads\/ukazka-oskarova-prvouka-1-600x416.jpg 600w, https:\/\/www.nns.cz\/blog\/wp-content\/uploads\/ukazka-oskarova-prvouka-1-768x533.jpg 768w, https:\/\/www.nns.cz\/blog\/wp-content\/uploads\/ukazka-oskarova-prvouka-1-1320x916.jpg 1320w\" sizes=\"auto, (max-width: 1024px) 100vw, 1024px\" \/><\/figure><\/div>\n\n\n<figure class=\"wp-block-embed is-type-rich is-provider-obslu-n-rutina-k-du-pro-vlo-en wp-block-embed-obslu-n-rutina-k-du-pro-vlo-en wp-embed-aspect-16-9 wp-has-aspect-ratio\"><div class=\"wp-block-embed__wrapper\">\n<iframe loading=\"lazy\" title=\"Objevujeme a pozn\u00e1v\u00e1me s Oskarem\ud83e\udd9c\ud83d\udd0d\ud83c\udf31 (v\u00fdukov\u00e1 videa z prvouky pro 1. ro\u010dn\u00edk)\" width=\"500\" height=\"281\" src=\"https:\/\/www.youtube.com\/embed\/NIMmbv-0u_o?feature=oembed\" frameborder=\"0\" allow=\"accelerometer; autoplay; clipboard-write; encrypted-media; gyroscope; picture-in-picture; web-share\" referrerpolicy=\"strict-origin-when-cross-origin\" allowfullscreen><\/iframe>\n<\/div><\/figure>\n\n\n\n<p><strong>Sady pokus\u016f<\/strong> jsou <strong>sou\u010d\u00e1st\u00ed odpov\u00eddaj\u00edc\u00edch MIU\u010d+ Oskarova prvouka <\/strong>(nen\u00ed nutn\u00e9 kupovat zvl\u00e1\u0161\u0165). V\u0161ech 20 pokus\u016f je p\u0159ipraveno tak, aby je \u017e\u00e1ci mohli prov\u00e1d\u011bt samostatn\u011b.<\/p>\n\n\n<div class=\"inventory\" data-filter=\"false\" data-next=\"false\" data-cart=\"false\" data-ids=\"1597,1598,1476,1599,1600,1477\"><div class=\"inventory-list\"><div class=\"dummy\"><\/div><div class=\"dummy\"><\/div><div class=\"dummy\"><\/div><div class=\"dummy\"><\/div><div class=\"dummy\"><\/div><div class=\"dummy\"><\/div><\/div><\/div>\n\n\n\n<h2 class=\"wp-block-heading has-medium-font-size\">Oskarova prvouka pro 2.&nbsp;ro\u010dn\u00edk<\/h2>\n\n\n\n<p>Pracovn\u00ed se\u0161it <strong>Oskarova prvouka 2<\/strong> s&nbsp;<strong>dolo\u017ekou M\u0160MT<\/strong> je vhodn\u00e9 vyu\u017e\u00edt jako hlavn\u00ed materi\u00e1l do v\u00fduky prvouky.<\/p>\n\n\n<div class=\"inventory\" data-filter=\"false\" data-next=\"false\" data-cart=\"false\" data-ids=\"1537,1538,1655,1656,1654,1657,1647,1648,2091\"><div class=\"inventory-list\"><div class=\"dummy\"><\/div><div class=\"dummy\"><\/div><div class=\"dummy\"><\/div><div class=\"dummy\"><\/div><div class=\"dummy\"><\/div><div class=\"dummy\"><\/div><div class=\"dummy\"><\/div><div class=\"dummy\"><\/div><div class=\"dummy\"><\/div><\/div><\/div>\n\n\n\n<figure class=\"wp-block-embed is-type-rich is-provider-obslu-n-rutina-k-du-pro-vlo-en wp-block-embed-obslu-n-rutina-k-du-pro-vlo-en wp-embed-aspect-16-9 wp-has-aspect-ratio\"><div class=\"wp-block-embed__wrapper\">\n<iframe loading=\"lazy\" title=\"Objevujeme a pozn\u00e1v\u00e1me s Oskarem 2\ud83e\udd9c\ud83d\udd0d\ud83d\udc1d(v\u00fdukov\u00e1 videa z prvouky pro 2. ro\u010dn\u00edk)\" width=\"500\" height=\"281\" src=\"https:\/\/www.youtube.com\/embed\/wV_InxCtU7I?feature=oembed\" frameborder=\"0\" allow=\"accelerometer; autoplay; clipboard-write; encrypted-media; gyroscope; picture-in-picture; web-share\" referrerpolicy=\"strict-origin-when-cross-origin\" allowfullscreen><\/iframe>\n<\/div><\/figure>\n\n\n\n<h2 class=\"wp-block-heading has-medium-font-size\">Oskarova prvouka pro 3.&nbsp;ro\u010dn\u00edk<\/h2>\n\n\n\n<p>Pracovn\u00ed se\u0161it <strong>Oskarova prvouka 3<\/strong> s&nbsp;<strong>dolo\u017ekou M\u0160MT<\/strong> je vhodn\u00e9 vyu\u017e\u00edt jako hlavn\u00ed materi\u00e1l do v\u00fduky prvouky.<\/p>\n\n\n<div class=\"inventory\" data-filter=\"false\" data-next=\"false\" data-cart=\"false\" data-ids=\"1539,1540,1682,1683,1684,1685\"><div class=\"inventory-list\"><div class=\"dummy\"><\/div><div class=\"dummy\"><\/div><div class=\"dummy\"><\/div><div class=\"dummy\"><\/div><div class=\"dummy\"><\/div><div class=\"dummy\"><\/div><\/div><\/div>\n\n\n\n<figure class=\"wp-block-embed is-type-video is-provider-youtube wp-block-embed-youtube wp-embed-aspect-16-9 wp-has-aspect-ratio\"><div class=\"wp-block-embed__wrapper\">\n<iframe loading=\"lazy\" title=\"Objevujeme a pozn\u00e1v\u00e1me s Oskarem 3\ud83e\udd9c\ud83d\udd0d\ud83c\udf0d (v\u00fdukov\u00e1 videa z prvouky pro 3. ro\u010dn\u00edk)\" width=\"500\" height=\"281\" src=\"https:\/\/www.youtube.com\/embed\/U0BCYIyxEnA?feature=oembed\" frameborder=\"0\" allow=\"accelerometer; autoplay; clipboard-write; encrypted-media; gyroscope; picture-in-picture; web-share\" referrerpolicy=\"strict-origin-when-cross-origin\" allowfullscreen><\/iframe>\n<\/div><\/figure>\n\n\n\n\n\n<h1 class=\"wp-block-heading has-background\" style=\"background-color:#ffe08b\"><a name=\"kotvaJAMS\"><\/a><strong>J\u00c1 A&nbsp;M\u016eJ SV\u011aT<\/strong><\/h1>\n\n\n\n<p><a><\/a><strong>\u0158ada J\u00c1 A&nbsp;M\u016eJ SV\u011aT<\/strong> vytvo\u0159en\u00e1 v&nbsp;souladu s&nbsp;RVP ZV obsahuje pracovn\u00ed u\u010debnici pro 1.&nbsp;ro\u010dn\u00edk, u\u010debnice a&nbsp;pracovn\u00ed se\u0161ity pro 2.&nbsp;a&nbsp;3.&nbsp;ro\u010dn\u00edk a&nbsp;<strong><a href=\"https:\/\/www.nns.cz\/blog\/multimedialni-interaktivni-ucebnice-ja-a-muj-svet-prvouka\/\">multimedi\u00e1ln\u00ed interaktivn\u00ed u\u010debnice MIU\u010d<\/a>+<\/strong>.&nbsp;D\u016fraz je kladen na prov\u00e1zanost u\u010diva a&nbsp;jeho praktickou vyu\u017eitelnost. Jednotliv\u00e9 kapitoly krom\u011b u\u010diva obsahuj\u00ed tak\u00e9 n\u00e1zorn\u00e1 sch\u00e9mata, fotografie a&nbsp;obr\u00e1zky. Nav\u00edc zahrnuj\u00ed mezip\u0159edm\u011btov\u00e9 \u00fakoly a&nbsp;vazby formou odkaz\u016f na koresponduj\u00edc\u00ed u\u010divo v&nbsp;ostatn\u00edch u\u010debnic\u00edch, zaj\u00edmavosti a&nbsp;didaktick\u00e9 hry.<\/p>\n\n\n<div class=\"wp-block-image\">\n<figure class=\"aligncenter size-full\"><img loading=\"lazy\" decoding=\"async\" width=\"1000\" height=\"391\" src=\"https:\/\/www.nns.cz\/blog\/wp-content\/uploads\/prvouka-ja-a-muj-svet-pracovni-listy-3.jpg\" alt=\"\" class=\"wp-image-11110\" srcset=\"https:\/\/www.nns.cz\/blog\/wp-content\/uploads\/prvouka-ja-a-muj-svet-pracovni-listy-3.jpg 1000w, https:\/\/www.nns.cz\/blog\/wp-content\/uploads\/prvouka-ja-a-muj-svet-pracovni-listy-3-580x227.jpg 580w, https:\/\/www.nns.cz\/blog\/wp-content\/uploads\/prvouka-ja-a-muj-svet-pracovni-listy-3-600x235.jpg 600w, https:\/\/www.nns.cz\/blog\/wp-content\/uploads\/prvouka-ja-a-muj-svet-pracovni-listy-3-768x300.jpg 768w\" sizes=\"auto, (max-width: 1000px) 100vw, 1000px\" \/><\/figure><\/div>\n\n\n<div class=\"inventory\" data-filter=\"false\" data-next=\"false\" data-cart=\"false\" data-ids=\"346, 1007, 277, 278, 279, 280,1090\"><div class=\"inventory-list\"><div class=\"dummy\"><\/div><div class=\"dummy\"><\/div><div class=\"dummy\"><\/div><div class=\"dummy\"><\/div><div class=\"dummy\"><\/div><div class=\"dummy\"><\/div><div class=\"dummy\"><\/div><\/div><\/div>\n\n\n\n<p><strong>Pracovn\u00ed listy J\u00e1 a&nbsp;m\u016fj sv\u011bt pro 1., 2.&nbsp;a&nbsp;3.&nbsp;ro\u010dn\u00edk<\/strong><\/p>\n\n\n<div class=\"wp-block-image\">\n<figure class=\"alignright is-resized\"><img loading=\"lazy\" decoding=\"async\" width=\"580\" height=\"396\" src=\"https:\/\/www.nns.cz\/blog\/wp-content\/uploads\/ov\u011b\u0159eno-v\u00fdukou-prvouka-580x396.jpg\" alt=\"\" class=\"wp-image-11194\" style=\"width:221px;height:auto\"\/><\/figure><\/div>\n\n\n<p><strong>Nov\u00e1 ucelen\u00e1 \u0159ada pracovn\u00edch list\u016f k&nbsp;obl\u00edben\u00e9 \u0159ad\u011b prvouk J\u00e1 a&nbsp;m\u016fj sv\u011bt<\/strong> prov\u011b\u0159en\u00e9 vyu\u010duj\u00edc\u00edmi n\u011bkolikaletou prax\u00ed.<\/p>\n\n\n\n<p><strong>Pr\u00e1v\u011b vych\u00e1zej\u00edc\u00ed pracovn\u00ed listy J\u00e1 a&nbsp;m\u016fj sv\u011bt pro 3.&nbsp;ro\u010dn\u00edk uzav\u00edraj\u00ed ucelenou sadu<\/strong> pracovn\u00edch list\u016f od 1.&nbsp;do 3.&nbsp;ro\u010dn\u00edku. Vznikly z&nbsp;podn\u011btu vyu\u010duj\u00edc\u00edch. <strong>Slou\u017e\u00ed k&nbsp;systematick\u00e9 p\u0159\u00edprav\u011b \u017e\u00e1k\u016f na samostudium. Obsahuj\u00ed i&nbsp;n\u00e1m\u011bty k&nbsp;sebehodnocen\u00ed.<\/strong><\/p>\n\n\n\n<h3 class=\"wp-block-heading\"><strong>P\u0159\u00edloha k&nbsp;Pracovn\u00edm list\u016fm pro 1.&nbsp;ro\u010dn\u00edk<\/strong><\/h3>\n\n\n\n<p>Na konci \u0161koln\u00edho roku \u017e\u00e1ci mohou ze slo\u017eky pracovn\u00edch list\u016f vyst\u0159ihnout i&nbsp;strany k&nbsp;\u010dervenci<\/p>\n\n\n\n<p>a k&nbsp;srpnu, sv\u00e1zat je s&nbsp;ostatn\u00edmi pracovn\u00edmi listy a&nbsp;vytvo\u0159it kalend\u00e1\u0159. Bude jim inspirac\u00ed<\/p>\n\n\n\n<p>k proch\u00e1zk\u00e1m za pozn\u00e1v\u00e1n\u00edm p\u0159\u00edrody b\u011bhem cel\u00e9ho roku. \u017d\u00e1ci si mohou ke kalend\u00e1\u0159i vytvo\u0159it origin\u00e1ln\u00ed tituln\u00ed stranu podle p\u0159edlohy, kterou si zde m\u016f\u017eete st\u00e1hnout:&nbsp;<a href=\"https:\/\/www.nns.cz\/blog\/wp-content\/uploads\/predloha-pracovni-listy.pdf\">predloha-pracovni-listy<\/a><\/p>\n\n\n<div class=\"inventory\" data-filter=\"false\" data-next=\"false\" data-cart=\"false\" data-ids=\"1115, 1446, 1541\"><div class=\"inventory-list\"><div class=\"dummy\"><\/div><div class=\"dummy\"><\/div><div class=\"dummy\"><\/div><\/div><\/div>\n\n\n\n<div class=\"inventory\" data-filter=\"false\" data-next=\"false\" data-cart=\"false\" data-ids=\"999, 1065, 1066\"><div class=\"inventory-list\"><div class=\"dummy\"><\/div><div class=\"dummy\"><\/div><div class=\"dummy\"><\/div><\/div><\/div>\n\n\n<div class=\"inventory\" data-filter=\"false\" data-next=\"false\" data-cart=\"false\" data-ids=\"1637,1622,1623,1624,1625,1626,1627,1628,1629,1463\"><div class=\"inventory-list\"><div class=\"dummy\"><\/div><div class=\"dummy\"><\/div><div class=\"dummy\"><\/div><div class=\"dummy\"><\/div><div class=\"dummy\"><\/div><div class=\"dummy\"><\/div><div class=\"dummy\"><\/div><div class=\"dummy\"><\/div><div class=\"dummy\"><\/div><div class=\"dummy\"><\/div><\/div><\/div>\n\n\n\n<div class=\"inventory\" data-filter=\"false\" data-next=\"false\" data-cart=\"false\" data-ids=\"874, 973,1162,1478, 880, 881,984,1480,884, 885,985,1481\"><div class=\"inventory-list\"><div class=\"dummy\"><\/div><div class=\"dummy\"><\/div><div class=\"dummy\"><\/div><div class=\"dummy\"><\/div><div class=\"dummy\"><\/div><div class=\"dummy\"><\/div><div class=\"dummy\"><\/div><div class=\"dummy\"><\/div><div class=\"dummy\"><\/div><div class=\"dummy\"><\/div><div class=\"dummy\"><\/div><div class=\"dummy\"><\/div><\/div><\/div>\n\n\n\n<p><\/p>\n\n\n\n<h1 class=\"wp-block-heading has-pale-cyan-blue-background-color has-background\"><a name=\"kotvapuv\"><\/a>P\u016eVODN\u00cd \u0158ADA<\/h1>\n\n\n\n<p><strong>P\u016fvodn\u00ed ucelen\u00e1 \u0159ada u\u010debnic<\/strong> pro vyu\u010dovac\u00ed p\u0159edm\u011bt prvouka zahrnuje pracovn\u00ed u\u010debnici pro 1.&nbsp;ro\u010dn\u00edk a&nbsp;u\u010debnice a&nbsp;pracovn\u00ed se\u0161ity pro 2.&nbsp;a&nbsp;3.&nbsp;ro\u010dn\u00edk a&nbsp;metodick\u00e9 pr\u016fvodce pro jednotliv\u00e9 ro\u010dn\u00edky.<\/p>\n\n\n\n<p><strong>P\u016fvodn\u00ed \u0159ada m\u00e1 rovn\u011b\u017e platn\u00e9 schvalovac\u00ed dolo\u017eky M\u0160MT.<\/strong><\/p>\n\n\n\n<figure class=\"wp-block-image size-large\"><a href=\"https:\/\/www.nns.cz\/blog\/wp-content\/uploads\/prehled-ucebnic-prvouka-puvodni-rada.png\" target=\"_blank\" rel=\"noreferrer noopener\"><img loading=\"lazy\" decoding=\"async\" width=\"1024\" height=\"204\" src=\"https:\/\/www.nns.cz\/blog\/wp-content\/uploads\/prehled-ucebnic-prvouka-puvodni-rada-1024x204.png\" alt=\"\" class=\"wp-image-11529\" srcset=\"https:\/\/www.nns.cz\/blog\/wp-content\/uploads\/prehled-ucebnic-prvouka-puvodni-rada-1024x204.png 1024w, https:\/\/www.nns.cz\/blog\/wp-content\/uploads\/prehled-ucebnic-prvouka-puvodni-rada-580x116.png 580w, https:\/\/www.nns.cz\/blog\/wp-content\/uploads\/prehled-ucebnic-prvouka-puvodni-rada-600x120.png 600w, https:\/\/www.nns.cz\/blog\/wp-content\/uploads\/prehled-ucebnic-prvouka-puvodni-rada-768x153.png 768w, https:\/\/www.nns.cz\/blog\/wp-content\/uploads\/prehled-ucebnic-prvouka-puvodni-rada-1320x263.png 1320w, https:\/\/www.nns.cz\/blog\/wp-content\/uploads\/prehled-ucebnic-prvouka-puvodni-rada.png 1600w\" sizes=\"auto, (max-width: 1024px) 100vw, 1024px\" \/><\/a><\/figure>\n\n\n\n<p><div class=\"inventory\" data-filter=\"false\" data-next=\"false\" data-cart=\"false\" data-ids=\"32,36\"><div class=\"inventory-list\"><div class=\"dummy\"><\/div><div class=\"dummy\"><\/div><\/div><\/div> <div class=\"inventory\" data-filter=\"false\" data-next=\"false\" data-cart=\"false\" data-ids=\"45,46,47\"><div class=\"inventory-list\"><div class=\"dummy\"><\/div><div class=\"dummy\"><\/div><div class=\"dummy\"><\/div><\/div><\/div> <div class=\"inventory\" data-filter=\"false\" data-next=\"false\" data-cart=\"false\" data-ids=\"69, 70, 1542\"><div class=\"inventory-list\"><div class=\"dummy\"><\/div><div class=\"dummy\"><\/div><div class=\"dummy\"><\/div><\/div><\/div><\/p>\n\n\n\n<p class=\"has-medium-font-size\">Kompletn\u00ed aktu\u00e1ln\u00ed nab\u00eddku titul\u016f naleznete <a href=\"https:\/\/www.nns.cz\/obchod\/index.php?item=nabidka&amp;eshop_action=show_sel_data&amp;cat_lev2_chbx%5B%5D=75&amp;cat_lev2_chbx%5B%5D=70&amp;cat_lev2_chbx%5B%5D=65&amp;cat_lev2_chbx%5B%5D=77&amp;cat_lev2_chbx%5B%5D=78&amp;cat_lev3=X&amp;cat_lev4=Prvouka&amp;search_pat=&amp;isbn_pat=\">zde<\/a>.<\/p>\n","protected":false},"excerpt":{"rendered":"<p>Objevujeme a&nbsp;pozn\u00e1v\u00e1me s&nbsp;Oskarem Duhov\u00e1 \u0159ada &#8211; J\u00c1 A&nbsp;M\u016eJ SV\u011aT P\u016fvodn\u00ed \u0159ada Objevujeme a&nbsp;pozn\u00e1v\u00e1me s&nbsp;Oskarem Objevujeme a&nbsp;pozn\u00e1v\u00e1me s&nbsp;Oskarem je sou\u010d\u00e1st\u00ed souboru AMOS. Oskarova prvouka pro 1.&nbsp;ro\u010dn\u00edk Novinka:&nbsp;Vzd\u011bl\u00e1vac\u00ed program zdarma&nbsp;U\u010d\u00edm s&nbsp;AMOSem v&nbsp;1.&nbsp;ro\u010dn\u00edku Sady pokus\u016f jsou sou\u010d\u00e1st\u00ed odpov\u00eddaj\u00edc\u00edch MIU\u010d+ Oskarova prvouka (nen\u00ed nutn\u00e9 kupovat zvl\u00e1\u0161\u0165). V\u0161ech 20 pokus\u016f je p\u0159ipraveno tak, aby je \u017e\u00e1ci mohli prov\u00e1d\u011bt samostatn\u011b. Oskarova [&hellip;]<\/p>\n","protected":false},"author":5,"featured_media":0,"parent":0,"menu_order":0,"comment_status":"open","ping_status":"closed","template":"","meta":{"footnotes":""},"class_list":["post-3660","page","type-page","status-publish","hentry"],"_links":{"self":[{"href":"https:\/\/www.nns.cz\/blog\/wp-json\/wp\/v2\/pages\/3660","targetHints":{"allow":["GET"]}}],"collection":[{"href":"https:\/\/www.nns.cz\/blog\/wp-json\/wp\/v2\/pages"}],"about":[{"href":"https:\/\/www.nns.cz\/blog\/wp-json\/wp\/v2\/types\/page"}],"author":[{"embeddable":true,"href":"https:\/\/www.nns.cz\/blog\/wp-json\/wp\/v2\/users\/5"}],"replies":[{"embeddable":true,"href":"https:\/\/www.nns.cz\/blog\/wp-json\/wp\/v2\/comments?post=3660"}],"version-history":[{"count":174,"href":"https:\/\/www.nns.cz\/blog\/wp-json\/wp\/v2\/pages\/3660\/revisions"}],"predecessor-version":[{"id":19853,"href":"https:\/\/www.nns.cz\/blog\/wp-json\/wp\/v2\/pages\/3660\/revisions\/19853"}],"wp:attachment":[{"href":"https:\/\/www.nns.cz\/blog\/wp-json\/wp\/v2\/media?parent=3660"}],"curies":[{"name":"wp","href":"https:\/\/api.w.org\/{rel}","templated":true}]}}