{"id":4454,"date":"2012-03-15T15:14:00","date_gmt":"2012-03-15T13:14:00","guid":{"rendered":"http:\/\/www.nns.cz\/blog\/?page_id=4454"},"modified":"2025-03-30T19:48:57","modified_gmt":"2025-03-30T17:48:57","slug":"miuc-plus","status":"publish","type":"page","link":"https:\/\/www.nns.cz\/blog\/miuc-plus\/","title":{"rendered":"MIU\u010d+ Multimedi\u00e1ln\u00ed interaktivn\u00ed u\u010debnice s&nbsp;mnoha plusy"},"content":{"rendered":"\n<p><span style=\"color: #ff0000;\"><strong>NOV\u011a I&nbsp;BEZ INSTALACE!<\/strong><\/span><\/p>\n\n\n\n<p>Multimedi\u00e1ln\u00ed interaktivn\u00ed u\u010debnice si m\u016f\u017eete spustit p\u0159\u00edmo ve webov\u00e9m prohl\u00ed\u017ee\u010di na <a href=\"http:\/\/www.ucebnice-online.cz\">www.ucebnice-online.cz<\/a>.<\/p>\n\n\n\n<figure class=\"wp-block-video\"><video controls src=\"https:\/\/www.nns.cz\/blog\/wp-content\/uploads\/bandicam-2019-10-04-09-03-28-397.mp4\"><\/video><\/figure>\n\n\n\n<p>MIU\u010d+ m\u016f\u017eete pou\u017e\u00edvat na po\u010d\u00edta\u010di, tabletu (Windows, Android) a&nbsp;interaktivn\u00ed tabuli.<\/p>\n\n\n\n<h1 class=\"wp-block-heading\"><a href=\"https:\/\/www.nns.cz\/download\/choose_app.php\">Vyzkou\u0161ejte MIU\u010d+ na 30&nbsp;dn\u00ed zdarma<\/a>.<\/h1>\n\n\n<div class=\"wp-block-image\">\n<figure class=\"aligncenter size-full\"><a href=\"https:\/\/www.nns.cz\/blog\/wp-content\/uploads\/ucebnice-online.jpg\"><img loading=\"lazy\" decoding=\"async\" width=\"1337\" height=\"732\" src=\"https:\/\/www.nns.cz\/blog\/wp-content\/uploads\/ucebnice-online.jpg\" alt=\"\" class=\"wp-image-11679\" srcset=\"https:\/\/www.nns.cz\/blog\/wp-content\/uploads\/ucebnice-online.jpg 1337w, https:\/\/www.nns.cz\/blog\/wp-content\/uploads\/ucebnice-online-580x318.jpg 580w, https:\/\/www.nns.cz\/blog\/wp-content\/uploads\/ucebnice-online-600x328.jpg 600w, https:\/\/www.nns.cz\/blog\/wp-content\/uploads\/ucebnice-online-768x420.jpg 768w, https:\/\/www.nns.cz\/blog\/wp-content\/uploads\/ucebnice-online-1024x561.jpg 1024w, https:\/\/www.nns.cz\/blog\/wp-content\/uploads\/ucebnice-online-1320x723.jpg 1320w\" sizes=\"auto, (max-width: 1337px) 100vw, 1337px\" \/><\/a><\/figure><\/div>\n\n\n<p><span style=\"color: #ff6600; font-size: 1.5em;\">Jak MIU\u010d+ funguj\u00ed?<\/span><\/p>\n\n\n\n<p>MIU\u010d+ lze vyu\u017e\u00edt na v\u0161ech b\u011b\u017en\u011b dostupn\u00fdch interaktivn\u00edch tabul\u00edch r\u016fzn\u00fdch v\u00fdrobc\u016f, ale je mo\u017en\u00e9 s&nbsp;nimi pracovat i&nbsp;bez interaktivn\u00ed tabule jen s&nbsp;pomoc\u00ed po\u010d\u00edta\u010de nebo po\u010d\u00edta\u010de a&nbsp;projektoru. Nab\u00edz\u00edme i&nbsp;\u017e\u00e1kovsk\u00e9 licence na po\u010d\u00edta\u010d a&nbsp;tablet (Android, Windows).<\/p>\n\n\n<div class=\"wp-block-image\">\n<figure class=\"aligncenter size-full\"><a href=\"https:\/\/www.nns.cz\/blog\/wp-content\/uploads\/miuc-prirodoveda-media-creator.jpg\"><img loading=\"lazy\" decoding=\"async\" width=\"1383\" height=\"800\" src=\"https:\/\/www.nns.cz\/blog\/wp-content\/uploads\/miuc-prirodoveda-media-creator.jpg\" alt=\"\" class=\"wp-image-11681\" srcset=\"https:\/\/www.nns.cz\/blog\/wp-content\/uploads\/miuc-prirodoveda-media-creator.jpg 1383w, https:\/\/www.nns.cz\/blog\/wp-content\/uploads\/miuc-prirodoveda-media-creator-580x336.jpg 580w, https:\/\/www.nns.cz\/blog\/wp-content\/uploads\/miuc-prirodoveda-media-creator-600x347.jpg 600w, https:\/\/www.nns.cz\/blog\/wp-content\/uploads\/miuc-prirodoveda-media-creator-768x444.jpg 768w, https:\/\/www.nns.cz\/blog\/wp-content\/uploads\/miuc-prirodoveda-media-creator-1024x592.jpg 1024w, https:\/\/www.nns.cz\/blog\/wp-content\/uploads\/miuc-prirodoveda-media-creator-1320x764.jpg 1320w\" sizes=\"auto, (max-width: 1383px) 100vw, 1383px\" \/><\/a><\/figure><\/div>\n\n\n<h2 class=\"wp-block-heading\"><span style=\"color: #0000ff;\">Co MIU\u010d+ obsahuj\u00ed?<\/span><\/h2>\n\n\n\n<p>Ka\u017ed\u00e1 MIU\u010d+ obsahuje <strong>interaktivn\u00ed verzi ti\u0161t\u011bn\u00e9 u\u010debnice <\/strong>a dopl\u0148uj\u00edc\u00ed <strong>multim\u00e9dia<\/strong>. N\u011bkter\u00e9 MIU\u010d+ obsahuj\u00ed tak\u00e9 <strong>interaktivn\u00ed verzi ti\u0161t\u011bn\u00e9ho pracovn\u00edho se\u0161itu<\/strong> (Mat\u00fdskova matematika 1, 2, 3, 4 a&nbsp;5; J\u00e1 a&nbsp;m\u016fj sv\u011bt 2 a&nbsp;3; P\u0159\u00edrodov\u011bda 4, 5; Vlastiv\u011bda 4, 5; D\u011bjepis 6-9; Chemie 8, 9; Matematika; P\u0159\u00edrodopis 6-9; Zem\u011bpis 6-9). MIU\u010d+ \u017div\u00e1 abeceda, Slabik\u00e1\u0159 (sada) nov\u011b obsahuje i&nbsp;p\u00edsanky, stejn\u011b jako \u010cesk\u00fd jazyk 2.<\/p>\n\n\n\n<h2 class=\"wp-block-heading\"><span style=\"color: #99cc00;\"><span style=\"color: #008080;\"><span style=\"color: #800080;\"><span style=\"color: #ff00ff;\">Nejv\u00edce materi\u00e1l\u016f na procvi\u010den\u00ed u\u010diva a&nbsp;zpest\u0159en\u00ed v\u00fduky najdete pr\u00e1v\u011b v&nbsp;MIU\u010d+<\/span><\/span><\/span><\/span><\/h2>\n\n\n\n<p>V MIU\u010d+ najdete nap\u0159.:<\/p>\n\n\n\n<ul class=\"wp-block-list\">\n<li><a href=\"https:\/\/www.nns.cz\/blog\/interaktivni-cviceni\/\" target=\"_self\" rel=\"noopener\">interaktivn\u00ed cvi\u010den\u00ed<\/a><\/li>\n\n\n\n<li>zinteraktivn\u011bn\u00e1 cvi\u010den\u00ed z&nbsp;pracovn\u00edch se\u0161it\u016f<\/li>\n\n\n\n<li><a href=\"https:\/\/www.nns.cz\/blog\/interaktivni-ucebnice-videa\/\" target=\"_self\" rel=\"noopener\">videa a&nbsp;animace<\/a><\/li>\n\n\n\n<li><a href=\"https:\/\/www.nns.cz\/blog\/interaktivni-ucebnice-fotografie\/\" target=\"_self\" rel=\"noopener\">fotografie<\/a><\/li>\n\n\n\n<li><a href=\"https:\/\/www.nns.cz\/blog\/interkativni-ucebnice-audionahravky\/\" target=\"_self\" rel=\"noopener\">audionahr\u00e1vky textu u\u010debnice<\/a><\/li>\n\n\n\n<li><a href=\"https:\/\/www.nns.cz\/blog\/interaktivni-mezipredmetove-vztahy\/\" target=\"_self\" rel=\"noopener\">mezip\u0159edm\u011btov\u00e9 vztahy<\/a><\/li>\n\n\n\n<li><a href=\"https:\/\/www.nns.cz\/blog\/interaktivni-ucebnice-zajimavosti\/\" target=\"_self\" rel=\"noopener\">zaj\u00edmavosti<\/a><\/li>\n\n\n\n<li><a href=\"https:\/\/www.nns.cz\/blog\/interkativni-ucebnice-odkazy\/\" target=\"_self\" rel=\"noopener\">webov\u00e9 odkazy<\/a><\/li>\n\n\n\n<li>interaktivn\u00ed p\u0159\u00edlohy<\/li>\n<\/ul>\n\n\n\n<p>To v\u0161e dohromady tvo\u0159\u00ed velkou banku cvi\u010den\u00ed a&nbsp;\u00fakol\u016f. Tato multim\u00e9dia jsou sou\u010d\u00e1st\u00ed MIU\u010d+ a&nbsp;nedokupuj\u00ed se zvl\u00e1\u0161\u0165. Co p\u0159esn\u011b obsahuj\u00ed jednotliv\u00e9 u\u010debnice, najdete u&nbsp;dan\u00e9ho p\u0159edm\u011btu.<\/p>\n\n\n\n<p>Nap\u0159. matematika pro 2.&nbsp;stupe\u0148 obsahuje interaktivn\u00ed cvi\u010den\u00ed, zinteraktivn\u011bn\u00e1 cvi\u010den\u00ed z&nbsp;pracovn\u00edch se\u0161it\u016f, animace vysv\u011btluj\u00edc\u00ed u\u010divo, interaktivn\u00ed rozcvi\u010dky a&nbsp;audionahr\u00e1vky vybran\u00fdch anglick\u00fdch kl\u00ed\u010dov\u00fdch slov namluven\u00fdch rodil\u00fdm mluv\u010d\u00edm.<\/p>\n\n\n\n<h2 class=\"wp-block-heading\"><span style=\"color: #ff0000;\">Kter\u00e9 MIU\u010d+ ji\u017e vy\u0161ly?<\/span><\/h2>\n\n\n\n<p><span style=\"font-weight: bold;\">P\u0159ed\u0161kol\u00e1k<\/span><\/p>\n\n\n\n<ul class=\"wp-block-list\">\n<li><a href=\"https:\/\/www.nns.cz\/blog\/predskolni-vzdelavani\/pro-predskolaky-zapis-je-tu\/\">MIU\u010d+ Z\u00e1pis je tu<\/a><\/li>\n\n\n\n<li><a href=\"https:\/\/www.nns.cz\/blog\/predskolni-vzdelavani\/novinka-skola-je-tu\/\">MIU\u010d+ \u0160kola je tu<\/a><\/li>\n<\/ul>\n\n\n\n<p><span style=\"font-weight: bold;\">1.&nbsp;stupe\u0148<\/span><\/p>\n\n\n\n<ul class=\"wp-block-list\">\n<li><a href=\"https:\/\/www.nns.cz\/blog\/multimedialni-interaktivni-ucebnice-slabikar-a-ziva-abeceda\/\" target=\"_self\" rel=\"noopener\">MIU\u010d+ \u017div\u00e1 abeceda, Slabik\u00e1\u0159, p\u00edsanky (sada)<\/a><\/li>\n\n\n\n<li><a href=\"https:\/\/www.nns.cz\/blog\/multimedialni-interaktivni-ucebnice-ja-a-muj-svet-prvouka\/\" target=\"_self\" rel=\"noopener\">MIU\u010d+ J\u00e1 a&nbsp;m\u016fj sv\u011bt (prvouka) + Oskarova prvouka<\/a><\/li>\n\n\n\n<li><a href=\"https:\/\/www.nns.cz\/blog\/multimedialni-interaktivni-ucebnice-matyskova-matematika\/\" target=\"_blank\" rel=\"noopener\">MIU\u010d+ Mat\u00fdskova matematika<\/a><\/li>\n\n\n\n<li><a href=\"https:\/\/www.nns.cz\/blog\/multimedialni-interaktivni-ucebnice-cesky-jazyk\/\" target=\"_blank\" rel=\"noopener\">MIU\u010d+ \u010cesk\u00fd jazyk<\/a><\/li>\n\n\n\n<li><a href=\"https:\/\/www.nns.cz\/blog\/multimedialni-interaktivni-ucebnice-vlastiveda\/\">MIU\u010d+ Vlastiv\u011bda <\/a><\/li>\n\n\n\n<li><a href=\"https:\/\/www.nns.cz\/blog\/multimedialni-interaktivni-ucebnice-prirodoveda\/\" target=\"_self\" rel=\"noopener\">MIU\u010d+ P\u0159\u00edrodov\u011bda<\/a><\/li>\n\n\n\n<li><a href=\"https:\/\/www.nns.cz\/blog\/multimedialni-interaktivni-ucebnice-hudebni-vychova\/\" target=\"_self\" rel=\"noopener\">MIU\u010d+ Hudebn\u00ed v\u00fdchova<\/a><\/li>\n<\/ul>\n\n\n\n<div><strong>2.&nbsp;stupe\u0148<\/strong><\/div>\n\n\n\n<ul class=\"wp-block-list\">\n<li><a href=\"https:\/\/www.nns.cz\/blog\/multimedialni-interaktivni-ucebnice-cesky-jazyk-a-literatura\/\" target=\"_blank\" rel=\"noopener\">MIU\u010d+ \u010cesk\u00fd jazyk<\/a><\/li>\n\n\n\n<li><a href=\"https:\/\/www.nns.cz\/blog\/multimedialni-interaktivni-ucebnice-matematika\/\" target=\"_blank\" rel=\"noopener\">MIU\u010d+ Matematika<\/a><\/li>\n\n\n\n<li><a href=\"https:\/\/www.nns.cz\/blog\/multimedialni-interaktivni-ucebnice-dejepis\/\">MIU\u010d+ D\u011bjepis<\/a><\/li>\n\n\n\n<li><a href=\"https:\/\/www.nns.cz\/blog\/multimedialni-interaktivni-ucebnice-vychova-k-obcanstvi\/\" target=\"_self\" rel=\"noopener\">MIU\u010d+ V\u00fdchova k&nbsp;ob\u010danstv\u00ed<\/a><\/li>\n\n\n\n<li><a href=\"https:\/\/www.nns.cz\/blog\/multimedialni-interaktivni-ucebnice-chemie\/\" target=\"_self\" rel=\"noopener\">MIU\u010d+ Chemie<\/a><\/li>\n\n\n\n<li><a href=\"https:\/\/www.nns.cz\/blog\/multimedialni-interaktivni-ucebnice-prirodopis\/\" target=\"_self\" rel=\"noopener\">MIU\u010d+ P\u0159\u00edrodopis<\/a><\/li>\n\n\n\n<li><a href=\"https:\/\/www.nns.cz\/blog\/multimedialni-interaktivni-ucebnice-zemepis\/\" target=\"_self\" rel=\"noopener\">MIU\u010d+ Zem\u011bpis<\/a><\/li>\n<\/ul>\n\n\n\n<h2 class=\"wp-block-heading\">NOVINKY<\/h2>\n\n\n<div class=\"inventory\" data-filter=\"false\" data-next=\"false\" data-cart=\"false\" data-ids=\"1660,1661,1662,1663,1669,1670,1671,1672\"><div class=\"inventory-list\"><div class=\"dummy\"><\/div><div class=\"dummy\"><\/div><div class=\"dummy\"><\/div><div class=\"dummy\"><\/div><div class=\"dummy\"><\/div><div class=\"dummy\"><\/div><div class=\"dummy\"><\/div><div class=\"dummy\"><\/div><\/div><\/div>\n\n\n\n<figure class=\"wp-block-image\"><a href=\"https:\/\/nns.cz\/predskolak\/miuc\/\"><img loading=\"lazy\" decoding=\"async\" width=\"580\" height=\"486\" src=\"https:\/\/www.nns.cz\/blog\/wp-content\/uploads\/skola-je-tu-banner-1-580x486.png\" alt=\"\" class=\"wp-image-16488\" srcset=\"https:\/\/www.nns.cz\/blog\/wp-content\/uploads\/skola-je-tu-banner-1-580x486.png 580w, https:\/\/www.nns.cz\/blog\/wp-content\/uploads\/skola-je-tu-banner-1-600x503.png 600w, https:\/\/www.nns.cz\/blog\/wp-content\/uploads\/skola-je-tu-banner-1-768x644.png 768w, https:\/\/www.nns.cz\/blog\/wp-content\/uploads\/skola-je-tu-banner-1-1024x858.png 1024w, https:\/\/www.nns.cz\/blog\/wp-content\/uploads\/skola-je-tu-banner-1-1320x1107.png 1320w\" sizes=\"auto, (max-width: 580px) 100vw, 580px\" \/><\/a><\/figure>\n\n\n<div class=\"inventory\" data-filter=\"false\" data-next=\"false\" data-cart=\"false\" data-ids=\"2106,2107,2108\"><div class=\"inventory-list\"><div class=\"dummy\"><\/div><div class=\"dummy\"><\/div><div class=\"dummy\"><\/div><\/div><\/div>\n\n\n<div class=\"inventory\" data-filter=\"false\" data-next=\"false\" data-cart=\"false\" data-ids=\"2095,2097,2096,2099,2098,2101,2100,1665,1664,1666,1667,1716,1715,1717,1718\"><div class=\"inventory-list\"><div class=\"dummy\"><\/div><div class=\"dummy\"><\/div><div class=\"dummy\"><\/div><div class=\"dummy\"><\/div><div class=\"dummy\"><\/div><div class=\"dummy\"><\/div><div class=\"dummy\"><\/div><div class=\"dummy\"><\/div><div class=\"dummy\"><\/div><div class=\"dummy\"><\/div><div class=\"dummy\"><\/div><div class=\"dummy\"><\/div><div class=\"dummy\"><\/div><div class=\"dummy\"><\/div><div class=\"dummy\"><\/div><\/div><\/div>\n\n\n<div class=\"inventory\" data-filter=\"false\" data-next=\"false\" data-cart=\"false\" data-ids=\"2130,2129,2132,2131,2121,2122,2123,2124\"><div class=\"inventory-list\"><div class=\"dummy\"><\/div><div class=\"dummy\"><\/div><div class=\"dummy\"><\/div><div class=\"dummy\"><\/div><div class=\"dummy\"><\/div><div class=\"dummy\"><\/div><div class=\"dummy\"><\/div><div class=\"dummy\"><\/div><\/div><\/div>\n\n\n\n<p><iframe loading=\"lazy\" src=\"\/\/www.youtube.com\/embed\/5UH1XMs31vc\" width=\"480\" height=\"360\" frameborder=\"0\" allowfullscreen=\"allowfullscreen\"><\/iframe><\/p>\n\n\n\n<p>Tak\u00e9 doporu\u010dujeme st\u00e1hnout si aktualizaci:<\/p>\n\n\n\n<ul class=\"wp-block-list\">\n<li><strong>MIU\u010d+<\/strong>&nbsp;<strong>\u017div\u00e1 abeceda, Slabik\u00e1\u0159, P\u00edsanka 1-4 (sada)<\/strong>&nbsp;DUHOV\u00c1 \u0158ADA<\/li>\n<\/ul>\n\n\n\n<p><a href=\"https:\/\/www.nns.cz\/blog\/multimedialni-interaktivni-ucebnice-slabikar-a-ziva-abeceda\/\">NOV\u011a interaktivn\u00ed verze ti\u0161t\u011bn\u00fdch UVOL\u0147OVAC\u00cdCH CVIK\u016e SE ZV\u00cd\u0158\u00c1TKY<\/a><\/p>\n\n\n\n<ul class=\"wp-block-list\">\n<li><strong>MIU\u010d+ \u010cesk\u00fd jazyk 2&nbsp;<\/strong><\/li>\n<\/ul>\n\n\n\n<p><a href=\"https:\/\/www.nns.cz\/blog\/multimedialni-interaktivni-ucebnice-cesky-jazyk\/\">NOV\u011a interaktivn\u00ed verze ti\u0161t\u011bn\u00fdch pracovn\u00edch se\u0161it\u016f<\/a><\/p>\n\n\n\n<ul class=\"wp-block-list\">\n<li><strong><strong>MIU\u010d+ J\u00e1 m\u016fj sv\u011bt 3 (prvouka)&nbsp;<\/strong><\/strong><\/li>\n<\/ul>\n\n\n\n<p><a href=\"https:\/\/www.nns.cz\/blog\/multimedialni-interaktivni-ucebnice-ja-a-muj-svet-prvouka\/\">NOV\u011a p\u0159id\u00e1na videa dal\u0161\u00ed multim\u00e9dia<\/a><\/p>\n\n\n<div class=\"inventory\" data-filter=\"false\" data-next=\"false\" data-cart=\"false\" data-ids=\"1655,1656,1654,1657,1647,1648\"><div class=\"inventory-list\"><div class=\"dummy\"><\/div><div class=\"dummy\"><\/div><div class=\"dummy\"><\/div><div class=\"dummy\"><\/div><div class=\"dummy\"><\/div><div class=\"dummy\"><\/div><\/div><\/div>\n\n\n<div class=\"inventory\" data-filter=\"false\" data-next=\"false\" data-cart=\"false\" data-ids=\"1594,1595,1596,1471,1416,1417,1418,1484\"><div class=\"inventory-list\"><div class=\"dummy\"><\/div><div class=\"dummy\"><\/div><div class=\"dummy\"><\/div><div class=\"dummy\"><\/div><div class=\"dummy\"><\/div><div class=\"dummy\"><\/div><div class=\"dummy\"><\/div><div class=\"dummy\"><\/div><\/div><\/div>\n\n\n\n<p><iframe loading=\"lazy\" src=\"https:\/\/www.youtube.com\/embed\/A5GAcyYVQ9U\" width=\"560\" height=\"315\" frameborder=\"0\" allowfullscreen=\"allowfullscreen\"><\/iframe><\/p>\n\n\n<div class=\"inventory\" data-filter=\"false\" data-next=\"false\" data-cart=\"false\" data-ids=\"1630,1591,1468,1592,1593,1469\"><div class=\"inventory-list\"><div class=\"dummy\"><\/div><div class=\"dummy\"><\/div><div class=\"dummy\"><\/div><div class=\"dummy\"><\/div><div class=\"dummy\"><\/div><div class=\"dummy\"><\/div><\/div><\/div>\n\n\n\n<p><iframe loading=\"lazy\" src=\"https:\/\/www.youtube.com\/embed\/8Wmv_Xn5XfE\" width=\"560\" height=\"315\" frameborder=\"0\" allowfullscreen=\"allowfullscreen\"><\/iframe><\/p>\n\n\n<div class=\"inventory\" data-filter=\"false\" data-next=\"false\" data-cart=\"false\" data-ids=\"1650,1651,1652,1653\"><div class=\"inventory-list\"><div class=\"dummy\"><\/div><div class=\"dummy\"><\/div><div class=\"dummy\"><\/div><div class=\"dummy\"><\/div><\/div><\/div>\n\n\n\n<p><iframe loading=\"lazy\" src=\"https:\/\/www.youtube.com\/embed\/eCoW5cGrdcY\" width=\"560\" height=\"315\" frameborder=\"0\" allowfullscreen=\"allowfullscreen\"><\/iframe><\/p>\n\n\n<div class=\"inventory\" data-filter=\"false\" data-next=\"false\" data-cart=\"false\" data-ids=\"1607,1608,1609,1515\"><div class=\"inventory-list\"><div class=\"dummy\"><\/div><div class=\"dummy\"><\/div><div class=\"dummy\"><\/div><div class=\"dummy\"><\/div><\/div><\/div>\n\n\n\n<p><span style=\"color: #339966; font-size: 1.5em;\">Jak MIU\u010d+ zakoupit?<\/span><\/p>\n\n\n\n<p>MIU\u010d+ lze zakoupit ve \u010dty\u0159ech variant\u00e1ch:<\/p>\n\n\n\n<p><strong>1.&nbsp;\u0160koln\u00ed multilicence na 5 \u0161koln\u00ed rok\u016f<\/strong><\/p>\n\n\n\n<p><strong>2.&nbsp;\u0160koln\u00ed multilicence na 1 \u0161koln\u00ed rok<\/strong><\/p>\n\n\n\n<p><strong>3.&nbsp;\u017d\u00e1kovsk\u00e1 licence na 1 \u0161koln\u00ed rok &#8211; na po\u010d\u00edta\u010d a&nbsp;tablet (Android, Windows)<\/strong><\/p>\n\n\n\n<p><strong>4.&nbsp;\u0160koln\u00ed licence pro 1 u\u010ditele na 1 \u0161koln\u00ed rok<\/strong><\/p>\n\n\n\n<p><strong><span style=\"color: #ff0000;\">Vybran\u00e9 MIU\u010d+ m\u016f\u017eete tak\u00e9 <a href=\"https:\/\/www.nns.cz\/blog\/akce\/\" target=\"_blank\" rel=\"noopener\">z\u00edskat na 1 \u0161koln\u00ed rok ZDARMA v&nbsp;r\u00e1mci ak\u010dn\u00edch nab\u00eddek<\/a>.<\/span><\/strong><\/p>\n","protected":false},"excerpt":{"rendered":"<p>NOV\u011a I&nbsp;BEZ INSTALACE! Multimedi\u00e1ln\u00ed interaktivn\u00ed u\u010debnice si m\u016f\u017eete spustit p\u0159\u00edmo ve webov\u00e9m prohl\u00ed\u017ee\u010di na www.ucebnice-online.cz. MIU\u010d+ m\u016f\u017eete pou\u017e\u00edvat na po\u010d\u00edta\u010di, tabletu (Windows, Android) a&nbsp;interaktivn\u00ed tabuli. Vyzkou\u0161ejte MIU\u010d+ na 30&nbsp;dn\u00ed zdarma. Jak MIU\u010d+ funguj\u00ed? MIU\u010d+ lze vyu\u017e\u00edt na v\u0161ech b\u011b\u017en\u011b dostupn\u00fdch interaktivn\u00edch tabul\u00edch r\u016fzn\u00fdch v\u00fdrobc\u016f, ale je mo\u017en\u00e9 s&nbsp;nimi pracovat i&nbsp;bez interaktivn\u00ed tabule jen s&nbsp;pomoc\u00ed po\u010d\u00edta\u010de [&hellip;]<\/p>\n","protected":false},"author":4,"featured_media":0,"parent":0,"menu_order":0,"comment_status":"open","ping_status":"closed","template":"","meta":{"footnotes":""},"class_list":["post-4454","page","type-page","status-publish","hentry"],"_links":{"self":[{"href":"https:\/\/www.nns.cz\/blog\/wp-json\/wp\/v2\/pages\/4454","targetHints":{"allow":["GET"]}}],"collection":[{"href":"https:\/\/www.nns.cz\/blog\/wp-json\/wp\/v2\/pages"}],"about":[{"href":"https:\/\/www.nns.cz\/blog\/wp-json\/wp\/v2\/types\/page"}],"author":[{"embeddable":true,"href":"https:\/\/www.nns.cz\/blog\/wp-json\/wp\/v2\/users\/4"}],"replies":[{"embeddable":true,"href":"https:\/\/www.nns.cz\/blog\/wp-json\/wp\/v2\/comments?post=4454"}],"version-history":[{"count":114,"href":"https:\/\/www.nns.cz\/blog\/wp-json\/wp\/v2\/pages\/4454\/revisions"}],"predecessor-version":[{"id":19540,"href":"https:\/\/www.nns.cz\/blog\/wp-json\/wp\/v2\/pages\/4454\/revisions\/19540"}],"wp:attachment":[{"href":"https:\/\/www.nns.cz\/blog\/wp-json\/wp\/v2\/media?parent=4454"}],"curies":[{"name":"wp","href":"https:\/\/api.w.org\/{rel}","templated":true}]}}