{"id":4509,"date":"2012-03-19T11:02:50","date_gmt":"2012-03-19T09:02:50","guid":{"rendered":"http:\/\/www.nns.cz\/blog\/?page_id=4509"},"modified":"2025-03-31T23:41:48","modified_gmt":"2025-03-31T21:41:48","slug":"zakovske-knizky-a-ukolnicky","status":"publish","type":"page","link":"https:\/\/www.nns.cz\/blog\/zakovske-knizky-a-ukolnicky\/","title":{"rendered":"\u017d\u00e1kovsk\u00e9 kn\u00ed\u017eky a&nbsp;\u00fakoln\u00ed\u010dky, obaly, se\u0161ity a&nbsp;dal\u0161\u00ed pom\u016fcky"},"content":{"rendered":"\n<h1 class=\"wp-block-heading\">\u017d\u00e1kovsk\u00e9 kn\u00ed\u017eky a&nbsp;\u00fakoln\u00ed\u010dky<\/h1>\n\n\n<div class=\"wp-block-image\">\n<figure class=\"aligncenter size-full\"><a href=\"https:\/\/www.nns.cz\/obchod\/index.php?item=nabidka&amp;action=show_sel_data&amp;cat_lev2_chbx%5B%5D=75&amp;cat_lev2_chbx%5B%5D=70&amp;cat_lev2_chbx%5B%5D=65&amp;cat_lev2_chbx%5B%5D=77&amp;cat_lev2_chbx%5B%5D=78&amp;cat_lev2_chbx%5B%5D=79&amp;cat_lev3=X&amp;cat_lev4=Den%C3%AD%C4%8Dky%2C+%C5%BDK&amp;search_pat=&amp;isbn_pat=\"><img loading=\"lazy\" decoding=\"async\" width=\"800\" height=\"164\" src=\"https:\/\/www.nns.cz\/blog\/wp-content\/uploads\/zakovske-knizky-a-ukolnicky-nova-skola.jpg\" alt=\"\" class=\"wp-image-5134\" title=\"zakovske-knizky-a-ukolnicky-nova-skola\" srcset=\"https:\/\/www.nns.cz\/blog\/wp-content\/uploads\/zakovske-knizky-a-ukolnicky-nova-skola.jpg 800w, https:\/\/www.nns.cz\/blog\/wp-content\/uploads\/zakovske-knizky-a-ukolnicky-nova-skola-580x118.jpg 580w, https:\/\/www.nns.cz\/blog\/wp-content\/uploads\/zakovske-knizky-a-ukolnicky-nova-skola-600x123.jpg 600w\" sizes=\"auto, (max-width: 800px) 100vw, 800px\" \/><\/a><\/figure><\/div>\n\n\n<p>Tato nov\u00e1 \u0159ada \u017e\u00e1kovsk\u00fdch kn\u00ed\u017eek byla p\u0159ipravena dle p\u0159ipom\u00ednek a&nbsp;po\u017eadavk\u016f u\u010ditel\u016f, aby vyhovovala jejich sou\u010dasn\u00fdm&nbsp;po\u017eadavk\u016fm a&nbsp;sou\u010dasn\u011b aby z\u016fstala pro \u017e\u00e1ky i&nbsp;u\u010ditele p\u0159ehledn\u00e1. V&nbsp;t\u00e9to \u0159ad\u011b \u017e\u00e1kovsk\u00fdch kn\u00ed\u017eek byly uplatn\u011bny p\u0159edev\u0161\u00edm&nbsp;n\u00e1sleduj\u00edc\u00ed po\u017eadavky:<\/p>\n\n\n\n<ul class=\"wp-block-list\">\n<li>maxim\u00e1ln\u00ed po\u010det nadepsan\u00fdch kolonek pro \u017e\u00e1ky 1.&nbsp;ro\u010dn\u00edku,<\/li>\n\n\n\n<li>dostate\u010dn\u00fd po\u010det stran ve v\u0161ech&nbsp;\u010d\u00e1stech \u017e\u00e1kovsk\u00fdch kn\u00ed\u017eek,<\/li>\n\n\n\n<li>usnadn\u011bn\u00ed orientace v&nbsp;\u017e\u00e1kovsk\u00fdch kn\u00ed\u017ek\u00e1ch pomoc\u00ed dvoubarevn\u00fdch vnit\u0159n\u00edch stran,<\/li>\n\n\n\n<li>pro \u017e\u00e1ky&nbsp;v\u00edtanou formou realizovan\u00e9 sebehodnocen\u00ed apod.<\/li>\n<\/ul>\n\n\n\n<p><div class=\"inventory\" data-filter=\"false\" data-next=\"false\" data-cart=\"false\" data-ids=\"863, 864,865\"><div class=\"inventory-list\"><div class=\"dummy\"><\/div><div class=\"dummy\"><\/div><div class=\"dummy\"><\/div><\/div><\/div> <div class=\"inventory\" data-filter=\"false\" data-next=\"false\" data-cart=\"false\" data-ids=\"866,867,868\"><div class=\"inventory-list\"><div class=\"dummy\"><\/div><div class=\"dummy\"><\/div><div class=\"dummy\"><\/div><\/div><\/div> <div class=\"inventory\" data-filter=\"false\" data-next=\"false\" data-cart=\"false\" data-ids=\"189,190,191\"><div class=\"inventory-list\"><div class=\"dummy\"><\/div><div class=\"dummy\"><\/div><div class=\"dummy\"><\/div><\/div><\/div><\/p>\n\n\n\n<h1 class=\"wp-block-heading\">Obaly<\/h1>\n\n\n<div class=\"inventory\" data-filter=\"false\" data-next=\"false\" data-cart=\"false\" data-ids=\"1090,1091\"><div class=\"inventory-list\"><div class=\"dummy\"><\/div><div class=\"dummy\"><\/div><\/div><\/div>\n\n\n\n<h1 class=\"wp-block-heading\">Se\u0161ity<\/h1>\n\n\n<div class=\"inventory\" data-filter=\"false\" data-next=\"false\" data-cart=\"false\" data-ids=\"1250, 1251\"><div class=\"inventory-list\"><div class=\"dummy\"><\/div><div class=\"dummy\"><\/div><\/div><\/div>\n\n\n\n<h2 class=\"wp-block-heading\">P\u00edsankov\u00e9 se\u0161ity 511+ a&nbsp;512+ s&nbsp;pomocn\u00fdmi linkami<\/h2>\n\n\n\n<p>P\u00edsankov\u00e9 se\u0161ity jsou ur\u010deny p\u0159edev\u0161\u00edm pro \u017e\u00e1ky 1.&nbsp;a&nbsp;2.&nbsp;ro\u010dn\u00edk\u016f Z\u0160. Jsou opat\u0159eny <strong>pomocn\u00fdmi linkami<\/strong>, <strong>r\u00e1me\u010dkem<\/strong> a&nbsp;<strong>speci\u00e1ln\u00ed podlo\u017ekou<\/strong> slou\u017e\u00edc\u00ed k&nbsp;n\u00e1cviku sklonu p\u00edsma. Pro lep\u0161\u00ed orientaci \u017e\u00e1ka v&nbsp;se\u0161it\u011b jsou jeho vnit\u0159n\u00ed strany dvoubarevn\u00e9. Pomocn\u00e9 linky ud\u00e1vaj\u00ed velikost p\u00edsmene p\u0159i&nbsp;psan\u00ed a&nbsp;umo\u017e\u0148uj\u00ed \u017e\u00e1k\u016fm soust\u0159edit se zejm\u00e9na na tvar a&nbsp;sklon p\u00edsmene.<\/p>\n\n\n<div class=\"wp-block-image\">\n<figure class=\"aligncenter\"><a href=\"https:\/\/www.nns.cz\/blog\/wp-content\/uploads\/pisankovy-sesit-s-pomocnymi-linkami-511-a-512.jpg\"><img loading=\"lazy\" decoding=\"async\" width=\"600\" height=\"247\" src=\"https:\/\/www.nns.cz\/blog\/wp-content\/uploads\/pisankovy-sesit-s-pomocnymi-linkami-511-a-512.jpg\" alt=\"\" class=\"wp-image-4471\" title=\"pisankovy-sesit-s-pomocnymi-linkami-511-a-512\" srcset=\"https:\/\/www.nns.cz\/blog\/wp-content\/uploads\/pisankovy-sesit-s-pomocnymi-linkami-511-a-512.jpg 600w, https:\/\/www.nns.cz\/blog\/wp-content\/uploads\/pisankovy-sesit-s-pomocnymi-linkami-511-a-512-580x238.jpg 580w\" sizes=\"auto, (max-width: 600px) 100vw, 600px\" \/><\/a><\/figure><\/div>\n\n\n<div class=\"inventory\" data-filter=\"false\" data-next=\"false\" data-cart=\"false\" data-ids=\"861, 862, 1440\"><div class=\"inventory-list\"><div class=\"dummy\"><\/div><div class=\"dummy\"><\/div><div class=\"dummy\"><\/div><\/div><\/div>\n\n\n<div class=\"inventory\" data-filter=\"false\" data-next=\"false\" data-cart=\"false\" data-ids=\"1112, 1113, 1114\"><div class=\"inventory-list\"><div class=\"dummy\"><\/div><div class=\"dummy\"><\/div><div class=\"dummy\"><\/div><\/div><\/div>\n\n\n\n<p><strong>St\u00edrateln\u00e1 p\u00edsanka &#8211; Procvi\u010dujeme psan\u00ed p\u00edsmen, \u010d\u00edslic a&nbsp;znak\u016f<\/strong><\/p>\n\n\n\n<p>Tato nov\u00e1 p\u00edsanka obsahuje 10 stran k&nbsp;procvi\u010dov\u00e1n\u00ed psan\u00ed p\u00edsmen, \u010d\u00edslic a&nbsp;znak\u016f a&nbsp;jednu stranu se hrou lod\u011b. \u017d\u00e1ci mohou do \u0159\u00e1dk\u016f ps\u00e1t p\u00edsmena podle vzoru. A&nbsp;n\u00e1sledn\u011b je jednodu\u0161e smazat.<\/p>\n\n\n\n<p>Pro lep\u0161\u00ed orientaci \u017e\u00e1ka v&nbsp;se\u0161it\u011b jsou jeho vnit\u0159n\u00ed <strong>strany dvoubarevn\u00e9 <\/strong>a<strong> opat\u0159eny r\u00e1me\u010dkem<\/strong>.<\/p>\n\n\n\n<p><strong>Pomocn\u00e9 linky <\/strong>ud\u00e1vaj\u00ed velikost p\u00edsmene p\u0159i&nbsp;psan\u00ed a&nbsp;umo\u017e\u0148uj\u00ed \u017e\u00e1k\u016fm soust\u0159edit se zejm\u00e9na na tvar a&nbsp;sklon p\u00edsmene.<\/p>\n\n\n<div class=\"inventory\" data-filter=\"false\" data-next=\"false\" data-cart=\"false\" data-ids=\"991, 992\"><div class=\"inventory-list\"><div class=\"dummy\"><\/div><div class=\"dummy\"><\/div><\/div><\/div>\n\n\n\n<div class=\"wp-block-columns is-layout-flex wp-container-core-columns-is-layout-9d6595d7 wp-block-columns-is-layout-flex\">\n<div class=\"wp-block-column is-vertically-aligned-center is-layout-flow wp-block-column-is-layout-flow\">\n<figure class=\"wp-block-image size-full\"><img loading=\"lazy\" decoding=\"async\" width=\"200\" height=\"284\" src=\"https:\/\/www.nns.cz\/blog\/wp-content\/uploads\/s-31-siiratelna-pisanka-1.jpg\" alt=\"\" class=\"wp-image-5802\"\/><\/figure>\n<\/div>\n\n\n\n<div class=\"wp-block-column is-layout-flow wp-block-column-is-layout-flow\">\n<figure data-wp-context=\"{&quot;imageId&quot;:&quot;69f629ee24e33&quot;}\" data-wp-interactive=\"core\/image\" class=\"wp-block-image size-full wp-lightbox-container\"><img loading=\"lazy\" decoding=\"async\" width=\"800\" height=\"568\" data-wp-class--hide=\"state.isContentHidden\" data-wp-class--show=\"state.isContentVisible\" data-wp-init=\"callbacks.setButtonStyles\" data-wp-on-async--click=\"actions.showLightbox\" data-wp-on-async--load=\"callbacks.setButtonStyles\" data-wp-on-async-window--resize=\"callbacks.setButtonStyles\" src=\"https:\/\/www.nns.cz\/blog\/wp-content\/uploads\/s-31-siiratelna-pisanka-strany.jpg\" alt=\"\" class=\"wp-image-5805\" srcset=\"https:\/\/www.nns.cz\/blog\/wp-content\/uploads\/s-31-siiratelna-pisanka-strany.jpg 800w, https:\/\/www.nns.cz\/blog\/wp-content\/uploads\/s-31-siiratelna-pisanka-strany-580x411.jpg 580w, https:\/\/www.nns.cz\/blog\/wp-content\/uploads\/s-31-siiratelna-pisanka-strany-600x426.jpg 600w\" sizes=\"auto, (max-width: 800px) 100vw, 800px\" \/><button\n\t\t\tclass=\"lightbox-trigger\"\n\t\t\ttype=\"button\"\n\t\t\taria-haspopup=\"dialog\"\n\t\t\taria-label=\"Zv\u011bt\u0161it\"\n\t\t\tdata-wp-init=\"callbacks.initTriggerButton\"\n\t\t\tdata-wp-on-async--click=\"actions.showLightbox\"\n\t\t\tdata-wp-style--right=\"state.imageButtonRight\"\n\t\t\tdata-wp-style--top=\"state.imageButtonTop\"\n\t\t>\n\t\t\t<svg xmlns=\"http:\/\/www.w3.org\/2000\/svg\" width=\"12\" height=\"12\" fill=\"none\" viewBox=\"0 0 12 12\">\n\t\t\t\t<path fill=\"#fff\" d=\"M2 0a2 2 0 0 0-2 2v2h1.5V2a.5.5 0 0 1 .5-.5h2V0H2Zm2 10.5H2a.5.5 0 0 1-.5-.5V8H0v2a2 2 0 0 0 2 2h2v-1.5ZM8 12v-1.5h2a.5.5 0 0 0 .5-.5V8H12v2a2 2 0 0 1-2 2H8Zm2-12a2 2 0 0 1 2 2v2h-1.5V2a.5.5 0 0 0-.5-.5H8V0h2Z\" \/>\n\t\t\t<\/svg>\n\t\t<\/button><\/figure>\n<\/div>\n<\/div>\n\n\n\n<p>St\u00edratelnost funguje s&nbsp;fixami,&nbsp;jejich\u017e stopu lze zasucha lehce set\u0159\u00edt.<\/p>\n\n\n<div class=\"inventory\" data-filter=\"false\" data-next=\"false\" data-cart=\"false\" data-ids=\"1126,1127\"><div class=\"inventory-list\"><div class=\"dummy\"><\/div><div class=\"dummy\"><\/div><\/div><\/div>\n\n\n\n<p><strong>St\u00edrateln\u00e1 tabulka na procvi\u010dov\u00e1n\u00ed psan\u00ed, hodin a&nbsp;na kreslen\u00ed<\/strong><\/p>\n\n\n\n<p>St\u00edrateln\u00e1 tabulka form\u00e1tu A4 umo\u017e\u0148uje \u017e\u00e1k\u016fm procvi\u010dovat psan\u00ed a&nbsp;hodiny. Nav\u00edc si mohou \u017e\u00e1ci na tabulku tak\u00e9 kreslit.<\/p>\n\n\n\n<p>Tabulka je vyrobena z&nbsp;pap\u00edru: 200g k\u0159\u00edda (obvykl\u00fd pap\u00edr na v\u00fdrobu ob\u00e1lek u\u010debnic).<\/p>\n\n\n\n<div class=\"wp-block-columns is-layout-flex wp-container-core-columns-is-layout-9d6595d7 wp-block-columns-is-layout-flex\">\n<div class=\"wp-block-column is-layout-flow wp-block-column-is-layout-flow\">\n<figure data-wp-context=\"{&quot;imageId&quot;:&quot;69f629ee265a6&quot;}\" data-wp-interactive=\"core\/image\" class=\"wp-block-image size-full wp-lightbox-container\"><img decoding=\"async\" data-wp-class--hide=\"state.isContentHidden\" data-wp-class--show=\"state.isContentVisible\" data-wp-init=\"callbacks.setButtonStyles\" data-wp-on-async--click=\"actions.showLightbox\" data-wp-on-async--load=\"callbacks.setButtonStyles\" data-wp-on-async-window--resize=\"callbacks.setButtonStyles\" src=\"https:\/\/www.nns.cz\/blog\/wp-content\/uploads\/s-30-stiratelna-tabulka.jpg\" alt=\"\" class=\"wp-image-5808\"\/><button\n\t\t\tclass=\"lightbox-trigger\"\n\t\t\ttype=\"button\"\n\t\t\taria-haspopup=\"dialog\"\n\t\t\taria-label=\"Zv\u011bt\u0161it\"\n\t\t\tdata-wp-init=\"callbacks.initTriggerButton\"\n\t\t\tdata-wp-on-async--click=\"actions.showLightbox\"\n\t\t\tdata-wp-style--right=\"state.imageButtonRight\"\n\t\t\tdata-wp-style--top=\"state.imageButtonTop\"\n\t\t>\n\t\t\t<svg xmlns=\"http:\/\/www.w3.org\/2000\/svg\" width=\"12\" height=\"12\" fill=\"none\" viewBox=\"0 0 12 12\">\n\t\t\t\t<path fill=\"#fff\" d=\"M2 0a2 2 0 0 0-2 2v2h1.5V2a.5.5 0 0 1 .5-.5h2V0H2Zm2 10.5H2a.5.5 0 0 1-.5-.5V8H0v2a2 2 0 0 0 2 2h2v-1.5ZM8 12v-1.5h2a.5.5 0 0 0 .5-.5V8H12v2a2 2 0 0 1-2 2H8Zm2-12a2 2 0 0 1 2 2v2h-1.5V2a.5.5 0 0 0-.5-.5H8V0h2Z\" \/>\n\t\t\t<\/svg>\n\t\t<\/button><\/figure>\n<\/div>\n\n\n\n<div class=\"wp-block-column is-layout-flow wp-block-column-is-layout-flow\">\n<figure data-wp-context=\"{&quot;imageId&quot;:&quot;69f629ee275aa&quot;}\" data-wp-interactive=\"core\/image\" class=\"wp-block-image size-full wp-lightbox-container\"><img loading=\"lazy\" decoding=\"async\" width=\"800\" height=\"565\" data-wp-class--hide=\"state.isContentHidden\" data-wp-class--show=\"state.isContentVisible\" data-wp-init=\"callbacks.setButtonStyles\" data-wp-on-async--click=\"actions.showLightbox\" data-wp-on-async--load=\"callbacks.setButtonStyles\" data-wp-on-async-window--resize=\"callbacks.setButtonStyles\" src=\"https:\/\/www.nns.cz\/blog\/wp-content\/uploads\/s-30-stiratelna-tabulka-12.jpg\" alt=\"\" class=\"wp-image-5812\" srcset=\"https:\/\/www.nns.cz\/blog\/wp-content\/uploads\/s-30-stiratelna-tabulka-12.jpg 800w, https:\/\/www.nns.cz\/blog\/wp-content\/uploads\/s-30-stiratelna-tabulka-12-580x409.jpg 580w, https:\/\/www.nns.cz\/blog\/wp-content\/uploads\/s-30-stiratelna-tabulka-12-600x423.jpg 600w\" sizes=\"auto, (max-width: 800px) 100vw, 800px\" \/><button\n\t\t\tclass=\"lightbox-trigger\"\n\t\t\ttype=\"button\"\n\t\t\taria-haspopup=\"dialog\"\n\t\t\taria-label=\"Zv\u011bt\u0161it\"\n\t\t\tdata-wp-init=\"callbacks.initTriggerButton\"\n\t\t\tdata-wp-on-async--click=\"actions.showLightbox\"\n\t\t\tdata-wp-style--right=\"state.imageButtonRight\"\n\t\t\tdata-wp-style--top=\"state.imageButtonTop\"\n\t\t>\n\t\t\t<svg xmlns=\"http:\/\/www.w3.org\/2000\/svg\" width=\"12\" height=\"12\" fill=\"none\" viewBox=\"0 0 12 12\">\n\t\t\t\t<path fill=\"#fff\" d=\"M2 0a2 2 0 0 0-2 2v2h1.5V2a.5.5 0 0 1 .5-.5h2V0H2Zm2 10.5H2a.5.5 0 0 1-.5-.5V8H0v2a2 2 0 0 0 2 2h2v-1.5ZM8 12v-1.5h2a.5.5 0 0 0 .5-.5V8H12v2a2 2 0 0 1-2 2H8Zm2-12a2 2 0 0 1 2 2v2h-1.5V2a.5.5 0 0 0-.5-.5H8V0h2Z\" \/>\n\t\t\t<\/svg>\n\t\t<\/button><\/figure>\n<\/div>\n<\/div>\n\n\n\n<p><\/p>\n\n\n\n<h1 class=\"wp-block-heading\">Dal\u0161\u00ed pom\u016fcky<\/h1>\n\n\n<div class=\"inventory\" data-filter=\"false\" data-next=\"false\" data-cart=\"false\" data-ids=\"1638,1639\"><div class=\"inventory-list\"><div class=\"dummy\"><\/div><div class=\"dummy\"><\/div><\/div><\/div>\n\n\n\n<p><strong>\u010cteme a&nbsp;p\u00ed\u0161eme s&nbsp;Ag\u00e1tou<\/strong><\/p>\n\n\n\n<p><div class=\"inventory\" data-filter=\"false\" data-next=\"false\" data-cart=\"false\" data-ids=\"1621,1620,1391,1439,1645\"><div class=\"inventory-list\"><div class=\"dummy\"><\/div><div class=\"dummy\"><\/div><div class=\"dummy\"><\/div><div class=\"dummy\"><\/div><div class=\"dummy\"><\/div><\/div><\/div><br><iframe loading=\"lazy\" src=\"https:\/\/www.youtube.com\/embed\/k65HSY0lNv0\" width=\"560\" height=\"315\" frameborder=\"0\" allowfullscreen=\"allowfullscreen\"><\/iframe><\/p>\n\n\n\n<p><strong>ROTO abeceda<\/strong><\/p>\n\n\n\n<p><div class=\"inventory\" data-filter=\"false\" data-next=\"false\" data-cart=\"false\" data-ids=\"1619,1618\"><div class=\"inventory-list\"><div class=\"dummy\"><\/div><div class=\"dummy\"><\/div><\/div><\/div><br><iframe loading=\"lazy\" src=\"https:\/\/www.youtube.com\/embed\/_Uf9rrmRa9Y\" width=\"560\" height=\"315\" frameborder=\"0\" allowfullscreen=\"allowfullscreen\"><\/iframe><\/p>\n\n\n\n<p><strong>My\u0161lenkov\u00e9 mapy<\/strong><\/p>\n\n\n<div class=\"inventory\" data-filter=\"false\" data-next=\"false\" data-cart=\"false\" data-ids=\"1617\"><div class=\"inventory-list\"><div class=\"dummy\"><\/div><\/div><\/div>\n\n\n\n<p><strong>Mat\u00fdskova matematika &#8211; dopo\u010d\u00edtadla, popisovateln\u00e9 osy<\/strong><\/p>\n\n\n<div class=\"inventory\" data-filter=\"false\" data-next=\"false\" data-cart=\"false\" data-ids=\"1454,1412,1116,1117\"><div class=\"inventory-list\"><div class=\"dummy\"><\/div><div class=\"dummy\"><\/div><div class=\"dummy\"><\/div><div class=\"dummy\"><\/div><\/div><\/div>\n\n\n\n<p><div class=\"inventory\" data-filter=\"false\" data-next=\"false\" data-cart=\"false\" data-ids=\"1080,1081,1079\"><div class=\"inventory-list\"><div class=\"dummy\"><\/div><div class=\"dummy\"><\/div><div class=\"dummy\"><\/div><\/div><\/div><br><iframe loading=\"lazy\" src=\"https:\/\/www.youtube.com\/embed\/A5daRazf4uo\" width=\"560\" height=\"315\" frameborder=\"0\" allowfullscreen=\"allowfullscreen\"><\/iframe><\/p>\n\n\n\n<p><strong>Pro 1.&nbsp;ro\u010dn\u00edk<\/strong><\/p>\n\n\n\n<p><div class=\"inventory\" data-filter=\"false\" data-next=\"false\" data-cart=\"false\" data-ids=\"180, 1247, 686, 848\"><div class=\"inventory-list\"><div class=\"dummy\"><\/div><div class=\"dummy\"><\/div><div class=\"dummy\"><\/div><div class=\"dummy\"><\/div><\/div><\/div> <div class=\"inventory\" data-filter=\"false\" data-next=\"false\" data-cart=\"false\" data-ids=\"213, 214\"><div class=\"inventory-list\"><div class=\"dummy\"><\/div><div class=\"dummy\"><\/div><\/div><\/div>&nbsp; <div class=\"inventory\" data-filter=\"false\" data-next=\"false\" data-cart=\"false\" data-ids=\"1073,1074,357\"><div class=\"inventory-list\"><div class=\"dummy\"><\/div><div class=\"dummy\"><\/div><div class=\"dummy\"><\/div><\/div><\/div><\/p>\n\n\n\n<p><strong>Anglick\u00fd jazyk<\/strong><\/p>\n\n\n\n<p><div class=\"inventory\" data-filter=\"false\" data-next=\"false\" data-cart=\"false\" data-ids=\"498,1380,1381,1382\"><div class=\"inventory-list\"><div class=\"dummy\"><\/div><div class=\"dummy\"><\/div><div class=\"dummy\"><\/div><div class=\"dummy\"><\/div><\/div><\/div><br><iframe loading=\"lazy\" src=\"https:\/\/www.youtube.com\/embed\/jZv1r3nCtdc\" width=\"560\" height=\"315\" frameborder=\"0\" allowfullscreen=\"allowfullscreen\"><\/iframe><br><strong>Pexesa J\u00e1 a&nbsp;m\u016fj sv\u011bt 2<\/strong><\/p>\n\n\n<div class=\"inventory\" data-filter=\"false\" data-next=\"false\" data-cart=\"false\" data-ids=\"1622,1623,1624,1625,1626,1627,1628,1629\"><div class=\"inventory-list\"><div class=\"dummy\"><\/div><div class=\"dummy\"><\/div><div class=\"dummy\"><\/div><div class=\"dummy\"><\/div><div class=\"dummy\"><\/div><div class=\"dummy\"><\/div><div class=\"dummy\"><\/div><div class=\"dummy\"><\/div><\/div><\/div>\n\n\n\n<p><strong>Anatomick\u00e9 modely<\/strong><\/p>\n\n\n<div class=\"inventory\" data-filter=\"false\" data-next=\"false\" data-cart=\"false\" data-ids=\"994\"><div class=\"inventory-list\"><div class=\"dummy\"><\/div><\/div><\/div>\n\n\n\n<p>&nbsp;<\/p>\n\n\n\n<p>Na\u0161e nakladatelstv\u00ed se ji\u017e od sv\u00e9ho vzniku sna\u017e\u00ed svou nab\u00eddkou podporovat tvo\u0159ivou a&nbsp;n\u00e1zornou v\u00fduku. Tvo\u0159en\u00e9 u\u010debnice a&nbsp;pracovn\u00ed se\u0161ity proto vhodn\u011b dopl\u0148ujeme pr\u00e1v\u011b o&nbsp;pom\u016fcky pom\u00e1haj\u00edc\u00ed naplnit toto jejich posl\u00e1n\u00ed.<\/p>\n\n\n\n<p>Vedle ji\u017e tradi\u010dn\u00edch pom\u016fcek na\u0161eho nakladatelstv\u00ed jako jsou:<\/p>\n\n\n\n<ul class=\"wp-block-list\">\n<li><a href=\"https:\/\/nns.cz\/blog\/pomucky-v-rukou-zaku\/\" target=\"_blank\" rel=\"noopener\">Po\u010detn\u00ed divad\u00e9lko<\/a> &#8211; informace, tuto pom\u016fcku je t\u0159eba p\u0159ipravit s&nbsp;\u017e\u00e1ky<\/li>\n\n\n\n<li><a href=\"https:\/\/nns.cz\/blog\/pomucky\/demonstracni-kostka-s-pismeny\" target=\"_blank\" rel=\"noopener\">Demonstra\u010dn\u00ed kostky s&nbsp;p\u00edsmeny <\/a>&#8211; informace, odkaz <a href=\"https:\/\/nns.cz\/obchod\/index.php?item=nabidka&amp;action=show_sel_data&amp;cat_lev2_chbx[]=65&amp;cat_lev3=X&amp;cat_lev4=X&amp;search_pat=demonstra%C4%8Dn%C3%AD&amp;isbn_pat=\" target=\"_blank\" rel=\"noopener\">e-shop<\/a><\/li>\n\n\n\n<li><a href=\"https:\/\/nns.cz\/blog\/pomucky\/kostka-s-kolecky-v-rukou-zaku\/\" target=\"_blank\" rel=\"noopener\">Skl\u00e1dac\u00ed kostka s&nbsp;kole\u010dky<\/a> &#8211; informace, odkaz <a href=\"https:\/\/nns.cz\/obchod\/index.php?item=nabidka&amp;action=show_sel_data&amp;cat_lev2_chbx[]=65&amp;cat_lev3=X&amp;cat_lev4=X&amp;search_pat=&amp;isbn_pat=2-20\" target=\"_blank\" rel=\"noopener\">e-shop<\/a><\/li>\n\n\n\n<li><a href=\"https:\/\/nns.cz\/blog\/pomucky\/desitky-kolecek\/\" target=\"_blank\" rel=\"noopener\">Des\u00edtky kole\u010dek<\/a>&#8211; informace, odkaz <a href=\"https:\/\/nns.cz\/obchod\/index.php?item=nabidka&amp;action=show_sel_data&amp;cat_lev2_chbx[]=65&amp;cat_lev3=X&amp;cat_lev4=X&amp;search_pat=&amp;isbn_pat=2-22\" target=\"_blank\" rel=\"noopener\">e-shop<\/a><\/li>\n\n\n\n<li>Soubor zna\u010dek a&nbsp;\u010d\u00edslic<\/li>\n\n\n\n<li>Pap\u00edrov\u00e9 mince<\/li>\n\n\n\n<li>Pap\u00edrov\u00e9 bankovky<\/li>\n\n\n\n<li>Nuly a&nbsp;\u010d\u00edslice<\/li>\n\n\n\n<li>Sady karti\u010dek M1-M12<\/li>\n<\/ul>\n","protected":false},"excerpt":{"rendered":"<p>\u017d\u00e1kovsk\u00e9 kn\u00ed\u017eky a&nbsp;\u00fakoln\u00ed\u010dky Tato nov\u00e1 \u0159ada \u017e\u00e1kovsk\u00fdch kn\u00ed\u017eek byla p\u0159ipravena dle p\u0159ipom\u00ednek a&nbsp;po\u017eadavk\u016f u\u010ditel\u016f, aby vyhovovala jejich sou\u010dasn\u00fdm&nbsp;po\u017eadavk\u016fm a&nbsp;sou\u010dasn\u011b aby z\u016fstala pro \u017e\u00e1ky i&nbsp;u\u010ditele p\u0159ehledn\u00e1. V&nbsp;t\u00e9to \u0159ad\u011b \u017e\u00e1kovsk\u00fdch kn\u00ed\u017eek byly uplatn\u011bny p\u0159edev\u0161\u00edm&nbsp;n\u00e1sleduj\u00edc\u00ed po\u017eadavky: Obaly Se\u0161ity P\u00edsankov\u00e9 se\u0161ity 511+ a&nbsp;512+ s&nbsp;pomocn\u00fdmi linkami P\u00edsankov\u00e9 se\u0161ity jsou ur\u010deny p\u0159edev\u0161\u00edm pro \u017e\u00e1ky 1.&nbsp;a&nbsp;2.&nbsp;ro\u010dn\u00edk\u016f Z\u0160. Jsou opat\u0159eny pomocn\u00fdmi linkami, r\u00e1me\u010dkem [&hellip;]<\/p>\n","protected":false},"author":4,"featured_media":0,"parent":0,"menu_order":0,"comment_status":"open","ping_status":"closed","template":"","meta":{"footnotes":""},"class_list":["post-4509","page","type-page","status-publish","hentry"],"_links":{"self":[{"href":"https:\/\/www.nns.cz\/blog\/wp-json\/wp\/v2\/pages\/4509","targetHints":{"allow":["GET"]}}],"collection":[{"href":"https:\/\/www.nns.cz\/blog\/wp-json\/wp\/v2\/pages"}],"about":[{"href":"https:\/\/www.nns.cz\/blog\/wp-json\/wp\/v2\/types\/page"}],"author":[{"embeddable":true,"href":"https:\/\/www.nns.cz\/blog\/wp-json\/wp\/v2\/users\/4"}],"replies":[{"embeddable":true,"href":"https:\/\/www.nns.cz\/blog\/wp-json\/wp\/v2\/comments?post=4509"}],"version-history":[{"count":27,"href":"https:\/\/www.nns.cz\/blog\/wp-json\/wp\/v2\/pages\/4509\/revisions"}],"predecessor-version":[{"id":19863,"href":"https:\/\/www.nns.cz\/blog\/wp-json\/wp\/v2\/pages\/4509\/revisions\/19863"}],"wp:attachment":[{"href":"https:\/\/www.nns.cz\/blog\/wp-json\/wp\/v2\/media?parent=4509"}],"curies":[{"name":"wp","href":"https:\/\/api.w.org\/{rel}","templated":true}]}}