{"id":4518,"date":"2012-03-19T11:13:25","date_gmt":"2012-03-19T09:13:25","guid":{"rendered":"http:\/\/www.nns.cz\/blog\/?page_id=4518"},"modified":"2025-03-30T19:47:21","modified_gmt":"2025-03-30T17:47:21","slug":"zakovske-knizky","status":"publish","type":"page","link":"https:\/\/www.nns.cz\/blog\/zakovske-knizky\/","title":{"rendered":"\u017d\u00e1kovsk\u00e9 kn\u00ed\u017eky"},"content":{"rendered":"<div class=\"wp-block-image\">\n<figure class=\"aligncenter size-full\"><a href=\"https:\/\/www.nns.cz\/obchod\/index.php?item=nabidka&amp;action=show_sel_data&amp;cat_lev2_chbx%5B%5D=75&amp;cat_lev2_chbx%5B%5D=70&amp;cat_lev2_chbx%5B%5D=65&amp;cat_lev2_chbx%5B%5D=77&amp;cat_lev2_chbx%5B%5D=78&amp;cat_lev2_chbx%5B%5D=79&amp;cat_lev3=X&amp;cat_lev4=Den%C3%AD%C4%8Dky%2C+%C5%BDK&amp;search_pat=&amp;isbn_pat=\"><img loading=\"lazy\" decoding=\"async\" width=\"800\" height=\"164\" src=\"https:\/\/www.nns.cz\/blog\/wp-content\/uploads\/zakovske-knizky-a-ukolnicky-nova-skola1.jpg\" alt=\"\" class=\"wp-image-5152\" title=\"zakovske-knizky-a-ukolnicky-nova-skola1\" srcset=\"https:\/\/www.nns.cz\/blog\/wp-content\/uploads\/zakovske-knizky-a-ukolnicky-nova-skola1.jpg 800w, https:\/\/www.nns.cz\/blog\/wp-content\/uploads\/zakovske-knizky-a-ukolnicky-nova-skola1-580x118.jpg 580w, https:\/\/www.nns.cz\/blog\/wp-content\/uploads\/zakovske-knizky-a-ukolnicky-nova-skola1-600x123.jpg 600w\" sizes=\"auto, (max-width: 800px) 100vw, 800px\" \/><\/a><\/figure><\/div>\n\n\n<p><\/p>\n\n\n\n<p>Tato nov\u00e1 \u0159ada \u017e\u00e1kovsk\u00fdch kn\u00ed\u017eek byla p\u0159ipravena dle p\u0159ipom\u00ednek a&nbsp;po\u017eadavk\u016f u\u010ditel\u016f, aby vyhovovala jejich sou\u010dasn\u00fdm&nbsp;po\u017eadavk\u016fm a&nbsp;sou\u010dasn\u011b aby z\u016fstala pro \u017e\u00e1ky i&nbsp;u\u010ditele p\u0159ehledn\u00e1. V&nbsp;t\u00e9to \u0159ad\u011b \u017e\u00e1kovsk\u00fdch kn\u00ed\u017eek byly uplatn\u011bny p\u0159edev\u0161\u00edm&nbsp;n\u00e1sleduj\u00edc\u00ed po\u017eadavky:<\/p>\n\n\n\n<ul class=\"wp-block-list\">\n<li>maxim\u00e1ln\u00ed po\u010det nadepsan\u00fdch kolonek pro \u017e\u00e1ky 1.&nbsp;ro\u010dn\u00edku,<\/li>\n\n\n\n<li>dostate\u010dn\u00fd po\u010det stran ve v\u0161ech \u010d\u00e1stech \u017e\u00e1kovsk\u00fdch kn\u00ed\u017eek,<\/li>\n\n\n\n<li>usnadn\u011bn\u00ed orientace v&nbsp;\u017e\u00e1kovsk\u00fdch kn\u00ed\u017ek\u00e1ch pomoc\u00ed dvoubarevn\u00fdch vnit\u0159n\u00edch stran,<\/li>\n\n\n\n<li>pro \u017e\u00e1ky v\u00edtanou formou realizovan\u00e9 sebehodnocen\u00ed apod.<\/li>\n<\/ul>\n\n\n\n<p><div class=\"inventory\" data-filter=\"false\" data-next=\"false\" data-cart=\"false\" data-ids=\"863, 864,865\"><div class=\"inventory-list\"><div class=\"dummy\"><\/div><div class=\"dummy\"><\/div><div class=\"dummy\"><\/div><\/div><\/div> <div class=\"inventory\" data-filter=\"false\" data-next=\"false\" data-cart=\"false\" data-ids=\"866,867,868\"><div class=\"inventory-list\"><div class=\"dummy\"><\/div><div class=\"dummy\"><\/div><div class=\"dummy\"><\/div><\/div><\/div> <div class=\"inventory\" data-filter=\"false\" data-next=\"false\" data-cart=\"false\" data-ids=\"189,190,191\"><div class=\"inventory-list\"><div class=\"dummy\"><\/div><div class=\"dummy\"><\/div><div class=\"dummy\"><\/div><\/div><\/div><\/p>\n","protected":false},"excerpt":{"rendered":"<p>Tato nov\u00e1 \u0159ada \u017e\u00e1kovsk\u00fdch kn\u00ed\u017eek byla p\u0159ipravena dle p\u0159ipom\u00ednek a&nbsp;po\u017eadavk\u016f u\u010ditel\u016f, aby vyhovovala jejich sou\u010dasn\u00fdm&nbsp;po\u017eadavk\u016fm a&nbsp;sou\u010dasn\u011b aby z\u016fstala pro \u017e\u00e1ky i&nbsp;u\u010ditele p\u0159ehledn\u00e1. V&nbsp;t\u00e9to \u0159ad\u011b \u017e\u00e1kovsk\u00fdch kn\u00ed\u017eek byly uplatn\u011bny p\u0159edev\u0161\u00edm&nbsp;n\u00e1sleduj\u00edc\u00ed po\u017eadavky:<\/p>\n","protected":false},"author":4,"featured_media":0,"parent":0,"menu_order":0,"comment_status":"open","ping_status":"closed","template":"","meta":{"footnotes":""},"class_list":["post-4518","page","type-page","status-publish","hentry"],"_links":{"self":[{"href":"https:\/\/www.nns.cz\/blog\/wp-json\/wp\/v2\/pages\/4518","targetHints":{"allow":["GET"]}}],"collection":[{"href":"https:\/\/www.nns.cz\/blog\/wp-json\/wp\/v2\/pages"}],"about":[{"href":"https:\/\/www.nns.cz\/blog\/wp-json\/wp\/v2\/types\/page"}],"author":[{"embeddable":true,"href":"https:\/\/www.nns.cz\/blog\/wp-json\/wp\/v2\/users\/4"}],"replies":[{"embeddable":true,"href":"https:\/\/www.nns.cz\/blog\/wp-json\/wp\/v2\/comments?post=4518"}],"version-history":[{"count":11,"href":"https:\/\/www.nns.cz\/blog\/wp-json\/wp\/v2\/pages\/4518\/revisions"}],"predecessor-version":[{"id":19539,"href":"https:\/\/www.nns.cz\/blog\/wp-json\/wp\/v2\/pages\/4518\/revisions\/19539"}],"wp:attachment":[{"href":"https:\/\/www.nns.cz\/blog\/wp-json\/wp\/v2\/media?parent=4518"}],"curies":[{"name":"wp","href":"https:\/\/api.w.org\/{rel}","templated":true}]}}