{"id":4664,"date":"2012-03-20T13:18:47","date_gmt":"2012-03-20T11:18:47","guid":{"rendered":"http:\/\/www.nns.cz\/blog\/?page_id=4664"},"modified":"2013-11-13T10:44:03","modified_gmt":"2013-11-13T08:44:03","slug":"interaktivni-ucebnice-videa","status":"publish","type":"page","link":"https:\/\/www.nns.cz\/blog\/interaktivni-ucebnice-videa\/","title":{"rendered":"Videa a&nbsp;animace"},"content":{"rendered":"<p>Pouh\u00fdm kliknut\u00edm\u00a0na symbol Kamera se zobraz\u00ed\u00a0<strong>video nebo animace ke konkr\u00e9tn\u00edmu\u00a0u\u010divu<\/strong>.<\/p>\n<p>U vide\u00ed jsou nav\u00edc p\u0159ipraveny <strong>kontroln\u00ed ot\u00e1zky<\/strong> pro \u017e\u00e1ky.<\/p>\n<ul>\n<li><strong><strong>Uk\u00e1zky vide\u00ed z&nbsp;multimedi\u00e1ln\u00edch interaktivn\u00edch u\u010debnic v\u0161ech p\u0159ipraven\u00fdch titul\u016f si m\u016f\u017eete prohl\u00e9dnout\u00a0na:<\/strong><\/strong><\/li>\n<li><strong><a href=\"http:\/\/www.youtube.com\/user\/nnsmiuc?ob=0&amp;feature=results_main\"><strong>http:\/\/www.youtube.com\/user\/nnsmiuc?ob=0&amp;feature=results_main<\/strong><\/a><\/strong><\/li>\n<\/ul>\n<p><strong><strong>Uk\u00e1zka jednoho z&nbsp;vide\u00ed a&nbsp;<\/strong>kontroln\u00edch ot\u00e1zek v&nbsp;MIU\u010d+ <a href=\"https:\/\/www.nns.cz\/blog\/multimedialni-interaktivni-ucebnice-prirodoveda\/\" target=\"_self\">P\u0159\u00edrodov\u011bda 4<\/a><\/strong><\/p>\n<p><a href=\"https:\/\/www.nns.cz\/blog\/wp-content\/uploads\/interaktivni-ucebnice-miuc-video-prirodoveda-4.jpg\"><img loading=\"lazy\" decoding=\"async\" class=\"aligncenter size-full wp-image-4669\" title=\"interaktivni-ucebnice-miuc-video-prirodoveda-4\" src=\"https:\/\/www.nns.cz\/blog\/wp-content\/uploads\/interaktivni-ucebnice-miuc-video-prirodoveda-4.jpg\" alt=\"\" width=\"400\" height=\"283\" \/><\/a><\/p>\n<p><strong>Uk\u00e1zka jednoho z&nbsp;vide\u00ed a\u00a0<span>kontroln\u00edch ot\u00e1zek <\/span><\/strong><span><strong>v<\/strong><\/span><strong><strong> <\/strong><\/strong><strong>MIU\u010d+ <a href=\"https:\/\/www.nns.cz\/blog\/multimedialni-interaktivni-ucebnice-dejepis\/\" target=\"_self\">D\u011bjepis 6<\/a><\/strong><\/p>\n<p><a href=\"https:\/\/www.nns.cz\/blog\/wp-content\/uploads\/interaktivni-ucebnice-miuc-video-prirodoveda-4.jpg\"><\/a><a href=\"https:\/\/www.nns.cz\/blog\/wp-content\/uploads\/interaktivni-ucebnice-miuc-video-dejepis6.jpg\"><img loading=\"lazy\" decoding=\"async\" class=\"aligncenter size-full wp-image-4670\" title=\"interaktivni-ucebnice-miuc-video-dejepis6\" src=\"https:\/\/www.nns.cz\/blog\/wp-content\/uploads\/interaktivni-ucebnice-miuc-video-dejepis6.jpg\" alt=\"\" width=\"400\" height=\"301\" \/><\/a><\/p>\n<p><strong>Uk\u00e1zka jedn\u00e9 z&nbsp;animac\u00ed\u00a0v MIU\u010d+ <a href=\"https:\/\/www.nns.cz\/blog\/multimedialni-interaktivni-ucebnice-prirodopis\/\" target=\"_self\">P\u0159\u00edrodopis 6, 1.&nbsp;d\u00edl<\/a><\/strong><\/p>\n<p><a href=\"https:\/\/www.nns.cz\/blog\/wp-content\/uploads\/interaktivni-ucebnice-miuc-animace-prirodopis61.jpg\"><img loading=\"lazy\" decoding=\"async\" class=\"aligncenter size-full wp-image-4682\" title=\"interaktivni-ucebnice-miuc-animace-prirodopis61\" src=\"https:\/\/www.nns.cz\/blog\/wp-content\/uploads\/interaktivni-ucebnice-miuc-animace-prirodopis61.jpg\" alt=\"\" width=\"400\" height=\"297\" \/><\/a><\/p>\n<p><strong>Uk\u00e1zka jedn\u00e9 z&nbsp;animac\u00ed\u00a0v MIU\u010d+ <a href=\"https:\/\/www.nns.cz\/blog\/multimedialni-interaktivni-ucebnice-prirodopis\/\" target=\"_self\">P\u0159\u00edrodopis 9<\/a><\/strong><\/p>\n<p><a href=\"https:\/\/www.nns.cz\/blog\/wp-content\/uploads\/interaktivni-ucebnice-miuc-animace-prirodopis9.jpg\"><img loading=\"lazy\" decoding=\"async\" class=\"aligncenter size-full wp-image-4683\" title=\"interaktivni-ucebnice-miuc-animace-prirodopis9\" src=\"https:\/\/www.nns.cz\/blog\/wp-content\/uploads\/interaktivni-ucebnice-miuc-animace-prirodopis9.jpg\" alt=\"\" width=\"400\" height=\"186\" \/><\/a><\/p>\n<ul>\n<li><strong><br \/>\n<\/strong><\/li>\n<\/ul>\n<p><strong>Uk\u00e1zka videa z&nbsp;MIU\u010d+ J\u00e1 a&nbsp;m\u016fj sv\u011bt 1:<\/strong><br \/>\n<iframe loading=\"lazy\" width=\"480\" height=\"360\" src=\"\/\/www.youtube.com\/embed\/vqMl5MmHjZ8\" frameborder=\"0\" allowfullscreen><\/iframe><\/p>\n","protected":false},"excerpt":{"rendered":"<p>Pouh\u00fdm kliknut\u00edm\u00a0na symbol Kamera se zobraz\u00ed\u00a0video nebo animace ke konkr\u00e9tn\u00edmu\u00a0u\u010divu. U&nbsp;vide\u00ed jsou nav\u00edc p\u0159ipraveny kontroln\u00ed ot\u00e1zky pro \u017e\u00e1ky. Uk\u00e1zky vide\u00ed z&nbsp;multimedi\u00e1ln\u00edch interaktivn\u00edch u\u010debnic v\u0161ech p\u0159ipraven\u00fdch titul\u016f si m\u016f\u017eete prohl\u00e9dnout\u00a0na: http:\/\/www.youtube.com\/user\/nnsmiuc?ob=0&amp;feature=results_main Uk\u00e1zka jednoho z&nbsp;vide\u00ed a&nbsp;kontroln\u00edch ot\u00e1zek v&nbsp;MIU\u010d+ P\u0159\u00edrodov\u011bda 4 Uk\u00e1zka jednoho z&nbsp;vide\u00ed a\u00a0kontroln\u00edch ot\u00e1zek v&nbsp;MIU\u010d+ D\u011bjepis 6 Uk\u00e1zka jedn\u00e9 z&nbsp;animac\u00ed\u00a0v MIU\u010d+ P\u0159\u00edrodopis 6, 1.&nbsp;d\u00edl [&hellip;]<\/p>\n","protected":false},"author":4,"featured_media":0,"parent":0,"menu_order":0,"comment_status":"open","ping_status":"closed","template":"","meta":{"footnotes":""},"class_list":["post-4664","page","type-page","status-publish","hentry"],"_links":{"self":[{"href":"https:\/\/www.nns.cz\/blog\/wp-json\/wp\/v2\/pages\/4664","targetHints":{"allow":["GET"]}}],"collection":[{"href":"https:\/\/www.nns.cz\/blog\/wp-json\/wp\/v2\/pages"}],"about":[{"href":"https:\/\/www.nns.cz\/blog\/wp-json\/wp\/v2\/types\/page"}],"author":[{"embeddable":true,"href":"https:\/\/www.nns.cz\/blog\/wp-json\/wp\/v2\/users\/4"}],"replies":[{"embeddable":true,"href":"https:\/\/www.nns.cz\/blog\/wp-json\/wp\/v2\/comments?post=4664"}],"version-history":[{"count":17,"href":"https:\/\/www.nns.cz\/blog\/wp-json\/wp\/v2\/pages\/4664\/revisions"}],"predecessor-version":[{"id":7187,"href":"https:\/\/www.nns.cz\/blog\/wp-json\/wp\/v2\/pages\/4664\/revisions\/7187"}],"wp:attachment":[{"href":"https:\/\/www.nns.cz\/blog\/wp-json\/wp\/v2\/media?parent=4664"}],"curies":[{"name":"wp","href":"https:\/\/api.w.org\/{rel}","templated":true}]}}