{"id":4680,"date":"2012-03-20T14:05:25","date_gmt":"2012-03-20T12:05:25","guid":{"rendered":"http:\/\/www.nns.cz\/blog\/?page_id=4680"},"modified":"2014-03-25T13:56:42","modified_gmt":"2014-03-25T11:56:42","slug":"interaktivni-cviceni","status":"publish","type":"page","link":"https:\/\/www.nns.cz\/blog\/interaktivni-cviceni\/","title":{"rendered":"Interaktivn\u00ed cvi\u010den\u00ed"},"content":{"rendered":"<p>Mno\u017estv\u00ed interaktivn\u00edch cvi\u010den\u00ed je p\u0159\u00edmo <strong>sou\u010d\u00e1st\u00ed jednotliv\u00fdch multimedi\u00e1ln\u00edch interaktivn\u00edch u\u010debnic MIU\u010d+<\/strong>. Nemus\u00edte je tedy dokupovat zvl\u00e1\u0161\u0165.<\/p>\n<p>Zaj\u00edmav\u00e1\u00a0interaktivn\u00ed cvi\u010den\u00ed jsou ur\u010dena p\u0159edev\u0161\u00edm k\u00a0<strong>procvi\u010den\u00ed u\u010diva<\/strong> a&nbsp;<strong>zpest\u0159en\u00ed v\u00fduky<\/strong> a&nbsp;jsou p\u0159izp\u016fsobena v\u011bku \u017e\u00e1k\u016f.<\/p>\n<p><strong>Uk\u00e1zka jednoho z&nbsp;interaktivn\u00edch cvi\u010den\u00ed, kter\u00e1 jsou sou\u010d\u00e1st\u00ed <a href=\"https:\/\/www.nns.cz\/blog\/multimedialni-interaktivni-ucebnice-ja-a-muj-svet-prvouka\/\" target=\"_blank\">MIU\u010d+ J\u00e1 a&nbsp;m\u016fj sv\u011bt 2<\/a><\/strong><\/p>\n<p><a href=\"https:\/\/www.nns.cz\/blog\/wp-content\/uploads\/interaktivni-cviceni-ja-a-muj-svet2.jpg\"><img loading=\"lazy\" decoding=\"async\" class=\"aligncenter size-full wp-image-4695\" title=\"interaktivni-cviceni-ja-a-muj-svet2\" src=\"https:\/\/www.nns.cz\/blog\/wp-content\/uploads\/interaktivni-cviceni-ja-a-muj-svet2.jpg\" alt=\"\" width=\"400\" height=\"287\" \/><\/a><\/p>\n","protected":false},"excerpt":{"rendered":"<p>Mno\u017estv\u00ed interaktivn\u00edch cvi\u010den\u00ed je p\u0159\u00edmo sou\u010d\u00e1st\u00ed jednotliv\u00fdch multimedi\u00e1ln\u00edch interaktivn\u00edch u\u010debnic MIU\u010d+. Nemus\u00edte je tedy dokupovat zvl\u00e1\u0161\u0165. Zaj\u00edmav\u00e1\u00a0interaktivn\u00ed cvi\u010den\u00ed jsou ur\u010dena p\u0159edev\u0161\u00edm k\u00a0procvi\u010den\u00ed u\u010diva a&nbsp;zpest\u0159en\u00ed v\u00fduky a&nbsp;jsou p\u0159izp\u016fsobena v\u011bku \u017e\u00e1k\u016f. Uk\u00e1zka jednoho z&nbsp;interaktivn\u00edch cvi\u010den\u00ed, kter\u00e1 jsou sou\u010d\u00e1st\u00ed MIU\u010d+ J\u00e1 a&nbsp;m\u016fj sv\u011bt 2<\/p>\n","protected":false},"author":4,"featured_media":0,"parent":0,"menu_order":0,"comment_status":"open","ping_status":"closed","template":"","meta":{"footnotes":""},"class_list":["post-4680","page","type-page","status-publish","hentry"],"_links":{"self":[{"href":"https:\/\/www.nns.cz\/blog\/wp-json\/wp\/v2\/pages\/4680","targetHints":{"allow":["GET"]}}],"collection":[{"href":"https:\/\/www.nns.cz\/blog\/wp-json\/wp\/v2\/pages"}],"about":[{"href":"https:\/\/www.nns.cz\/blog\/wp-json\/wp\/v2\/types\/page"}],"author":[{"embeddable":true,"href":"https:\/\/www.nns.cz\/blog\/wp-json\/wp\/v2\/users\/4"}],"replies":[{"embeddable":true,"href":"https:\/\/www.nns.cz\/blog\/wp-json\/wp\/v2\/comments?post=4680"}],"version-history":[{"count":8,"href":"https:\/\/www.nns.cz\/blog\/wp-json\/wp\/v2\/pages\/4680\/revisions"}],"predecessor-version":[{"id":7493,"href":"https:\/\/www.nns.cz\/blog\/wp-json\/wp\/v2\/pages\/4680\/revisions\/7493"}],"wp:attachment":[{"href":"https:\/\/www.nns.cz\/blog\/wp-json\/wp\/v2\/media?parent=4680"}],"curies":[{"name":"wp","href":"https:\/\/api.w.org\/{rel}","templated":true}]}}