{"id":4700,"date":"2012-03-21T17:12:51","date_gmt":"2012-03-21T15:12:51","guid":{"rendered":"http:\/\/www.nns.cz\/blog\/?page_id=4700"},"modified":"2012-03-21T17:12:51","modified_gmt":"2012-03-21T15:12:51","slug":"interaktivni-mezipredmetove-vztahy","status":"publish","type":"page","link":"https:\/\/www.nns.cz\/blog\/interaktivni-mezipredmetove-vztahy\/","title":{"rendered":"Mezip\u0159edm\u011btov\u00e9 vztahy v&nbsp;MIU\u010d"},"content":{"rendered":"<p>MIU\u010d obsahuj\u00ed mno\u017estv\u00ed\u00a0mezip\u0159edm\u011btov\u00fdch\u00a0vztah\u016f. Najdete zde nejen\u00a0odkazy na konkr\u00e9tn\u00ed\u00a0strany u\u010debnic, ale nav\u00edc\u00a0se v\u00e1m po&nbsp;kliknut\u00ed zobraz\u00ed\u00a0konkr\u00e9tn\u00ed \u00faryvek z&nbsp;u\u010debnice\u00a0jin\u00e9ho p\u0159edm\u011btu.<\/p>\n<p><strong>Uk\u00e1zka jednoho z&nbsp;mezip\u0159edm\u011btov\u00fdch vztah\u016f v&nbsp;<a href=\"https:\/\/www.nns.cz\/blog\/miuc-plus-ja-a-muj-svet-prvouka\/\" target=\"_self\">MIU\u010d+ J\u00e1 a&nbsp;m\u016fj sv\u011bt 1<\/a>:<\/strong><\/p>\n<p><a href=\"https:\/\/www.nns.cz\/blog\/wp-content\/uploads\/mezipredmetovy-vztah-ja-a-muj-svet1.jpg\"><img loading=\"lazy\" decoding=\"async\" class=\"aligncenter size-full wp-image-4702\" title=\"mezipredmetovy-vztah-ja-a-muj-svet1\" src=\"https:\/\/www.nns.cz\/blog\/wp-content\/uploads\/mezipredmetovy-vztah-ja-a-muj-svet1.jpg\" alt=\"\" width=\"400\" height=\"299\" \/><\/a><\/p>\n<p><strong>Uk\u00e1zka jednoho z&nbsp;mezip\u0159edm\u011btov\u00fdch vztah\u016f v&nbsp;MIU\u010d+ D\u011bjepis 6:<\/strong><\/p>\n<p><a href=\"https:\/\/www.nns.cz\/blog\/wp-content\/uploads\/mezipredmetovy-vztah-dejepis.jpg\"><img loading=\"lazy\" decoding=\"async\" class=\"aligncenter size-full wp-image-4704\" title=\"mezipredmetovy-vztah-dejepis\" src=\"https:\/\/www.nns.cz\/blog\/wp-content\/uploads\/mezipredmetovy-vztah-dejepis.jpg\" alt=\"\" width=\"400\" height=\"298\" \/><\/a><\/p>\n","protected":false},"excerpt":{"rendered":"<p>MIU\u010d obsahuj\u00ed mno\u017estv\u00ed\u00a0mezip\u0159edm\u011btov\u00fdch\u00a0vztah\u016f. Najdete zde nejen\u00a0odkazy na konkr\u00e9tn\u00ed\u00a0strany u\u010debnic, ale nav\u00edc\u00a0se v\u00e1m po&nbsp;kliknut\u00ed zobraz\u00ed\u00a0konkr\u00e9tn\u00ed \u00faryvek z&nbsp;u\u010debnice\u00a0jin\u00e9ho p\u0159edm\u011btu. Uk\u00e1zka jednoho z&nbsp;mezip\u0159edm\u011btov\u00fdch vztah\u016f v&nbsp;MIU\u010d+ J\u00e1 a&nbsp;m\u016fj sv\u011bt 1: Uk\u00e1zka jednoho z&nbsp;mezip\u0159edm\u011btov\u00fdch vztah\u016f v&nbsp;MIU\u010d+ D\u011bjepis 6:<\/p>\n","protected":false},"author":4,"featured_media":0,"parent":0,"menu_order":0,"comment_status":"open","ping_status":"closed","template":"","meta":{"footnotes":""},"class_list":["post-4700","page","type-page","status-publish","hentry"],"_links":{"self":[{"href":"https:\/\/www.nns.cz\/blog\/wp-json\/wp\/v2\/pages\/4700","targetHints":{"allow":["GET"]}}],"collection":[{"href":"https:\/\/www.nns.cz\/blog\/wp-json\/wp\/v2\/pages"}],"about":[{"href":"https:\/\/www.nns.cz\/blog\/wp-json\/wp\/v2\/types\/page"}],"author":[{"embeddable":true,"href":"https:\/\/www.nns.cz\/blog\/wp-json\/wp\/v2\/users\/4"}],"replies":[{"embeddable":true,"href":"https:\/\/www.nns.cz\/blog\/wp-json\/wp\/v2\/comments?post=4700"}],"version-history":[{"count":2,"href":"https:\/\/www.nns.cz\/blog\/wp-json\/wp\/v2\/pages\/4700\/revisions"}],"predecessor-version":[{"id":4706,"href":"https:\/\/www.nns.cz\/blog\/wp-json\/wp\/v2\/pages\/4700\/revisions\/4706"}],"wp:attachment":[{"href":"https:\/\/www.nns.cz\/blog\/wp-json\/wp\/v2\/media?parent=4700"}],"curies":[{"name":"wp","href":"https:\/\/api.w.org\/{rel}","templated":true}]}}