{"id":4708,"date":"2012-03-21T17:17:12","date_gmt":"2012-03-21T15:17:12","guid":{"rendered":"http:\/\/www.nns.cz\/blog\/?page_id=4708"},"modified":"2012-03-21T17:17:12","modified_gmt":"2012-03-21T15:17:12","slug":"interkativni-ucebnice-odkazy","status":"publish","type":"page","link":"https:\/\/www.nns.cz\/blog\/interkativni-ucebnice-odkazy\/","title":{"rendered":"Webov\u00e9 odkazy"},"content":{"rendered":"<p>K prob\u00edran\u00fdm t\u00e9mat\u016fm\u00a0jsme p\u0159ipravili vhodn\u00e9\u00a0webov\u00e9 odkazy s&nbsp;dal\u0161\u00edmi\u00a0zaj\u00edmavostmi\u00a0a fotografiemi, kter\u00fdmi\u00a0m\u016f\u017eete obohatit u\u010divo.<\/p>\n","protected":false},"excerpt":{"rendered":"<p>K prob\u00edran\u00fdm t\u00e9mat\u016fm\u00a0jsme p\u0159ipravili vhodn\u00e9\u00a0webov\u00e9 odkazy s&nbsp;dal\u0161\u00edmi\u00a0zaj\u00edmavostmi\u00a0a fotografiemi, kter\u00fdmi\u00a0m\u016f\u017eete obohatit u\u010divo.<\/p>\n","protected":false},"author":4,"featured_media":0,"parent":0,"menu_order":0,"comment_status":"open","ping_status":"closed","template":"","meta":{"footnotes":""},"class_list":["post-4708","page","type-page","status-publish","hentry"],"_links":{"self":[{"href":"https:\/\/www.nns.cz\/blog\/wp-json\/wp\/v2\/pages\/4708","targetHints":{"allow":["GET"]}}],"collection":[{"href":"https:\/\/www.nns.cz\/blog\/wp-json\/wp\/v2\/pages"}],"about":[{"href":"https:\/\/www.nns.cz\/blog\/wp-json\/wp\/v2\/types\/page"}],"author":[{"embeddable":true,"href":"https:\/\/www.nns.cz\/blog\/wp-json\/wp\/v2\/users\/4"}],"replies":[{"embeddable":true,"href":"https:\/\/www.nns.cz\/blog\/wp-json\/wp\/v2\/comments?post=4708"}],"version-history":[{"count":2,"href":"https:\/\/www.nns.cz\/blog\/wp-json\/wp\/v2\/pages\/4708\/revisions"}],"predecessor-version":[{"id":4710,"href":"https:\/\/www.nns.cz\/blog\/wp-json\/wp\/v2\/pages\/4708\/revisions\/4710"}],"wp:attachment":[{"href":"https:\/\/www.nns.cz\/blog\/wp-json\/wp\/v2\/media?parent=4708"}],"curies":[{"name":"wp","href":"https:\/\/api.w.org\/{rel}","templated":true}]}}