{"id":4716,"date":"2012-03-21T17:20:43","date_gmt":"2012-03-21T15:20:43","guid":{"rendered":"http:\/\/www.nns.cz\/blog\/?page_id=4716"},"modified":"2012-03-21T17:41:36","modified_gmt":"2012-03-21T15:41:36","slug":"interaktivni-ucebnice-fotografie","status":"publish","type":"page","link":"https:\/\/www.nns.cz\/blog\/interaktivni-ucebnice-fotografie\/","title":{"rendered":"Fotografie"},"content":{"rendered":"<p>Kliknut\u00edm na symbol Fotoapar\u00e1t\u00a0se zobraz\u00ed dal\u0161\u00ed\u00a0fotografie k&nbsp;dan\u00e9mu\u00a0t\u00e9matu.<\/p>\n<p><strong>Uk\u00e1zka fotografi\u00ed k&nbsp;<a href=\"https:\/\/www.nns.cz\/blog\/miuc-plus-vlastiveda\/\" target=\"_self\">MIU\u010d+ Vlastiv\u011bda 4<\/a> &#8211; Hlavn\u00ed ud\u00e1losti nejstar\u0161\u00edch \u010desk\u00fdch d\u011bjin \u00a0(str.&nbsp;19, Rom\u00e1nsk\u00fd sloh)<\/strong><\/p>\n<p><a href=\"https:\/\/www.nns.cz\/blog\/wp-content\/uploads\/fotografie-vlastiveda-4.jpg\"><img loading=\"lazy\" decoding=\"async\" class=\"aligncenter size-full wp-image-4731\" title=\"fotografie-vlastiveda-4\" src=\"https:\/\/www.nns.cz\/blog\/wp-content\/uploads\/fotografie-vlastiveda-4.jpg\" alt=\"\" width=\"500\" height=\"333\" srcset=\"https:\/\/www.nns.cz\/blog\/wp-content\/uploads\/fotografie-vlastiveda-4.jpg 600w, https:\/\/www.nns.cz\/blog\/wp-content\/uploads\/fotografie-vlastiveda-4-580x386.jpg 580w\" sizes=\"auto, (max-width: 500px) 100vw, 500px\" \/><\/a><\/p>\n","protected":false},"excerpt":{"rendered":"<p>Kliknut\u00edm na symbol Fotoapar\u00e1t\u00a0se zobraz\u00ed dal\u0161\u00ed\u00a0fotografie k&nbsp;dan\u00e9mu\u00a0t\u00e9matu. Uk\u00e1zka fotografi\u00ed k&nbsp;MIU\u010d+ Vlastiv\u011bda 4 &#8211; Hlavn\u00ed ud\u00e1losti nejstar\u0161\u00edch \u010desk\u00fdch d\u011bjin \u00a0(str.&nbsp;19, Rom\u00e1nsk\u00fd sloh)<\/p>\n","protected":false},"author":4,"featured_media":0,"parent":0,"menu_order":0,"comment_status":"open","ping_status":"closed","template":"","meta":{"footnotes":""},"class_list":["post-4716","page","type-page","status-publish","hentry"],"_links":{"self":[{"href":"https:\/\/www.nns.cz\/blog\/wp-json\/wp\/v2\/pages\/4716","targetHints":{"allow":["GET"]}}],"collection":[{"href":"https:\/\/www.nns.cz\/blog\/wp-json\/wp\/v2\/pages"}],"about":[{"href":"https:\/\/www.nns.cz\/blog\/wp-json\/wp\/v2\/types\/page"}],"author":[{"embeddable":true,"href":"https:\/\/www.nns.cz\/blog\/wp-json\/wp\/v2\/users\/4"}],"replies":[{"embeddable":true,"href":"https:\/\/www.nns.cz\/blog\/wp-json\/wp\/v2\/comments?post=4716"}],"version-history":[{"count":4,"href":"https:\/\/www.nns.cz\/blog\/wp-json\/wp\/v2\/pages\/4716\/revisions"}],"predecessor-version":[{"id":4732,"href":"https:\/\/www.nns.cz\/blog\/wp-json\/wp\/v2\/pages\/4716\/revisions\/4732"}],"wp:attachment":[{"href":"https:\/\/www.nns.cz\/blog\/wp-json\/wp\/v2\/media?parent=4716"}],"curies":[{"name":"wp","href":"https:\/\/api.w.org\/{rel}","templated":true}]}}