{"id":4720,"date":"2012-03-21T17:21:54","date_gmt":"2012-03-21T15:21:54","guid":{"rendered":"http:\/\/www.nns.cz\/blog\/?page_id=4720"},"modified":"2012-03-21T17:33:19","modified_gmt":"2012-03-21T15:33:19","slug":"interaktivni-ucebnice-zajimavosti","status":"publish","type":"page","link":"https:\/\/www.nns.cz\/blog\/interaktivni-ucebnice-zajimavosti\/","title":{"rendered":"Zaj\u00edmavosti"},"content":{"rendered":"<p>Z\u00e1kladn\u00ed u\u010divo je pro\u00a0zpest\u0159en\u00ed dopln\u011bno\u00a0zaj\u00edmavostmi.<\/p>\n<p><strong>Uk\u00e1zka jedn\u00e9 ze zaj\u00edmavost\u00ed v&nbsp;<a href=\"https:\/\/www.nns.cz\/blog\/miuc-plus-vlastiveda\/\" target=\"_self\">MIU\u010d+ Vlastiv\u011bda 4<\/a>:<\/strong><\/p>\n<p><a href=\"https:\/\/www.nns.cz\/blog\/wp-content\/uploads\/zajimavost-vlastiveda-41.jpg\"><img loading=\"lazy\" decoding=\"async\" class=\"aligncenter size-full wp-image-4727\" title=\"zajimavost-vlastiveda-41\" src=\"https:\/\/www.nns.cz\/blog\/wp-content\/uploads\/zajimavost-vlastiveda-41.jpg\" alt=\"\" width=\"500\" height=\"356\" srcset=\"https:\/\/www.nns.cz\/blog\/wp-content\/uploads\/zajimavost-vlastiveda-41.jpg 600w, https:\/\/www.nns.cz\/blog\/wp-content\/uploads\/zajimavost-vlastiveda-41-580x413.jpg 580w\" sizes=\"auto, (max-width: 500px) 100vw, 500px\" \/><\/a><\/p>\n<p><strong>Uk\u00e1zka jedn\u00e9 ze zaj\u00edmavost\u00ed v&nbsp;<a href=\"https:\/\/www.nns.cz\/blog\/miuc-plus-prirodoveda\/\" target=\"_self\">MIU\u010d+ P\u0159\u00edrodov\u011bda 4<\/a>:<\/strong><\/p>\n<p><a href=\"https:\/\/www.nns.cz\/blog\/wp-content\/uploads\/zajimavost-prirodoveda-4.jpg\"><img loading=\"lazy\" decoding=\"async\" class=\"aligncenter size-full wp-image-4726\" title=\"zajimavost-prirodoveda-4\" src=\"https:\/\/www.nns.cz\/blog\/wp-content\/uploads\/zajimavost-prirodoveda-4.jpg\" alt=\"\" width=\"500\" height=\"345\" srcset=\"https:\/\/www.nns.cz\/blog\/wp-content\/uploads\/zajimavost-prirodoveda-4.jpg 600w, https:\/\/www.nns.cz\/blog\/wp-content\/uploads\/zajimavost-prirodoveda-4-580x400.jpg 580w\" sizes=\"auto, (max-width: 500px) 100vw, 500px\" \/><\/a><\/p>\n","protected":false},"excerpt":{"rendered":"<p>Z\u00e1kladn\u00ed u\u010divo je pro\u00a0zpest\u0159en\u00ed dopln\u011bno\u00a0zaj\u00edmavostmi. Uk\u00e1zka jedn\u00e9 ze zaj\u00edmavost\u00ed v&nbsp;MIU\u010d+ Vlastiv\u011bda 4: Uk\u00e1zka jedn\u00e9 ze zaj\u00edmavost\u00ed v&nbsp;MIU\u010d+ P\u0159\u00edrodov\u011bda 4:<\/p>\n","protected":false},"author":4,"featured_media":0,"parent":0,"menu_order":0,"comment_status":"open","ping_status":"closed","template":"","meta":{"footnotes":""},"class_list":["post-4720","page","type-page","status-publish","hentry"],"_links":{"self":[{"href":"https:\/\/www.nns.cz\/blog\/wp-json\/wp\/v2\/pages\/4720","targetHints":{"allow":["GET"]}}],"collection":[{"href":"https:\/\/www.nns.cz\/blog\/wp-json\/wp\/v2\/pages"}],"about":[{"href":"https:\/\/www.nns.cz\/blog\/wp-json\/wp\/v2\/types\/page"}],"author":[{"embeddable":true,"href":"https:\/\/www.nns.cz\/blog\/wp-json\/wp\/v2\/users\/4"}],"replies":[{"embeddable":true,"href":"https:\/\/www.nns.cz\/blog\/wp-json\/wp\/v2\/comments?post=4720"}],"version-history":[{"count":4,"href":"https:\/\/www.nns.cz\/blog\/wp-json\/wp\/v2\/pages\/4720\/revisions"}],"predecessor-version":[{"id":4724,"href":"https:\/\/www.nns.cz\/blog\/wp-json\/wp\/v2\/pages\/4720\/revisions\/4724"}],"wp:attachment":[{"href":"https:\/\/www.nns.cz\/blog\/wp-json\/wp\/v2\/media?parent=4720"}],"curies":[{"name":"wp","href":"https:\/\/api.w.org\/{rel}","templated":true}]}}