{"id":6533,"date":"2013-08-01T11:07:57","date_gmt":"2013-08-01T09:07:57","guid":{"rendered":"http:\/\/www.nns.cz\/blog\/?page_id=6533"},"modified":"2022-04-27T11:30:33","modified_gmt":"2022-04-27T09:30:33","slug":"multimedialni-interaktivni-ucebnice-cesky-jazyk","status":"publish","type":"page","link":"https:\/\/www.nns.cz\/blog\/multimedialni-interaktivni-ucebnice-cesky-jazyk\/","title":{"rendered":"Multimedi\u00e1ln\u00ed interaktivn\u00ed u\u010debnice \u010cesk\u00fd jazyk"},"content":{"rendered":"<h2>\u010cesk\u00fd jazyk pro 2.&nbsp;ro\u010dn\u00edk<\/h2>\n<p>Nov\u00e1\u00a0<strong>multimedi\u00e1ln\u00ed interaktivn\u00ed u\u010debnice\u00a0<span style=\"color: #ff0000;\">MIU\u010d+ \u010cesk\u00fd jazyk 2<\/span><\/strong> obsahuje interaktivn\u00ed verzi nov\u00e9 ti\u0161t\u011bn\u00e9 u\u010debnice \u010cesk\u00fd jazyk 2 (k\u00f3d 2-55),\u00a0interaktivn\u00ed verzi ti\u0161t\u011bn\u00fdch pracovn\u00edch se\u0161it\u016f \u010cesk\u00fd jazyk 2, 1.&nbsp;a&nbsp;2.&nbsp;d\u00edl (k\u00f3d 2-63 a&nbsp;2-64)\u00a0a tak\u00e9 interaktivn\u00ed verzi ti\u0161t\u011bn\u00e9 P\u00edsanky 2, 1.&nbsp;d\u00edl a&nbsp;2.&nbsp;d\u00edl. Sou\u010d\u00e1st\u00ed MIU\u010d+ jsou interaktivn\u00ed cvi\u010den\u00ed, mezip\u0159edm\u011btov\u00e9 vztahy do u\u010debnic angli\u010dtiny a&nbsp;prvouky, zaj\u00edmavosti, fotoalba a&nbsp;audionahr\u00e1vky textu u\u010debnice.<\/p>\n<p><img decoding=\"async\" class=\"alignnone size-full wp-image-13798\" src=\"https:\/\/www.nns.cz\/blog\/wp-content\/uploads\/nove-barevne-pracovni-sesity-cj-a-prvouka-nns.jpg\" alt=\"\" width=\"600\" srcset=\"https:\/\/www.nns.cz\/blog\/wp-content\/uploads\/nove-barevne-pracovni-sesity-cj-a-prvouka-nns.jpg 1300w, https:\/\/www.nns.cz\/blog\/wp-content\/uploads\/nove-barevne-pracovni-sesity-cj-a-prvouka-nns-580x326.jpg 580w, https:\/\/www.nns.cz\/blog\/wp-content\/uploads\/nove-barevne-pracovni-sesity-cj-a-prvouka-nns-600x337.jpg 600w, https:\/\/www.nns.cz\/blog\/wp-content\/uploads\/nove-barevne-pracovni-sesity-cj-a-prvouka-nns-768x432.jpg 768w, https:\/\/www.nns.cz\/blog\/wp-content\/uploads\/nove-barevne-pracovni-sesity-cj-a-prvouka-nns-1024x576.jpg 1024w\" sizes=\"(max-width: 1300px) 100vw, 1300px\" \/><\/p>\n<div style=\"position: relative;\">\n<p><div class=\"inventory\" data-filter=\"false\" data-next=\"false\" data-cart=\"false\" data-ids=\"2098,2099,2101,2100,1045,1067,1163,1459\"><div class=\"inventory-list\"><div class=\"dummy\"><\/div><div class=\"dummy\"><\/div><div class=\"dummy\"><\/div><div class=\"dummy\"><\/div><div class=\"dummy\"><\/div><div class=\"dummy\"><\/div><div class=\"dummy\"><\/div><div class=\"dummy\"><\/div><\/div><\/div><br \/>\n<a href=\"https:\/\/www.nns.cz\/blog\/wp-content\/uploads\/miuc-cesky-jazyk-2-nnscz.jpg\"><img loading=\"lazy\" decoding=\"async\" class=\"aligncenter size-medium wp-image-8316\" title=\"miuc-cesky-jazyk-2-nnscz\" src=\"https:\/\/www.nns.cz\/blog\/wp-content\/uploads\/miuc-cesky-jazyk-2-nnscz.jpg\" alt=\"\" width=\"600\" height=\"279\" srcset=\"https:\/\/www.nns.cz\/blog\/wp-content\/uploads\/miuc-cesky-jazyk-2-nnscz.jpg 600w, https:\/\/www.nns.cz\/blog\/wp-content\/uploads\/miuc-cesky-jazyk-2-nnscz-580x269.jpg 580w\" sizes=\"auto, (max-width: 600px) 100vw, 600px\" \/><\/a><\/p>\n<p>Sou\u010d\u00e1st\u00ed MIU\u010d+ \u010cesk\u00fd jazyk 2 je i&nbsp;pracovn\u00ed se\u0161it:<br \/>\n<img decoding=\"async\" class=\"alignnone size-full wp-image-13739\" src=\"https:\/\/www.nns.cz\/blog\/wp-content\/uploads\/miuc-cesky-jazyk-2-pracovni-sesit-1.jpg\" alt=\"\" width=\"600\" srcset=\"https:\/\/www.nns.cz\/blog\/wp-content\/uploads\/miuc-cesky-jazyk-2-pracovni-sesit-1.jpg 1920w, https:\/\/www.nns.cz\/blog\/wp-content\/uploads\/miuc-cesky-jazyk-2-pracovni-sesit-1-580x326.jpg 580w, https:\/\/www.nns.cz\/blog\/wp-content\/uploads\/miuc-cesky-jazyk-2-pracovni-sesit-1-600x338.jpg 600w, https:\/\/www.nns.cz\/blog\/wp-content\/uploads\/miuc-cesky-jazyk-2-pracovni-sesit-1-768x432.jpg 768w, https:\/\/www.nns.cz\/blog\/wp-content\/uploads\/miuc-cesky-jazyk-2-pracovni-sesit-1-1024x576.jpg 1024w, https:\/\/www.nns.cz\/blog\/wp-content\/uploads\/miuc-cesky-jazyk-2-pracovni-sesit-1-1320x743.jpg 1320w\" sizes=\"(max-width: 1920px) 100vw, 1920px\" \/><\/p>\n<div class=\"inventory\" data-filter=\"false\" data-next=\"false\" data-cart=\"false\" data-ids=\"1664,1665,1666,1667\"><div class=\"inventory-list\"><div class=\"dummy\"><\/div><div class=\"dummy\"><\/div><div class=\"dummy\"><\/div><div class=\"dummy\"><\/div><\/div><\/div>\n<div class=\"inventory\" data-filter=\"false\" data-next=\"false\" data-cart=\"false\" data-ids=\"1214, 1215, 1216,1460\"><div class=\"inventory-list\"><div class=\"dummy\"><\/div><div class=\"dummy\"><\/div><div class=\"dummy\"><\/div><div class=\"dummy\"><\/div><\/div><\/div>\n<h2>\u010cesk\u00fd jazyk pro 3.&nbsp;ro\u010dn\u00edk<\/h2>\n<p><img decoding=\"async\" class=\"alignnone size-thumbnail wp-image-15776\" src=\"https:\/\/www.nns.cz\/blog\/wp-content\/uploads\/barevne-pracovni-sesity-s-rozinkou-580x326.jpg\" alt=\"\" width=\"580\" srcset=\"https:\/\/www.nns.cz\/blog\/wp-content\/uploads\/barevne-pracovni-sesity-s-rozinkou-580x326.jpg 580w, https:\/\/www.nns.cz\/blog\/wp-content\/uploads\/barevne-pracovni-sesity-s-rozinkou-600x337.jpg 600w, https:\/\/www.nns.cz\/blog\/wp-content\/uploads\/barevne-pracovni-sesity-s-rozinkou-768x432.jpg 768w, https:\/\/www.nns.cz\/blog\/wp-content\/uploads\/barevne-pracovni-sesity-s-rozinkou-1024x576.jpg 1024w, https:\/\/www.nns.cz\/blog\/wp-content\/uploads\/barevne-pracovni-sesity-s-rozinkou.jpg 1300w\" sizes=\"(max-width: 580px) 100vw, 580px\" \/><\/p>\n<div class=\"inventory\" data-filter=\"false\" data-next=\"false\" data-cart=\"false\" data-ids=\"1094,1095,1166,1461,2110,2112,2113,2114\"><div class=\"inventory-list\"><div class=\"dummy\"><\/div><div class=\"dummy\"><\/div><div class=\"dummy\"><\/div><div class=\"dummy\"><\/div><div class=\"dummy\"><\/div><div class=\"dummy\"><\/div><div class=\"dummy\"><\/div><div class=\"dummy\"><\/div><\/div><\/div>\n<p><a href=\"https:\/\/www.nns.cz\/blog\/wp-content\/uploads\/miuc-cesky-jazyk-3-cislovky.jpg\"><img decoding=\"async\" class=\"alignnone wp-image-15465 size-thumbnail\" src=\"https:\/\/www.nns.cz\/blog\/wp-content\/uploads\/miuc-cesky-jazyk-3-cislovky-580x326.jpg\" alt=\"\" width=\"580\" srcset=\"https:\/\/www.nns.cz\/blog\/wp-content\/uploads\/miuc-cesky-jazyk-3-cislovky-580x326.jpg 580w, https:\/\/www.nns.cz\/blog\/wp-content\/uploads\/miuc-cesky-jazyk-3-cislovky-600x338.jpg 600w, https:\/\/www.nns.cz\/blog\/wp-content\/uploads\/miuc-cesky-jazyk-3-cislovky-768x432.jpg 768w, https:\/\/www.nns.cz\/blog\/wp-content\/uploads\/miuc-cesky-jazyk-3-cislovky-1024x576.jpg 1024w, https:\/\/www.nns.cz\/blog\/wp-content\/uploads\/miuc-cesky-jazyk-3-cislovky-1320x743.jpg 1320w, https:\/\/www.nns.cz\/blog\/wp-content\/uploads\/miuc-cesky-jazyk-3-cislovky.jpg 1920w\" sizes=\"(max-width: 580px) 100vw, 580px\" \/><\/a><\/p>\n<p>Sou\u010d\u00e1st\u00ed MIU\u010d+ \u010cesk\u00fd jazyk 3 jsou i&nbsp;nov\u00e9 barevn\u00e9 pracovn\u00ed se\u0161ity s&nbsp;R\u00f3zinkou:<\/p>\n<p><a href=\"https:\/\/www.nns.cz\/blog\/wp-content\/uploads\/miuc-cesky-jazyk-3-slovni-druhy.jpg\"><img decoding=\"async\" class=\"alignnone wp-image-15466 size-thumbnail\" src=\"https:\/\/www.nns.cz\/blog\/wp-content\/uploads\/miuc-cesky-jazyk-3-slovni-druhy-580x326.jpg\" alt=\"\" width=\"580\" srcset=\"https:\/\/www.nns.cz\/blog\/wp-content\/uploads\/miuc-cesky-jazyk-3-slovni-druhy-580x326.jpg 580w, https:\/\/www.nns.cz\/blog\/wp-content\/uploads\/miuc-cesky-jazyk-3-slovni-druhy-600x338.jpg 600w, https:\/\/www.nns.cz\/blog\/wp-content\/uploads\/miuc-cesky-jazyk-3-slovni-druhy-768x432.jpg 768w, https:\/\/www.nns.cz\/blog\/wp-content\/uploads\/miuc-cesky-jazyk-3-slovni-druhy-1024x576.jpg 1024w, https:\/\/www.nns.cz\/blog\/wp-content\/uploads\/miuc-cesky-jazyk-3-slovni-druhy-1320x743.jpg 1320w, https:\/\/www.nns.cz\/blog\/wp-content\/uploads\/miuc-cesky-jazyk-3-slovni-druhy.jpg 1920w\" sizes=\"(max-width: 580px) 100vw, 580px\" \/><\/a><\/p>\n<div class=\"inventory\" data-filter=\"false\" data-next=\"false\" data-cart=\"false\" data-ids=\"1716,1715,1717,1718\"><div class=\"inventory-list\"><div class=\"dummy\"><\/div><div class=\"dummy\"><\/div><div class=\"dummy\"><\/div><div class=\"dummy\"><\/div><\/div><\/div>\n<div class=\"inventory\" data-filter=\"false\" data-next=\"false\" data-cart=\"false\" data-ids=\"1252,1253,1254,1462\"><div class=\"inventory-list\"><div class=\"dummy\"><\/div><div class=\"dummy\"><\/div><div class=\"dummy\"><\/div><div class=\"dummy\"><\/div><\/div><\/div>\n<div class=\"inventory\" data-filter=\"false\" data-next=\"false\" data-cart=\"false\" data-ids=\"1444,1445,1703\"><div class=\"inventory-list\"><div class=\"dummy\"><\/div><div class=\"dummy\"><\/div><div class=\"dummy\"><\/div><\/div><\/div>\n<h2>\u010cesk\u00fd jazyk pro 4.&nbsp;ro\u010dn\u00edk<\/h2>\n<div class=\"inventory\" data-filter=\"false\" data-next=\"false\" data-cart=\"false\" data-ids=\"1154,1155,1156,1464\"><div class=\"inventory-list\"><div class=\"dummy\"><\/div><div class=\"dummy\"><\/div><div class=\"dummy\"><\/div><div class=\"dummy\"><\/div><\/div><\/div>\n<div class=\"inventory\" data-filter=\"false\" data-next=\"false\" data-cart=\"false\" data-ids=\"1203, 1204, 1205, 1465\"><div class=\"inventory-list\"><div class=\"dummy\"><\/div><div class=\"dummy\"><\/div><div class=\"dummy\"><\/div><div class=\"dummy\"><\/div><\/div><\/div>\n<div class=\"inventory\" data-filter=\"false\" data-next=\"false\" data-cart=\"false\" data-ids=\"2129,2130,2131,2132,2121,2122,2123,2124\"><div class=\"inventory-list\"><div class=\"dummy\"><\/div><div class=\"dummy\"><\/div><div class=\"dummy\"><\/div><div class=\"dummy\"><\/div><div class=\"dummy\"><\/div><div class=\"dummy\"><\/div><div class=\"dummy\"><\/div><div class=\"dummy\"><\/div><\/div><\/div>\n<\/div>\n<h2>\u010cesk\u00fd jazyk pro 5.&nbsp;ro\u010dn\u00edk<\/h2>\n<p><div class=\"inventory\" data-filter=\"false\" data-next=\"false\" data-cart=\"false\" data-ids=\"1220,1221,1222,1466\"><div class=\"inventory-list\"><div class=\"dummy\"><\/div><div class=\"dummy\"><\/div><div class=\"dummy\"><\/div><div class=\"dummy\"><\/div><\/div><\/div> <div class=\"inventory\" data-filter=\"false\" data-next=\"false\" data-cart=\"false\" data-ids=\"1138,1139,1140,1467\"><div class=\"inventory-list\"><div class=\"dummy\"><\/div><div class=\"dummy\"><\/div><div class=\"dummy\"><\/div><div class=\"dummy\"><\/div><\/div><\/div><\/p>\n<p><a href=\"https:\/\/www.nns.cz\/blog\/wp-content\/uploads\/miuc-citanka-5-nnscz.jpg\"><img loading=\"lazy\" decoding=\"async\" class=\"aligncenter size-medium wp-image-8322\" title=\"miuc-citanka-5-nnscz\" src=\"https:\/\/www.nns.cz\/blog\/wp-content\/uploads\/miuc-citanka-5-nnscz.jpg\" alt=\"\" width=\"600\" height=\"290\" srcset=\"https:\/\/www.nns.cz\/blog\/wp-content\/uploads\/miuc-citanka-5-nnscz.jpg 600w, https:\/\/www.nns.cz\/blog\/wp-content\/uploads\/miuc-citanka-5-nnscz-580x280.jpg 580w\" sizes=\"auto, (max-width: 600px) 100vw, 600px\" \/><\/a><\/p>\n","protected":false},"excerpt":{"rendered":"<p>\u010cesk\u00fd jazyk pro 2.&nbsp;ro\u010dn\u00edk Nov\u00e1\u00a0multimedi\u00e1ln\u00ed interaktivn\u00ed u\u010debnice\u00a0MIU\u010d+ \u010cesk\u00fd jazyk 2 obsahuje interaktivn\u00ed verzi nov\u00e9 ti\u0161t\u011bn\u00e9 u\u010debnice \u010cesk\u00fd jazyk 2 (k\u00f3d 2-55),\u00a0interaktivn\u00ed verzi ti\u0161t\u011bn\u00fdch pracovn\u00edch se\u0161it\u016f \u010cesk\u00fd jazyk 2, 1.&nbsp;a&nbsp;2.&nbsp;d\u00edl (k\u00f3d 2-63 a&nbsp;2-64)\u00a0a tak\u00e9 interaktivn\u00ed verzi ti\u0161t\u011bn\u00e9 P\u00edsanky 2, 1.&nbsp;d\u00edl a&nbsp;2.&nbsp;d\u00edl. Sou\u010d\u00e1st\u00ed MIU\u010d+ jsou interaktivn\u00ed cvi\u010den\u00ed, mezip\u0159edm\u011btov\u00e9 vztahy do u\u010debnic angli\u010dtiny a&nbsp;prvouky, zaj\u00edmavosti, fotoalba a&nbsp;audionahr\u00e1vky textu [&hellip;]<\/p>\n","protected":false},"author":6,"featured_media":0,"parent":0,"menu_order":0,"comment_status":"open","ping_status":"closed","template":"","meta":{"footnotes":""},"class_list":["post-6533","page","type-page","status-publish","hentry"],"_links":{"self":[{"href":"https:\/\/www.nns.cz\/blog\/wp-json\/wp\/v2\/pages\/6533","targetHints":{"allow":["GET"]}}],"collection":[{"href":"https:\/\/www.nns.cz\/blog\/wp-json\/wp\/v2\/pages"}],"about":[{"href":"https:\/\/www.nns.cz\/blog\/wp-json\/wp\/v2\/types\/page"}],"author":[{"embeddable":true,"href":"https:\/\/www.nns.cz\/blog\/wp-json\/wp\/v2\/users\/6"}],"replies":[{"embeddable":true,"href":"https:\/\/www.nns.cz\/blog\/wp-json\/wp\/v2\/comments?post=6533"}],"version-history":[{"count":51,"href":"https:\/\/www.nns.cz\/blog\/wp-json\/wp\/v2\/pages\/6533\/revisions"}],"predecessor-version":[{"id":15777,"href":"https:\/\/www.nns.cz\/blog\/wp-json\/wp\/v2\/pages\/6533\/revisions\/15777"}],"wp:attachment":[{"href":"https:\/\/www.nns.cz\/blog\/wp-json\/wp\/v2\/media?parent=6533"}],"curies":[{"name":"wp","href":"https:\/\/api.w.org\/{rel}","templated":true}]}}