{"id":6539,"date":"2013-05-04T15:05:12","date_gmt":"2013-05-04T13:05:12","guid":{"rendered":"http:\/\/www.nns.cz\/blog\/?page_id=6539"},"modified":"2022-01-05T09:23:22","modified_gmt":"2022-01-05T07:23:22","slug":"multimedialni-interaktivni-ucebnice-matematika","status":"publish","type":"page","link":"https:\/\/www.nns.cz\/blog\/multimedialni-interaktivni-ucebnice-matematika\/","title":{"rendered":"Multimedi\u00e1ln\u00ed interaktivn\u00ed u\u010debnice Matematika"},"content":{"rendered":"<p><iframe loading=\"lazy\" src=\"https:\/\/www.youtube.com\/embed\/eCoW5cGrdcY\" width=\"560\" height=\"315\" frameborder=\"0\" allowfullscreen=\"allowfullscreen\"><\/iframe><\/p>\n<p><div class=\"inventory\" data-filter=\"false\" data-next=\"false\" data-cart=\"false\" data-ids=\"1057,1061,1170, 1500\"><div class=\"inventory-list\"><div class=\"dummy\"><\/div><div class=\"dummy\"><\/div><div class=\"dummy\"><\/div><div class=\"dummy\"><\/div><\/div><\/div><br \/>\n<div class=\"inventory\" data-filter=\"false\" data-next=\"false\" data-cart=\"false\" data-ids=\"1059, 1062,1171, 1501\"><div class=\"inventory-list\"><div class=\"dummy\"><\/div><div class=\"dummy\"><\/div><div class=\"dummy\"><\/div><div class=\"dummy\"><\/div><\/div><\/div><br \/>\n<div class=\"inventory\" data-filter=\"false\" data-next=\"false\" data-cart=\"false\" data-ids=\"1060,1063, 1169, 1502\"><div class=\"inventory-list\"><div class=\"dummy\"><\/div><div class=\"dummy\"><\/div><div class=\"dummy\"><\/div><div class=\"dummy\"><\/div><\/div><\/div><br \/>\n<div class=\"inventory\" data-filter=\"false\" data-next=\"false\" data-cart=\"false\" data-ids=\"1058,1064,1172, 1503\"><div class=\"inventory-list\"><div class=\"dummy\"><\/div><div class=\"dummy\"><\/div><div class=\"dummy\"><\/div><div class=\"dummy\"><\/div><\/div><\/div><\/p>\n<p><div class=\"inventory\" data-filter=\"false\" data-next=\"false\" data-cart=\"false\" data-ids=\"1128,1129,1174, 1506\"><div class=\"inventory-list\"><div class=\"dummy\"><\/div><div class=\"dummy\"><\/div><div class=\"dummy\"><\/div><div class=\"dummy\"><\/div><\/div><\/div> <div class=\"inventory\" data-filter=\"false\" data-next=\"false\" data-cart=\"false\" data-ids=\"1196,1197,1198, 1507\"><div class=\"inventory-list\"><div class=\"dummy\"><\/div><div class=\"dummy\"><\/div><div class=\"dummy\"><\/div><div class=\"dummy\"><\/div><\/div><\/div> <div class=\"inventory\" data-filter=\"false\" data-next=\"false\" data-cart=\"false\" data-ids=\"1200, 1201, 1202, 1508\"><div class=\"inventory-list\"><div class=\"dummy\"><\/div><div class=\"dummy\"><\/div><div class=\"dummy\"><\/div><div class=\"dummy\"><\/div><\/div><\/div> \u00a0<div class=\"inventory\" data-filter=\"false\" data-next=\"false\" data-cart=\"false\" data-ids=\"1217, 1218, 1219, 1509\"><div class=\"inventory-list\"><div class=\"dummy\"><\/div><div class=\"dummy\"><\/div><div class=\"dummy\"><\/div><div class=\"dummy\"><\/div><\/div><\/div>\u00a0\u00a0<div class=\"inventory\" data-filter=\"false\" data-next=\"false\" data-cart=\"false\" data-ids=\"1269,1270,1271, 1510\"><div class=\"inventory-list\"><div class=\"dummy\"><\/div><div class=\"dummy\"><\/div><div class=\"dummy\"><\/div><div class=\"dummy\"><\/div><\/div><\/div>\u00a0\u00a0<div class=\"inventory\" data-filter=\"false\" data-next=\"false\" data-cart=\"false\" data-ids=\"1396,1397,1398, 1511\"><div class=\"inventory-list\"><div class=\"dummy\"><\/div><div class=\"dummy\"><\/div><div class=\"dummy\"><\/div><div class=\"dummy\"><\/div><\/div><\/div>\u00a0<div class=\"inventory\" data-filter=\"false\" data-next=\"false\" data-cart=\"false\" data-ids=\"1413,1414,1415,1512\"><div class=\"inventory-list\"><div class=\"dummy\"><\/div><div class=\"dummy\"><\/div><div class=\"dummy\"><\/div><div class=\"dummy\"><\/div><\/div><\/div>\u00a0<div class=\"inventory\" data-filter=\"false\" data-next=\"false\" data-cart=\"false\" data-ids=\"1419,1420,1421,1513\"><div class=\"inventory-list\"><div class=\"dummy\"><\/div><div class=\"dummy\"><\/div><div class=\"dummy\"><\/div><div class=\"dummy\"><\/div><\/div><\/div><\/p>\n<div class=\"inventory\" data-filter=\"false\" data-next=\"false\" data-cart=\"false\" data-ids=\"1604,1605,1606,1514\"><div class=\"inventory-list\"><div class=\"dummy\"><\/div><div class=\"dummy\"><\/div><div class=\"dummy\"><\/div><div class=\"dummy\"><\/div><\/div><\/div>\n<div class=\"inventory\" data-filter=\"false\" data-next=\"false\" data-cart=\"false\" data-ids=\"1607,1608,1609,1515\"><div class=\"inventory-list\"><div class=\"dummy\"><\/div><div class=\"dummy\"><\/div><div class=\"dummy\"><\/div><div class=\"dummy\"><\/div><\/div><\/div>\n<div class=\"inventory\" data-filter=\"false\" data-next=\"false\" data-cart=\"false\" data-ids=\"1610,1611,1612,1516\"><div class=\"inventory-list\"><div class=\"dummy\"><\/div><div class=\"dummy\"><\/div><div class=\"dummy\"><\/div><div class=\"dummy\"><\/div><\/div><\/div>\n<div>Ka\u017ed\u00e1 MIU\u010d+ obsahuje interaktivn\u00ed verzi ti\u0161t\u011bn\u00e9 u\u010debnice, interaktivn\u00ed verzi ti\u0161t\u011bn\u00e9ho pracovn\u00edho se\u0161itu a&nbsp;\u0159adu multim\u00e9di\u00ed (interaktivn\u00ed cvi\u010den\u00ed, animace, vybran\u00e1 anglick\u00e1 kl\u00ed\u010dov\u00e1 slova namluven\u00e1 rodil\u00fdm mluv\u010d\u00edm&#8230;).<\/div>\n<div><strong>Uk\u00e1zka u\u010debnice z&nbsp;MIU\u010d+ Desetinn\u00e1 \u010d\u00edsla:<\/strong><\/div>\n<div><a href=\"https:\/\/www.nns.cz\/blog\/wp-content\/uploads\/miuc-matematika-desetinna-cisla-ucebnice.jpg\"><img loading=\"lazy\" decoding=\"async\" class=\"size-medium wp-image-7958 alignleft\" title=\"Matika z katalogu 2014 na web.indd\" src=\"https:\/\/www.nns.cz\/blog\/wp-content\/uploads\/miuc-matematika-desetinna-cisla-ucebnice.jpg\" alt=\"\" width=\"534\" height=\"442\" srcset=\"https:\/\/www.nns.cz\/blog\/wp-content\/uploads\/miuc-matematika-desetinna-cisla-ucebnice.jpg 593w, https:\/\/www.nns.cz\/blog\/wp-content\/uploads\/miuc-matematika-desetinna-cisla-ucebnice-580x480.jpg 580w\" sizes=\"auto, (max-width: 534px) 100vw, 534px\" \/><\/a><\/div>\n<div><strong>Uk\u00e1zka pracovn\u00edho se\u0161itu z&nbsp;MIU\u010d+ Desetinn\u00e1 \u010d\u00edsla:<\/strong><\/div>\n<div><a href=\"https:\/\/www.nns.cz\/blog\/wp-content\/uploads\/miuc-matematika-desetinna-cisla-pracovni-sesit.jpg\"><img loading=\"lazy\" decoding=\"async\" class=\"alignleft size-medium wp-image-7960\" title=\"Matika PS z katalogu 2014 na web.indd\" src=\"https:\/\/www.nns.cz\/blog\/wp-content\/uploads\/miuc-matematika-desetinna-cisla-pracovni-sesit.jpg\" alt=\"\" width=\"534\" height=\"442\" srcset=\"https:\/\/www.nns.cz\/blog\/wp-content\/uploads\/miuc-matematika-desetinna-cisla-pracovni-sesit.jpg 593w, https:\/\/www.nns.cz\/blog\/wp-content\/uploads\/miuc-matematika-desetinna-cisla-pracovni-sesit-580x480.jpg 580w\" sizes=\"auto, (max-width: 534px) 100vw, 534px\" \/><\/a><\/div>\n<h2>Kliknut\u00edm na jednotliv\u00e9 ikonky \u0161ach\u016f se zobraz\u00ed:<\/h2>\n<p><strong>Motiva\u010dn\u00ed interaktivn\u00ed cvi\u010den\u00ed<\/strong><\/p>\n<p><a href=\"https:\/\/www.nns.cz\/blog\/wp-content\/uploads\/jezdec_uvod.jpg\"><img loading=\"lazy\" decoding=\"async\" class=\"size-medium wp-image-7037 alignleft\" title=\"jezdec_uvod\" src=\"https:\/\/www.nns.cz\/blog\/wp-content\/uploads\/jezdec_uvod.jpg\" alt=\"\" width=\"103\" height=\"139\" \/><\/a><br \/>\n<a href=\"https:\/\/www.nns.cz\/blog\/wp-content\/uploads\/motivacni-ic.jpg\"><img loading=\"lazy\" decoding=\"async\" class=\"aligncenter size-medium wp-image-7027\" title=\"motivacni-ic\" src=\"https:\/\/www.nns.cz\/blog\/wp-content\/uploads\/motivacni-ic-600x421.jpg\" alt=\"\" width=\"360\" height=\"253\" srcset=\"https:\/\/www.nns.cz\/blog\/wp-content\/uploads\/motivacni-ic-600x421.jpg 600w, https:\/\/www.nns.cz\/blog\/wp-content\/uploads\/motivacni-ic-580x407.jpg 580w, https:\/\/www.nns.cz\/blog\/wp-content\/uploads\/motivacni-ic.jpg 886w\" sizes=\"auto, (max-width: 360px) 100vw, 360px\" \/><\/a><\/p>\n<p><strong>Interaktivn\u00ed rozcvi\u010dky k&nbsp;nadch\u00e1zej\u00edc\u00ed kapitole<\/strong><br \/>\n<a href=\"https:\/\/www.nns.cz\/blog\/wp-content\/uploads\/pesci-cviceni1.jpg\"><img loading=\"lazy\" decoding=\"async\" class=\"size-medium wp-image-7045 alignleft\" title=\"pesci-cviceni1\" src=\"https:\/\/www.nns.cz\/blog\/wp-content\/uploads\/pesci-cviceni1.jpg\" alt=\"\" width=\"134\" height=\"151\" \/><\/a><br \/>\n<a href=\"https:\/\/www.nns.cz\/blog\/wp-content\/uploads\/interaktivni-rozcvicky.jpg\"><img loading=\"lazy\" decoding=\"async\" class=\"size-medium wp-image-7029 aligncenter\" title=\"interaktivni-rozcvicky\" src=\"https:\/\/www.nns.cz\/blog\/wp-content\/uploads\/interaktivni-rozcvicky-600x416.jpg\" alt=\"\" width=\"360\" height=\"250\" srcset=\"https:\/\/www.nns.cz\/blog\/wp-content\/uploads\/interaktivni-rozcvicky-600x416.jpg 600w, https:\/\/www.nns.cz\/blog\/wp-content\/uploads\/interaktivni-rozcvicky-580x402.jpg 580w, https:\/\/www.nns.cz\/blog\/wp-content\/uploads\/interaktivni-rozcvicky.jpg 907w\" sizes=\"auto, (max-width: 360px) 100vw, 360px\" \/><\/a><\/p>\n<p><strong>Fotografie, obr\u00e1zky a&nbsp;\u00favahy poukazuj\u00edc\u00ed na souvislosti s&nbsp;b\u011b\u017en\u00fdm \u017eivotem<\/strong><br \/>\n<a href=\"https:\/\/www.nns.cz\/blog\/wp-content\/uploads\/strelec_ukol.jpg\"><img decoding=\"async\" class=\"size-medium wp-image-7048 alignleft\" title=\"st\u00f8elec_ukol\" src=\"https:\/\/www.nns.cz\/blog\/wp-content\/uploads\/strelec_ukol.jpg\" alt=\"\" \/><\/a><br \/>\n<a href=\"https:\/\/www.nns.cz\/blog\/wp-content\/uploads\/fotografie.jpg\"><img loading=\"lazy\" decoding=\"async\" class=\"aligncenter size-medium wp-image-7030\" title=\"fotografie\" src=\"https:\/\/www.nns.cz\/blog\/wp-content\/uploads\/fotografie-600x427.jpg\" alt=\"\" width=\"360\" height=\"256\" srcset=\"https:\/\/www.nns.cz\/blog\/wp-content\/uploads\/fotografie-600x427.jpg 600w, https:\/\/www.nns.cz\/blog\/wp-content\/uploads\/fotografie-580x413.jpg 580w, https:\/\/www.nns.cz\/blog\/wp-content\/uploads\/fotografie.jpg 878w\" sizes=\"auto, (max-width: 360px) 100vw, 360px\" \/><\/a><\/p>\n<p style=\"text-align: left;\"><strong>Animace vysv\u011btluj\u00edc\u00ed nov\u00e9 u\u010divo v&nbsp;n\u011bkolika kroc\u00edch<\/strong><\/p>\n<p><a href=\"https:\/\/www.nns.cz\/blog\/wp-content\/uploads\/pesec-film.jpg\"><img loading=\"lazy\" decoding=\"async\" class=\"size-medium wp-image-7052 alignleft\" title=\"pesec-film\" src=\"https:\/\/www.nns.cz\/blog\/wp-content\/uploads\/pesec-film.jpg\" alt=\"\" width=\"124\" height=\"148\" \/><\/a><br \/>\n<a href=\"https:\/\/www.nns.cz\/blog\/wp-content\/uploads\/animace.jpg\"><img loading=\"lazy\" decoding=\"async\" class=\"aligncenter size-medium wp-image-7032\" title=\"animace\" src=\"https:\/\/www.nns.cz\/blog\/wp-content\/uploads\/animace-600x423.jpg\" alt=\"\" width=\"360\" height=\"254\" srcset=\"https:\/\/www.nns.cz\/blog\/wp-content\/uploads\/animace-600x423.jpg 600w, https:\/\/www.nns.cz\/blog\/wp-content\/uploads\/animace-580x409.jpg 580w, https:\/\/www.nns.cz\/blog\/wp-content\/uploads\/animace.jpg 886w\" sizes=\"auto, (max-width: 360px) 100vw, 360px\" \/><\/a><\/p>\n<p style=\"text-align: left;\"><strong>Interaktivn\u00ed dopl\u0148ov\u00e1n\u00ed<\/strong><\/p>\n<p style=\"text-align: center;\"><img loading=\"lazy\" decoding=\"async\" class=\"size-medium wp-image-7058 alignleft\" title=\"kr\u00e1l OK\" src=\"https:\/\/www.nns.cz\/blog\/wp-content\/uploads\/kral-ok.jpg\" alt=\"\" width=\"99\" height=\"170\" \/><a href=\"https:\/\/www.nns.cz\/blog\/wp-content\/uploads\/interaktivni-doplnovacky.jpg\"><img loading=\"lazy\" decoding=\"async\" class=\"aligncenter size-medium wp-image-7034\" title=\"interaktivni-doplnovacky\" src=\"https:\/\/www.nns.cz\/blog\/wp-content\/uploads\/interaktivni-doplnovacky-600x428.jpg\" alt=\"\" width=\"360\" height=\"257\" srcset=\"https:\/\/www.nns.cz\/blog\/wp-content\/uploads\/interaktivni-doplnovacky-600x428.jpg 600w, https:\/\/www.nns.cz\/blog\/wp-content\/uploads\/interaktivni-doplnovacky-580x413.jpg 580w, https:\/\/www.nns.cz\/blog\/wp-content\/uploads\/interaktivni-doplnovacky.jpg 883w\" sizes=\"auto, (max-width: 360px) 100vw, 360px\" \/><\/a><\/p>\n<p style=\"text-align: left;\"><strong>Interaktivn\u00ed cvi\u010den\u00ed pro p\u0159ipomenut\u00ed u\u010diva<\/strong><\/p>\n<p><a href=\"https:\/\/www.nns.cz\/blog\/wp-content\/uploads\/vezl.jpg\"><img decoding=\"async\" class=\"size-medium wp-image-7061 alignleft\" title=\"st\u00f8elec_ukol\" src=\"https:\/\/www.nns.cz\/blog\/wp-content\/uploads\/vezl.jpg\" alt=\"\" \/><\/a><br \/>\n<a href=\"https:\/\/www.nns.cz\/blog\/wp-content\/uploads\/ic-na-pripomenuti-uciva.jpg\"><img loading=\"lazy\" decoding=\"async\" class=\"aligncenter size-medium wp-image-7035\" title=\"ic-na-pripomenuti-uciva\" src=\"https:\/\/www.nns.cz\/blog\/wp-content\/uploads\/ic-na-pripomenuti-uciva-600x430.jpg\" alt=\"\" width=\"360\" height=\"258\" srcset=\"https:\/\/www.nns.cz\/blog\/wp-content\/uploads\/ic-na-pripomenuti-uciva-600x430.jpg 600w, https:\/\/www.nns.cz\/blog\/wp-content\/uploads\/ic-na-pripomenuti-uciva-580x416.jpg 580w, https:\/\/www.nns.cz\/blog\/wp-content\/uploads\/ic-na-pripomenuti-uciva.jpg 875w\" sizes=\"auto, (max-width: 360px) 100vw, 360px\" \/><\/a><\/p>\n","protected":false},"excerpt":{"rendered":"<p>\u00a0\u00a0\u00a0\u00a0\u00a0\u00a0\u00a0 Ka\u017ed\u00e1 MIU\u010d+ obsahuje interaktivn\u00ed verzi ti\u0161t\u011bn\u00e9 u\u010debnice, interaktivn\u00ed verzi ti\u0161t\u011bn\u00e9ho pracovn\u00edho se\u0161itu a&nbsp;\u0159adu multim\u00e9di\u00ed (interaktivn\u00ed cvi\u010den\u00ed, animace, vybran\u00e1 anglick\u00e1 kl\u00ed\u010dov\u00e1 slova namluven\u00e1 rodil\u00fdm mluv\u010d\u00edm&#8230;). Uk\u00e1zka u\u010debnice z&nbsp;MIU\u010d+ Desetinn\u00e1 \u010d\u00edsla: Uk\u00e1zka pracovn\u00edho se\u0161itu z&nbsp;MIU\u010d+ Desetinn\u00e1 \u010d\u00edsla: Kliknut\u00edm na jednotliv\u00e9 ikonky \u0161ach\u016f se zobraz\u00ed: Motiva\u010dn\u00ed interaktivn\u00ed cvi\u010den\u00ed Interaktivn\u00ed rozcvi\u010dky k&nbsp;nadch\u00e1zej\u00edc\u00ed kapitole Fotografie, obr\u00e1zky a&nbsp;\u00favahy poukazuj\u00edc\u00ed na [&hellip;]<\/p>\n","protected":false},"author":6,"featured_media":0,"parent":0,"menu_order":0,"comment_status":"open","ping_status":"closed","template":"","meta":{"footnotes":""},"class_list":["post-6539","page","type-page","status-publish","hentry"],"_links":{"self":[{"href":"https:\/\/www.nns.cz\/blog\/wp-json\/wp\/v2\/pages\/6539","targetHints":{"allow":["GET"]}}],"collection":[{"href":"https:\/\/www.nns.cz\/blog\/wp-json\/wp\/v2\/pages"}],"about":[{"href":"https:\/\/www.nns.cz\/blog\/wp-json\/wp\/v2\/types\/page"}],"author":[{"embeddable":true,"href":"https:\/\/www.nns.cz\/blog\/wp-json\/wp\/v2\/users\/6"}],"replies":[{"embeddable":true,"href":"https:\/\/www.nns.cz\/blog\/wp-json\/wp\/v2\/comments?post=6539"}],"version-history":[{"count":32,"href":"https:\/\/www.nns.cz\/blog\/wp-json\/wp\/v2\/pages\/6539\/revisions"}],"predecessor-version":[{"id":15382,"href":"https:\/\/www.nns.cz\/blog\/wp-json\/wp\/v2\/pages\/6539\/revisions\/15382"}],"wp:attachment":[{"href":"https:\/\/www.nns.cz\/blog\/wp-json\/wp\/v2\/media?parent=6539"}],"curies":[{"name":"wp","href":"https:\/\/api.w.org\/{rel}","templated":true}]}}