{"id":6723,"date":"2013-08-06T12:00:06","date_gmt":"2013-08-06T10:00:06","guid":{"rendered":"http:\/\/www.nns.cz\/blog\/?page_id=6723"},"modified":"2020-07-09T14:22:53","modified_gmt":"2020-07-09T12:22:53","slug":"multimedialni-interaktivni-ucebnice-cesky-jazyk-a-literatura","status":"publish","type":"page","link":"https:\/\/www.nns.cz\/blog\/multimedialni-interaktivni-ucebnice-cesky-jazyk-a-literatura\/","title":{"rendered":"Multimedi\u00e1ln\u00ed interaktivn\u00ed u\u010debnice \u010desk\u00fd jazyk"},"content":{"rendered":"<p><iframe loading=\"lazy\" width=\"560\" height=\"315\" src=\"https:\/\/www.youtube.com\/embed\/8Wmv_Xn5XfE\" frameborder=\"0\" allow=\"accelerometer; autoplay; encrypted-media; gyroscope; picture-in-picture\" allowfullscreen><\/iframe><\/p>\n<p><a href=\"https:\/\/www.nns.cz\/blog\/wp-content\/uploads\/miuc-cesky-jazyk-6-nnscz.jpg\"><img loading=\"lazy\" decoding=\"async\" class=\"aligncenter size-medium wp-image-8362\" title=\"miuc-cesky-jazyk-6-nnscz\" src=\"https:\/\/www.nns.cz\/blog\/wp-content\/uploads\/miuc-cesky-jazyk-6-nnscz-600x296.jpg\" alt=\"\" width=\"600\" height=\"296\" srcset=\"https:\/\/www.nns.cz\/blog\/wp-content\/uploads\/miuc-cesky-jazyk-6-nnscz-600x296.jpg 600w, https:\/\/www.nns.cz\/blog\/wp-content\/uploads\/miuc-cesky-jazyk-6-nnscz-580x286.jpg 580w, https:\/\/www.nns.cz\/blog\/wp-content\/uploads\/miuc-cesky-jazyk-6-nnscz.jpg 1570w\" sizes=\"auto, (max-width: 600px) 100vw, 600px\" \/><\/a><\/p>\n<div class=\"inventory\" data-filter=\"false\" data-next=\"false\" data-cart=\"false\" data-ids=\"1097,1096,1168,1497,1098,1099,1173,1498,1258,1259,1260,1499,1650,1651,1652,1653\"><div class=\"inventory-list\"><div class=\"dummy\"><\/div><div class=\"dummy\"><\/div><div class=\"dummy\"><\/div><div class=\"dummy\"><\/div><div class=\"dummy\"><\/div><div class=\"dummy\"><\/div><div class=\"dummy\"><\/div><div class=\"dummy\"><\/div><div class=\"dummy\"><\/div><div class=\"dummy\"><\/div><div class=\"dummy\"><\/div><div class=\"dummy\"><\/div><div class=\"dummy\"><\/div><div class=\"dummy\"><\/div><div class=\"dummy\"><\/div><div class=\"dummy\"><\/div><\/div><\/div>\n","protected":false},"excerpt":{"rendered":"","protected":false},"author":6,"featured_media":0,"parent":0,"menu_order":0,"comment_status":"open","ping_status":"closed","template":"","meta":{"footnotes":""},"class_list":["post-6723","page","type-page","status-publish","hentry"],"_links":{"self":[{"href":"https:\/\/www.nns.cz\/blog\/wp-json\/wp\/v2\/pages\/6723","targetHints":{"allow":["GET"]}}],"collection":[{"href":"https:\/\/www.nns.cz\/blog\/wp-json\/wp\/v2\/pages"}],"about":[{"href":"https:\/\/www.nns.cz\/blog\/wp-json\/wp\/v2\/types\/page"}],"author":[{"embeddable":true,"href":"https:\/\/www.nns.cz\/blog\/wp-json\/wp\/v2\/users\/6"}],"replies":[{"embeddable":true,"href":"https:\/\/www.nns.cz\/blog\/wp-json\/wp\/v2\/comments?post=6723"}],"version-history":[{"count":13,"href":"https:\/\/www.nns.cz\/blog\/wp-json\/wp\/v2\/pages\/6723\/revisions"}],"predecessor-version":[{"id":13646,"href":"https:\/\/www.nns.cz\/blog\/wp-json\/wp\/v2\/pages\/6723\/revisions\/13646"}],"wp:attachment":[{"href":"https:\/\/www.nns.cz\/blog\/wp-json\/wp\/v2\/media?parent=6723"}],"curies":[{"name":"wp","href":"https:\/\/api.w.org\/{rel}","templated":true}]}}