{"id":8568,"date":"2015-05-07T10:50:01","date_gmt":"2015-05-07T08:50:01","guid":{"rendered":"http:\/\/www.nns.cz\/blog\/?page_id=8568"},"modified":"2017-06-25T19:42:51","modified_gmt":"2017-06-25T17:42:51","slug":"mc-teacher","status":"publish","type":"page","link":"https:\/\/www.nns.cz\/blog\/mc-teacher\/","title":{"rendered":"Media Creator pro vyu\u010duj\u00edc\u00ed"},"content":{"rendered":"<p><script type=\"text\/javascript\">\/\/ <![CDATA[\nwindow.location.replace('https:\/\/nns.cz\/download\/index.php?cert=1&#038;user=teacher');\n\/\/ ]]><\/script><\/p>\n","protected":false},"excerpt":{"rendered":"","protected":false},"author":6,"featured_media":0,"parent":0,"menu_order":0,"comment_status":"open","ping_status":"closed","template":"","meta":{"footnotes":""},"class_list":["post-8568","page","type-page","status-publish","hentry"],"_links":{"self":[{"href":"https:\/\/www.nns.cz\/blog\/wp-json\/wp\/v2\/pages\/8568","targetHints":{"allow":["GET"]}}],"collection":[{"href":"https:\/\/www.nns.cz\/blog\/wp-json\/wp\/v2\/pages"}],"about":[{"href":"https:\/\/www.nns.cz\/blog\/wp-json\/wp\/v2\/types\/page"}],"author":[{"embeddable":true,"href":"https:\/\/www.nns.cz\/blog\/wp-json\/wp\/v2\/users\/6"}],"replies":[{"embeddable":true,"href":"https:\/\/www.nns.cz\/blog\/wp-json\/wp\/v2\/comments?post=8568"}],"version-history":[{"count":14,"href":"https:\/\/www.nns.cz\/blog\/wp-json\/wp\/v2\/pages\/8568\/revisions"}],"predecessor-version":[{"id":10096,"href":"https:\/\/www.nns.cz\/blog\/wp-json\/wp\/v2\/pages\/8568\/revisions\/10096"}],"wp:attachment":[{"href":"https:\/\/www.nns.cz\/blog\/wp-json\/wp\/v2\/media?parent=8568"}],"curies":[{"name":"wp","href":"https:\/\/api.w.org\/{rel}","templated":true}]}}