{"id":8588,"date":"2015-05-15T09:32:46","date_gmt":"2015-05-15T07:32:46","guid":{"rendered":"http:\/\/www.nns.cz\/blog\/hry-se-slabikami\/"},"modified":"2015-09-08T11:46:17","modified_gmt":"2015-09-08T09:46:17","slug":"hry-se-slabikami","status":"publish","type":"page","link":"https:\/\/www.nns.cz\/blog\/hry-se-slabikami\/","title":{"rendered":"Hry se slabikami"},"content":{"rendered":"<p><span><div class=\"inventory\" data-filter=\"false\" data-next=\"false\" data-cart=\"false\" data-ids=\"1194\"><div class=\"inventory-list\"><div class=\"dummy\"><\/div><\/div><\/div> <\/span><\/p>\n<h2>Dal\u0161\u00ed n\u00e1m\u011bty na hry se slabikami<\/h2>\n<p class=\"MsoNormal\"><strong>LOTO II<\/strong> \u2013 <span>obdoba hry LOTO I, karty jsou v\u0161ak na kupi\u010dce.<\/span> \u017d\u00e1k vid\u00ed jen tu kartu se slabikou, kter\u00e1 je na \u0159ad\u011b.<\/p>\n<p class=\"MsoNormal\">\n<p class=\"MsoNormal\"><strong>LOTO III<\/strong> <span>\u2013 obm\u011bna p\u0159edch\u00e1zej\u00edc\u00edch her; karty jsou oto\u010den\u00e9 tak<\/span>, aby nebylo vid\u011bt, co je na nich naps\u00e1no.<\/p>\n<p class=\"MsoNormal\">\n<p class=\"MsoNormal\"><strong>PEXESO II <\/strong>\u2013 obm\u011bna hry PEXESO I<span>; karti\u010dky<\/span> jsou na hrac\u00ed plo\u0161e vz\u00e1jemn\u011b prom\u00edchan\u00e9.<\/p>\n<p class=\"MsoNormal\">\n<p class=\"MsoNormal\"><strong>SKUPINY<\/strong> \u2013 se slabikami, pro t\u0159i a\u017e \u010dty\u0159i \u017e\u00e1ky<\/p>\n<p class=\"MsoNormal\">Ka\u017ed\u00fd \u017e\u00e1k si vezme jednu kartu s\u00a0nerozst\u0159\u00edhan\u00fdmi obr\u00e1zky. Karti\u010dky se slabikami jsou prom\u00edchan\u00e9 na kupi\u010dce. Ka\u017ed\u00e9mu \u017e\u00e1kovi se rozdaj\u00ed \u010dty\u0159i karti\u010dky. Zbytek se nech\u00e1 uprost\u0159ed na kupi\u010dce tak, aby nebylo vid\u011bt, kter\u00e1 slabika bude n\u00e1sledovat. \u017d\u00e1k si prohl\u00e9dne sv\u00e9 karti\u010dky<span>,<\/span> a&nbsp;pokud m\u00e1 vhodnou slabiku, p\u0159ilo\u017e\u00ed si ji na kartu s&nbsp;obr\u00e1zky. Pak se \u017e\u00e1k, kter\u00fd je na \u0159ad\u011b, pt\u00e1 n\u011bkoho z\u00a0ostatn\u00edch na n\u011bkterou ze slabik, kter\u00e1 mu na kart\u011b <span>s\u00a0obr\u00e1zky<\/span> chyb\u00ed. Pokud ji dotazovan\u00fd \u017e\u00e1k m\u00e1, mus\u00ed ji \u017e\u00e1kovi d\u00e1t a&nbsp;vz\u00edt si jinou karti\u010dku z\u00a0hrom\u00e1dky. <span>Pot\u00e9<\/span> se pt\u00e1 druh\u00fd \u017e\u00e1k. Pokud ji\u017e n\u011bkomu <span>karti\u010dky do\u0161ly<\/span>, bere si v\u017edy jednu z\u00a0hrom\u00e1dky. V\u00edt\u011bz\u00ed ten, kdo m\u00e1 na kart\u011b s\u00a0obr\u00e1zky nejv\u00edce slabik, nebo ji m\u00e1 <span>pokrytou<\/span> v\u0161emi slabikami. V&nbsp;t\u00e9to h\u0159e \u017e\u00e1ci ne\u0159e\u0161\u00ed barvy jednotliv\u00fdch karti\u010dek.<\/p>\n<p class=\"MsoNormal\">\n<p class=\"MsoNormal\"><strong>H\u00c1DANKY<\/strong> \u2013 \u017e\u00e1ci maj\u00ed p\u0159ed sebou nerozst\u0159\u00edhanou kartu s\u00a0obr\u00e1zky <span>a rozst\u0159\u00edhan\u00e9 karti\u010dky<\/span> se slabikami. U\u010ditel zad\u00e1v\u00e1 \u017e\u00e1k\u016fm h\u00e1danky tak, \u017ee obr\u00e1zek, na kter\u00fd si mysl\u00ed<span>,<\/span> op\u00ed\u0161e slovy jako h\u00e1danku. Nap\u0159.&nbsp;ke kart\u011b \u010d.&nbsp;2: U\u010ditel: Je to dopravn\u00ed prost\u0159edek <span>p\u0159i cest\u00e1ch<\/span> na velk\u00e9 vzd\u00e1lenosti. \u017d\u00e1ci rozhodnou, \u017ee z\u00a0nab\u00edzen\u00fdch obr\u00e1zk\u016f to je letadlo, vyberou slabiku <em>le<\/em> a&nbsp;polo\u017e\u00ed ji na obr\u00e1zek. Hra pokra\u010duje d\u00e1l. Podobn\u00e9 h\u00e1danky dok\u00e1\u017e\u00ed brzy tvo\u0159it <span>i<\/span> samotn\u00ed \u017e\u00e1ci. Rozv\u00edj\u00edme tak jejich vyjad\u0159ovac\u00ed schopnosti a&nbsp;roz\u0161i\u0159ujeme slovn\u00ed z\u00e1sobu.<\/p>\n<p class=\"MsoNormal\">\n<p class=\"MsoNormal\"><strong>HRA K\u00a0PROCVI\u010cEN\u00cd PAM\u011aTI<\/strong><\/p>\n<p class=\"MsoNormal\">\u017d\u00e1ci se po&nbsp;ur\u010ditou dobu d\u00edvaj\u00ed na kartu s&nbsp;obr\u00e1zky a&nbsp;sna\u017e\u00ed si je v\u0161echny zapamatovat. U\u010ditel m\u00e1 stejn\u00e9 obr\u00e1zky (je l\u00e9pe, jsou-li zv\u011bt\u0161en\u00e9) u&nbsp;sebe v\u00a0souboru. Za\u0159ad\u00ed <span>mezi n\u011b v\u0161ak<\/span> i&nbsp;obr\u00e1zky z\u00a0jin\u00e9 karty. \u017d\u00e1ci maj\u00ed za \u00fakol vybrat jen ty obr\u00e1zky, kter\u00e9 byly na kart\u011b.<\/p>\n<p class=\"MsoNormal\">Obt\u00ed\u017en\u011bj\u0161\u00ed <span>varianta hry: \u017e\u00e1ci<\/span> mus\u00ed obr\u00e1zky spr\u00e1vn\u011b um\u00edstit do p\u0159ipraven\u00e9 m\u0159\u00ed\u017eky <span>tak,<\/span> aby jejich poloha odpov\u00eddala um\u00edst\u011bn\u00ed na kart\u011b.<\/p>\n<p class=\"MsoNormal\">Nejobt\u00ed\u017en\u011bj\u0161\u00ed <span>varianta hry:<\/span> <span>\u017e\u00e1ci nepokl\u00e1daj\u00ed spr\u00e1vn\u00fd obr\u00e1zek na spr\u00e1vn\u00e9 m\u00edsto do p\u0159ipraven\u00e9 m\u0159\u00ed\u017eky,<\/span> ale spr\u00e1vnou slabiku odpov\u00eddaj\u00edc\u00ed obr\u00e1zku.<\/p>\n<p class=\"MsoNormal\">Karty lze vyu\u017e\u00edt i&nbsp;<span>v<\/span> pozd\u011bj\u0161\u00edm obdob\u00ed pr\u00e1ce. \u017d\u00e1ci mohou obr\u00e1zky, kter\u00e9 si zapamatovali, zapisovat slovy v\u010detn\u011b <span>varianty, kdy zapisuj\u00ed slova do spr\u00e1vn\u00e9ho r\u00e1me\u010dku<\/span> podle um\u00edst\u011bn\u00ed obr\u00e1zku na kart\u011b.<\/p>\n","protected":false},"excerpt":{"rendered":"<p>Dal\u0161\u00ed n\u00e1m\u011bty na hry se slabikami LOTO II \u2013 obdoba hry LOTO I, karty jsou v\u0161ak na kupi\u010dce. \u017d\u00e1k vid\u00ed jen tu kartu se slabikou, kter\u00e1 je na \u0159ad\u011b. LOTO III \u2013 obm\u011bna p\u0159edch\u00e1zej\u00edc\u00edch her; karty jsou oto\u010den\u00e9 tak, aby nebylo vid\u011bt, co je na nich naps\u00e1no. PEXESO II \u2013 obm\u011bna hry PEXESO I; karti\u010dky [&hellip;]<\/p>\n","protected":false},"author":5,"featured_media":0,"parent":0,"menu_order":0,"comment_status":"open","ping_status":"closed","template":"","meta":{"footnotes":""},"class_list":["post-8588","page","type-page","status-publish","hentry"],"_links":{"self":[{"href":"https:\/\/www.nns.cz\/blog\/wp-json\/wp\/v2\/pages\/8588","targetHints":{"allow":["GET"]}}],"collection":[{"href":"https:\/\/www.nns.cz\/blog\/wp-json\/wp\/v2\/pages"}],"about":[{"href":"https:\/\/www.nns.cz\/blog\/wp-json\/wp\/v2\/types\/page"}],"author":[{"embeddable":true,"href":"https:\/\/www.nns.cz\/blog\/wp-json\/wp\/v2\/users\/5"}],"replies":[{"embeddable":true,"href":"https:\/\/www.nns.cz\/blog\/wp-json\/wp\/v2\/comments?post=8588"}],"version-history":[{"count":5,"href":"https:\/\/www.nns.cz\/blog\/wp-json\/wp\/v2\/pages\/8588\/revisions"}],"predecessor-version":[{"id":8884,"href":"https:\/\/www.nns.cz\/blog\/wp-json\/wp\/v2\/pages\/8588\/revisions\/8884"}],"wp:attachment":[{"href":"https:\/\/www.nns.cz\/blog\/wp-json\/wp\/v2\/media?parent=8588"}],"curies":[{"name":"wp","href":"https:\/\/api.w.org\/{rel}","templated":true}]}}