{"id":87,"date":"2009-01-06T12:34:53","date_gmt":"2009-01-06T11:34:53","guid":{"rendered":"http:\/\/nns.cz\/blog\/?page_id=87"},"modified":"2021-03-20T23:41:20","modified_gmt":"2021-03-20T21:41:20","slug":"banner1","status":"publish","type":"page","link":"https:\/\/www.nns.cz\/blog\/banner1\/","title":{"rendered":"V\u00fdukov\u00e1 videa zdarma s&nbsp;v\u00fdkladem u\u010ditele z&nbsp;praxe"},"content":{"rendered":"<p>&nbsp;<\/p>\n<p><a href=\"https:\/\/www.matyskova-matematika.cz\/vyukova-videa\/\"><img decoding=\"async\" class=\"wp-image-12974 aligncenter\" src=\"https:\/\/www.nns.cz\/blog\/wp-content\/uploads\/V\u00ddUKOV\u00c1-VIDEA.png\" alt=\"\" width=\"280\" \/><\/a><br \/>\nPro <b>Mat\u00fdskovu matematiku od 1.&nbsp;do 5.&nbsp;ro\u010dn\u00edk<\/b><strong>u<\/strong> bylo ji\u017e nahr\u00e1no p\u0159es 5&nbsp;000 v\u00fdukov\u00fdch vide\u00ed s&nbsp;v\u00fdkladem, procvi\u010dov\u00e1n\u00edm a&nbsp;opakov\u00e1n\u00edm ve\u0161ker\u00e9 l\u00e1tky (v\u010detn\u011b geometrie).<br \/>\n<a href=\"https:\/\/nns.cz\/amos\/vyukova-videa\/\"><img decoding=\"async\" class=\"size-full wp-image-13909 aligncenter\" src=\"https:\/\/www.nns.cz\/blog\/wp-content\/uploads\/V\u00ddUKOV\u00c1-VIDEA-AG\u00c1TA.png\" alt=\"\" width=\"280\" srcset=\"https:\/\/www.nns.cz\/blog\/wp-content\/uploads\/V\u00ddUKOV\u00c1-VIDEA-AG\u00c1TA.png 844w, https:\/\/www.nns.cz\/blog\/wp-content\/uploads\/V\u00ddUKOV\u00c1-VIDEA-AG\u00c1TA-580x487.png 580w, https:\/\/www.nns.cz\/blog\/wp-content\/uploads\/V\u00ddUKOV\u00c1-VIDEA-AG\u00c1TA-600x504.png 600w, https:\/\/www.nns.cz\/blog\/wp-content\/uploads\/V\u00ddUKOV\u00c1-VIDEA-AG\u00c1TA-768x645.png 768w\" sizes=\"(max-width: 844px) 100vw, 844px\" \/><\/a><\/p>\n<p>S motivac\u00ed pomoci \u0161kol\u00e1m a&nbsp;\u017e\u00e1k\u016fm tak\u00e9 v&nbsp;oblasti element\u00e1rn\u00edho \u010dten\u00ed jsme zve\u0159ejnili <strong>v\u00fdukov\u00e1 videa k&nbsp;\u017div\u00e9 abeced\u011b<\/strong>,<strong> Slabik\u00e1\u0159i<\/strong>, 1.&nbsp;d\u00edl a&nbsp;2.&nbsp;d\u00edl, <strong>P\u00edsanky<\/strong>, 1.&nbsp;a&nbsp;2.&nbsp;d\u00edl, z&nbsp;\u0159ady u\u010debnic <strong>\u010cteme a&nbsp;p\u00ed\u0161eme s&nbsp;Ag\u00e1tou<\/strong>.<\/p>\n<div class=\"inventory\" data-filter=\"false\" data-next=\"false\" data-cart=\"false\" data-ids=\"1272, 1273, 1274\"><div class=\"inventory-list\"><div class=\"dummy\"><\/div><div class=\"dummy\"><\/div><div class=\"dummy\"><\/div><\/div><\/div>\n<h1><a href=\"https:\/\/nns.cz\/amos\/slabikar-2dil\/\">V\u00fdukov\u00e1 videa Slabik\u00e1\u0159, 2.&nbsp;d\u00edl<\/a><\/h1>\n<div class=\"inventory\" data-filter=\"false\" data-next=\"false\" data-cart=\"false\" data-ids=\"1279, 1280\"><div class=\"inventory-list\"><div class=\"dummy\"><\/div><div class=\"dummy\"><\/div><\/div><\/div>\n<h1><a href=\"https:\/\/nns.cz\/amos\/pisanka-2dil\/\">V\u00fdukov\u00e1 videa P\u00edsanka, 2.&nbsp;d\u00edl<\/a><\/h1>\n<p><strong><span style=\"color: #ff0000;\">Mil\u00ed prv\u0148\u00e1ci, <\/span><\/strong><strong><span style=\"color: #ff0000;\">poj\u010fte se mnou spole\u010dn\u011b napsat stranu z&nbsp;p\u00edsanky. <\/span><\/strong><strong><span style=\"color: #ff0000;\">Sta\u010d\u00ed vybrat stranu<span style=\"color: #000000;\"><span style=\"color: #ff0000;\">,<\/span> <\/span><\/span><\/strong><strong><span style=\"color: #ff0000;\">o\u0159ezat tu\u017eku a&nbsp;m\u016f\u017eeme ps\u00e1t.<\/span><\/strong><\/p>\n<p>Dal\u0161\u00ed videa pan Mgr. Milo\u0161 Novotn\u00fd pr\u016fb\u011b\u017en\u011b nat\u00e1\u010d\u00ed a&nbsp;budou zve\u0159ej\u0148ov\u00e1na postupn\u011b.<\/p>\n<p><a href=\"https:\/\/nns.cz\/amos\/\"><img loading=\"lazy\" decoding=\"async\" class=\"alignnone size-full wp-image-13617\" src=\"https:\/\/www.nns.cz\/blog\/wp-content\/uploads\/cteme-a-piseme-s-agatou-logo.jpg\" alt=\"\" width=\"433\" height=\"181\" \/><\/a><\/p>\n<p><div class=\"inventory\" data-filter=\"false\" data-next=\"false\" data-cart=\"false\" data-ids=\"1272, 1273, 1274\"><div class=\"inventory-list\"><div class=\"dummy\"><\/div><div class=\"dummy\"><\/div><div class=\"dummy\"><\/div><\/div><\/div> <div class=\"inventory\" data-filter=\"false\" data-next=\"false\" data-cart=\"false\" data-ids=\"1275, 1276, 1278\"><div class=\"inventory-list\"><div class=\"dummy\"><\/div><div class=\"dummy\"><\/div><div class=\"dummy\"><\/div><\/div><\/div> <div class=\"inventory\" data-filter=\"false\" data-next=\"false\" data-cart=\"false\" data-ids=\"1279,1280,1281\"><div class=\"inventory-list\"><div class=\"dummy\"><\/div><div class=\"dummy\"><\/div><div class=\"dummy\"><\/div><\/div><\/div><\/p>\n<p><div class=\"inventory\" data-filter=\"false\" data-next=\"false\" data-cart=\"false\" data-ids=\"1282,1283,1284\"><div class=\"inventory-list\"><div class=\"dummy\"><\/div><div class=\"dummy\"><\/div><div class=\"dummy\"><\/div><\/div><\/div> <div class=\"inventory\" data-filter=\"false\" data-next=\"false\" data-cart=\"false\" data-ids=\"1285,1439,1277\"><div class=\"inventory-list\"><div class=\"dummy\"><\/div><div class=\"dummy\"><\/div><div class=\"dummy\"><\/div><\/div><\/div><br \/>\n<iframe loading=\"lazy\" src=\"https:\/\/www.youtube.com\/embed\/k65HSY0lNv0\" width=\"560\" height=\"315\" frameborder=\"0\" allowfullscreen=\"allowfullscreen\"><\/iframe><br \/>\n<div class=\"inventory\" data-filter=\"false\" data-next=\"false\" data-cart=\"false\" data-ids=\"1288,1391,1645\"><div class=\"inventory-list\"><div class=\"dummy\"><\/div><div class=\"dummy\"><\/div><div class=\"dummy\"><\/div><\/div><\/div><\/p>\n<p><img decoding=\"async\" class=\"alignnone size-full wp-image-13380\" src=\"https:\/\/www.nns.cz\/blog\/wp-content\/uploads\/Hlasovaci_karty_Amos_formativni.gif\" alt=\"\" width=\"600\" \/><\/p>\n<div class=\"inventory\" data-filter=\"false\" data-next=\"false\" data-cart=\"false\" data-ids=\"1621,1620,1617\"><div class=\"inventory-list\"><div class=\"dummy\"><\/div><div class=\"dummy\"><\/div><div class=\"dummy\"><\/div><\/div><\/div>\n<p><img decoding=\"async\" class=\"alignnone size-full wp-image-13471\" src=\"https:\/\/www.nns.cz\/blog\/wp-content\/uploads\/demonstracni-karty-pomucky_AMOS-nns.gif\" alt=\"\" width=\"600\" \/><\/p>\n<p><div class=\"inventory\" data-filter=\"false\" data-next=\"false\" data-cart=\"false\" data-ids=\"1618,1619,1639\"><div class=\"inventory-list\"><div class=\"dummy\"><\/div><div class=\"dummy\"><\/div><div class=\"dummy\"><\/div><\/div><\/div><br \/>\n<iframe loading=\"lazy\" src=\"https:\/\/www.youtube.com\/embed\/_Uf9rrmRa9Y\" width=\"560\" height=\"315\" frameborder=\"0\" allowfullscreen=\"allowfullscreen\"><\/iframe><\/p>\n<div class=\"inventory\" data-filter=\"false\" data-next=\"false\" data-cart=\"false\" data-ids=\"1228,1442,1443\"><div class=\"inventory-list\"><div class=\"dummy\"><\/div><div class=\"dummy\"><\/div><div class=\"dummy\"><\/div><\/div><\/div>\n<div class=\"inventory\" data-filter=\"false\" data-next=\"false\" data-cart=\"false\" data-ids=\"1393,1394,1395,1456\"><div class=\"inventory-list\"><div class=\"dummy\"><\/div><div class=\"dummy\"><\/div><div class=\"dummy\"><\/div><div class=\"dummy\"><\/div><\/div><\/div>\n<p><div class=\"inventory\" data-filter=\"false\" data-next=\"false\" data-cart=\"false\" data-ids=\"1431,1432,1433\"><div class=\"inventory-list\"><div class=\"dummy\"><\/div><div class=\"dummy\"><\/div><div class=\"dummy\"><\/div><\/div><\/div> <div class=\"inventory\" data-filter=\"false\" data-next=\"false\" data-cart=\"false\" data-ids=\"1437,1438,1659\"><div class=\"inventory-list\"><div class=\"dummy\"><\/div><div class=\"dummy\"><\/div><div class=\"dummy\"><\/div><\/div><\/div><\/p>\n<p><div class=\"inventory\" data-filter=\"false\" data-next=\"false\" data-cart=\"false\" data-ids=\"1434,1435,1436\"><div class=\"inventory-list\"><div class=\"dummy\"><\/div><div class=\"dummy\"><\/div><div class=\"dummy\"><\/div><\/div><\/div> <div class=\"inventory\" data-filter=\"false\" data-next=\"false\" data-cart=\"false\" data-ids=\"1422,1423,1424\"><div class=\"inventory-list\"><div class=\"dummy\"><\/div><div class=\"dummy\"><\/div><div class=\"dummy\"><\/div><\/div><\/div><div class=\"inventory\" data-filter=\"false\" data-next=\"false\" data-cart=\"false\" data-ids=\"1454,1116,1117\"><div class=\"inventory-list\"><div class=\"dummy\"><\/div><div class=\"dummy\"><\/div><div class=\"dummy\"><\/div><\/div><\/div><\/p>\n<div class=\"inventory\" data-filter=\"false\" data-next=\"false\" data-cart=\"false\" data-ids=\"1079,1450,1617\"><div class=\"inventory-list\"><div class=\"dummy\"><\/div><div class=\"dummy\"><\/div><div class=\"dummy\"><\/div><\/div><\/div>\n<div class=\"inventory\" data-filter=\"false\" data-next=\"false\" data-cart=\"false\" data-ids=\"861,862,992,1073,1074\"><div class=\"inventory-list\"><div class=\"dummy\"><\/div><div class=\"dummy\"><\/div><div class=\"dummy\"><\/div><div class=\"dummy\"><\/div><div class=\"dummy\"><\/div><\/div><\/div>\n","protected":false},"excerpt":{"rendered":"<p>&nbsp; Pro Mat\u00fdskovu matematiku od 1.&nbsp;do 5.&nbsp;ro\u010dn\u00edku bylo ji\u017e nahr\u00e1no p\u0159es 5&nbsp;000 v\u00fdukov\u00fdch vide\u00ed s&nbsp;v\u00fdkladem, procvi\u010dov\u00e1n\u00edm a&nbsp;opakov\u00e1n\u00edm ve\u0161ker\u00e9 l\u00e1tky (v\u010detn\u011b geometrie). S&nbsp;motivac\u00ed pomoci \u0161kol\u00e1m a&nbsp;\u017e\u00e1k\u016fm tak\u00e9 v&nbsp;oblasti element\u00e1rn\u00edho \u010dten\u00ed jsme zve\u0159ejnili v\u00fdukov\u00e1 videa k&nbsp;\u017div\u00e9 abeced\u011b, Slabik\u00e1\u0159i, 1.&nbsp;d\u00edl a&nbsp;2.&nbsp;d\u00edl, P\u00edsanky, 1.&nbsp;a&nbsp;2.&nbsp;d\u00edl, z&nbsp;\u0159ady u\u010debnic \u010cteme a&nbsp;p\u00ed\u0161eme s&nbsp;Ag\u00e1tou. V\u00fdukov\u00e1 videa Slabik\u00e1\u0159, 2.&nbsp;d\u00edl V\u00fdukov\u00e1 videa P\u00edsanka, 2.&nbsp;d\u00edl Mil\u00ed [&hellip;]<\/p>\n","protected":false},"author":5,"featured_media":0,"parent":0,"menu_order":0,"comment_status":"open","ping_status":"open","template":"","meta":{"footnotes":""},"class_list":["post-87","page","type-page","status-publish","hentry"],"_links":{"self":[{"href":"https:\/\/www.nns.cz\/blog\/wp-json\/wp\/v2\/pages\/87","targetHints":{"allow":["GET"]}}],"collection":[{"href":"https:\/\/www.nns.cz\/blog\/wp-json\/wp\/v2\/pages"}],"about":[{"href":"https:\/\/www.nns.cz\/blog\/wp-json\/wp\/v2\/types\/page"}],"author":[{"embeddable":true,"href":"https:\/\/www.nns.cz\/blog\/wp-json\/wp\/v2\/users\/5"}],"replies":[{"embeddable":true,"href":"https:\/\/www.nns.cz\/blog\/wp-json\/wp\/v2\/comments?post=87"}],"version-history":[{"count":72,"href":"https:\/\/www.nns.cz\/blog\/wp-json\/wp\/v2\/pages\/87\/revisions"}],"predecessor-version":[{"id":14656,"href":"https:\/\/www.nns.cz\/blog\/wp-json\/wp\/v2\/pages\/87\/revisions\/14656"}],"wp:attachment":[{"href":"https:\/\/www.nns.cz\/blog\/wp-json\/wp\/v2\/media?parent=87"}],"curies":[{"name":"wp","href":"https:\/\/api.w.org\/{rel}","templated":true}]}}