{"id":8745,"date":"2015-08-27T13:42:44","date_gmt":"2015-08-27T11:42:44","guid":{"rendered":"http:\/\/www.nns.cz\/blog\/?page_id=8745"},"modified":"2017-05-11T16:05:26","modified_gmt":"2017-05-11T14:05:26","slug":"vyzkousejte-miuc","status":"publish","type":"page","link":"https:\/\/www.nns.cz\/blog\/vyzkousejte-miuc\/","title":{"rendered":"Vyzkou\u0161ejte kteroukoli MIU\u010d+ zdarma na 30&nbsp;dn\u00ed"},"content":{"rendered":"<p><script type=\"text\/javascript\"><!--\nwindow.location.replace('https:\/\/www.nns.cz\/download');\n\/\/ --><\/script><\/p>\n<p>V\u0161echny MIU\u010d+ maj\u00ed vyu\u010duj\u00edc\u00ed ve \u0161kol\u00e1ch v&nbsp;\u010cesk\u00e9 republice (a&nbsp;v&nbsp;\u010desk\u00fdch \u0161kol\u00e1ch v&nbsp;zahrani\u010d\u00ed) mo\u017enost bezplatn\u011b vyzkou\u0161et.<\/p>\n<p>Sta\u010d\u00ed si st\u00e1hnout a&nbsp;nainstalovat program &#8222;<strong>Media Creator Teacher<\/strong>&#8220; a&nbsp;po&nbsp;jeho spu\u0161t\u011bn\u00ed si v&nbsp;katalogu vybrat kteroukoli MIU\u010d+ a&nbsp;a\u017e 30&nbsp;dn\u00ed ji v&nbsp;plnohodnotn\u00e9 verzi pou\u017e\u00edvat.<\/p>\n<p>Vyzkou\u0161en\u00ed je zdarma a&nbsp;k&nbsp;ni\u010demu nezavazuje &#8211; po&nbsp;vypr\u0161en\u00ed licence na zkou\u0161ku dan\u00e1 MIU\u010d+ p\u0159estane fungovat, program &#8222;<strong>Media Creator Teacher<\/strong>&#8220; m\u016f\u017eete pak odinstalovat, nebo nap\u0159.&nbsp;vyzkou\u0161et jinou MIU\u010d+.<\/p>\n<p>Pokud se MIU\u010d+ rozhodnete zakoupit, licenci si prodlou\u017e\u00edte pomoc\u00ed aktiva\u010dn\u00edho k\u00f3du z&nbsp;obdr\u017een\u00e9ho licen\u010dn\u00edho certifik\u00e1tu a&nbsp;m\u016f\u017eete jednodu\u0161e pokra\u010dovat v&nbsp;jej\u00edm pou\u017e\u00edv\u00e1n\u00ed.<\/p>\n<p>V p\u0159\u00edpad\u011b jak\u00fdchkoli dotaz\u016f n\u00e1s nev\u00e1hejte kontaktovat na e-mailu licence@nns.cz.<\/p>\n<p><a href=\"https:\/\/www.mediacreator.cz\/setups\/teacher_setup.exe\"><img decoding=\"async\" style=\"padding: 4px; height: 64px;\" src=\"http:\/\/www.mediacreator.cz\/images\/logo_windows.jpg\" alt=\"\" \/><\/a><\/p>\n<p><strong>Postup instalace MIU\u010d+ na za\u0159\u00edzen\u00edch s&nbsp;opera\u010dn\u00edm syst\u00e9mem Windows:<\/strong><\/p>\n<p><strong>1. Sta\u017een\u00ed a&nbsp;instalace programu <\/strong><strong>Media Creator Teacher<br \/>\n<\/strong><em>(P\u0159esko\u010dte, pokud m\u00e1te program Media Creator v&nbsp;nejnov\u011bj\u0161\u00ed verzi ji\u017e nainstalov\u00e1n.)<\/em><\/p>\n<p>Prove\u010fte sta\u017een\u00ed instala\u010dn\u00edho bal\u00ed\u010dku z&nbsp;odkazu <a href=\"https:\/\/www.mediacreator.cz\/setups\/teacher_setup.exe\">https:\/\/www.mediacreator.cz\/setups\/teacher_setup.exe<\/a>, spus\u0165te instalaci a&nbsp;postupujte dle pokyn\u016f. Instalaci je mo\u017en\u00e9 prov\u00e9st na lok\u00e1ln\u00ed nebo na s\u00ed\u0165ov\u00fd disk.<\/p>\n<p><em>Pozn.: P\u0159i&nbsp;prvn\u00edm spu\u0161t\u011bn\u00ed programu Media Creator na konkr\u00e9tn\u00edm po\u010d\u00edta\u010di bude vy\u017eadov\u00e1no prvotn\u00ed p\u0159ihl\u00e1\u0161en\u00ed pop\u0159.&nbsp;registrace. Prvotn\u00edm p\u0159ihl\u00e1\u0161en\u00edm dojde k&nbsp;propojen\u00ed instalace s&nbsp;Va\u0161\u00edm administr\u00e1torsk\u00fdm \u00fa\u010dtem (lze prov\u00e9st i&nbsp;pomoc\u00ed pod\u00fa\u010dt\u016f vyu\u010duj\u00edc\u00edch, co\u017e usnad\u0148uje instalaci na dom\u00e1c\u00edm po\u010d\u00edta\u010di vyu\u010duj\u00edc\u00edch).<br \/>\nPokud Va\u0161e \u0161kola dosud nem\u00e1 \u017e\u00e1dn\u00e9 MIU\u010d+, je t\u0159eba \u0161kolu zaregistrovat. Registraci by m\u011bl prov\u00e9st \u0161kolou ur\u010den\u00fd administr\u00e1tor, proto\u017ee je t\u0159eba \u0161kolu zaregistrovat pod administr\u00e1torsk\u00fdm \u00fa\u010dtem, kter\u00fd bude platit pro v\u0161echny MIU\u010d+ \u0161koly. Administr\u00e1tor pak m\u016f\u017ee po&nbsp;spu\u0161t\u011bn\u00ed MIU\u010d+ a&nbsp;po&nbsp;p\u0159ihl\u00e1\u0161en\u00ed pod sv\u00fdm \u00fa\u010dtem vytv\u00e1\u0159et jednotliv\u00e9 u\u010ditelsk\u00e9 a&nbsp;studentsk\u00e9 pod\u00fa\u010dty (v&nbsp;menu \u201eU\u017eivatel &#8211; Administrace&#8220;).<\/em><\/p>\n<p><strong>2. V\u00fdb\u011br titulu z&nbsp;katalogu a&nbsp;jeho sta\u017een\u00ed<\/strong><br \/>\nPo&nbsp;spu\u0161t\u011bn\u00ed programu Media Creator v&nbsp;zobrazen\u00e9 tabulce \u201eMoje tituly\u201c klikn\u011bte na tla\u010d\u00edtko \u201eKatalog\u201c. N\u00e1sledn\u011b u&nbsp;vybran\u00e9ho titulu klikn\u011bte na tla\u010d\u00edtko &#8222;Vyzkou\u0161et zdarma&#8220; a&nbsp;postupujte podle pokyn\u016f. Po&nbsp;dokon\u010den\u00ed stahov\u00e1n\u00ed m\u016f\u017eete MIU\u010d+ spustit p\u0159\u00edmo z&nbsp;tabulky \u201eMoje tituly\u201c.<\/p>\n<p><em> Pozn.: V&nbsp;p\u0159\u00edpad\u011b, \u017ee na tla\u010d\u00edtko &#8222;Katalog&#8220; nen\u00ed mo\u017en\u00e9 kliknout, nem\u00e1te nejnov\u011bj\u0161\u00ed verzi programu Media Creator a&nbsp;je nutn\u00e9 prov\u00e9st jeho aktualizaci. Tu m\u016f\u017eete prov\u00e9st p\u0159\u00edmo pomoc\u00ed programu Media Creator, nebo postupujte podle kroku 1.<\/em><\/p>\n<p><em>Pozn.:\u00a0 M\u00e1te mo\u017enost volby, zda st\u00e1hnete jen u\u010debnici, nebo i&nbsp;pracovn\u00ed se\u0161it (pokud je k&nbsp;dispozici). D\u00e1le je p\u0159ednastavena volba &#8222;st\u00e1hnout cel\u00fd titul&#8220;, tato volba V\u00e1m umo\u017e\u0148uje pou\u017e\u00edvat celou MIU\u010d+ v\u010detn\u011b multim\u00e9di\u00ed bez dal\u0161\u00edho stahov\u00e1n\u00ed dat. Volbou &#8222;st\u00e1hnout jen z\u00e1klad&#8220; (kter\u00e1 je vhodn\u00e1 nap\u0159.&nbsp;pro za\u0159\u00edzen\u00ed s&nbsp;malou pam\u011bt\u00ed &#8211; tablety) m\u016f\u017eete dos\u00e1hnout sn\u00ed\u017een\u00ed velikost stahovan\u00fdch dat, ale pro pou\u017e\u00edv\u00e1n\u00ed MIU\u010d+ budete muset b\u00fdt p\u0159ipojen\u00ed k&nbsp;internetu a&nbsp;zbyl\u00e1 data se podle pot\u0159eby budou stahovat pr\u016fb\u011b\u017en\u011b.<\/em><\/p>\n<p><a href=\"https:\/\/www.nns.cz\/blog\/android\/\"><img decoding=\"async\" style=\"padding: 4px; height: 80px;\" src=\"http:\/\/www.mediacreator.cz\/images\/logo_android.png\" alt=\"\" \/><\/a><\/p>\n<p><strong>Postup instalace MIU\u010d+ na za\u0159\u00edzen\u00edch s&nbsp;opera\u010dn\u00edm syst\u00e9mem Android <\/strong><\/p>\n<p>Postup sta\u017een\u00ed, instalace a&nbsp;registrace je obdobn\u00fd jako v&nbsp;p\u0159\u00edpad\u011b syst\u00e9mu Windows s&nbsp;t\u00edm, \u017ee podrobn\u00fd n\u00e1vod a&nbsp;instala\u010dn\u00ed soubory ke sta\u017een\u00ed naleznete <a href=\"https:\/\/www.nns.cz\/blog\/android\/\">zde<\/a>.<\/p>\n<p>Je t\u0159eba povolit instalaci aplikac\u00ed z&nbsp;nezn\u00e1m\u00fdch zdroj\u016f (mimo Google Play market).<\/p>\n<p><em>Pozn.: Pokud sta\u017een\u00fd apk bal\u00ed\u010dek nejde spustit (<a href=\"http:\/\/androidforum.cz\/nelze-instalovat-aplikace-mimo-g-play-t33468.html\" target=\"win2\">nejde kliknout na tla\u010d\u00edtko Instalovat<\/a>), probl\u00e9m m\u016f\u017ee b\u00fdt v\u00a0syst\u00e9mov\u00e9 komponent\u011b jako nap\u0159.&nbsp;Screen Filter, Battery Mixer apod. V\u00a0tom p\u0159\u00edpad\u011b ji zkuste vypnout.<\/em><\/p>\n<p><strong><strong><br \/>\nPostup instalace MIU\u010d+ na za\u0159\u00edzen\u00edch<\/strong> s&nbsp;ostatn\u00edmi opera\u010dn\u00edmi syst\u00e9my:<\/strong><\/p>\n<p>Pokud chcete vyzkou\u0161et MIU\u010d+ na jin\u00e9m opera\u010dn\u00edm syst\u00e9mu, kontaktujte n\u00e1s na e-mailu licence@nns.cz. My V\u00e1m za\u0161leme instala\u010dn\u00ed bal\u00ed\u010dek ke sta\u017een\u00ed, pop\u0159\u00edpad\u011b V\u00e1s budeme informovat o&nbsp;jeho p\u0159edpokl\u00e1dan\u00e9 dostupnosti.<\/p>\n","protected":false},"excerpt":{"rendered":"<p>V\u0161echny MIU\u010d+ maj\u00ed vyu\u010duj\u00edc\u00ed ve \u0161kol\u00e1ch v&nbsp;\u010cesk\u00e9 republice (a&nbsp;v&nbsp;\u010desk\u00fdch \u0161kol\u00e1ch v&nbsp;zahrani\u010d\u00ed) mo\u017enost bezplatn\u011b vyzkou\u0161et. Sta\u010d\u00ed si st\u00e1hnout a&nbsp;nainstalovat program &#8222;Media Creator Teacher&#8220; a&nbsp;po&nbsp;jeho spu\u0161t\u011bn\u00ed si v&nbsp;katalogu vybrat kteroukoli MIU\u010d+ a&nbsp;a\u017e 30&nbsp;dn\u00ed ji v&nbsp;plnohodnotn\u00e9 verzi pou\u017e\u00edvat. Vyzkou\u0161en\u00ed je zdarma a&nbsp;k&nbsp;ni\u010demu nezavazuje &#8211; po&nbsp;vypr\u0161en\u00ed licence na zkou\u0161ku dan\u00e1 MIU\u010d+ p\u0159estane fungovat, program &#8222;Media Creator Teacher&#8220; m\u016f\u017eete pak [&hellip;]<\/p>\n","protected":false},"author":6,"featured_media":0,"parent":0,"menu_order":0,"comment_status":"open","ping_status":"closed","template":"","meta":{"footnotes":""},"class_list":["post-8745","page","type-page","status-publish","hentry"],"_links":{"self":[{"href":"https:\/\/www.nns.cz\/blog\/wp-json\/wp\/v2\/pages\/8745","targetHints":{"allow":["GET"]}}],"collection":[{"href":"https:\/\/www.nns.cz\/blog\/wp-json\/wp\/v2\/pages"}],"about":[{"href":"https:\/\/www.nns.cz\/blog\/wp-json\/wp\/v2\/types\/page"}],"author":[{"embeddable":true,"href":"https:\/\/www.nns.cz\/blog\/wp-json\/wp\/v2\/users\/6"}],"replies":[{"embeddable":true,"href":"https:\/\/www.nns.cz\/blog\/wp-json\/wp\/v2\/comments?post=8745"}],"version-history":[{"count":30,"href":"https:\/\/www.nns.cz\/blog\/wp-json\/wp\/v2\/pages\/8745\/revisions"}],"predecessor-version":[{"id":10004,"href":"https:\/\/www.nns.cz\/blog\/wp-json\/wp\/v2\/pages\/8745\/revisions\/10004"}],"wp:attachment":[{"href":"https:\/\/www.nns.cz\/blog\/wp-json\/wp\/v2\/media?parent=8745"}],"curies":[{"name":"wp","href":"https:\/\/api.w.org\/{rel}","templated":true}]}}